{"id":8701,"date":"2022-03-28T11:05:05","date_gmt":"2022-03-28T11:05:05","guid":{"rendered":"https:\/\/woolskins.eu\/?post_type=product&#038;p=8701"},"modified":"2026-04-29T23:37:43","modified_gmt":"2026-04-29T23:37:43","slug":"alwero-kroppsvarmare-lammy-little-adventurer","status":"publish","type":"product","link":"https:\/\/woolskins.eu\/sv\/alwero-bodywarmer-lammy-little-adventurer\/","title":{"rendered":"Bodywarmer i ull f\u00f6r baby &amp; barn | Zebra - Woolskins"},"content":{"rendered":"<p>Denna produkt har kvalitetsm\u00e4rket Safe for Children och Woolmark. Denna v\u00e4st b\u00e4rs ofta som ytterplagg, s\u00e5 t\u00e4nk p\u00e5 detta n\u00e4r du v\u00e4ljer r\u00e4tt storlek.<\/p>\n<p>\u2013 100% nyull, Woolmark kvalitetsm\u00e4rke.<br \/>\n\u2013 Mycket varmt f\u00f6r hemma eller p\u00e5 resan.<br \/>\n\u2013 Olika f\u00e4rger tillg\u00e4ngliga.<br \/>\n- OBS! F\u00f6r korrekt storlek se &quot;Storleker i centimeter&quot;.<\/p>\n<h5>Ullskinnsetikett<\/h5>\n<p>Efter \u00e5r av framg\u00e5ngsrikt samarbete med Alwero kan vi stolt meddela att vi nu b\u00e4r v\u00e5ra produkter under v\u00e5r egen Woolskins-etikett.<\/p>\n<p>P\u00e5 s\u00e5 s\u00e4tt f\u00e5r du fortfarande den b\u00e4sta kvaliteten, men kombinerat med de snyggaste och unika produkterna och designerna.<\/p>\n<p>Kvaliteten p\u00e5 tygerna och f\u00e4rgerna f\u00f6rblir som de alltid har varit, men det finns nu ett st\u00f6rre urval som Woolskins tror kan utm\u00e4rka sig.<\/p>\n<p>V\u00e5r breda kollektion \u00e4r sammansatt p\u00e5 ett s\u00e5dant s\u00e4tt att de \u00e4r ett bra komplement till alla babyset, gjorda av 100% europeisk ull som andas och passar f\u00f6r varje s\u00e4song.<\/p>\n<p>Vi g\u00e5r entusiastiskt samman f\u00f6r att skapa en h\u00e5llbar, naturlig och mest bekv\u00e4m produkt f\u00f6r ditt barn.<\/p>\n<h5 class=\"Text1893342656__root Text1893342656---typography-11-runningText Text1893342656---priority-7-primary s8gg2 _2UIKs InfoSectionTitle3095652555__root\" aria-hidden=\"false\" data-hook=\"info-section-title\">Storlekar i centimeter:<\/h5>\n<div class=\"_2tV5m fggS- cell\">Storlek: 50\/56 l\u00e4ngd: 27,5cm Bredd 22cm (armh\u00e5la)<br \/>\nStorlek: 62\/60 l\u00e4ngd: 28,5cm bredd 25cm<br \/>\nStorlek: 74\/80 l\u00e4ngd: 29,5cm bredd 28cm<br \/>\nStorlek: 80\/86 l\u00e4ngd: 31cm bredd 32cm<br \/>\nStorlek: 92\/98 l\u00e4ngd: 33,5cm bredd 35cm<br \/>\nStorlek: 104\/110 l\u00e4ngd: 39,5cm bredd 37cm<\/div>","protected":false},"excerpt":{"rendered":"<p>Denna trendiga kroppsv\u00e4rmare \u00e4r underbart varm och bekv\u00e4m. B\u00e4r den avslappnad \u00f6ver en tr\u00f6ja eller jacka, den ser alltid snygg ut och \u00e4r superhippa. Denna kofta har alla de goda egenskaperna hos 100% Eco Wool. Detta kommer att s\u00e4kerst\u00e4lla att ditt barn \u00e4r sk\u00f6nt och varmt och bekv\u00e4mt under de kallare dagarna. Denna kofta kan kombineras med hela v\u00e5r Woolskins-kollektion. Wool Bodywarmer \u00e4r vackert avslutad med en filts\u00f6m och en tr\u00e4knapp.<\/p>\n<p>OBS! Cardigans \u00e4r sm\u00e5. F\u00f6r korrekt storlek, se &quot;Storleker i centimeter&quot; i beskrivningen.<\/p>\n<p><strong>M\u00e4rke: Woolskins<\/strong><br \/>\n<strong>Produktion: Polen<\/strong><\/p>","protected":false},"featured_media":17465,"comment_status":"closed","ping_status":"closed","template":"","meta":{"_acf_changed":false},"product_brand":[],"product_cat":[361,360,363,200,337,413,344,194],"product_tag":[424,451,452,450],"class_list":{"0":"post-8701","1":"product","2":"type-product","3":"status-publish","4":"has-post-thumbnail","6":"product_cat-babyshower","7":"product_cat-cadeautips","8":"product_cat-cadeaus-e25-e50","9":"product_cat-wollen-babykleding","10":"product_cat-vestjes","11":"product_cat-alwero-bodywarmer","12":"product_cat-kleertjes","13":"product_cat-wollen-babyproducten","14":"product_tag-alwero-bodywarmer","15":"product_tag-alwero-bodywarmer-baby","16":"product_tag-alwero-bodywarmer-kind","17":"product_tag-alwero-gilet","18":"pa_maat-104-110","19":"pa_maat-50-56","20":"pa_maat-62-68","21":"pa_maat-74-80","22":"pa_maat-80-86","23":"pa_maat-92-98","25":"first","26":"instock","27":"taxable","28":"shipping-taxable","29":"purchasable","30":"product-type-variable"},"acf":[],"_links":{"self":[{"href":"https:\/\/woolskins.eu\/sv\/wp-json\/wp\/v2\/product\/8701","targetHints":{"allow":["GET"]}}],"collection":[{"href":"https:\/\/woolskins.eu\/sv\/wp-json\/wp\/v2\/product"}],"about":[{"href":"https:\/\/woolskins.eu\/sv\/wp-json\/wp\/v2\/types\/product"}],"replies":[{"embeddable":true,"href":"https:\/\/woolskins.eu\/sv\/wp-json\/wp\/v2\/comments?post=8701"}],"wp:featuredmedia":[{"embeddable":true,"href":"https:\/\/woolskins.eu\/sv\/wp-json\/wp\/v2\/media\/17465"}],"wp:attachment":[{"href":"https:\/\/woolskins.eu\/sv\/wp-json\/wp\/v2\/media?parent=8701"}],"wp:term":[{"taxonomy":"product_brand","embeddable":true,"href":"https:\/\/woolskins.eu\/sv\/wp-json\/wp\/v2\/product_brand?post=8701"},{"taxonomy":"product_cat","embeddable":true,"href":"https:\/\/woolskins.eu\/sv\/wp-json\/wp\/v2\/product_cat?post=8701"},{"taxonomy":"product_tag","embeddable":true,"href":"https:\/\/woolskins.eu\/sv\/wp-json\/wp\/v2\/product_tag?post=8701"}],"curies":[{"name":"wp","href":"https:\/\/api.w.org\/{rel}","templated":true}]}}