{"id":7909,"date":"2022-03-03T15:02:21","date_gmt":"2022-03-03T15:02:21","guid":{"rendered":"https:\/\/woolskins.eu\/?post_type=product&#038;p=7909"},"modified":"2024-12-05T11:12:27","modified_gmt":"2024-12-05T11:12:27","slug":"ekologiskt-ulltvattmedel-med-lanolin","status":"publish","type":"product","link":"https:\/\/woolskins.eu\/sv\/ecologisch-wolwasmiddel-met-lanoline\/","title":{"rendered":"Ekologiskt ulltv\u00e4ttmedel med lanolin"},"content":{"rendered":"<p>Detta ulltv\u00e4ttmedel reng\u00f6r yllekl\u00e4der och \u00f6mt\u00e5liga tyger effektivt men skonsamt. L\u00e4mplig f\u00f6r handtv\u00e4tt eller fintv\u00e4tt i tv\u00e4ttmaskin. Extra lanolin har tillsatts s\u00e5 att din ullprodukt \u00e5terh\u00e4mtar sig och blir underbart mjuk.<\/p>\n<p>\u2013 Utan optiska vitmedel.<br \/>\n- 250 ml (r\u00e4cker till 5x tv\u00e4tt av ditt tv\u00e4ttbara f\u00e5rskinn).<br \/>\n\u2013 F\u00f6r tv\u00e4ttmaskin och handtv\u00e4tt upp till 40 \u00b0C.<br \/>\n&#8211; <i class=\"sui sui-leaf\"><\/i>Vegetabilisk bas, utan palmolja.<\/p>\n<p>Letar du efter ett bra ekologiskt tv\u00e4ttmedel f\u00f6r ull &amp; siden? Prova d\u00e5 v\u00e5rt ulltv\u00e4ttmedel och \u00f6mt\u00e5liga tv\u00e4ttmedel baserat p\u00e5 olivolja tv\u00e5l. Den reng\u00f6r naturligt effektivt och tar bort fl\u00e4ckar, \u00e4ven vid l\u00e5ga temperaturer. Detta ulltv\u00e4ttmedel \u00e4r formulerat p\u00e5 ett s\u00e5dant s\u00e4tt att det reng\u00f6r effektivt och inte inneh\u00e5ller optiska vitmedel.<\/p>\n<p>Det naturliga ullfettet i ullkl\u00e4der skadas inte, vilket s\u00e4kerst\u00e4ller att det beh\u00e5ller sin mjukhet, struktur och utseende. Detta ekologiska ulltv\u00e4ttmedel inneh\u00e5ller inte palmolja, optiska f\u00e4rgf\u00f6rst\u00e4rkare eller silikon.<\/p>\n<p>Om du vill tv\u00e4tta din tv\u00e4ttbara kappa (medicinsk kvalitet, gyllengula rockar) kan du ocks\u00e5 g\u00f6ra det med detta tv\u00e4ttmedel.<\/p>","protected":false},"excerpt":{"rendered":"<p>Letar du efter ett bra ekologiskt tv\u00e4ttmedel f\u00f6r ull &amp; siden? Prova d\u00e5 v\u00e5rt ulltv\u00e4ttmedel och fintv\u00e4ttmedel baserat p\u00e5 olivoljetv\u00e5l. Det tv\u00e4ttar effektivt p\u00e5 ett naturligt s\u00e4tt och tar bort fl\u00e4ckar, \u00e4ven vid l\u00e5ga temperaturer. Inneh\u00e5ll: 250 ml.<\/p>","protected":false},"featured_media":7908,"comment_status":"closed","ping_status":"closed","template":"","meta":{"_acf_changed":false},"product_brand":[],"product_cat":[357,216,354],"product_tag":[],"class_list":{"0":"post-7909","1":"product","2":"type-product","3":"status-publish","4":"has-post-thumbnail","6":"product_cat-onderhoud","7":"product_cat-schapenvacht-voor-baby","8":"product_cat-woolskins","10":"first","11":"instock","12":"taxable","13":"shipping-taxable","14":"purchasable","15":"product-type-simple"},"acf":[],"_links":{"self":[{"href":"https:\/\/woolskins.eu\/sv\/wp-json\/wp\/v2\/product\/7909","targetHints":{"allow":["GET"]}}],"collection":[{"href":"https:\/\/woolskins.eu\/sv\/wp-json\/wp\/v2\/product"}],"about":[{"href":"https:\/\/woolskins.eu\/sv\/wp-json\/wp\/v2\/types\/product"}],"replies":[{"embeddable":true,"href":"https:\/\/woolskins.eu\/sv\/wp-json\/wp\/v2\/comments?post=7909"}],"wp:featuredmedia":[{"embeddable":true,"href":"https:\/\/woolskins.eu\/sv\/wp-json\/wp\/v2\/media\/7908"}],"wp:attachment":[{"href":"https:\/\/woolskins.eu\/sv\/wp-json\/wp\/v2\/media?parent=7909"}],"wp:term":[{"taxonomy":"product_brand","embeddable":true,"href":"https:\/\/woolskins.eu\/sv\/wp-json\/wp\/v2\/product_brand?post=7909"},{"taxonomy":"product_cat","embeddable":true,"href":"https:\/\/woolskins.eu\/sv\/wp-json\/wp\/v2\/product_cat?post=7909"},{"taxonomy":"product_tag","embeddable":true,"href":"https:\/\/woolskins.eu\/sv\/wp-json\/wp\/v2\/product_tag?post=7909"}],"curies":[{"name":"wp","href":"https:\/\/api.w.org\/{rel}","templated":true}]}}