{"id":7854,"date":"2022-03-02T11:30:06","date_gmt":"2022-03-02T11:30:06","guid":{"rendered":"https:\/\/woolskins.eu\/?post_type=product&#038;p=7854"},"modified":"2025-09-30T14:01:45","modified_gmt":"2025-09-30T14:01:45","slug":"skiep-woolcare-lanolin-spray","status":"publish","type":"product","link":"https:\/\/woolskins.eu\/sv\/skiep-woolcare-lanoline-spray\/","title":{"rendered":"Skiep Woolcare | Lanolin spray"},"content":{"rendered":"<p>Naturligt luktfri lanolinspray fr\u00e5n det holl\u00e4ndska m\u00e4rket Skiep Woolcare. Tillverkad av 100% ekologiska och naturliga ingredienser.<\/p>\n<p>Idealisk f\u00f6r att underh\u00e5lla f\u00e5rskinn och yllekl\u00e4der. Det ger n\u00e4ring, v\u00e5rdar och skyddar ditt favoritplagg i ylle snabbt och enkelt.<\/p>\n<p>\u2013 Inneh\u00e5ll: 100 ml<br \/>\n\u2013 Ingredienser: vatten, f\u00f6rtv\u00e5lade ekologiska oljor av oliv, kokos och solros, lanolin.<\/p>\n<p>Lanolin \u00e4r k\u00e4nt f\u00f6r sin n\u00e4rande och desinficerande effekt. Detta kan ha en lugnande effekt p\u00e5 k\u00e4nslig och\/eller irriterad hud. <span style=\"font-style: var(--fontStyle, inherit); font-weight: var(--fontWeight); letter-spacing: var(--letterSpacing); text-transform: var(--textTransform);\">Flaskorna \u00e4r lite gr\u00e5\/gr\u00e5 till f\u00e4rgen. Detta f\u00f6r att de \u00e4r gjorda av \u00e5tervunnen plast!<\/span><\/p>\n<p>Anv\u00e4ndande:<\/p>\n<p>Skaka f\u00f6rsiktigt f\u00f6re anv\u00e4ndning. Spraya ditt nyligen tv\u00e4ttade ylleplagg eller f\u00e5rskinn med Skiep Lanolin Spray. Massera sedan f\u00f6rsiktigt in lanolinl\u00f6sningen i fibrerna och h\u00e4ng ut plagget efter\u00e5t s\u00e5 att lanolinet kan absorberas ordentligt av ullen.<\/p>\n<p>Observera: Lanolinspray beh\u00f6ver inte sk\u00f6ljas ur.<\/p>\n<div id=\"jw-element-126665088\" class=\"jw-tree-node jw-element jw-text jw-node-is-first-child jw-image-text\" data-jw-element-id=\"126665088\">\n<div class=\"jw-element-imagetext-text\">\n<h5 class=\"jw-heading-100\">Skippa Woolcare<\/h5>\n<\/div>\n<\/div>\n<div id=\"jw-element-126755716\" class=\"jw-tree-node jw-element jw-text jw-node-is-last-child jw-image-text\" data-jw-element-id=\"126755716\">\n<div class=\"jw-element-imagetext-text\">\n<p>Att g\u00f6ra tv\u00e5l har varit en hobby f\u00f6r mig i flera \u00e5r, som h\u00e4rr\u00f6r fr\u00e5n mitt eviga s\u00f6kande efter naturliga (v\u00e5rd)produkter som min hud reagerar bra p\u00e5. L\u00e4gg d\u00e4rtill min stora k\u00e4rlek till ull, s\u00e5 fanns id\u00e9n till Skiep Woolcare!<\/p>\n<p>Efter mycket forskning och testning har jag \u00e4ntligen formulerat ett bra recept p\u00e5 min ekologiska ulltv\u00e4tts\u00e5pa med lanolin. Tv\u00e5len g\u00f6r din ylle underbart fr\u00e4sch och mjuk igen p\u00e5 grund av den h\u00f6ga lanolinhalten. Lite senare utvecklade jag \u00e4ven en fin ekologisk lanolinspray. Det s\u00e4ger sig sj\u00e4lvt att jag bara anv\u00e4nde ekologiska och naturliga ingredienser. Jag hoppas att du \u00e4r lika exalterad som jag!<\/p>\n<h5>Visste du:<\/h5>\n<p>\u2013 V\u00e5ra lanolinulltv\u00e5lar \u00e4r gjorda av ekologiska vegetabiliska oljor (och naturligt lanolin) och \u00e4r palmoljefria?<br \/>\n\u2013 Har vi anv\u00e4nt den h\u00f6gsta till\u00e5tna m\u00e4ngden eterisk olja enligt EU:s standarder f\u00f6r alla tv\u00e5lar? Doften \u00e4r d\u00e4rf\u00f6r n\u00e4rvarande, men inte extrem.<br \/>\n\u2013 Har varje tv\u00e5l ett annat utseende? Den ena \u00e4r n\u00e5got gr\u00f6vre till utseendet \u00e4n den andra. Det beror p\u00e5 att v\u00e5ra tv\u00e5lar \u00e4r handgjorda och \u00e4ven skurna f\u00f6r hand.<br \/>\n\u2013 Kan det ibland finnas en vit &quot;dis&quot; eller vita fl\u00e4ckar synliga p\u00e5 tv\u00e5len? Detta kallas s\u00e5paska och \u00e4r en naturlig reaktion mellan alla komponenter och syre. Det \u00e4r allts\u00e5 rent kosmetiskt och har ingen inverkan p\u00e5 tv\u00e5lens kvalitet. Eftersom vi gillar ren natur har vi valt att inte tills\u00e4tta n\u00e5gra andra \u00e4mnen f\u00f6r att motverka detta.<br \/>\n\u2013 \u00c4r v\u00e5ra f\u00f6rpackningsmaterial etc tillverkade av \u00e5tervunnet material? Till exempel \u00e4r det bruna pappret som omger tv\u00e5larna till 80% komposterbart, och flaskorna med lanolinsprayerna \u00e4r gjorda av 100% \u00e5tervunnen plast!<\/p>\n<p>&nbsp;<\/p>\n<\/div>\n<\/div>","protected":false},"excerpt":{"rendered":"<p>Skiep Woolcare lanolinspray \u00e4r idealisk f\u00f6r att underh\u00e5lla f\u00e5rskinn och yllekl\u00e4der. Det ger n\u00e4ring, v\u00e5rdar och skyddar ditt favoritplagg i ylle snabbt och enkelt.<\/p>","protected":false},"featured_media":7853,"comment_status":"open","ping_status":"closed","template":"","meta":{"_acf_changed":false},"product_brand":[],"product_cat":[349,200,31,352,357,216,222,356,196,210],"product_tag":[],"class_list":{"0":"post-7854","1":"product","2":"type-product","3":"status-publish","4":"has-post-thumbnail","6":"product_cat-borstvoedingenvoedingskussens","7":"product_cat-wollen-babykleding","8":"product_cat-yogamat-wol","9":"product_cat-merken","10":"product_cat-onderhoud","11":"product_cat-schapenvacht-voor-baby","12":"product_cat-buggy-schapenvachtjes","13":"product_cat-skiep-woolcare","14":"product_cat-slaapkleding-baby","15":"product_cat-wollen-voedingskussen","17":"first","18":"outofstock","19":"taxable","20":"shipping-taxable","21":"purchasable","22":"product-type-simple"},"acf":[],"_links":{"self":[{"href":"https:\/\/woolskins.eu\/sv\/wp-json\/wp\/v2\/product\/7854","targetHints":{"allow":["GET"]}}],"collection":[{"href":"https:\/\/woolskins.eu\/sv\/wp-json\/wp\/v2\/product"}],"about":[{"href":"https:\/\/woolskins.eu\/sv\/wp-json\/wp\/v2\/types\/product"}],"replies":[{"embeddable":true,"href":"https:\/\/woolskins.eu\/sv\/wp-json\/wp\/v2\/comments?post=7854"}],"wp:featuredmedia":[{"embeddable":true,"href":"https:\/\/woolskins.eu\/sv\/wp-json\/wp\/v2\/media\/7853"}],"wp:attachment":[{"href":"https:\/\/woolskins.eu\/sv\/wp-json\/wp\/v2\/media?parent=7854"}],"wp:term":[{"taxonomy":"product_brand","embeddable":true,"href":"https:\/\/woolskins.eu\/sv\/wp-json\/wp\/v2\/product_brand?post=7854"},{"taxonomy":"product_cat","embeddable":true,"href":"https:\/\/woolskins.eu\/sv\/wp-json\/wp\/v2\/product_cat?post=7854"},{"taxonomy":"product_tag","embeddable":true,"href":"https:\/\/woolskins.eu\/sv\/wp-json\/wp\/v2\/product_tag?post=7854"}],"curies":[{"name":"wp","href":"https:\/\/api.w.org\/{rel}","templated":true}]}}