{"id":7710,"date":"2022-02-15T15:10:39","date_gmt":"2022-02-15T15:10:39","guid":{"rendered":"https:\/\/woolskins.eu\/?post_type=product&#038;p=7710"},"modified":"2024-03-25T14:22:41","modified_gmt":"2024-03-25T14:22:41","slug":"baby-shorts-100-baby-alpaca-ull-camel","status":"publish","type":"product","link":"https:\/\/woolskins.eu\/sv\/baby-shorts-100-baby-alpaca-wol-camel\/","title":{"rendered":"Babyshorts 100% Baby alpackaull | Kamel"},"content":{"rendered":"<p>De perfekta shortsen f\u00f6r din lilla att k\u00e4nna sig fri och springa runt p\u00e5 hans eller hennes \u00e4ventyr. Kombinera dessa shorts med v\u00e5ra h\u00f6ga alpacka bomullsstrumpor f\u00f6r en perfekt match.<\/p>\n<p>Tillverkad av en of\u00e4rgad fin baby alpackaull, f\u00f6r att l\u00e5ta huden andas och h\u00e5lla ditt husdjur fr\u00e4scht och bekv\u00e4mt \u00e5ret runt. Dessa shorts har en rosett f\u00f6r att justera midjan.<\/p>\n<p>\u2013 One size 3 \u2013 6 m\u00e5nader<br \/>\n\u2013 \u00c4r l\u00e4tt och v\u00e4ldigt mjuk<br \/>\n\u2013 \u00c4r termisk, s\u00e5 svalkande p\u00e5 sommaren och sk\u00f6nt och varmt p\u00e5 vintern<br \/>\n\u2013 \u00c4r 4 g\u00e5nger mindre &quot;k\u00e4nslig f\u00f6r slitage&quot; \u00e4n merinoull<br \/>\n\u2013 Krymper inte efter tv\u00e4tt<br \/>\n\u2013 100% baby alpacka<br \/>\n\u2013 100% ekologisk enligt Oeko-Tex\u00ae Standard 100<\/p>\n<p>Alpakkaull \u00e4r \u00e4nnu mjukare \u00e4n merinoull och den isolerar n\u00e5got b\u00e4ttre \u00e4n vanlig ull. Den g\u00f6r detta dynamiskt, vilket g\u00f6r ullen sk\u00f6n och varm p\u00e5 vintern och sval p\u00e5 sommaren. Den har en mjuk glans och ser d\u00e4rf\u00f6r v\u00e4ldigt lyxig ut. Baby alpackaull h\u00e4nvisar till de finaste h\u00e5rstr\u00e5n hos den vuxna alpackan. Den \u00e4r l\u00e4tt och v\u00e4ldigt mjuk.<\/p>\n<h5 class=\"Text1893342656__root Text1893342656---typography-11-runningText Text1893342656---priority-7-primary s8gg2 _2UIKs InfoSectionTitle3095652555__root\" aria-hidden=\"false\" data-hook=\"info-section-title\">Baby alpacka ull<\/h5>\n<div class=\"rah-static rah-static--height-auto\" aria-hidden=\"false\">\n<div>\n<div class=\"_1yvxJ fggS- cell\">\n<div class=\"WncCi\" data-hook=\"info-section-description\">\n<p>Fiberstrukturen i Baby Alpaca Wool \u00e4r mycket fin och mjukheten \u00e4r j\u00e4mf\u00f6rbar med kashmirull, men \u00e4nnu mjukare. Alpakkaull \u00e4r k\u00e4nd f\u00f6r sin \u00f6verl\u00e4gsna kvalitet, k\u00e4nns v\u00e4ldigt mjuk mot huden och \u00e4r allergiv\u00e4nlig. Babyalpackaullen \u00e4r den mjukaste alpackaullen fr\u00e5n f\u00f6rsta klippningen. Babyalpacka betyder inte att ullen kommer fr\u00e5n babyalpackor, utan att endast den finaste ullen anv\u00e4nds. Den har en diameter p\u00e5 cirka 20 mikron, vilket \u00e4r otroligt tunt. En mikron \u00e4r 0,001 millimeter. Ju tunnare ull desto mjukare \u00e4r produkten.<\/p>\n<h5>Petit Hummingbird<\/h5>\n<p class=\"\">PETIT KOLIBRI skapades utifr\u00e5n en villkorsl\u00f6s k\u00e4rlek till autentiska, ekologiska och naturliga produkter. V\u00e5ra produkter f\u00f6ddes ur ett orubbligt engagemang f\u00f6r att fr\u00e4mja milj\u00f6m\u00e4ssig h\u00e5llbarhet och medvetna aff\u00e4rsmetoder i de lokala samh\u00e4llena i Latinamerika.<\/p>\n<p class=\"\">Alla v\u00e5ra ekologiska alpacka- och babyalpackakl\u00e4der k\u00f6ps in med omsorg och uppm\u00e4rksamhet i en \u00f6msesidigt f\u00f6rdelaktig och transparent relation med v\u00e5ra leverant\u00f6rer. Slutprodukterna v\u00e4cks till liv under r\u00e4ttvisa f\u00f6rh\u00e5llanden av ett kollektiv av hantverkare i Colombia och Peru. Fairtrade har blivit v\u00e5r ledstj\u00e4rna.<\/p>\n<p class=\"\">Barn \u00e4r morgondagens befolkning. Inverkan de kommer att ha p\u00e5 v\u00e5r planet kommer att p\u00e5verkas av de principer vi l\u00e4r dem idag. V\u00e5r minimalistiska stickning med organisk design \u00e4r gjord f\u00f6r alla sm\u00e5 \u00e4ventyr!<\/p>\n<p>V\u00e5rt m\u00e5l \u00e4r att tillhandah\u00e5lla s\u00e4kra kl\u00e4der och accessoarer f\u00f6r barn, eftersom vi anser att produkterna som barn r\u00f6r vid ska vara i sitt renaste och obehandlade skick. Vi \u00e4r stolta \u00f6ver att kunna erbjuda ekologiska produkter som \u00e4r fria fr\u00e5n skadliga \u00e4mnen, certifierade enligt Standard 100 av OEKO-TEX\u00ae. Ullen vi anv\u00e4nder p\u00e5 PETIT KOLIBRI kommer fr\u00e5n Peru, ett av de viktigaste exportl\u00e4nderna f\u00f6r alpackaull.<\/p>\n<\/div>\n<\/div>\n<\/div>\n<\/div>","protected":false},"excerpt":{"rendered":"<p>De perfekta shortsen f\u00f6r din lilla att k\u00e4nna sig fri och springa runt p\u00e5 hans eller hennes \u00e4ventyr.<\/p>","protected":false},"featured_media":7714,"comment_status":"closed","ping_status":"closed","template":"","meta":{"_acf_changed":false},"product_brand":[],"product_cat":[361,360,363,200,232,322,344],"product_tag":[],"class_list":{"0":"post-7710","1":"product","2":"type-product","3":"status-publish","4":"has-post-thumbnail","6":"product_cat-babyshower","7":"product_cat-cadeautips","8":"product_cat-cadeaus-e25-e50","9":"product_cat-wollen-babykleding","10":"product_cat-petit-kolibri","11":"product_cat-broekjes","12":"product_cat-kleertjes","13":"pa_maat-0-3-maanden","14":"pa_maat-3-6-maanden","16":"first","17":"instock","18":"taxable","19":"shipping-taxable","20":"purchasable","21":"product-type-simple"},"acf":[],"_links":{"self":[{"href":"https:\/\/woolskins.eu\/sv\/wp-json\/wp\/v2\/product\/7710","targetHints":{"allow":["GET"]}}],"collection":[{"href":"https:\/\/woolskins.eu\/sv\/wp-json\/wp\/v2\/product"}],"about":[{"href":"https:\/\/woolskins.eu\/sv\/wp-json\/wp\/v2\/types\/product"}],"replies":[{"embeddable":true,"href":"https:\/\/woolskins.eu\/sv\/wp-json\/wp\/v2\/comments?post=7710"}],"wp:featuredmedia":[{"embeddable":true,"href":"https:\/\/woolskins.eu\/sv\/wp-json\/wp\/v2\/media\/7714"}],"wp:attachment":[{"href":"https:\/\/woolskins.eu\/sv\/wp-json\/wp\/v2\/media?parent=7710"}],"wp:term":[{"taxonomy":"product_brand","embeddable":true,"href":"https:\/\/woolskins.eu\/sv\/wp-json\/wp\/v2\/product_brand?post=7710"},{"taxonomy":"product_cat","embeddable":true,"href":"https:\/\/woolskins.eu\/sv\/wp-json\/wp\/v2\/product_cat?post=7710"},{"taxonomy":"product_tag","embeddable":true,"href":"https:\/\/woolskins.eu\/sv\/wp-json\/wp\/v2\/product_tag?post=7710"}],"curies":[{"name":"wp","href":"https:\/\/api.w.org\/{rel}","templated":true}]}}