{"id":7624,"date":"2022-02-14T11:56:17","date_gmt":"2022-02-14T11:56:17","guid":{"rendered":"https:\/\/woolskins.eu\/?post_type=product&#038;p=7624"},"modified":"2025-12-23T14:41:54","modified_gmt":"2025-12-23T14:41:54","slug":"ullskor-beige","status":"publish","type":"product","link":"https:\/\/woolskins.eu\/sv\/wool-shoes-beige\/","title":{"rendered":"A Basic Brand \u2013 ylle babyskor | Beige"},"content":{"rendered":"<p>Dessa s\u00f6ta sm\u00e5 ylleskor \u00e4r fluffiga och mjuka. Skorna h\u00e5ller ditt barns f\u00f6tter sk\u00f6na och varma och bekv\u00e4ma och \u00e4r gjorda av 100% ull. De har bomullssn\u00f6ren f\u00f6r att h\u00e5lla dem p\u00e5 ditt barns f\u00f6tter.<\/p>\n<p>Dessa andningsbara ylleskor finns i tv\u00e5 storlekar: nyf\u00f6dd och baby.<\/p>\n<p>Storlekar:<\/p>\n<p>S \u2013 0\/12m \u2013 10cm<br \/>\nL \u2013 12\/24m \u2013 12 cm<\/p>\n<p>Observera: inte avsedd f\u00f6r promenader<\/p>\n<h5>Ett babym\u00e4rke<\/h5>\n<p>Uppt\u00e4ck en verkligt minimalistisk garderob full av praktiska v\u00e4sentligheter. Mixa och matcha v\u00e5ra unisex-modeller och f\u00e4rger. Ingen logotyp, inget tryck, inget kr\u00e5ngel.<\/p>\n<p>V\u00e5rt uppdrag \u00e4r att g\u00f6ra ditt liv enklare, s\u00e5 en av huvudid\u00e9erna bakom v\u00e5r filosofi \u00e4r \u00d6VNING. Vi bryr oss ocks\u00e5 djupt om v\u00e5r planet och \u00f6nskar att alla skulle leva ett mer minimalistiskt liv och d\u00e4rf\u00f6r anv\u00e4nda mindre kl\u00e4der (#KOSUMEVIS).<\/p>\n<p>Det \u00e4r d\u00e4rf\u00f6r kvaliteten p\u00e5 v\u00e5ra produkter \u00e4r h\u00f6gsta m\u00f6jliga. Du kan anv\u00e4nda dem i flera \u00e5r och ge dem vidare n\u00e4r du \u00e4r klar. Vi anv\u00e4nder topptyger med b\u00e5de GOTS Organic Cotton Certificate &amp; STANDARD 100 fr\u00e5n OEKO-TEX\u00ae. Alla v\u00e5ra produkter kan tv\u00e4ttas i maskin och torktumlas s\u00e5 ofta du vill. Du kommer att uppt\u00e4cka att v\u00e5r bomullsfleece inte ens beh\u00f6ver strykas f\u00f6r att se snygg ut.<\/p>","protected":false},"excerpt":{"rendered":"<p>Skorna h\u00e5ller ditt barns f\u00f6tter sk\u00f6na och varma och bekv\u00e4ma och \u00e4r gjorda av 100% ull.<\/p>","protected":false},"featured_media":7628,"comment_status":"closed","ping_status":"closed","template":"","meta":{"_acf_changed":false},"product_brand":[],"product_cat":[335,345,361,360,363,200,323,459],"product_tag":[],"class_list":{"0":"post-7624","1":"product","2":"type-product","3":"status-publish","4":"has-post-thumbnail","6":"product_cat-a_baby_brand","7":"product_cat-accessoires","8":"product_cat-babyshower","9":"product_cat-cadeautips","10":"product_cat-cadeaus-e25-e50","11":"product_cat-wollen-babykleding","12":"product_cat-slofjes","13":"product_cat-sale","14":"pa_maat-l","15":"pa_maat-s","17":"first","18":"instock","19":"taxable","20":"shipping-taxable","21":"purchasable","22":"product-type-variable"},"acf":[],"_links":{"self":[{"href":"https:\/\/woolskins.eu\/sv\/wp-json\/wp\/v2\/product\/7624","targetHints":{"allow":["GET"]}}],"collection":[{"href":"https:\/\/woolskins.eu\/sv\/wp-json\/wp\/v2\/product"}],"about":[{"href":"https:\/\/woolskins.eu\/sv\/wp-json\/wp\/v2\/types\/product"}],"replies":[{"embeddable":true,"href":"https:\/\/woolskins.eu\/sv\/wp-json\/wp\/v2\/comments?post=7624"}],"wp:featuredmedia":[{"embeddable":true,"href":"https:\/\/woolskins.eu\/sv\/wp-json\/wp\/v2\/media\/7628"}],"wp:attachment":[{"href":"https:\/\/woolskins.eu\/sv\/wp-json\/wp\/v2\/media?parent=7624"}],"wp:term":[{"taxonomy":"product_brand","embeddable":true,"href":"https:\/\/woolskins.eu\/sv\/wp-json\/wp\/v2\/product_brand?post=7624"},{"taxonomy":"product_cat","embeddable":true,"href":"https:\/\/woolskins.eu\/sv\/wp-json\/wp\/v2\/product_cat?post=7624"},{"taxonomy":"product_tag","embeddable":true,"href":"https:\/\/woolskins.eu\/sv\/wp-json\/wp\/v2\/product_tag?post=7624"}],"curies":[{"name":"wp","href":"https:\/\/api.w.org\/{rel}","templated":true}]}}