{"id":7587,"date":"2022-02-14T11:20:30","date_gmt":"2022-02-14T11:20:30","guid":{"rendered":"https:\/\/woolskins.eu\/?post_type=product&#038;p=7587"},"modified":"2026-03-31T12:25:21","modified_gmt":"2026-03-31T12:25:21","slug":"ribbad-halsduk-naken-kopia","status":"publish","type":"product","link":"https:\/\/woolskins.eu\/sv\/rib-scarf-nude-kopie\/","title":{"rendered":"A Basic Brand \u2013 Baby Scarf Rib | Ljusgr\u00e5"},"content":{"rendered":"<p>Ribbstickad sjal i bomull. Perfekt tillskott till v\u00e5r revbensm\u00f6ssa. Kommer i en universell storlek som passar alla.<\/p>\n<p>97% bomull<br \/>\n3% elastan<\/p>\n<p>STANDARD 100 fr\u00e5n OEKO-TEX\u00ae<\/p>\n<p>ONE SIZE (0 \u2013 3 m\u00e5nader \u2013 innersulans l\u00e4ngd \u2013 10 cm)<\/p>\n<h5>Ett babym\u00e4rke<\/h5>\n<p>Uppt\u00e4ck en verkligt minimalistisk garderob full av praktiska v\u00e4sentligheter. Mixa och matcha v\u00e5ra unisex-modeller och f\u00e4rger. Ingen logotyp, inget tryck, inget kr\u00e5ngel.<\/p>\n<p>V\u00e5rt uppdrag \u00e4r att g\u00f6ra ditt liv enklare, s\u00e5 en av huvudid\u00e9erna bakom v\u00e5r filosofi \u00e4r \u00d6VNING. Vi bryr oss ocks\u00e5 djupt om v\u00e5r planet och \u00f6nskar att alla skulle leva ett mer minimalistiskt liv och d\u00e4rf\u00f6r anv\u00e4nda mindre kl\u00e4der (#KOSUMEVIS).<\/p>\n<p>Det \u00e4r d\u00e4rf\u00f6r kvaliteten p\u00e5 v\u00e5ra produkter \u00e4r h\u00f6gsta m\u00f6jliga. Du kan anv\u00e4nda dem i flera \u00e5r och ge dem vidare n\u00e4r du \u00e4r klar. Vi anv\u00e4nder topptyger med b\u00e5de GOTS Organic Cotton Certificate &amp; STANDARD 100 fr\u00e5n OEKO-TEX\u00ae. Alla v\u00e5ra produkter kan tv\u00e4ttas i maskin och torktumlas s\u00e5 ofta du vill. Du kommer att uppt\u00e4cka att v\u00e5r bomullsfleece inte ens beh\u00f6ver strykas f\u00f6r att se snygg ut.<\/p>","protected":false},"excerpt":{"rendered":"<p>Ribbstickad sjal i bomull. Perfekt tillskott till v\u00e5r revbensm\u00f6ssa. Kommer i en universell storlek som passar alla.<\/p>","protected":false},"featured_media":7585,"comment_status":"open","ping_status":"closed","template":"","meta":{"_acf_changed":false},"product_brand":[],"product_cat":[360,335,345,361,362,200,346],"product_tag":[],"class_list":{"0":"post-7587","1":"product","2":"type-product","3":"status-publish","4":"has-post-thumbnail","6":"product_cat-cadeautips","7":"product_cat-a_baby_brand","8":"product_cat-accessoires","9":"product_cat-babyshower","10":"product_cat-cadeaus-tot-e-25","11":"product_cat-wollen-babykleding","12":"product_cat-mutsjesensjaaltjes","14":"first","15":"instock","16":"taxable","17":"shipping-taxable","18":"purchasable","19":"product-type-simple"},"acf":[],"_links":{"self":[{"href":"https:\/\/woolskins.eu\/sv\/wp-json\/wp\/v2\/product\/7587","targetHints":{"allow":["GET"]}}],"collection":[{"href":"https:\/\/woolskins.eu\/sv\/wp-json\/wp\/v2\/product"}],"about":[{"href":"https:\/\/woolskins.eu\/sv\/wp-json\/wp\/v2\/types\/product"}],"replies":[{"embeddable":true,"href":"https:\/\/woolskins.eu\/sv\/wp-json\/wp\/v2\/comments?post=7587"}],"wp:featuredmedia":[{"embeddable":true,"href":"https:\/\/woolskins.eu\/sv\/wp-json\/wp\/v2\/media\/7585"}],"wp:attachment":[{"href":"https:\/\/woolskins.eu\/sv\/wp-json\/wp\/v2\/media?parent=7587"}],"wp:term":[{"taxonomy":"product_brand","embeddable":true,"href":"https:\/\/woolskins.eu\/sv\/wp-json\/wp\/v2\/product_brand?post=7587"},{"taxonomy":"product_cat","embeddable":true,"href":"https:\/\/woolskins.eu\/sv\/wp-json\/wp\/v2\/product_cat?post=7587"},{"taxonomy":"product_tag","embeddable":true,"href":"https:\/\/woolskins.eu\/sv\/wp-json\/wp\/v2\/product_tag?post=7587"}],"curies":[{"name":"wp","href":"https:\/\/api.w.org\/{rel}","templated":true}]}}