{"id":7410,"date":"2022-02-10T14:04:56","date_gmt":"2022-02-10T14:04:56","guid":{"rendered":"https:\/\/woolskins.eu\/?post_type=product&#038;p=7410"},"modified":"2026-03-31T12:24:23","modified_gmt":"2026-03-31T12:24:23","slug":"ribbmossa-naken-2","status":"publish","type":"product","link":"https:\/\/woolskins.eu\/sv\/rib-beanie-nude-2\/","title":{"rendered":"A Basic Brand \u2013 Baby Hat Rib Beanie | Naken"},"content":{"rendered":"<p>Ribbstickad m\u00f6ssa i bomull. En avslappnad hatt och ett perfekt komplement till din lillas garderob. Finns i tre storlekar \u2013 fr\u00e5n nyf\u00f6dd till vuxen. Detta breda storlekssortiment g\u00f6r en perfekt A BABY BRAND-produkt f\u00f6r matchning mellan barn och f\u00f6r\u00e4ldrar.<\/p>\n<p>97% bomull<br \/>\n3% elastan<\/p>\n<p>STANDARD 100 fr\u00e5n OEKO-TEX\u00ae<\/p>\n<p>Storlekar<\/p>\n<p>S \u2013 0\/6m<br \/>\nM \u2013 6m\/2\u00e5r<br \/>\nL \u2013 2 \u00e5r +<\/p>\n<h5>Ett babym\u00e4rke<\/h5>\n<p>Uppt\u00e4ck en verkligt minimalistisk garderob full av praktiska v\u00e4sentligheter. Mixa och matcha v\u00e5ra unisex-modeller och f\u00e4rger. Ingen logotyp, inget tryck, inget kr\u00e5ngel.<\/p>\n<p>V\u00e5rt uppdrag \u00e4r att g\u00f6ra ditt liv enklare, s\u00e5 en av huvudid\u00e9erna bakom v\u00e5r filosofi \u00e4r \u00d6VNING. Vi bryr oss ocks\u00e5 djupt om v\u00e5r planet och \u00f6nskar att alla skulle leva ett mer minimalistiskt liv och d\u00e4rf\u00f6r anv\u00e4nda mindre kl\u00e4der (#KOSUMEVIS).<\/p>\n<p>Det \u00e4r d\u00e4rf\u00f6r kvaliteten p\u00e5 v\u00e5ra produkter \u00e4r h\u00f6gsta m\u00f6jliga. Du kan anv\u00e4nda dem i flera \u00e5r och ge dem vidare n\u00e4r du \u00e4r klar. Vi anv\u00e4nder topptyger med b\u00e5de GOTS Organic Cotton Certificate &amp; STANDARD 100 fr\u00e5n OEKO-TEX\u00ae. Alla v\u00e5ra produkter kan tv\u00e4ttas i maskin och torktumlas s\u00e5 ofta du vill. Du kommer att uppt\u00e4cka att v\u00e5r bomullsfleece inte ens beh\u00f6ver strykas f\u00f6r att se snygg ut.<\/p>","protected":false},"excerpt":{"rendered":"<p>Bomullsm\u00f6ssa av ribbad bomull. En avslappnad hatt och ett perfekt komplement till din lillas garderob.<\/p>","protected":false},"featured_media":7422,"comment_status":"closed","ping_status":"closed","template":"","meta":{"_acf_changed":false},"product_brand":[],"product_cat":[335,361,360,362,529,535],"product_tag":[],"class_list":{"0":"post-7410","1":"product","2":"type-product","3":"status-publish","4":"has-post-thumbnail","6":"product_cat-a_baby_brand","7":"product_cat-babyshower","8":"product_cat-cadeautips","9":"product_cat-cadeaus-tot-e-25","10":"product_cat-katoenen-babykleertjes","11":"product_cat-katoenen-babymuts-babysjaaltjes","12":"pa_maat-l","13":"pa_maat-m","14":"pa_maat-s","16":"first","17":"instock","18":"taxable","19":"shipping-taxable","20":"purchasable","21":"product-type-variable"},"acf":[],"_links":{"self":[{"href":"https:\/\/woolskins.eu\/sv\/wp-json\/wp\/v2\/product\/7410","targetHints":{"allow":["GET"]}}],"collection":[{"href":"https:\/\/woolskins.eu\/sv\/wp-json\/wp\/v2\/product"}],"about":[{"href":"https:\/\/woolskins.eu\/sv\/wp-json\/wp\/v2\/types\/product"}],"replies":[{"embeddable":true,"href":"https:\/\/woolskins.eu\/sv\/wp-json\/wp\/v2\/comments?post=7410"}],"wp:featuredmedia":[{"embeddable":true,"href":"https:\/\/woolskins.eu\/sv\/wp-json\/wp\/v2\/media\/7422"}],"wp:attachment":[{"href":"https:\/\/woolskins.eu\/sv\/wp-json\/wp\/v2\/media?parent=7410"}],"wp:term":[{"taxonomy":"product_brand","embeddable":true,"href":"https:\/\/woolskins.eu\/sv\/wp-json\/wp\/v2\/product_brand?post=7410"},{"taxonomy":"product_cat","embeddable":true,"href":"https:\/\/woolskins.eu\/sv\/wp-json\/wp\/v2\/product_cat?post=7410"},{"taxonomy":"product_tag","embeddable":true,"href":"https:\/\/woolskins.eu\/sv\/wp-json\/wp\/v2\/product_tag?post=7410"}],"curies":[{"name":"wp","href":"https:\/\/api.w.org\/{rel}","templated":true}]}}