{"id":7222,"date":"2022-02-04T14:15:51","date_gmt":"2022-02-04T14:15:51","guid":{"rendered":"https:\/\/woolskins.eu\/?post_type=product&#038;p=7222"},"modified":"2026-04-29T06:33:29","modified_gmt":"2026-04-29T06:33:29","slug":"alwero-handvarmare-thumby-gra","status":"publish","type":"product","link":"https:\/\/woolskins.eu\/sv\/alwero-handwarmers-thumby-grijs\/","title":{"rendered":"Handv\u00e4rmare i ylle f\u00f6r kvinnor \u2013 Thumby | Ljusgr\u00e5"},"content":{"rendered":"<p>Woolskins ull handv\u00e4rmare finns i tre f\u00e4rger. Det finns inga fingrar eller tummar i den h\u00e4r handsken, s\u00e5 du kan enkelt forts\u00e4tta g\u00f6ra allt och h\u00e4nderna h\u00e5ller sig fortfarande sk\u00f6na och varma.<br \/>\nDessa fina handskar \u00e4r gjorda av 100% ull med elastin och sitter d\u00e4rf\u00f6r bra p\u00e5 handen. De \u00e4r idealiska n\u00e4r du \u00e4r p\u00e5 resande fot med ditt barn.<\/p>\n<p>Dessa handv\u00e4rmare ger en torr och bekv\u00e4m milj\u00f6, vilket hj\u00e4lper mot handleds- och ledbesv\u00e4r. De s\u00e4kerst\u00e4ller b\u00e4ttre blodcirkulation, vilket kommer att minska besv\u00e4ren. Perfekt att anv\u00e4nda bakom en dator till exempel.<\/p>\n<p>Storlekar i centimeter:<\/p>\n<p>S: 23 x 10 cm (l\u00e4ngd &amp; bredd vid handleden)<br \/>\nM: 24 x 11 cm (l\u00e4ngd &amp; bredd vid handleden)<br \/>\nL: 25 x 12 cm (l\u00e4ngd &amp; bredd vid handleden)<\/p>\n<p>Tv\u00e4tta i 30 \u00b0C ulltv\u00e4ttprogram med ulltv\u00e4ttmedel.<\/p>","protected":false},"excerpt":{"rendered":"<p>Woolskins ull handv\u00e4rmare finns i tre f\u00e4rger. Det finns inga fingrar eller tummar i den h\u00e4r handsken, s\u00e5 du kan enkelt forts\u00e4tta g\u00f6ra allt och h\u00e4nderna h\u00e5ller sig fortfarande sk\u00f6na och varma.<br \/>\nDessa fina handskar \u00e4r gjorda av 100% ull med elastin och sitter d\u00e4rf\u00f6r bra p\u00e5 handen. De \u00e4r idealiska n\u00e4r du \u00e4r p\u00e5 resande fot med ditt barn.<\/p>\n<p><strong>M\u00e4rke: Woolskins<\/strong><br \/>\n<strong>Producent: Woolskins Private Lable produceras av Alwero<\/strong><\/p>","protected":false},"featured_media":17597,"comment_status":"closed","ping_status":"closed","template":"","meta":{"_acf_changed":false},"product_brand":[],"product_cat":[351,362,350,31,194],"product_tag":[],"class_list":{"0":"post-7222","1":"product","2":"type-product","3":"status-publish","4":"has-post-thumbnail","6":"product_cat-accessoiresvoormama","7":"product_cat-cadeaus-tot-e-25","8":"product_cat-fashion","9":"product_cat-yogamat-wol","10":"product_cat-wollen-babyproducten","11":"pa_maat-l","12":"pa_maat-m","13":"pa_maat-s","15":"first","16":"instock","17":"taxable","18":"shipping-taxable","19":"purchasable","20":"product-type-variable"},"acf":[],"_links":{"self":[{"href":"https:\/\/woolskins.eu\/sv\/wp-json\/wp\/v2\/product\/7222","targetHints":{"allow":["GET"]}}],"collection":[{"href":"https:\/\/woolskins.eu\/sv\/wp-json\/wp\/v2\/product"}],"about":[{"href":"https:\/\/woolskins.eu\/sv\/wp-json\/wp\/v2\/types\/product"}],"replies":[{"embeddable":true,"href":"https:\/\/woolskins.eu\/sv\/wp-json\/wp\/v2\/comments?post=7222"}],"wp:featuredmedia":[{"embeddable":true,"href":"https:\/\/woolskins.eu\/sv\/wp-json\/wp\/v2\/media\/17597"}],"wp:attachment":[{"href":"https:\/\/woolskins.eu\/sv\/wp-json\/wp\/v2\/media?parent=7222"}],"wp:term":[{"taxonomy":"product_brand","embeddable":true,"href":"https:\/\/woolskins.eu\/sv\/wp-json\/wp\/v2\/product_brand?post=7222"},{"taxonomy":"product_cat","embeddable":true,"href":"https:\/\/woolskins.eu\/sv\/wp-json\/wp\/v2\/product_cat?post=7222"},{"taxonomy":"product_tag","embeddable":true,"href":"https:\/\/woolskins.eu\/sv\/wp-json\/wp\/v2\/product_tag?post=7222"}],"curies":[{"name":"wp","href":"https:\/\/api.w.org\/{rel}","templated":true}]}}