{"id":7214,"date":"2022-02-04T14:08:48","date_gmt":"2022-02-04T14:08:48","guid":{"rendered":"https:\/\/woolskins.eu\/?post_type=product&#038;p=7214"},"modified":"2025-02-08T18:34:03","modified_gmt":"2025-02-08T18:34:03","slug":"alwero-handvarmare-thumby-natural","status":"publish","type":"product","link":"https:\/\/woolskins.eu\/sv\/alwero-handwarmers-thumby-natural\/","title":{"rendered":"Handv\u00e4rmare i ylle f\u00f6r kvinnor \u2013 Thumby | Naturlig"},"content":{"rendered":"<p>Woolskins ull handv\u00e4rmare finns i tre f\u00e4rger. Det finns inga fingrar eller tummar i den h\u00e4r handsken, s\u00e5 du kan enkelt forts\u00e4tta g\u00f6ra allt och h\u00e4nderna h\u00e5ller sig fortfarande sk\u00f6na och varma.<br \/>\nDessa fina handskar \u00e4r gjorda av 100% ull med elastin och sitter d\u00e4rf\u00f6r bra p\u00e5 handen. De \u00e4r idealiska n\u00e4r du \u00e4r p\u00e5 resande fot med ditt barn.<\/p>\n<p>Dessa handv\u00e4rmare ger en torr och bekv\u00e4m milj\u00f6, vilket hj\u00e4lper mot handleds- och ledbesv\u00e4r. De s\u00e4kerst\u00e4ller b\u00e4ttre blodcirkulation, vilket kommer att minska besv\u00e4ren. Perfekt att anv\u00e4nda bakom en dator till exempel.<\/p>\n<p>Storlekar i centimeter:<\/p>\n<p>S: 23 x 10 cm (l\u00e4ngd &amp; bredd vid handleden)<br \/>\nM: 24 x 11 cm (l\u00e4ngd &amp; bredd vid handleden)<br \/>\nL: 25 x 12 cm (l\u00e4ngd &amp; bredd vid handleden)<\/p>\n<p>Tv\u00e4tta i 30 \u00b0C ulltv\u00e4ttprogram med ulltv\u00e4ttmedel.<\/p>\n<div id=\"product-12858\" class=\"product type-product post-12858 status-publish first instock product_cat-cadeautips product_cat-cadeaus-tot-e-25 product_cat-alwero product_cat-yogamat-wol product_cat-accessoiresvoormama product_cat-fashion has-post-thumbnail taxable shipping-taxable purchasable product-type-variable ct-ajax-add-to-cart thumbs-bottom sticky-summary ct-default-gallery\">\n<div class=\"woocommerce-tabs wc-tabs-wrapper\" data-type=\"type-1:center\">\n<article>\n<div id=\"tab-description\" class=\"woocommerce-Tabs-panel woocommerce-Tabs-panel--description panel entry-content wc-tab\" role=\"tabpanel\" aria-labelledby=\"tab-title-description\">\n<h5>Ullskinnsetikett<\/h5>\n<p>Efter \u00e5r av framg\u00e5ngsrikt samarbete med Alwero kan vi stolt meddela att vi nu b\u00e4r v\u00e5ra produkter under v\u00e5r egen Woolskins-etikett.<\/p>\n<p>P\u00e5 s\u00e5 s\u00e4tt f\u00e5r du fortfarande den b\u00e4sta kvaliteten, men kombinerat med de snyggaste och unika produkterna och designerna.<\/p>\n<p>Kvaliteten p\u00e5 tygerna och f\u00e4rgerna f\u00f6rblir som de alltid har varit, men det finns nu ett st\u00f6rre urval som Woolskins tror kan utm\u00e4rka sig.<\/p>\n<p>V\u00e5r breda kollektion \u00e4r sammansatt p\u00e5 ett s\u00e5dant s\u00e4tt att de \u00e4r ett bra komplement till alla babyset, gjorda av 100% europeisk ull som andas och passar f\u00f6r varje s\u00e4song.<\/p>\n<p>Vi g\u00e5r entusiastiskt samman f\u00f6r att skapa en h\u00e5llbar, naturlig och mest bekv\u00e4m produkt f\u00f6r ditt barn.<\/p>\n<\/div>\n<\/article>\n<\/div>\n<\/div>\n<section class=\"related products ct-hidden-sm ct-hidden-md\"><\/section>","protected":false},"excerpt":{"rendered":"<p>Om du letar efter ett par handv\u00e4rmare i ull att unna dig sj\u00e4lv eller n\u00e5gon n\u00e4rst\u00e5ende kan vi varmt rekommendera dessa handv\u00e4rmare fr\u00e5n Woolskins. Det finns inga fingrar eller tummar i den h\u00e4r handsken, s\u00e5 du kan enkelt forts\u00e4tta g\u00f6ra allt och h\u00e4nderna h\u00e5ller sig fortfarande sk\u00f6na och varma. Dessa fina handskar \u00e4r gjorda av 100% ull med elastin och sitter d\u00e4rf\u00f6r bra p\u00e5 handen. V\u00e5ra handv\u00e4rmare i ull fr\u00e5n Thumby \u00e4r ett bra s\u00e4tt att h\u00e5lla h\u00e4nderna varma och bekv\u00e4ma under de kalla vinterm\u00e5naderna. De \u00e4r mjuka och andas, vilket g\u00f6r dem l\u00e4mpliga f\u00f6r personer med k\u00e4nslig hud och finns i olika f\u00e4rger och storlekar.<\/p>\n<p><strong>M\u00e4rke: Woolskins<\/strong><br \/>\n<strong>Produktion: Polen<\/strong><\/p>","protected":false},"featured_media":17599,"comment_status":"closed","ping_status":"closed","template":"","meta":{"_acf_changed":false},"product_brand":[],"product_cat":[351,362,350,31,194],"product_tag":[],"class_list":{"0":"post-7214","1":"product","2":"type-product","3":"status-publish","4":"has-post-thumbnail","6":"product_cat-accessoiresvoormama","7":"product_cat-cadeaus-tot-e-25","8":"product_cat-fashion","9":"product_cat-yogamat-wol","10":"product_cat-wollen-babyproducten","11":"pa_maat-l","12":"pa_maat-m","13":"pa_maat-s","15":"first","16":"outofstock","17":"taxable","18":"shipping-taxable","19":"purchasable","20":"product-type-variable"},"acf":[],"_links":{"self":[{"href":"https:\/\/woolskins.eu\/sv\/wp-json\/wp\/v2\/product\/7214","targetHints":{"allow":["GET"]}}],"collection":[{"href":"https:\/\/woolskins.eu\/sv\/wp-json\/wp\/v2\/product"}],"about":[{"href":"https:\/\/woolskins.eu\/sv\/wp-json\/wp\/v2\/types\/product"}],"replies":[{"embeddable":true,"href":"https:\/\/woolskins.eu\/sv\/wp-json\/wp\/v2\/comments?post=7214"}],"wp:featuredmedia":[{"embeddable":true,"href":"https:\/\/woolskins.eu\/sv\/wp-json\/wp\/v2\/media\/17599"}],"wp:attachment":[{"href":"https:\/\/woolskins.eu\/sv\/wp-json\/wp\/v2\/media?parent=7214"}],"wp:term":[{"taxonomy":"product_brand","embeddable":true,"href":"https:\/\/woolskins.eu\/sv\/wp-json\/wp\/v2\/product_brand?post=7214"},{"taxonomy":"product_cat","embeddable":true,"href":"https:\/\/woolskins.eu\/sv\/wp-json\/wp\/v2\/product_cat?post=7214"},{"taxonomy":"product_tag","embeddable":true,"href":"https:\/\/woolskins.eu\/sv\/wp-json\/wp\/v2\/product_tag?post=7214"}],"curies":[{"name":"wp","href":"https:\/\/api.w.org\/{rel}","templated":true}]}}