{"id":7098,"date":"2022-01-31T11:11:43","date_gmt":"2022-01-31T11:11:43","guid":{"rendered":"https:\/\/woolskins.eu\/?post_type=product&#038;p=7098"},"modified":"2026-02-17T07:59:57","modified_gmt":"2026-02-17T07:59:57","slug":"gosedjursfilt-med-nappsladd-gra-2","status":"publish","type":"product","link":"https:\/\/woolskins.eu\/sv\/knuffeldoekje-met-speenkoord-grijs-2\/","title":{"rendered":"Gosduk med nappsn\u00f6re | Ljusgr\u00e5"},"content":{"rendered":"<p>Ullskinnsmysduk med nappsn\u00f6re. Perfekt f\u00f6r ditt barn att gosa och leka med p\u00e5 grund av det fina ljudet som den sprakande fyllningen ger. Mysduken \u00e4r gjord av 100% ull och har till exempel kvalitetsm\u00e4rket &#039;Woolmark&#039; och &#039;Safe for children&#039;. Nappkl\u00e4mman \u00e4r anv\u00e4ndbar f\u00f6r att h\u00e5lla ditt barns napp till hands och f\u00f6rhindra att den tappas bort.<\/p>\n<p>\u2013 100% nyull, Woolmark kvalitetsm\u00e4rke.<br \/>\n\u2013 M\u00e5tten \u00e4r 18\u00d725 cm.<br \/>\n\u2013 Exklusive napp<\/p>\n<p>Nappduken av ull kan enkelt f\u00e4stas p\u00e5 vilken typ av napp som helst med hj\u00e4lp av sladden.<\/p>","protected":false},"excerpt":{"rendered":"<p>Woolskins erbjuder en vacker yllemysduk med nappsn\u00f6re. Denna mjuka och bekv\u00e4ma trasa \u00e4r perfekt f\u00f6r din lilla att gosa och leka med. Den \u00e4r gjord av h\u00f6gkvalitativ ull och finns i beige och gr\u00e5tt.<\/p>\n<p>Den \u00e4r idealisk f\u00f6r ditt barn att gosa och leka med p\u00e5 grund av det fina ljudet som den sprakande fyllningen ger. Mysduken \u00e4r gjord av 100% ull och har till exempel kvalitetsm\u00e4rket &#039;Woolmark&#039; och &#039;Safe for children&#039;.<\/p>\n<p>Woolskins \u00e4r specialisten p\u00e5 ekologiska lammskinn och ullprodukter. Alla produkter \u00e4r tillverkade av h\u00f6gkvalitativa material och \u00e4r designade med komfort och h\u00e5llbarhet i \u00e5tanke. Denna mysduk med nappsn\u00f6re \u00e4r d\u00e4rf\u00f6r ett ansvarsfullt val f\u00f6r f\u00f6r\u00e4ldrar som s\u00f6ker kvalitet och stil.<\/p>\n<p><strong>M\u00e4rke: Woolskins<\/strong><br \/>\n<strong>Produktion: Polen<\/strong><\/p>\n<p><strong>ero<\/strong><\/p>","protected":false},"featured_media":9779,"comment_status":"closed","ping_status":"closed","template":"","meta":{"_acf_changed":false},"product_brand":[],"product_cat":[345,361,360,362,200,196,346,348,194],"product_tag":[],"class_list":{"0":"post-7098","1":"product","2":"type-product","3":"status-publish","4":"has-post-thumbnail","6":"product_cat-accessoires","7":"product_cat-babyshower","8":"product_cat-cadeautips","9":"product_cat-cadeaus-tot-e-25","10":"product_cat-wollen-babykleding","11":"product_cat-slaapkleding-baby","12":"product_cat-mutsjesensjaaltjes","13":"product_cat-kussens","14":"product_cat-wollen-babyproducten","16":"first","17":"instock","18":"taxable","19":"shipping-taxable","20":"purchasable","21":"product-type-simple"},"acf":[],"_links":{"self":[{"href":"https:\/\/woolskins.eu\/sv\/wp-json\/wp\/v2\/product\/7098","targetHints":{"allow":["GET"]}}],"collection":[{"href":"https:\/\/woolskins.eu\/sv\/wp-json\/wp\/v2\/product"}],"about":[{"href":"https:\/\/woolskins.eu\/sv\/wp-json\/wp\/v2\/types\/product"}],"replies":[{"embeddable":true,"href":"https:\/\/woolskins.eu\/sv\/wp-json\/wp\/v2\/comments?post=7098"}],"wp:featuredmedia":[{"embeddable":true,"href":"https:\/\/woolskins.eu\/sv\/wp-json\/wp\/v2\/media\/9779"}],"wp:attachment":[{"href":"https:\/\/woolskins.eu\/sv\/wp-json\/wp\/v2\/media?parent=7098"}],"wp:term":[{"taxonomy":"product_brand","embeddable":true,"href":"https:\/\/woolskins.eu\/sv\/wp-json\/wp\/v2\/product_brand?post=7098"},{"taxonomy":"product_cat","embeddable":true,"href":"https:\/\/woolskins.eu\/sv\/wp-json\/wp\/v2\/product_cat?post=7098"},{"taxonomy":"product_tag","embeddable":true,"href":"https:\/\/woolskins.eu\/sv\/wp-json\/wp\/v2\/product_tag?post=7098"}],"curies":[{"name":"wp","href":"https:\/\/api.w.org\/{rel}","templated":true}]}}