{"id":7090,"date":"2022-01-30T13:33:29","date_gmt":"2022-01-30T13:33:29","guid":{"rendered":"https:\/\/woolskins.eu\/?post_type=product&#038;p=7090"},"modified":"2026-02-18T13:39:01","modified_gmt":"2026-02-18T13:39:01","slug":"alwero-omlottfilt-essential-gra","status":"publish","type":"product","link":"https:\/\/woolskins.eu\/sv\/alwero-wikkeldeken-essential-grijs\/","title":{"rendered":"Wrap filt \/ huvfilt f\u00f6r baby \u2013 filt | Ljusgr\u00e5"},"content":{"rendered":"<p>Ditt barn kommer att sova underbart och dr\u00f6mma sig bort i denna bekv\u00e4ma yllefilt med huva fr\u00e5n v\u00e5r &quot;Felted&quot;-kollektion. Denna omlott-\/huvfilt faller smidigt och \u00e4r v\u00e4ldigt mjuk. De har ett vackert och lyxigt utseende och \u00e4r extremt bekv\u00e4ma. Omlottfilten \u00e4r gjord av 100% ull och tar direkt ditt barns temperatur. Du kan ocks\u00e5 linda ditt barn med detta eller mata det bekv\u00e4mt, eller s\u00e5 kan du enkelt ta det med dig p\u00e5 spr\u00e5ng f\u00f6r att h\u00e5lla ditt barn varmt.<\/p>\n<p>\u2013 100% nyull Filtad med Woolmark kvalitetsm\u00e4rke.<br \/>\n\u2013 Sl\u00e4t, mjuk och kompakt struktur<br \/>\n\u2013 Goda termiska egenskaper<br \/>\n\u2013 F\u00f6r hemma och p\u00e5 resande fot.<br \/>\n\u2013 M\u00e5tt: 80 x 80 cm.<br \/>\n\u2013 Europeisk produktion.<br \/>\n\u2013 Tv\u00e4ttbar i 30\u00b0C ulltv\u00e4ttprogram.<br \/>\n\u2013 Finns exklusivt hos Woolskins<\/p>\n<p>Ullfibrer andas och har egenskapen att fungera som en naturlig termostat som reglerar kroppstemperaturen? Detta hj\u00e4lper ditt barn att h\u00e5lla en stabil temperatur och h\u00e5ller ditt barn torrt och bekv\u00e4mt. Den g\u00f6r detta &quot;dynamiskt&quot;, vilket betyder att det h\u00e4nder n\u00e4r det beh\u00f6vs och inte n\u00e4r det inte beh\u00f6vs. Varmt p\u00e5 vintern och svalt p\u00e5 sommaren.<\/p>\n<p>Denna produkt har kvalitetsm\u00e4rket Safe for Children och Woolmark.<\/p>\n<div id=\"product-7026\" class=\"product type-product post-7026 status-publish first instock product_cat-babyshower product_cat-cadeaus-e25-e50 product_cat-cadeautips product_cat-alwero product_cat-slaapkleding-baby product_cat-babydeken product_cat-best-verkocht has-post-thumbnail taxable shipping-taxable purchasable product-type-variable ct-ajax-add-to-cart thumbs-bottom sticky-summary ct-default-gallery\">\n<div class=\"woocommerce-tabs wc-tabs-wrapper\" data-type=\"type-1:center\"><\/div>\n<\/div>\n<section class=\"up-sells upsells products ct-hidden-sm ct-hidden-md\"><\/section>","protected":false},"excerpt":{"rendered":"<p>Denna yllefilt tillverkad av &quot;filtad&quot; ull med huva \u00e4r en varm och bekv\u00e4m produkt som passar alla \u00e5rstider. Den \u00e4r gjord av mjuk och naturlig ull, som isolerar bra, andas och faller mjukt. Omlottfilten har en huva som h\u00e5ller huvudet varmt och sk\u00f6nt. Det \u00e4r en m\u00e5ngsidig och praktisk produkt som passar b\u00e5de inomhus och utomhus. En yllefilt med huva \u00e4r ett riktigt &#039;m\u00e5ste&#039; f\u00f6r varje babyset, men \u00e4r ocks\u00e5 en fin present att ge till n\u00e5gon. Den finns i olika ulltyger och f\u00e4rger, s\u00e5 du kan alltid hitta en omlottsfilt som passar dig. Omlottfilten \u00e4r gjord av 100% ull och tar direkt ditt barns temperatur. Du kan ocks\u00e5 linda ditt barn med detta eller mata det bekv\u00e4mt, eller s\u00e5 kan du enkelt ta det med dig p\u00e5 spr\u00e5ng f\u00f6r att h\u00e5lla ditt barn varmt.<\/p>\n<p><strong>M\u00e4rke: Woolskins<\/strong><br \/>\n<strong>Produktion: Polen<\/strong><\/p>","protected":false},"featured_media":7091,"comment_status":"closed","ping_status":"closed","template":"","meta":{"_acf_changed":false},"product_brand":[],"product_cat":[361,360,363,364,196,321,194],"product_tag":[],"class_list":{"0":"post-7090","1":"product","2":"type-product","3":"status-publish","4":"has-post-thumbnail","6":"product_cat-babyshower","7":"product_cat-cadeautips","8":"product_cat-cadeaus-e25-e50","9":"product_cat-cadeaus-vanaf-e50","10":"product_cat-slaapkleding-baby","11":"product_cat-wikkeldekens","12":"product_cat-wollen-babyproducten","14":"first","15":"instock","16":"taxable","17":"shipping-taxable","18":"purchasable","19":"product-type-simple"},"acf":[],"_links":{"self":[{"href":"https:\/\/woolskins.eu\/sv\/wp-json\/wp\/v2\/product\/7090","targetHints":{"allow":["GET"]}}],"collection":[{"href":"https:\/\/woolskins.eu\/sv\/wp-json\/wp\/v2\/product"}],"about":[{"href":"https:\/\/woolskins.eu\/sv\/wp-json\/wp\/v2\/types\/product"}],"replies":[{"embeddable":true,"href":"https:\/\/woolskins.eu\/sv\/wp-json\/wp\/v2\/comments?post=7090"}],"wp:featuredmedia":[{"embeddable":true,"href":"https:\/\/woolskins.eu\/sv\/wp-json\/wp\/v2\/media\/7091"}],"wp:attachment":[{"href":"https:\/\/woolskins.eu\/sv\/wp-json\/wp\/v2\/media?parent=7090"}],"wp:term":[{"taxonomy":"product_brand","embeddable":true,"href":"https:\/\/woolskins.eu\/sv\/wp-json\/wp\/v2\/product_brand?post=7090"},{"taxonomy":"product_cat","embeddable":true,"href":"https:\/\/woolskins.eu\/sv\/wp-json\/wp\/v2\/product_cat?post=7090"},{"taxonomy":"product_tag","embeddable":true,"href":"https:\/\/woolskins.eu\/sv\/wp-json\/wp\/v2\/product_tag?post=7090"}],"curies":[{"name":"wp","href":"https:\/\/api.w.org\/{rel}","templated":true}]}}