{"id":6997,"date":"2022-01-27T14:52:03","date_gmt":"2022-01-27T14:52:03","guid":{"rendered":"https:\/\/woolskins.eu\/?post_type=product&#038;p=6997"},"modified":"2026-04-07T10:29:34","modified_gmt":"2026-04-07T10:29:34","slug":"alwero-omlottfilt-lammy-ecru","status":"publish","type":"product","link":"https:\/\/woolskins.eu\/sv\/alwero-wikkeldeken-lammy-ecru\/","title":{"rendered":"Woolen Wrap Filt \/ Hooded Filt for Baby \u2013 Thumbled | Ecru"},"content":{"rendered":"<p>Ullfibrer andas och har egenskapen att fungera som en naturlig termostat som reglerar kroppstemperaturen? Detta hj\u00e4lper ditt barn att h\u00e5lla en stabil temperatur och h\u00e5ller ditt barn torrt och bekv\u00e4mt. Den g\u00f6r detta &quot;dynamiskt&quot;, vilket betyder att det h\u00e4nder n\u00e4r det beh\u00f6vs och inte n\u00e4r det inte beh\u00f6vs. Varmt p\u00e5 vintern och svalt p\u00e5 sommaren.<\/p>\n<p>\u2013 100% nyull (tumlad) med Woolmark kvalitetsm\u00e4rke.<br \/>\n\u2013 F\u00f6r hemma och p\u00e5 resande fot.<br \/>\n\u2013 M\u00e5tt: 80 x 80 cm.<br \/>\n\u2013 Europeisk produktion.<br \/>\n\u2013 Tv\u00e4ttbar i 30\u00b0C ulltv\u00e4ttprogram.<br \/>\n\u2013 Finns exklusivt hos Woolskins.<\/p>\n<p>Tumlade ullprodukter k\u00e4nnetecknas av de l\u00f6sa ullfibrerna. F\u00f6r att undvika ludd s\u00e5 mycket som m\u00f6jligt \u00e4r det b\u00e4st att knacka ut produkten innan du anv\u00e4nder den.<\/p>\n<p>Denna produkt har kvalitetsm\u00e4rket Safe for Children och Woolmark.<\/p>\n<h5>Ullskinnsetikett<\/h5>\n<p>Efter \u00e5r av framg\u00e5ngsrikt samarbete med Alwero kan vi stolt meddela att vi nu b\u00e4r v\u00e5ra produkter under v\u00e5r egen Woolskins-etikett.<\/p>\n<p>P\u00e5 s\u00e5 s\u00e4tt f\u00e5r du fortfarande den b\u00e4sta kvaliteten, men kombinerat med de snyggaste och unika produkterna och designerna.<\/p>\n<p>Kvaliteten p\u00e5 tygerna och f\u00e4rgerna f\u00f6rblir som de alltid har varit, men det finns nu ett st\u00f6rre urval som Woolskins tror kan utm\u00e4rka sig.<\/p>\n<p>V\u00e5r breda kollektion \u00e4r sammansatt p\u00e5 ett s\u00e5dant s\u00e4tt att de \u00e4r ett bra komplement till alla babyset, gjorda av 100% europeisk ull som andas och passar f\u00f6r varje s\u00e4song.<\/p>\n<p>Vi g\u00e5r entusiastiskt samman f\u00f6r att skapa en h\u00e5llbar, naturlig och mest bekv\u00e4m produkt f\u00f6r ditt barn.<\/p>","protected":false},"excerpt":{"rendered":"<p>Ditt barn kommer att sova underbart och dr\u00f6mma sig bort i denna bekv\u00e4ma ullhuvafilt fr\u00e5n v\u00e5r &#039;Thumbled&#039;-kollektion. Denna hooded\/wrap filt faller smidigt och \u00e4r v\u00e4ldigt mjuk. De har ett vackert och lyxigt utseende och \u00e4r extremt bekv\u00e4ma. Omlottfilten \u00e4r gjord av 100% ull och tar direkt ditt barns temperatur. Du kan ocks\u00e5 linda din bebis med denna eller mata den bekv\u00e4mt. Du kan enkelt ta den med dig n\u00e4r du \u00e4r p\u00e5 spr\u00e5ng f\u00f6r att h\u00e5lla din bebis varm. Filten passar alla \u00e5rstider och en perfekt present till en babyshower eller mammabes\u00f6k.<\/p>\n<p><strong>M\u00e4rke: Woolskins<\/strong><br \/>\n<strong>Produktion: Polen<\/strong><\/p>","protected":false},"featured_media":6999,"comment_status":"closed","ping_status":"closed","template":"","meta":{"_acf_changed":false},"product_brand":[],"product_cat":[361,360,363,364,196,321,194],"product_tag":[],"class_list":{"0":"post-6997","1":"product","2":"type-product","3":"status-publish","4":"has-post-thumbnail","6":"product_cat-babyshower","7":"product_cat-cadeautips","8":"product_cat-cadeaus-e25-e50","9":"product_cat-cadeaus-vanaf-e50","10":"product_cat-slaapkleding-baby","11":"product_cat-wikkeldekens","12":"product_cat-wollen-babyproducten","14":"first","15":"instock","16":"taxable","17":"shipping-taxable","18":"purchasable","19":"product-type-simple"},"acf":[],"_links":{"self":[{"href":"https:\/\/woolskins.eu\/sv\/wp-json\/wp\/v2\/product\/6997","targetHints":{"allow":["GET"]}}],"collection":[{"href":"https:\/\/woolskins.eu\/sv\/wp-json\/wp\/v2\/product"}],"about":[{"href":"https:\/\/woolskins.eu\/sv\/wp-json\/wp\/v2\/types\/product"}],"replies":[{"embeddable":true,"href":"https:\/\/woolskins.eu\/sv\/wp-json\/wp\/v2\/comments?post=6997"}],"wp:featuredmedia":[{"embeddable":true,"href":"https:\/\/woolskins.eu\/sv\/wp-json\/wp\/v2\/media\/6999"}],"wp:attachment":[{"href":"https:\/\/woolskins.eu\/sv\/wp-json\/wp\/v2\/media?parent=6997"}],"wp:term":[{"taxonomy":"product_brand","embeddable":true,"href":"https:\/\/woolskins.eu\/sv\/wp-json\/wp\/v2\/product_brand?post=6997"},{"taxonomy":"product_cat","embeddable":true,"href":"https:\/\/woolskins.eu\/sv\/wp-json\/wp\/v2\/product_cat?post=6997"},{"taxonomy":"product_tag","embeddable":true,"href":"https:\/\/woolskins.eu\/sv\/wp-json\/wp\/v2\/product_tag?post=6997"}],"curies":[{"name":"wp","href":"https:\/\/api.w.org\/{rel}","templated":true}]}}