{"id":6885,"date":"2022-01-17T14:07:04","date_gmt":"2022-01-17T14:07:04","guid":{"rendered":"https:\/\/woolskins.eu\/?post_type=product&#038;p=6885"},"modified":"2026-04-07T08:05:54","modified_gmt":"2026-04-07T08:05:54","slug":"alwero-omlottfilt-wingy-beige","status":"publish","type":"product","link":"https:\/\/woolskins.eu\/sv\/alwero-wikkeldeken-wingy-beige\/","title":{"rendered":"Woolen Wrap filt f\u00f6r baby | Wingy Duo \u2013 ecru\/beige"},"content":{"rendered":"<p>Ull andas och tar genast ditt barns temperatur. Varmt p\u00e5 vintern och svalt p\u00e5 sommaren. Praktisk f\u00f6r hemma och att anv\u00e4nda i Maxi-Cosi eller barnvagn.<\/p>\n<p>\u2013 100% nyull med Woolmark kvalitetsm\u00e4rke.<br \/>\n\u2013 Finns exklusivt hos Woolskins.<br \/>\n\u2013 F\u00f6r hemma och p\u00e5 v\u00e4gen.<br \/>\n\u2013 \u00d6ppningar f\u00f6r s\u00e4kerhetsremmarna (5-punkts).<br \/>\n- Storlek: l\u00e4ngd 80 cm x bredd 50 cm - Mini: l\u00e4ngd 75 cm x 40 cm<br \/>\n\u2013 kan tv\u00e4ttas i 30\u00b0C ulltv\u00e4ttprogram.<\/p>\n<p>Ullfibrer andas och har egenskapen att fungera som en naturlig termostat som reglerar kroppstemperaturen? Detta hj\u00e4lper ditt barn att h\u00e5lla en stabil temperatur och h\u00e5ller ditt barn torrt och bekv\u00e4mt. Den g\u00f6r detta &quot;dynamiskt&quot;, vilket betyder att det h\u00e4nder n\u00e4r det beh\u00f6vs och inte n\u00e4r det inte beh\u00f6vs. Varmt p\u00e5 vintern och svalt p\u00e5 sommaren.<\/p>\n<p>Denna produkt har kvalitetsm\u00e4rket Safe for Children och Woolmark.<\/p>\n<h5>Ullskinnsetikett<\/h5>\n<p>Efter \u00e5r av framg\u00e5ngsrikt samarbete med Alwero kan vi stolt meddela att vi nu b\u00e4r v\u00e5ra produkter under v\u00e5r egen Woolskins-etikett.<\/p>\n<p>P\u00e5 s\u00e5 s\u00e4tt f\u00e5r du fortfarande den b\u00e4sta kvaliteten, men kombinerat med de snyggaste och unika produkterna och designerna.<\/p>\n<p>Kvaliteten p\u00e5 tygerna och f\u00e4rgerna f\u00f6rblir som de alltid har varit, men det finns nu ett st\u00f6rre urval som Woolskins tror kan utm\u00e4rka sig.<\/p>\n<p>V\u00e5r breda kollektion \u00e4r sammansatt p\u00e5 ett s\u00e5dant s\u00e4tt att de \u00e4r ett bra komplement till alla babyset, gjorda av 100% europeisk ull som andas och passar f\u00f6r varje s\u00e4song.<\/p>\n<p>Vi g\u00e5r entusiastiskt samman f\u00f6r att skapa en h\u00e5llbar, naturlig och mest bekv\u00e4m produkt f\u00f6r ditt barn.<\/p>","protected":false},"excerpt":{"rendered":"<p>Ditt barn kommer att sova underbart och dr\u00f6mma sig bort i denna bekv\u00e4ma yllefilt Wingy fr\u00e5n v\u00e5r &#039;Thumbled&#039;-kollektion. Denna omslagsfilt faller smidigt och \u00e4r v\u00e4ldigt mjuk. De har ett vackert och lyxigt utseende och \u00e4r extremt bekv\u00e4ma. Omlottfilten \u00e4r gjord av 100% ull och tar direkt p\u00e5 ditt barns temperatur och kan anv\u00e4ndas under alla \u00e5rstider. Tack vare \u00f6ppningarna f\u00f6r s\u00e4kerhetsremmarna (5-punkts) passar den bra i vagnen och tar ditt barn varmt och sk\u00f6nt ut. Speciellt f\u00f6r de minsta har vi \u00e4ven en mindre version (mini) som passar bra och passar perfekt i Maxi-Cosi.<\/p>","protected":false},"featured_media":17541,"comment_status":"closed","ping_status":"closed","template":"","meta":{"_acf_changed":false},"product_brand":[],"product_cat":[361,360,364,196,321,194],"product_tag":[],"class_list":{"0":"post-6885","1":"product","2":"type-product","3":"status-publish","4":"has-post-thumbnail","6":"product_cat-babyshower","7":"product_cat-cadeautips","8":"product_cat-cadeaus-vanaf-e50","9":"product_cat-slaapkleding-baby","10":"product_cat-wikkeldekens","11":"product_cat-wollen-babyproducten","13":"first","14":"instock","15":"taxable","16":"shipping-taxable","17":"purchasable","18":"product-type-variable"},"acf":[],"_links":{"self":[{"href":"https:\/\/woolskins.eu\/sv\/wp-json\/wp\/v2\/product\/6885","targetHints":{"allow":["GET"]}}],"collection":[{"href":"https:\/\/woolskins.eu\/sv\/wp-json\/wp\/v2\/product"}],"about":[{"href":"https:\/\/woolskins.eu\/sv\/wp-json\/wp\/v2\/types\/product"}],"replies":[{"embeddable":true,"href":"https:\/\/woolskins.eu\/sv\/wp-json\/wp\/v2\/comments?post=6885"}],"wp:featuredmedia":[{"embeddable":true,"href":"https:\/\/woolskins.eu\/sv\/wp-json\/wp\/v2\/media\/17541"}],"wp:attachment":[{"href":"https:\/\/woolskins.eu\/sv\/wp-json\/wp\/v2\/media?parent=6885"}],"wp:term":[{"taxonomy":"product_brand","embeddable":true,"href":"https:\/\/woolskins.eu\/sv\/wp-json\/wp\/v2\/product_brand?post=6885"},{"taxonomy":"product_cat","embeddable":true,"href":"https:\/\/woolskins.eu\/sv\/wp-json\/wp\/v2\/product_cat?post=6885"},{"taxonomy":"product_tag","embeddable":true,"href":"https:\/\/woolskins.eu\/sv\/wp-json\/wp\/v2\/product_tag?post=6885"}],"curies":[{"name":"wp","href":"https:\/\/api.w.org\/{rel}","templated":true}]}}