{"id":6710,"date":"2021-09-01T12:55:46","date_gmt":"2021-09-01T12:55:46","guid":{"rendered":"https:\/\/woolskins.eu\/eco-wool-wash"},"modified":"2023-02-28T11:40:10","modified_gmt":"2023-02-28T11:40:10","slug":"ekologisk-ulltvatt","status":"publish","type":"product","link":"https:\/\/woolskins.eu\/sv\/eco-wool-wash\/","title":{"rendered":"Eco Wool Wash"},"content":{"rendered":"<p>V\u00e5ra Woolskins Eco Relugan-rockar kan tv\u00e4ttas i maskin i kombination med v\u00e5r specialutvecklade Eco Wool Wash i maskin p\u00e5 30\u00b0C fintv\u00e4ttprogram (kort program)*. Vi rekommenderar dock att du v\u00e4ntar s\u00e5 l\u00e4nge som m\u00f6jligt eftersom p\u00e4lsen \u00e4r naturligt sj\u00e4lvreng\u00f6rande. V\u00e5ra Woolskins Relugan-produkter kan \u00e4ven torkas i torktumlare p\u00e5 l\u00e5g -INTE HET- temperatur efter tv\u00e4tt. Detta g\u00f6r v\u00e5ra Woolskins Relugan-rockar s\u00e5 unika och l\u00e4tta att anv\u00e4nda!<\/p>","protected":false},"excerpt":{"rendered":"<p>Onze Woolskins Eco Relugan vachten zijn in combinatie met ons speciaal daarvoor ontwikkelde Eco Wool Wash te wassen in de machine op 30\u00b0C fijnewasprogramma (kort programma)*. Echter raden wij aan hier echt zolang mogelijk mee te wachten omdat de vacht van nature al zelfreinigend is. Onze Woolskins Relugan producten kunnen na het wassen ook worden [&hellip;]<\/p>\n","protected":false},"featured_media":7908,"comment_status":"closed","ping_status":"closed","template":"","meta":{"_acf_changed":false},"product_brand":[],"product_cat":[200],"product_tag":[],"class_list":{"0":"post-6710","1":"product","2":"type-product","3":"status-publish","4":"has-post-thumbnail","6":"product_cat-wollen-babykleding","8":"first","9":"instock","10":"taxable","11":"shipping-taxable","12":"purchasable","13":"product-type-simple"},"acf":[],"_links":{"self":[{"href":"https:\/\/woolskins.eu\/sv\/wp-json\/wp\/v2\/product\/6710","targetHints":{"allow":["GET"]}}],"collection":[{"href":"https:\/\/woolskins.eu\/sv\/wp-json\/wp\/v2\/product"}],"about":[{"href":"https:\/\/woolskins.eu\/sv\/wp-json\/wp\/v2\/types\/product"}],"replies":[{"embeddable":true,"href":"https:\/\/woolskins.eu\/sv\/wp-json\/wp\/v2\/comments?post=6710"}],"wp:featuredmedia":[{"embeddable":true,"href":"https:\/\/woolskins.eu\/sv\/wp-json\/wp\/v2\/media\/7908"}],"wp:attachment":[{"href":"https:\/\/woolskins.eu\/sv\/wp-json\/wp\/v2\/media?parent=6710"}],"wp:term":[{"taxonomy":"product_brand","embeddable":true,"href":"https:\/\/woolskins.eu\/sv\/wp-json\/wp\/v2\/product_brand?post=6710"},{"taxonomy":"product_cat","embeddable":true,"href":"https:\/\/woolskins.eu\/sv\/wp-json\/wp\/v2\/product_cat?post=6710"},{"taxonomy":"product_tag","embeddable":true,"href":"https:\/\/woolskins.eu\/sv\/wp-json\/wp\/v2\/product_tag?post=6710"}],"curies":[{"name":"wp","href":"https:\/\/api.w.org\/{rel}","templated":true}]}}