{"id":6697,"date":"2021-09-01T12:55:46","date_gmt":"2021-09-01T12:55:46","guid":{"rendered":"https:\/\/woolskins.eu\/knuffel-kussen"},"modified":"2026-02-18T13:42:47","modified_gmt":"2026-02-18T13:42:47","slug":"gosig-kudde","status":"publish","type":"product","link":"https:\/\/woolskins.eu\/sv\/knuffel-kussen\/","title":{"rendered":"Gosdyna Sheepy | ecru"},"content":{"rendered":"<p>En underbart mjuk yllekudde i form av ett moln. Denna snygga kudde passar perfekt i det trendiga babyrummet och barnrummet. Kombinera denna kudde med de andra vackra ullprodukterna fr\u00e5n Woolskins!<\/p>\n<p>M\u00e5tt: 35 x 40 cm.<\/p>\n<p>N\u00e4r du packar upp den h\u00e4r produkten kommer du att dofta den friska och naturliga doften av ull. F\u00f6r oss \u00e4r detta tecknet p\u00e5 att alla goda och h\u00e4lsosamma egenskaper fortfarande finns i ullen.<\/p>\n<p>Denna produkt har kvalitetsm\u00e4rket Safe for Children och Woolmark.<\/p>\n<h5>Ullskinnsetikett<\/h5>\n<p>Efter \u00e5r av framg\u00e5ngsrikt samarbete med Alwero kan vi stolt meddela att vi nu b\u00e4r v\u00e5ra produkter under v\u00e5r egen Woolskins-etikett.<\/p>\n<p>P\u00e5 s\u00e5 s\u00e4tt f\u00e5r du fortfarande den b\u00e4sta kvaliteten, men kombinerat med de snyggaste och unika produkterna och designerna.<\/p>\n<p>Kvaliteten p\u00e5 tygerna och f\u00e4rgerna f\u00f6rblir som de alltid har varit, men det finns nu ett st\u00f6rre urval som Woolskins tror kan utm\u00e4rka sig.<\/p>\n<p>V\u00e5r breda kollektion \u00e4r sammansatt p\u00e5 ett s\u00e5dant s\u00e4tt att de \u00e4r ett bra komplement till alla babyset, gjorda av 100% europeisk ull som andas och passar f\u00f6r varje s\u00e4song.<\/p>\n<p>Vi g\u00e5r entusiastiskt samman f\u00f6r att skapa en h\u00e5llbar, naturlig och mest bekv\u00e4m produkt f\u00f6r ditt barn.<\/p>","protected":false},"excerpt":{"rendered":"<p>Dekorkuddar i ylle \u00e4r ett roligt och mysigt s\u00e4tt att pigga upp barnkammaren. De \u00e4r mjuka, varma och sk\u00f6na att gosa med. Dessutom finns de i olika f\u00e4rger och former, s\u00e5 att du kan matcha dem till rummets stil och tema. Kombinera denna kudde med de andra vackra ullprodukterna fr\u00e5n Thumbled-serien fr\u00e5n Woolskins. Dekorkuddar i ull \u00e4r en fantastisk accessoar till barnkammaren, inte bara vackra att se p\u00e5, utan ocks\u00e5 roliga att leka med!<\/p>\n<p><strong>M\u00e4rke: Woolskins<\/strong><br \/>\n<strong>Produktion: Polen<\/strong><\/p>","protected":false},"featured_media":7850,"comment_status":"closed","ping_status":"closed","template":"","meta":{"_acf_changed":false},"product_brand":[],"product_cat":[361,360,363,196,348,194],"product_tag":[],"class_list":{"0":"post-6697","1":"product","2":"type-product","3":"status-publish","4":"has-post-thumbnail","6":"product_cat-babyshower","7":"product_cat-cadeautips","8":"product_cat-cadeaus-e25-e50","9":"product_cat-slaapkleding-baby","10":"product_cat-kussens","11":"product_cat-wollen-babyproducten","13":"first","14":"outofstock","15":"taxable","16":"shipping-taxable","17":"purchasable","18":"product-type-simple"},"acf":[],"_links":{"self":[{"href":"https:\/\/woolskins.eu\/sv\/wp-json\/wp\/v2\/product\/6697","targetHints":{"allow":["GET"]}}],"collection":[{"href":"https:\/\/woolskins.eu\/sv\/wp-json\/wp\/v2\/product"}],"about":[{"href":"https:\/\/woolskins.eu\/sv\/wp-json\/wp\/v2\/types\/product"}],"replies":[{"embeddable":true,"href":"https:\/\/woolskins.eu\/sv\/wp-json\/wp\/v2\/comments?post=6697"}],"wp:featuredmedia":[{"embeddable":true,"href":"https:\/\/woolskins.eu\/sv\/wp-json\/wp\/v2\/media\/7850"}],"wp:attachment":[{"href":"https:\/\/woolskins.eu\/sv\/wp-json\/wp\/v2\/media?parent=6697"}],"wp:term":[{"taxonomy":"product_brand","embeddable":true,"href":"https:\/\/woolskins.eu\/sv\/wp-json\/wp\/v2\/product_brand?post=6697"},{"taxonomy":"product_cat","embeddable":true,"href":"https:\/\/woolskins.eu\/sv\/wp-json\/wp\/v2\/product_cat?post=6697"},{"taxonomy":"product_tag","embeddable":true,"href":"https:\/\/woolskins.eu\/sv\/wp-json\/wp\/v2\/product_tag?post=6697"}],"curies":[{"name":"wp","href":"https:\/\/api.w.org\/{rel}","templated":true}]}}