{"id":6615,"date":"2021-09-01T12:54:16","date_gmt":"2021-09-01T12:54:16","guid":{"rendered":"https:\/\/woolskins.eu\/vest-100-wol"},"modified":"2025-12-16T12:20:50","modified_gmt":"2025-12-16T12:20:50","slug":"kofta-100-ull","status":"publish","type":"product","link":"https:\/\/woolskins.eu\/sv\/vest-100-wol\/","title":{"rendered":"Alwero v\u00e4st | Bl\u00e5"},"content":{"rendered":"<p>Denna Alwero kofta har en smidig passform och n\u00e4r du v\u00e4l tar p\u00e5 den kommer du att k\u00e4nna komforten som ull har att erbjuda. H\u00e5ll dig varm och sk\u00f6n med denna ullkofta fr\u00e5n Alwero under de kallare dagarna.<\/p>\n<p>\u2013 Ullblandning (50% Ullboucle \/ 50% Akryl)<br \/>\n\u2013 Denna v\u00e4st ger extra v\u00e4rme f\u00f6r de kallare dagarna.<br \/>\n\u2013 Ull isolerar bra.<\/p>","protected":false},"excerpt":{"rendered":"<p>Oversized damkofta med fickor. Ytterligare en i lager i storlek XS\/S. Kn\u00e4pps med tryckknappar, knyts i midjan. L\u00e4ngd ovanf\u00f6r kn\u00e4et.<\/p>","protected":false},"featured_media":10420,"comment_status":"closed","ping_status":"closed","template":"","meta":{"_acf_changed":false},"product_brand":[],"product_cat":[364,350,31,194],"product_tag":[],"class_list":{"0":"post-6615","1":"product","2":"type-product","3":"status-publish","4":"has-post-thumbnail","6":"product_cat-cadeaus-vanaf-e50","7":"product_cat-fashion","8":"product_cat-yogamat-wol","9":"product_cat-wollen-babyproducten","11":"first","12":"outofstock","13":"taxable","14":"shipping-taxable","15":"purchasable","16":"product-type-simple"},"acf":[],"_links":{"self":[{"href":"https:\/\/woolskins.eu\/sv\/wp-json\/wp\/v2\/product\/6615","targetHints":{"allow":["GET"]}}],"collection":[{"href":"https:\/\/woolskins.eu\/sv\/wp-json\/wp\/v2\/product"}],"about":[{"href":"https:\/\/woolskins.eu\/sv\/wp-json\/wp\/v2\/types\/product"}],"replies":[{"embeddable":true,"href":"https:\/\/woolskins.eu\/sv\/wp-json\/wp\/v2\/comments?post=6615"}],"wp:featuredmedia":[{"embeddable":true,"href":"https:\/\/woolskins.eu\/sv\/wp-json\/wp\/v2\/media\/10420"}],"wp:attachment":[{"href":"https:\/\/woolskins.eu\/sv\/wp-json\/wp\/v2\/media?parent=6615"}],"wp:term":[{"taxonomy":"product_brand","embeddable":true,"href":"https:\/\/woolskins.eu\/sv\/wp-json\/wp\/v2\/product_brand?post=6615"},{"taxonomy":"product_cat","embeddable":true,"href":"https:\/\/woolskins.eu\/sv\/wp-json\/wp\/v2\/product_cat?post=6615"},{"taxonomy":"product_tag","embeddable":true,"href":"https:\/\/woolskins.eu\/sv\/wp-json\/wp\/v2\/product_tag?post=6615"}],"curies":[{"name":"wp","href":"https:\/\/api.w.org\/{rel}","templated":true}]}}