{"id":6586,"date":"2021-09-01T12:53:58","date_gmt":"2021-09-01T12:53:58","guid":{"rendered":"https:\/\/woolskins.eu\/yogasocks-100-wol-donkergrijs-kort"},"modified":"2022-05-10T17:47:54","modified_gmt":"2022-05-10T17:47:54","slug":"yogastrumpor-100-ull-morkgra-korta","status":"publish","type":"product","link":"https:\/\/woolskins.eu\/sv\/yogasocks-100-wol-donkergrijs-kort\/","title":{"rendered":"Yogastrumpor 100% Ull m\u00f6rkgr\u00e5 kort"},"content":{"rendered":"<p>Dessa strumpor\/v\u00e4rmare \u00e4r idealiska f\u00f6r att ut\u00f6va yoga och meditation. T\u00e5n och h\u00e4len \u00e4r fria f\u00f6r det n\u00f6dv\u00e4ndiga greppet och de h\u00e5ller dina f\u00f6tter och vrister sk\u00f6na och varma och bekv\u00e4ma under lektionen. Dessa strumpor\/v\u00e4rmare \u00e4r gjorda av 100% jungfruull och finns i tre f\u00e4rger<\/p>\n<p>&nbsp;<\/p>\n<p>\u2013 Strumpor best\u00e5r av 100% ull<\/p>\n<p>\u2013 Absorberande och andas<\/p>\n<p>\u2013 H\u00e5llbar och \u00e4rlig<\/p>\n<p>\u2013 Woolmark-kvalitet<\/p>","protected":false},"excerpt":{"rendered":"<p>Deze&nbsp;sokken\/warmers zijn ideaal voor het beoefenen van yoga en meditatie. De teen en hiel zijn vrij voor de nodige grip en ze houden je voeten en enkels lekker warm en comfortabel tijdens de les. Deze sokken\/warmers zijn gemaakt van 100% scheerwol en verkrijgbaar in drie kleuren &nbsp; &#8211; Sokken bestaan uit 100% wol &#8211; Absorberend [&hellip;]<\/p>\n","protected":false},"featured_media":5935,"comment_status":"closed","ping_status":"closed","template":"","meta":{"_acf_changed":false},"product_brand":[],"product_cat":[337],"product_tag":[],"class_list":{"0":"post-6586","1":"product","2":"type-product","3":"status-publish","4":"has-post-thumbnail","6":"product_cat-vestjes","8":"first","9":"outofstock","10":"taxable","11":"shipping-taxable","12":"purchasable","13":"product-type-simple"},"acf":[],"_links":{"self":[{"href":"https:\/\/woolskins.eu\/sv\/wp-json\/wp\/v2\/product\/6586","targetHints":{"allow":["GET"]}}],"collection":[{"href":"https:\/\/woolskins.eu\/sv\/wp-json\/wp\/v2\/product"}],"about":[{"href":"https:\/\/woolskins.eu\/sv\/wp-json\/wp\/v2\/types\/product"}],"replies":[{"embeddable":true,"href":"https:\/\/woolskins.eu\/sv\/wp-json\/wp\/v2\/comments?post=6586"}],"wp:featuredmedia":[{"embeddable":true,"href":"https:\/\/woolskins.eu\/sv\/wp-json\/wp\/v2\/media\/5935"}],"wp:attachment":[{"href":"https:\/\/woolskins.eu\/sv\/wp-json\/wp\/v2\/media?parent=6586"}],"wp:term":[{"taxonomy":"product_brand","embeddable":true,"href":"https:\/\/woolskins.eu\/sv\/wp-json\/wp\/v2\/product_brand?post=6586"},{"taxonomy":"product_cat","embeddable":true,"href":"https:\/\/woolskins.eu\/sv\/wp-json\/wp\/v2\/product_cat?post=6586"},{"taxonomy":"product_tag","embeddable":true,"href":"https:\/\/woolskins.eu\/sv\/wp-json\/wp\/v2\/product_tag?post=6586"}],"curies":[{"name":"wp","href":"https:\/\/api.w.org\/{rel}","templated":true}]}}