{"id":6580,"date":"2021-09-01T12:53:58","date_gmt":"2021-09-01T12:53:58","guid":{"rendered":"https:\/\/woolskins.eu\/eco-lamsvacht-comfort-voor-yoga-meditatie-dubbel-3-cm"},"modified":"2024-10-25T07:06:11","modified_gmt":"2024-10-25T07:06:11","slug":"ekologiskt-lammskinn-komfort-for-yoga-meditation-dubbel-3-cm","status":"publish","type":"product","link":"https:\/\/woolskins.eu\/sv\/eco-lamsvacht-comfort-voor-yoga-meditatie-dubbel-3-cm\/","title":{"rendered":"Eco Lambskin Comfort f\u00f6r yoga &amp; meditation | dubbel 3 cm"},"content":{"rendered":"<p>V\u00e5ra WOOLSKINS komfortrockar \u00e4r en europeisk, ekologisk och 100% naturprodukt.<\/p>\n<p>Ull \u00e4r bra f\u00f6r sinnet, huden och kroppen. Den har en dynamisk effekt och hj\u00e4lper dig och din familj att njuta av livet friskt, avslappnat och utvilat.<\/p>\n<p>Vi har tv\u00e5 versioner inom v\u00e5r kollektion, en enkelrock och en dubbelrock som passar hela din kropp bekv\u00e4mt. En vacker, l\u00e4cker och h\u00e4lsosam present!<\/p>\n<p>M\u00e5tten p\u00e5 v\u00e5r XL kappa \u00e4r +\/- 70 x 200 cm och har en kappal\u00e4ngd p\u00e5 +\/- 3 cm.<\/p>\n<p>Detta lammskinn \u00e4r idealiskt f\u00f6r att ut\u00f6va yoga och meditation. Den \u00e4r v\u00e4ldigt bekv\u00e4m och reglerar v\u00e4rme och fukt. Det finns till och med yogis som rekommenderar ett f\u00e5rskinn, inte bara p\u00e5 grund av den perfekta storleken utan ocks\u00e5 f\u00f6r att det isolerar ditt eget magnetf\u00e4lt (din aura) och blockerar jordens magnetiska str\u00e5lning. Detta hj\u00e4lper dig enormt i den meditativa processen och h\u00e5ller din kropp i balans.<\/p>","protected":false},"excerpt":{"rendered":"<p>Ull \u00e4r bra f\u00f6r sinnet, huden och kroppen. Den har en dynamisk effekt och hj\u00e4lper dig och din familj att njuta av livet friskt, avslappnat och utvilat.<\/p>","protected":false},"featured_media":5927,"comment_status":"closed","ping_status":"closed","template":"","meta":{"_acf_changed":false},"product_brand":[],"product_cat":[358],"product_tag":[],"class_list":{"0":"post-6580","1":"product","2":"type-product","3":"status-publish","4":"has-post-thumbnail","6":"product_cat-wollen-yogamat","8":"first","9":"outofstock","10":"taxable","11":"shipping-taxable","12":"purchasable","13":"product-type-simple"},"acf":[],"_links":{"self":[{"href":"https:\/\/woolskins.eu\/sv\/wp-json\/wp\/v2\/product\/6580","targetHints":{"allow":["GET"]}}],"collection":[{"href":"https:\/\/woolskins.eu\/sv\/wp-json\/wp\/v2\/product"}],"about":[{"href":"https:\/\/woolskins.eu\/sv\/wp-json\/wp\/v2\/types\/product"}],"replies":[{"embeddable":true,"href":"https:\/\/woolskins.eu\/sv\/wp-json\/wp\/v2\/comments?post=6580"}],"wp:featuredmedia":[{"embeddable":true,"href":"https:\/\/woolskins.eu\/sv\/wp-json\/wp\/v2\/media\/5927"}],"wp:attachment":[{"href":"https:\/\/woolskins.eu\/sv\/wp-json\/wp\/v2\/media?parent=6580"}],"wp:term":[{"taxonomy":"product_brand","embeddable":true,"href":"https:\/\/woolskins.eu\/sv\/wp-json\/wp\/v2\/product_brand?post=6580"},{"taxonomy":"product_cat","embeddable":true,"href":"https:\/\/woolskins.eu\/sv\/wp-json\/wp\/v2\/product_cat?post=6580"},{"taxonomy":"product_tag","embeddable":true,"href":"https:\/\/woolskins.eu\/sv\/wp-json\/wp\/v2\/product_tag?post=6580"}],"curies":[{"name":"wp","href":"https:\/\/api.w.org\/{rel}","templated":true}]}}