{"id":6579,"date":"2021-09-01T12:53:58","date_gmt":"2021-09-01T12:53:58","guid":{"rendered":"https:\/\/woolskins.eu\/wollen-yogamat-met-ecoleather-zwart-zwart"},"modified":"2025-08-25T09:23:30","modified_gmt":"2025-08-25T09:23:30","slug":"yogamatta-i-ull-med-ekolader-svart-svart","status":"publish","type":"product","link":"https:\/\/woolskins.eu\/sv\/wollen-yogamat-met-ecoleather-zwart-zwart\/","title":{"rendered":"Yogamatta i ull med Ecoleather | svart-svart"},"content":{"rendered":"<p>V\u00e5ra WOOLSKINS yogamattor \u00e4r idealiska f\u00f6r att ut\u00f6va yoga och meditation. Ull \u00e4r bra f\u00f6r sinnet, huden och kroppen. N\u00e4r du v\u00e4l har provat en yogamatta i ull vill du inte ha n\u00e5got annat! Den har en dynamisk effekt och hj\u00e4lper dig att beh\u00e5lla en frisk kropp och sj\u00e4l.<\/p>\n<p>\u2013 m\u00e5tt: 70 x 180 cm.<br \/>\n\u2013 F\u00f6r anv\u00e4ndning i yogastudior, tr\u00e4ningsrum och hemma<br \/>\n\u2013 Fin yta f\u00f6r terapeutiska behandlingar<br \/>\n\u2013 Mattan har termiska v\u00e4rden och en h\u00f6g komfortk\u00e4nsla.<br \/>\n\u2013 Toppskikt 100% nyull. Botten: Ecoleather och har ett mjukt mellanskikt (0,6 cm).<br \/>\n\u2013 Bra grepp p\u00e5 hala underlag.<br \/>\n\u2013 Inneh\u00e5ller fortfarande naturligt ullfett och \u00e4r sj\u00e4lvreng\u00f6rande.<br \/>\n\u2013 Reglerar v\u00e4rme och fukt.<br \/>\n\u2013 Med praktisk f\u00f6rvaringsv\u00e4ska med b\u00e4rrem.<\/p>","protected":false},"excerpt":{"rendered":"<p>Om du \u00e4r aktiv inom yoga och meditation kommer en yogamatta i ull v\u00e4l till pass. V\u00e5ra \u00e4r mjukare och bekv\u00e4mare \u00e4n vanliga yogamattor. Detta g\u00f6r dem idealiska f\u00f6r att ut\u00f6va meditation och yoga. Eftersom ull \u00e4r bra f\u00f6r sinne, hud och kropp, har en yogamatta i ull ett positivt inflytande p\u00e5 ut\u00f6vandet av yoga och meditation. Efter att du valt en yogamatta i ull fr\u00e5n WOOLSKINS \u00e4r det sv\u00e5rt att \u00f6nska n\u00e5got annat efter\u00e5t.<\/p>\n<p><strong>M\u00e4rke: Woolskins<\/strong><br \/>\n<strong>Produktion: Polen<\/strong><\/p>","protected":false},"featured_media":9038,"comment_status":"closed","ping_status":"closed","template":"","meta":{"_acf_changed":false},"product_brand":[],"product_cat":[31,358],"product_tag":[],"class_list":{"0":"post-6579","1":"product","2":"type-product","3":"status-publish","4":"has-post-thumbnail","6":"product_cat-yogamat-wol","7":"product_cat-wollen-yogamat","9":"first","10":"outofstock","11":"taxable","12":"shipping-taxable","13":"purchasable","14":"product-type-simple"},"acf":[],"_links":{"self":[{"href":"https:\/\/woolskins.eu\/sv\/wp-json\/wp\/v2\/product\/6579","targetHints":{"allow":["GET"]}}],"collection":[{"href":"https:\/\/woolskins.eu\/sv\/wp-json\/wp\/v2\/product"}],"about":[{"href":"https:\/\/woolskins.eu\/sv\/wp-json\/wp\/v2\/types\/product"}],"replies":[{"embeddable":true,"href":"https:\/\/woolskins.eu\/sv\/wp-json\/wp\/v2\/comments?post=6579"}],"wp:featuredmedia":[{"embeddable":true,"href":"https:\/\/woolskins.eu\/sv\/wp-json\/wp\/v2\/media\/9038"}],"wp:attachment":[{"href":"https:\/\/woolskins.eu\/sv\/wp-json\/wp\/v2\/media?parent=6579"}],"wp:term":[{"taxonomy":"product_brand","embeddable":true,"href":"https:\/\/woolskins.eu\/sv\/wp-json\/wp\/v2\/product_brand?post=6579"},{"taxonomy":"product_cat","embeddable":true,"href":"https:\/\/woolskins.eu\/sv\/wp-json\/wp\/v2\/product_cat?post=6579"},{"taxonomy":"product_tag","embeddable":true,"href":"https:\/\/woolskins.eu\/sv\/wp-json\/wp\/v2\/product_tag?post=6579"}],"curies":[{"name":"wp","href":"https:\/\/api.w.org\/{rel}","templated":true}]}}