{"id":6557,"date":"2021-09-01T12:53:35","date_gmt":"2021-09-01T12:53:35","guid":{"rendered":"https:\/\/woolskins.eu\/meditatiedeken-100-wol-grijs"},"modified":"2025-05-23T14:25:49","modified_gmt":"2025-05-23T14:25:49","slug":"meditationsfilt-100-ull-gra","status":"publish","type":"product","link":"https:\/\/woolskins.eu\/sv\/meditatiedeken-100-wol-grijs\/","title":{"rendered":"Meditationsfilt 100% ull Gr\u00e5"},"content":{"rendered":"<p>Dessa meditationsfiltar \u00e4r l\u00e4mpliga f\u00f6r att h\u00e5lla sig bekv\u00e4ma varma under meditation eller mindfulness och ger en trygg och s\u00e4ker k\u00e4nsla. Det \u00e4r ocks\u00e5 en underbar extra filt till s\u00e4ngen eller i soffan. Ull ger v\u00e4rme p\u00e5 vintern, och dess ventilerande egenskaper g\u00f6r den \u00e4ven utm\u00e4rkt att anv\u00e4nda p\u00e5 sommaren. Ullens rehabiliterande och helande egenskaper har varit k\u00e4nda i tusentals \u00e5r. Ull, en m\u00e5nghundra\u00e5rig ren och s\u00e4ker naturprodukt.<br \/>&nbsp;<\/p>\n<p>\u2013 100% ren obearbetad ny ull (Woolmark).<br \/>\u2013 Mycket mjuk och bekv\u00e4m.<br \/>\u2013 M\u00e5tt: 150 x 200 cm.<br \/>\u2013 Fri fr\u00e5n skadliga \u00e4mnen och kemiska behandlingar.<br \/>\u2013 Europeisk produktion.<br \/>\u2013 kan tv\u00e4ttas i 30\u00b0C ulltv\u00e4ttprogram.<br \/>&nbsp;<\/p>\n<p>Denna produkt har Safe for Children och Woolmark kvalitetsm\u00e4rket och kan enkelt kombineras med v\u00e5ra andra produkter.<\/p>","protected":false},"excerpt":{"rendered":"<p>Deze meditatiedekens zijn geschikt om tijdens&nbsp;meditatie&nbsp;of&nbsp;mindfullness\u200b&nbsp;comfortabel warm te blijven en geven een geborgen en veilig gevoel.&nbsp;Daarnaast is het een heerlijke extra&nbsp;deken voor op bed of voor op de bank.&nbsp;Wol&nbsp;zorgt voor warmte in de winter, en door de ventilerende eigenschap is het in de &nbsp;zomer ook prima te gebruiken. De revalidatie en helende eigenschappen van wol [&hellip;]<\/p>\n","protected":false},"featured_media":5895,"comment_status":"closed","ping_status":"closed","template":"","meta":{"_acf_changed":false},"product_brand":[],"product_cat":[358],"product_tag":[],"class_list":{"0":"post-6557","1":"product","2":"type-product","3":"status-publish","4":"has-post-thumbnail","6":"product_cat-wollen-yogamat","8":"first","9":"outofstock","10":"taxable","11":"shipping-taxable","12":"purchasable","13":"product-type-simple"},"acf":[],"_links":{"self":[{"href":"https:\/\/woolskins.eu\/sv\/wp-json\/wp\/v2\/product\/6557","targetHints":{"allow":["GET"]}}],"collection":[{"href":"https:\/\/woolskins.eu\/sv\/wp-json\/wp\/v2\/product"}],"about":[{"href":"https:\/\/woolskins.eu\/sv\/wp-json\/wp\/v2\/types\/product"}],"replies":[{"embeddable":true,"href":"https:\/\/woolskins.eu\/sv\/wp-json\/wp\/v2\/comments?post=6557"}],"wp:featuredmedia":[{"embeddable":true,"href":"https:\/\/woolskins.eu\/sv\/wp-json\/wp\/v2\/media\/5895"}],"wp:attachment":[{"href":"https:\/\/woolskins.eu\/sv\/wp-json\/wp\/v2\/media?parent=6557"}],"wp:term":[{"taxonomy":"product_brand","embeddable":true,"href":"https:\/\/woolskins.eu\/sv\/wp-json\/wp\/v2\/product_brand?post=6557"},{"taxonomy":"product_cat","embeddable":true,"href":"https:\/\/woolskins.eu\/sv\/wp-json\/wp\/v2\/product_cat?post=6557"},{"taxonomy":"product_tag","embeddable":true,"href":"https:\/\/woolskins.eu\/sv\/wp-json\/wp\/v2\/product_tag?post=6557"}],"curies":[{"name":"wp","href":"https:\/\/api.w.org\/{rel}","templated":true}]}}