{"id":6539,"date":"2021-09-01T12:53:12","date_gmt":"2021-09-01T12:53:12","guid":{"rendered":"https:\/\/woolskins.eu\/baby-slofjes-emo-beige"},"modified":"2026-05-15T16:17:48","modified_gmt":"2026-05-15T16:17:48","slug":"alwero-tofflor-emo-beige","status":"publish","type":"product","link":"https:\/\/woolskins.eu\/sv\/alwero-slofjes-emo-beige\/","title":{"rendered":"Tofflor i ylle Emo | Beige"},"content":{"rendered":"<p>Woolskins ylletofflor finns i olika f\u00e4rger och storlekar, s\u00e5 att du alltid kan hitta den b\u00e4sta passformen f\u00f6r ditt barn. Denna produkt har kvalitetsm\u00e4rket Safe for Children och Woolmark.<\/p>\n<p>\u2013 100% nyull, Woolmark kvalitetsm\u00e4rke.<br \/>\n\u2013 Mycket varmt f\u00f6r hemma eller p\u00e5 resan.<br \/>\n\u2013 Sk\u00f6n att b\u00e4ra ut och in.<br \/>\n\u2013 beh\u00e4ndig knapp f\u00f6r att st\u00e4nga tofflorna.<br \/>\n\u2013 Storlek 0-6 m\u00e5nader. (8cm) och 6-12 m\u00e5nader. (12 cm).<br \/>\n\u2013 Olika f\u00e4rger tillg\u00e4ngliga.<\/p>\n<h5>Ullskinnsetikett<\/h5>\n<p>Efter \u00e5r av framg\u00e5ngsrikt samarbete med Alwero kan vi stolt meddela att vi nu b\u00e4r v\u00e5ra produkter under v\u00e5r egen Woolskins-etikett.<\/p>\n<p>P\u00e5 s\u00e5 s\u00e4tt f\u00e5r du fortfarande den b\u00e4sta kvaliteten, men kombinerat med de snyggaste och unika produkterna och designerna.<\/p>\n<p>Kvaliteten p\u00e5 tygerna och f\u00e4rgerna f\u00f6rblir som de alltid har varit, men det finns nu ett st\u00f6rre urval som Woolskins tror kan utm\u00e4rka sig.<\/p>\n<p>V\u00e5r breda kollektion \u00e4r sammansatt p\u00e5 ett s\u00e5dant s\u00e4tt att de \u00e4r ett bra komplement till alla babyset, gjorda av 100% europeisk ull som andas och passar f\u00f6r varje s\u00e4song.<\/p>\n<p>Vi g\u00e5r entusiastiskt samman f\u00f6r att skapa en h\u00e5llbar, naturlig och mest bekv\u00e4m produkt f\u00f6r ditt barn.<\/p>","protected":false},"excerpt":{"rendered":"<p>V\u00e5ra bekv\u00e4ma babyskor \u00e4r ett perfekt val f\u00f6r att h\u00e5lla de minsta f\u00f6tterna underbart varma. De har alla de goda egenskaperna hos 100% ekologisk ull och tar direkt barnets temperatur n\u00e4r du tar p\u00e5 dem. Babyskor i ylle \u00e4r ocks\u00e5 en superkul och praktisk present f\u00f6r alla tillf\u00e4llen. Dessa tofflor \u00e4r ocks\u00e5 roliga att b\u00e4ra ut och in. Ditt barn kommer att \u00e4lska dessa ylletofflor.<\/p>\n<p><strong>M\u00e4rke: Woolskins<\/strong><br \/>\n<strong>Produkt: Polen<\/strong><\/p>","protected":false},"featured_media":17476,"comment_status":"closed","ping_status":"closed","template":"","meta":{"_acf_changed":false},"product_brand":[],"product_cat":[345,361,360,362,200,323,194],"product_tag":[],"class_list":{"0":"post-6539","1":"product","2":"type-product","3":"status-publish","4":"has-post-thumbnail","6":"product_cat-accessoires","7":"product_cat-babyshower","8":"product_cat-cadeautips","9":"product_cat-cadeaus-tot-e-25","10":"product_cat-wollen-babykleding","11":"product_cat-slofjes","12":"product_cat-wollen-babyproducten","13":"pa_maat-0-6-maanden-9cm","14":"pa_maat-6-12-maanden11cm","16":"first","17":"instock","18":"taxable","19":"shipping-taxable","20":"purchasable","21":"product-type-variable"},"acf":[],"_links":{"self":[{"href":"https:\/\/woolskins.eu\/sv\/wp-json\/wp\/v2\/product\/6539","targetHints":{"allow":["GET"]}}],"collection":[{"href":"https:\/\/woolskins.eu\/sv\/wp-json\/wp\/v2\/product"}],"about":[{"href":"https:\/\/woolskins.eu\/sv\/wp-json\/wp\/v2\/types\/product"}],"replies":[{"embeddable":true,"href":"https:\/\/woolskins.eu\/sv\/wp-json\/wp\/v2\/comments?post=6539"}],"wp:featuredmedia":[{"embeddable":true,"href":"https:\/\/woolskins.eu\/sv\/wp-json\/wp\/v2\/media\/17476"}],"wp:attachment":[{"href":"https:\/\/woolskins.eu\/sv\/wp-json\/wp\/v2\/media?parent=6539"}],"wp:term":[{"taxonomy":"product_brand","embeddable":true,"href":"https:\/\/woolskins.eu\/sv\/wp-json\/wp\/v2\/product_brand?post=6539"},{"taxonomy":"product_cat","embeddable":true,"href":"https:\/\/woolskins.eu\/sv\/wp-json\/wp\/v2\/product_cat?post=6539"},{"taxonomy":"product_tag","embeddable":true,"href":"https:\/\/woolskins.eu\/sv\/wp-json\/wp\/v2\/product_tag?post=6539"}],"curies":[{"name":"wp","href":"https:\/\/api.w.org\/{rel}","templated":true}]}}