{"id":6519,"date":"2021-09-01T12:53:12","date_gmt":"2021-09-01T12:53:12","guid":{"rendered":"https:\/\/woolskins.eu\/broekje-baby-100-merino-wolfleece-grijs"},"modified":"2025-01-27T12:39:15","modified_gmt":"2025-01-27T12:39:15","slug":"baby-100-merino-varg-fleece-byxa-gra","status":"publish","type":"product","link":"https:\/\/woolskins.eu\/sv\/broekje-baby-100-merino-wolfleece-grijs\/","title":{"rendered":"Engel Natur Baby Pants 100% Merino Wolfleece | gr\u00e5"},"content":{"rendered":"<p>Dessa supermjuka Engel Baby Pants \u00e4r gjorda av 100% ekologisk merinoull. Det k\u00e4nns lyxigt och \u00e4r extremt bekv\u00e4mt f\u00f6r din bebis. Den har ett brett h\u00e5l som sitter bra och du kan \u00e4ven vika det.<\/p>\n<p>Ull reglerar kroppstemperaturen och h\u00e5ller ditt barn torrt och bekv\u00e4mt. Virgin merinoull \u00e4r extremt fin och kliar d\u00e4rf\u00f6r inte. Tack vare lanolinet som finns naturligt i ull \u00e4r det smuts- och vattenavvisande.<\/p>\n<p>Eftersom lanolin ocks\u00e5 \u00e4r antibakteriellt \u00e4r tv\u00e4ttning inte ofta n\u00f6dv\u00e4ndig. Det r\u00e4cker ofta med att h\u00e4nga utomhus.<\/p>\n<p>\u2013 Underbart mjuk<br \/>\n\u2013 K\u00e4nns v\u00e4ldigt l\u00e4tt och sk\u00f6nt och varmt<br \/>\n\u2013 Ull andas<br \/>\n\u2013 Hj\u00e4lper ditt barn att reglera temperaturen<br \/>\n\u2013 Perfekt f\u00f6r selen eller b\u00e4rselen<\/p>\n<p>De \u00e4r ekologiska och \u00e4r fria fr\u00e5n tungmetaller och skadliga AZO-f\u00e4rg\u00e4mnen. Certifierad GOTS.<\/p>\n<h5>\u00c4ngel<\/h5>\n<p>Familjef\u00f6retaget har tillverkat underkl\u00e4der och kl\u00e4der i 85 \u00e5r. 1982 b\u00f6rjade ett exemplariskt och konsekvent fokus p\u00e5 naturliga textilier med bearbetning av naturlig bomull.<\/p>\n<p>Idag inneh\u00e5ller v\u00e5r kollektion specialdesignade kl\u00e4der f\u00f6r f\u00f6r tidigt f\u00f6dda barn.<\/p>\n<p>F\u00f6rutom bomull fr\u00e5n kontrollerad ekologisk odling (kbA) bearbetar vi den finaste merinoullen fr\u00e5n kontrollerad ekologisk djurh\u00e5llning (kbT) och naturlig merino nyull (kbT) med silke. Alla f\u00e4rg\u00e4mnen som anv\u00e4nds \u00e4r fria fr\u00e5n tungmetaller och har alltid varit fria fr\u00e5n skadliga AZO-f\u00e4rger. F\u00f6r att f\u00e4rga ylletextilierna anv\u00e4nder vi endast reaktiva f\u00e4rg\u00e4mnen som \u00e4r s\u00e4rskilt stabila med fibern och k\u00e4nnetecknas av h\u00f6g best\u00e4ndighet. N\u00e4r det g\u00e4ller textilbehandling anv\u00e4nder vi inte kemisk efterbehandling.<\/p>\n<p>Alla material som anv\u00e4nds ska i princip vara biologiskt nedbrytbara och f\u00e5r inte f\u00f6rorena mark, luft eller vatten. Alla metalldelar som anv\u00e4nds \u00e4r nickelfria, v\u00e5ra knappar \u00e4r gjorda av naturliga, f\u00f6rnybara r\u00e5varor. F\u00f6r att garantera v\u00e5ra h\u00f6ga kvalitetskrav st\u00e4lls motsvarande krav p\u00e5 ljus\u00e4kthet, saliv\u00e4kthet, svett\u00e4kthet, tv\u00e4tt\u00e4kthet och krympning.<\/p>\n<p>Vi har dessa egenskaper, tillsammans med resthaltsgr\u00e4nsv\u00e4rden f\u00f6r milj\u00f6- och h\u00e4lsofarliga \u00e4mnen, regelbundet granskade av oberoende och certifierade milj\u00f6laboratorier och institut.<\/p>","protected":false},"excerpt":{"rendered":"<p>Dessa supermjuka babybyxor fr\u00e5n Engel k\u00e4nns lyxiga och \u00e4r extremt bekv\u00e4ma f\u00f6r din bebis. Den har ett brett h\u00e5l som sitter bra och du kan \u00e4ven vika det.<\/p>","protected":false},"featured_media":5848,"comment_status":"closed","ping_status":"closed","template":"","meta":{"_acf_changed":false},"product_brand":[],"product_cat":[361,360,363,248,200,322,344],"product_tag":[],"class_list":{"0":"post-6519","1":"product","2":"type-product","3":"status-publish","4":"has-post-thumbnail","6":"product_cat-babyshower","7":"product_cat-cadeautips","8":"product_cat-cadeaus-e25-e50","9":"product_cat-engel_natur","10":"product_cat-wollen-babykleding","11":"product_cat-broekjes","12":"product_cat-kleertjes","13":"pa_maat-50-56","14":"pa_maat-62-68","16":"first","17":"outofstock","18":"taxable","19":"shipping-taxable","20":"purchasable","21":"product-type-variable"},"acf":[],"_links":{"self":[{"href":"https:\/\/woolskins.eu\/sv\/wp-json\/wp\/v2\/product\/6519","targetHints":{"allow":["GET"]}}],"collection":[{"href":"https:\/\/woolskins.eu\/sv\/wp-json\/wp\/v2\/product"}],"about":[{"href":"https:\/\/woolskins.eu\/sv\/wp-json\/wp\/v2\/types\/product"}],"replies":[{"embeddable":true,"href":"https:\/\/woolskins.eu\/sv\/wp-json\/wp\/v2\/comments?post=6519"}],"wp:featuredmedia":[{"embeddable":true,"href":"https:\/\/woolskins.eu\/sv\/wp-json\/wp\/v2\/media\/5848"}],"wp:attachment":[{"href":"https:\/\/woolskins.eu\/sv\/wp-json\/wp\/v2\/media?parent=6519"}],"wp:term":[{"taxonomy":"product_brand","embeddable":true,"href":"https:\/\/woolskins.eu\/sv\/wp-json\/wp\/v2\/product_brand?post=6519"},{"taxonomy":"product_cat","embeddable":true,"href":"https:\/\/woolskins.eu\/sv\/wp-json\/wp\/v2\/product_cat?post=6519"},{"taxonomy":"product_tag","embeddable":true,"href":"https:\/\/woolskins.eu\/sv\/wp-json\/wp\/v2\/product_tag?post=6519"}],"curies":[{"name":"wp","href":"https:\/\/api.w.org\/{rel}","templated":true}]}}