{"id":6499,"date":"2021-09-01T12:52:50","date_gmt":"2021-09-01T12:52:50","guid":{"rendered":"https:\/\/woolskins.eu\/slaap-overall-wol-zijde-ecru"},"modified":"2025-02-06T14:03:43","modified_gmt":"2025-02-06T14:03:43","slug":"sovoverall-ull-siden-ecru","status":"publish","type":"product","link":"https:\/\/woolskins.eu\/sv\/slaap-overall-wol-zijde-ecru\/","title":{"rendered":"Engel Natur Sovoverall ull\/silke Ecru"},"content":{"rendered":"<p>Denna supermjuka pyjamas\/lekoverall f\u00f6r din baby \u00e4r gjord av ekologisk ull\/silkeblandning. De k\u00e4nns lyxiga och \u00e4r extremt bekv\u00e4ma f\u00f6r ditt barn. De har tryckknappar upptill i nacken och vid benen, vilket g\u00f6r den l\u00e4tt att ta p\u00e5 och av och byta.<\/p>\n<p>Ull reglerar kroppstemperaturen och h\u00e5ller ditt barn torrt och bekv\u00e4mt. Denna ull\/silkeblandning \u00e4r extremt mjuk och kliar d\u00e4rf\u00f6r inte. Tack vare lanolinet som finns naturligt i ull \u00e4r det smuts- och vattenavvisande.<\/p>\n<p>Eftersom lanolin ocks\u00e5 \u00e4r antibakteriellt \u00e4r tv\u00e4ttning inte ofta n\u00f6dv\u00e4ndig. Det r\u00e4cker ofta med att h\u00e4nga utomhus.<\/p>\n<p>\u2013 Underbart mjuk<br \/>\n\u2013 GOTS (Global Organic Textile Standard), IVN Best<br \/>\n\u2013 K\u00e4nns v\u00e4ldigt l\u00e4tt och sk\u00f6nt och varmt<br \/>\n\u2013 Ull andas<br \/>\n\u2013 Hj\u00e4lper ditt barn att reglera temperaturen<br \/>\n\u2013 Perfekt att ha i lekhagen eller som pyjamas.<\/p>\n<p>De \u00e4r ekologiska och \u00e4r fria fr\u00e5n tungmetaller och skadliga AZO-f\u00e4rg\u00e4mnen. Certifierad GOTS.<\/p>\n<h5>\u00c4ngel<\/h5>\n<p>Familjef\u00f6retaget har tillverkat underkl\u00e4der och kl\u00e4der i 85 \u00e5r. 1982 b\u00f6rjade ett exemplariskt och konsekvent fokus p\u00e5 naturliga textilier med bearbetning av naturlig bomull.<\/p>\n<p>Idag inneh\u00e5ller v\u00e5r kollektion specialdesignade kl\u00e4der f\u00f6r f\u00f6r tidigt f\u00f6dda barn.<\/p>\n<p>F\u00f6rutom bomull fr\u00e5n kontrollerad ekologisk odling (kbA) bearbetar vi den finaste merinoullen fr\u00e5n kontrollerad ekologisk djurh\u00e5llning (kbT) och naturlig merino nyull (kbT) med silke. Alla f\u00e4rg\u00e4mnen som anv\u00e4nds \u00e4r fria fr\u00e5n tungmetaller och har alltid varit fria fr\u00e5n skadliga AZO-f\u00e4rger. F\u00f6r att f\u00e4rga ylletextilierna anv\u00e4nder vi endast reaktiva f\u00e4rg\u00e4mnen som \u00e4r s\u00e4rskilt stabila med fibern och k\u00e4nnetecknas av h\u00f6g best\u00e4ndighet. N\u00e4r det g\u00e4ller textilbehandling anv\u00e4nder vi inte kemisk efterbehandling.<\/p>\n<p>Alla material som anv\u00e4nds ska i princip vara biologiskt nedbrytbara och f\u00e5r inte f\u00f6rorena mark, luft eller vatten. Alla metalldelar som anv\u00e4nds \u00e4r nickelfria, v\u00e5ra knappar \u00e4r gjorda av naturliga, f\u00f6rnybara r\u00e5varor. F\u00f6r att garantera v\u00e5ra h\u00f6ga kvalitetskrav st\u00e4lls motsvarande krav p\u00e5 ljus\u00e4kthet, saliv\u00e4kthet, svett\u00e4kthet, tv\u00e4tt\u00e4kthet och krympning.<\/p>\n<p>Vi har dessa egenskaper, tillsammans med resthaltsgr\u00e4nsv\u00e4rden f\u00f6r milj\u00f6- och h\u00e4lsofarliga \u00e4mnen, regelbundet granskade av oberoende och certifierade milj\u00f6laboratorier och institut.<\/p>","protected":false},"excerpt":{"rendered":"<p>Denna supermjuka pyjamas\/lekoverall f\u00f6r din baby \u00e4r gjord av organisk ull\/silkeblandning. De har tryckknappar upptill i nacken och vid benen, vilket g\u00f6r det enkelt att ta p\u00e5 och av och byta.<\/p>","protected":false},"featured_media":5823,"comment_status":"closed","ping_status":"closed","template":"","meta":{"_acf_changed":false},"product_brand":[],"product_cat":[361,360,363,248,200,344,319],"product_tag":[],"class_list":{"0":"post-6499","1":"product","2":"type-product","3":"status-publish","4":"has-post-thumbnail","6":"product_cat-babyshower","7":"product_cat-cadeautips","8":"product_cat-cadeaus-e25-e50","9":"product_cat-engel_natur","10":"product_cat-wollen-babykleding","11":"product_cat-kleertjes","12":"product_cat-pakjes-en-jasjes","13":"pa_maat-50-56","14":"pa_maat-62-68","16":"first","17":"outofstock","18":"taxable","19":"shipping-taxable","20":"purchasable","21":"product-type-variable"},"acf":[],"_links":{"self":[{"href":"https:\/\/woolskins.eu\/sv\/wp-json\/wp\/v2\/product\/6499","targetHints":{"allow":["GET"]}}],"collection":[{"href":"https:\/\/woolskins.eu\/sv\/wp-json\/wp\/v2\/product"}],"about":[{"href":"https:\/\/woolskins.eu\/sv\/wp-json\/wp\/v2\/types\/product"}],"replies":[{"embeddable":true,"href":"https:\/\/woolskins.eu\/sv\/wp-json\/wp\/v2\/comments?post=6499"}],"wp:featuredmedia":[{"embeddable":true,"href":"https:\/\/woolskins.eu\/sv\/wp-json\/wp\/v2\/media\/5823"}],"wp:attachment":[{"href":"https:\/\/woolskins.eu\/sv\/wp-json\/wp\/v2\/media?parent=6499"}],"wp:term":[{"taxonomy":"product_brand","embeddable":true,"href":"https:\/\/woolskins.eu\/sv\/wp-json\/wp\/v2\/product_brand?post=6499"},{"taxonomy":"product_cat","embeddable":true,"href":"https:\/\/woolskins.eu\/sv\/wp-json\/wp\/v2\/product_cat?post=6499"},{"taxonomy":"product_tag","embeddable":true,"href":"https:\/\/woolskins.eu\/sv\/wp-json\/wp\/v2\/product_tag?post=6499"}],"curies":[{"name":"wp","href":"https:\/\/api.w.org\/{rel}","templated":true}]}}