{"id":6419,"date":"2021-09-01T12:51:50","date_gmt":"2021-09-01T12:51:50","guid":{"rendered":"https:\/\/woolskins.eu\/baby-slaapzak-lammy-camel"},"modified":"2026-05-06T12:31:54","modified_gmt":"2026-05-06T12:31:54","slug":"alwero-sovsack-lammy-camel","status":"publish","type":"product","link":"https:\/\/woolskins.eu\/sv\/alwero-slaapzak-lammy-camel\/","title":{"rendered":"Sovs\u00e4ck i ull f\u00f6r baby \u2013 tumlad | Kamel"},"content":{"rendered":"<p>V\u00e5r eko ull baby sovs\u00e4ck \u00e4r mycket l\u00e4mplig f\u00f6r de sm\u00e5 tack vare ullfibrernas naturliga egenskaper. Dessa andas och har egenskapen att fungera som en naturlig termostat som reglerar kroppstemperaturen.<\/p>\n<p>Detta hj\u00e4lper ditt barn att h\u00e5lla en stabil temperatur och h\u00e5ller ditt barn torrt och bekv\u00e4mt. Den g\u00f6r detta &quot;dynamiskt&quot;, vilket betyder att det h\u00e4nder n\u00e4r det beh\u00f6vs och inte n\u00e4r det inte beh\u00f6vs. Dessa ullsovs\u00e4ckar \u00e4r varma p\u00e5 vintern och svala p\u00e5 sommaren.<\/p>\n<p>Halsstorleken \u00e4r justerbar tack vare de dubbla tryckknapparna och den har en l\u00e5ng dragkedja s\u00e5 att hela sovs\u00e4cken l\u00e4tt kan \u00f6ppnas.<\/p>\n<p>Storlek 0-6 m\u00e5nader: l\u00e4ngd 67cm (fr\u00e5n axelst\u00e4ngning till botten).<\/p>\n<p>Denna produkt har kvalitetsm\u00e4rket Safe for Children och Woolmark.<\/p>\n<h5>Woolskins private label tillverkat av Alwero<\/h5>\n<p>Efter \u00e5r av framg\u00e5ngsrikt samarbete med Alwero kan vi stolt meddela att vi kan b\u00e4ra Alwero under v\u00e5r egen Woolskins-etikett.<\/p>\n<p>P\u00e5 s\u00e5 s\u00e4tt f\u00e5r du fortfarande den b\u00e4sta kvaliteten fr\u00e5n Alwero kombinerat med de snyggaste och unika produkterna\/designerna fr\u00e5n Woolskins.<\/p>\n<p>Vad f\u00f6r\u00e4ndras d\u00e5? Inte s\u00e5 mycket! Kvaliteten, tygerna och f\u00e4rgerna \u00e4r desamma, men det finns ett st\u00f6rre utbud av unika produkter som Woolskins menar kan utm\u00e4rka sig och som \u00e4r ett bra komplement till babysetet.<\/p>\n<p>Du kan k\u00e4nna igen v\u00e5ra produkter p\u00e5 v\u00e5r Woolskins-etikett och tv\u00e4ttetiketten visar att de \u00e4r tillverkade av Alwero.<\/p>\n<p>Vi g\u00e5r entusiastiskt samman f\u00f6r att skapa en h\u00e5llbar, naturlig och mest bekv\u00e4m produkt f\u00f6r ditt barn.<\/p>\n<h5>Alwero<\/h5>\n<p>Familjef\u00f6retaget grundades i slutet av 1990-talet utifr\u00e5n behovet av att skapa n\u00e5got. Mitt i naturen d\u00e4r f\u00e5ren betar i bergen hittar ALWERO den unika r\u00e5varan som det handlar om: r\u00e5ull.<\/p>\n<p>Genom att kombinera gamla traditioner och teknisk innovation skapar ALWERO en v\u00e4rld av komfort.Kunskap, hantverk och k\u00e4rleken till ull har s\u00e4kerst\u00e4llt att ALWEROs produkter uppskattas \u00f6ver hela v\u00e4rlden.<\/p>","protected":false},"excerpt":{"rendered":"<p>Om du letar efter en bekv\u00e4m och varm sovs\u00e4ck till din bebis \u00e4r ull ett utm\u00e4rkt val. Ull har m\u00e5nga f\u00f6rdelar som hj\u00e4lper ditt barn att sova gott, varje \u00e5rstid.<\/p>\n<p>V\u00e5r l\u00e4tta babysovs\u00e4ck i ekologisk ull andas och fungerar som en naturlig termostat som reglerar kroppstemperaturen och hj\u00e4lper ditt barn att vila och sova gott. Den h\u00e4r sovs\u00e4cken \u00e4r mycket l\u00e4mplig f\u00f6r sm\u00e5barn tack vare de dubbla tryckknapparna som g\u00f6r att du kan g\u00f6ra hals\u00f6ppningen st\u00f6rre och mindre. Den l\u00e5nga dragkedjan \u00f6ppnar hela sovs\u00e4cken f\u00f6r enkelt byte. Sovs\u00e4cken i ull hj\u00e4lper ditt barn att h\u00e5lla en stabil temperatur och h\u00e5ller barnet torrt och bekv\u00e4mt. Den g\u00f6r detta \u2018dynamiskt\u2019, vilket inneb\u00e4r att det sker n\u00e4r det beh\u00f6vs och inte n\u00e4r det inte beh\u00f6vs. Dessa ullsovs\u00e4ckar \u00e4r d\u00e4rf\u00f6r varma p\u00e5 vintern och svala p\u00e5 sommaren.<\/p>\n<p><strong>M\u00e4rke: Woolskins<\/strong><br \/>\n<strong>Producent: Woolskins Private Lable produceras av Alwero<\/strong><\/p>","protected":false},"featured_media":5714,"comment_status":"closed","ping_status":"closed","template":"","meta":{"_acf_changed":false},"product_brand":[],"product_cat":[361,360,364,196,370,194],"product_tag":[],"class_list":{"0":"post-6419","1":"product","2":"type-product","3":"status-publish","4":"has-post-thumbnail","6":"product_cat-babyshower","7":"product_cat-cadeautips","8":"product_cat-cadeaus-vanaf-e50","9":"product_cat-slaapkleding-baby","10":"product_cat-slaapzakken","11":"product_cat-wollen-babyproducten","12":"pa_maat-0-6-maanden","13":"pa_maat-6-12-maanden","15":"first","16":"outofstock","17":"taxable","18":"shipping-taxable","19":"purchasable","20":"product-type-variable"},"acf":[],"_links":{"self":[{"href":"https:\/\/woolskins.eu\/sv\/wp-json\/wp\/v2\/product\/6419","targetHints":{"allow":["GET"]}}],"collection":[{"href":"https:\/\/woolskins.eu\/sv\/wp-json\/wp\/v2\/product"}],"about":[{"href":"https:\/\/woolskins.eu\/sv\/wp-json\/wp\/v2\/types\/product"}],"replies":[{"embeddable":true,"href":"https:\/\/woolskins.eu\/sv\/wp-json\/wp\/v2\/comments?post=6419"}],"wp:featuredmedia":[{"embeddable":true,"href":"https:\/\/woolskins.eu\/sv\/wp-json\/wp\/v2\/media\/5714"}],"wp:attachment":[{"href":"https:\/\/woolskins.eu\/sv\/wp-json\/wp\/v2\/media?parent=6419"}],"wp:term":[{"taxonomy":"product_brand","embeddable":true,"href":"https:\/\/woolskins.eu\/sv\/wp-json\/wp\/v2\/product_brand?post=6419"},{"taxonomy":"product_cat","embeddable":true,"href":"https:\/\/woolskins.eu\/sv\/wp-json\/wp\/v2\/product_cat?post=6419"},{"taxonomy":"product_tag","embeddable":true,"href":"https:\/\/woolskins.eu\/sv\/wp-json\/wp\/v2\/product_tag?post=6419"}],"curies":[{"name":"wp","href":"https:\/\/api.w.org\/{rel}","templated":true}]}}