{"id":6386,"date":"2021-09-01T12:51:15","date_gmt":"2021-09-01T12:51:15","guid":{"rendered":"https:\/\/woolskins.eu\/babysjaaltje-lammy-beige"},"modified":"2026-04-08T13:41:58","modified_gmt":"2026-04-08T13:41:58","slug":"baby-halsduk-lammy-beige","status":"publish","type":"product","link":"https:\/\/woolskins.eu\/sv\/babysjaaltje-lammy-beige\/","title":{"rendered":"Babyscarf i ull tumlad | beige"},"content":{"rendered":"<p>Med den h\u00e4r babysjalen i ylle fr\u00e5n Woolskins kommer din lilla inte bara att se supers\u00f6t ut, utan han eller hon kommer ocks\u00e5 h\u00e5lla sig sk\u00f6n och varm under de kalla vinterdagarna. En perfekt present till alla f\u00f6r\u00e4ldrar som uppskattar kvalitet och stil! Produkten har bland annat Safe for Children och Woolmark kvalitetsm\u00e4rket.<\/p>\n<p>\u2013 100% nyull, Woolmark kvalitetsm\u00e4rke.<br \/>\n\u2013 Mycket varmt f\u00f6r p\u00e5 v\u00e4gen.<br \/>\n\u2013 Praktisk st\u00e4ngning med tryckknappar.<br \/>\n\u2013 Olika f\u00e4rger tillg\u00e4ngliga.<\/p>\n<h5>Ullskinnsetikett<\/h5>\n<p>Efter \u00e5r av framg\u00e5ngsrikt samarbete med Alwero kan vi stolt meddela att vi nu b\u00e4r v\u00e5ra produkter under v\u00e5r egen Woolskins-etikett.<\/p>\n<p>P\u00e5 s\u00e5 s\u00e4tt f\u00e5r du fortfarande den b\u00e4sta kvaliteten, men kombinerat med de snyggaste och unika produkterna och designerna.<\/p>\n<p>Kvaliteten p\u00e5 tygerna och f\u00e4rgerna f\u00f6rblir som de alltid har varit, men det finns nu ett st\u00f6rre urval som Woolskins tror kan utm\u00e4rka sig.<\/p>\n<p>V\u00e5r breda kollektion \u00e4r sammansatt p\u00e5 ett s\u00e5dant s\u00e4tt att de \u00e4r ett bra komplement till alla babyset, gjorda av 100% europeisk ull som andas och passar f\u00f6r varje s\u00e4song.<\/p>\n<p>Vi g\u00e5r entusiastiskt samman f\u00f6r att skapa en h\u00e5llbar, naturlig och mest bekv\u00e4m produkt f\u00f6r ditt barn.<\/p>","protected":false},"excerpt":{"rendered":"<p>En babyscarf i ylle \u00e4r ett m\u00e5ste f\u00f6r de kallare dagarna. Den h\u00e5ller de sm\u00e5 sk\u00f6na och varma och ser dessutom supers\u00f6t ut! Denna babyscarf fr\u00e5n Woolskins \u00e4r gjord av h\u00f6gkvalitativ ull och finns i fyra f\u00e4rger. Den kan perfekt kombineras med andra ullprodukter fr\u00e5n Woolskins, som ullkroppsv\u00e4rmare eller tofflor.<\/p>\n<p>Den h\u00e4r halsduken \u00e4r inte bara funktionell utan ocks\u00e5 snygg. Den har en praktisk sn\u00e4ppst\u00e4ngning som g\u00f6r den l\u00e4tt att ta p\u00e5. Dessutom \u00e4r halsduken sk\u00f6n och mjuk och bekv\u00e4m f\u00f6r ditt barns k\u00e4nsliga hud.<\/p>\n<p><strong>M\u00e4rke: Woolskins<\/strong><br \/>\n<strong>Produktion: Polen<\/strong><\/p>","protected":false},"featured_media":17480,"comment_status":"closed","ping_status":"closed","template":"","meta":{"_acf_changed":false},"product_brand":[],"product_cat":[345,361,360,362,200,346,194],"product_tag":[],"class_list":{"0":"post-6386","1":"product","2":"type-product","3":"status-publish","4":"has-post-thumbnail","6":"product_cat-accessoires","7":"product_cat-babyshower","8":"product_cat-cadeautips","9":"product_cat-cadeaus-tot-e-25","10":"product_cat-wollen-babykleding","11":"product_cat-mutsjesensjaaltjes","12":"product_cat-wollen-babyproducten","14":"first","15":"instock","16":"taxable","17":"shipping-taxable","18":"purchasable","19":"product-type-simple"},"acf":[],"_links":{"self":[{"href":"https:\/\/woolskins.eu\/sv\/wp-json\/wp\/v2\/product\/6386","targetHints":{"allow":["GET"]}}],"collection":[{"href":"https:\/\/woolskins.eu\/sv\/wp-json\/wp\/v2\/product"}],"about":[{"href":"https:\/\/woolskins.eu\/sv\/wp-json\/wp\/v2\/types\/product"}],"replies":[{"embeddable":true,"href":"https:\/\/woolskins.eu\/sv\/wp-json\/wp\/v2\/comments?post=6386"}],"wp:featuredmedia":[{"embeddable":true,"href":"https:\/\/woolskins.eu\/sv\/wp-json\/wp\/v2\/media\/17480"}],"wp:attachment":[{"href":"https:\/\/woolskins.eu\/sv\/wp-json\/wp\/v2\/media?parent=6386"}],"wp:term":[{"taxonomy":"product_brand","embeddable":true,"href":"https:\/\/woolskins.eu\/sv\/wp-json\/wp\/v2\/product_brand?post=6386"},{"taxonomy":"product_cat","embeddable":true,"href":"https:\/\/woolskins.eu\/sv\/wp-json\/wp\/v2\/product_cat?post=6386"},{"taxonomy":"product_tag","embeddable":true,"href":"https:\/\/woolskins.eu\/sv\/wp-json\/wp\/v2\/product_tag?post=6386"}],"curies":[{"name":"wp","href":"https:\/\/api.w.org\/{rel}","templated":true}]}}