{"id":6357,"date":"2021-09-01T12:50:56","date_gmt":"2021-09-01T12:50:56","guid":{"rendered":"https:\/\/woolskins.eu\/weer-windbalsem-lanoline-40ml-lanacare"},"modified":"2026-05-04T14:51:24","modified_gmt":"2026-05-04T14:51:24","slug":"vader-vind-balsam-lanolin-40ml-lanacare","status":"publish","type":"product","link":"https:\/\/woolskins.eu\/sv\/weer-windbalsem-lanoline-40ml-lanacare\/","title":{"rendered":"LANACare Lanolin Balm - F\u00f6r baby, mamma och k\u00e4nslig hud (40 ml)"},"content":{"rendered":"<p data-start=\"482\" data-end=\"790\">LANACare Lanolin Balm \u00e4r en m\u00e5ngsidig, naturlig v\u00e5rdkr\u00e4m baserad p\u00e5 100% hypoallergen lanolin. Denna balm \u00e4r l\u00e4mplig f\u00f6r b\u00e5de sp\u00e4dbarn och mammor och ger effektivt skydd och \u00e5terst\u00e4llande av k\u00e4nslig hud - fr\u00e5n nariga kinder till \u00f6mma br\u00f6stv\u00e5rtor under amning.<\/p>\n<p data-start=\"792\" data-end=\"1153\">Denna rika balm bildar ett tunt, naturligt antibakteriellt lager som skyddar huden utan att st\u00e4nga den ute. Idealisk vid kyla och d\u00e5ligt v\u00e4der samt vid bl\u00f6jutslag, torra fl\u00e4ckar eller sprucken hud. Lanolin hj\u00e4lper den naturliga s\u00e5rl\u00e4kningsprocessen och st\u00f6der en h\u00e4lsosam hudbarri\u00e4r hos b\u00e5de sp\u00e4dbarn och vuxna.<\/p>\n<p data-start=\"1155\" data-end=\"1418\">F\u00f6r ammande m\u00f6drar lugnar och l\u00e4ker balsamet torra, \u00f6mma eller spruckna br\u00f6stv\u00e5rtor. Tack vare de s\u00e4kra ingredienserna beh\u00f6ver du inte ta bort balmen f\u00f6re matning - helt s\u00e4kert f\u00f6r b\u00e5de mor och barn.<\/p>\n<p data-start=\"1420\" data-end=\"1744\">LANACare balm inneh\u00e5ller endast ekologiska, hudv\u00e4nliga ingredienser: ren lanolin och triglycerid av livsmedelskvalitet. Utan parfym, f\u00e4rg\u00e4mnen eller konserveringsmedel. Den mjuka konsistensen g\u00f6r balmen l\u00e4tt att applicera och absorberas v\u00e4l utan att l\u00e4mna en fet k\u00e4nsla.<\/p>\n<p data-start=\"1746\" data-end=\"2031\"><strong>L\u00e4mplig f\u00f6r:<\/strong><br data-start=\"1762\" data-end=\"1765\" \/>- Skydd av barnets hud (t.ex. vid kyla eller vind)<br data-start=\"1818\" data-end=\"1821\" \/>- Lugnande f\u00f6r nariga, torra eller k\u00e4nsliga omr\u00e5den<br data-start=\"1874\" data-end=\"1877\" \/>- Behandling av bl\u00f6jutslag<br data-start=\"1911\" data-end=\"1914\" \/>- Sk\u00f6tsel av br\u00f6stv\u00e5rtan under amning<br data-start=\"1962\" data-end=\"1965\" \/>- Anv\u00e4nds av vuxna med torr eller problemk\u00e4nslig hud<\/p>\n<p data-start=\"2033\" data-end=\"2241\">Denna lanolinkr\u00e4m \u00e4r A-m\u00e4rkt av det danska konsumentr\u00e5det, vilket garanterar att den inte inneh\u00e5ller n\u00e5gra problematiska kemikalier. Ett s\u00e4kert val f\u00f6r daglig anv\u00e4ndning - fr\u00e5n dag ett.<\/p>\n<h5 class=\"font_2\">LANACares historia<\/h5>\n<p>LANACare grundades 1990 av den danska sjuksk\u00f6terskan Jeannette Almstr\u00f8m i Danmark. Som 3-barnsmamma har Jeannette Almstr\u00f8m utvecklat en rad produkter f\u00f6r mammor och bebisar i ekologisk, ren merinoull. Hennes bakgrund som sjuksk\u00f6terska och yrkesutbildning inom textil &amp; design visade sig vara en perfekt kombination av kompetens. Varje f\u00f6rem\u00e5l fr\u00e5n LANACare \u00e4r designat f\u00f6r att fr\u00e4mja h\u00e4lsan och v\u00e4lbefinnandet hos mamma och barn, vilket ger den lugnande komfort och andningsv\u00e4rme som bara ren ull kan ge.<\/p>\n<p><span class=\"wixGuard\">.<\/span>Idag sk\u00f6ts alla LANACare-aktiviteter av Jeannette Almtr\u00f8m sj\u00e4lv, som brinner f\u00f6r att hitta nya och h\u00e5llbara material f\u00f6r anv\u00e4ndning i nya produkter som fr\u00e4mjar inte bara en individs h\u00e4lsa utan \u00e4ven v\u00e5r Moder Jords h\u00e4lsa.<\/p>\n<p><span class=\"wixGuard\">.<\/span>Under \u00e5ren har LANACares produktions- och distributionskvantiteter utvecklats enormt. Produkterna s\u00e4ljs nu i 28 l\u00e4nder runt om i v\u00e4rlden.<\/p>\n<p>&nbsp;<\/p>","protected":false},"excerpt":{"rendered":"<h3 data-start=\"171\" data-end=\"244\"><strong data-start=\"175\" data-end=\"242\">LANACare Lanolin Balm - 100% Naturlig &amp; M\u00e5ngsidig (40 ml)<\/strong><\/h3>\n<p data-start=\"245\" data-end=\"751\">En rik, allergiv\u00e4nlig balm baserad p\u00e5 ren lanolin, l\u00e4mplig f\u00f6r b\u00e5de barn och m\u00f6drar.<br data-start=\"337\" data-end=\"340\" \/>Skyddar k\u00e4nslig hud i kallt v\u00e4der, lindrar bl\u00f6jutslag och hj\u00e4lper till vid torra eller nariga omr\u00e5den.<br data-start=\"452\" data-end=\"455\" \/>Idealisk \u00e4ven f\u00f6r m\u00f6drar med \u00f6mma br\u00f6stv\u00e5rtor under amning - s\u00e4ker, antibakteriell och beh\u00f6ver inte tas bort f\u00f6re matning.<br data-start=\"601\" data-end=\"604\" \/>Utan parfym eller konserveringsmedel.<\/p>\n<p data-start=\"245\" data-end=\"751\">\u2714 F\u00f6r bebisar, mammor och k\u00e4nslig hud<br data-start=\"712\" data-end=\"715\" \/>\u2714 A-m\u00e4rkning fr\u00e5n danska konsumentr\u00e5det<\/p>\n<p data-start=\"245\" data-end=\"751\"><strong>Varum\u00e4rke: Lanacare<\/strong><br \/>\n<strong>Produktion: Litauen<\/strong><\/p>","protected":false},"featured_media":5624,"comment_status":"closed","ping_status":"closed","template":"","meta":{"_acf_changed":false},"product_brand":[],"product_cat":[349,360,362,353,225],"product_tag":[],"class_list":{"0":"post-6357","1":"product","2":"type-product","3":"status-publish","4":"has-post-thumbnail","6":"product_cat-borstvoedingenvoedingskussens","7":"product_cat-cadeautips","8":"product_cat-cadeaus-tot-e-25","9":"product_cat-lanacare","10":"product_cat-tepelzalf-zoogcompressen","12":"first","13":"instock","14":"taxable","15":"shipping-taxable","16":"purchasable","17":"product-type-simple"},"acf":[],"_links":{"self":[{"href":"https:\/\/woolskins.eu\/sv\/wp-json\/wp\/v2\/product\/6357","targetHints":{"allow":["GET"]}}],"collection":[{"href":"https:\/\/woolskins.eu\/sv\/wp-json\/wp\/v2\/product"}],"about":[{"href":"https:\/\/woolskins.eu\/sv\/wp-json\/wp\/v2\/types\/product"}],"replies":[{"embeddable":true,"href":"https:\/\/woolskins.eu\/sv\/wp-json\/wp\/v2\/comments?post=6357"}],"wp:featuredmedia":[{"embeddable":true,"href":"https:\/\/woolskins.eu\/sv\/wp-json\/wp\/v2\/media\/5624"}],"wp:attachment":[{"href":"https:\/\/woolskins.eu\/sv\/wp-json\/wp\/v2\/media?parent=6357"}],"wp:term":[{"taxonomy":"product_brand","embeddable":true,"href":"https:\/\/woolskins.eu\/sv\/wp-json\/wp\/v2\/product_brand?post=6357"},{"taxonomy":"product_cat","embeddable":true,"href":"https:\/\/woolskins.eu\/sv\/wp-json\/wp\/v2\/product_cat?post=6357"},{"taxonomy":"product_tag","embeddable":true,"href":"https:\/\/woolskins.eu\/sv\/wp-json\/wp\/v2\/product_tag?post=6357"}],"curies":[{"name":"wp","href":"https:\/\/api.w.org\/{rel}","templated":true}]}}