{"id":6242,"date":"2021-09-01T12:48:54","date_gmt":"2021-09-01T12:48:54","guid":{"rendered":"https:\/\/woolskins.eu\/eco-baby-care-essential-3"},"modified":"2026-05-15T11:01:44","modified_gmt":"2026-05-15T11:01:44","slug":"ekologisk-babyvard-essentiell-3","status":"publish","type":"product","link":"https:\/\/woolskins.eu\/sv\/eco-baby-care-essential-3\/","title":{"rendered":"F\u00e5rskinn f\u00f6r barnvagn \u2013 Essential (medicinskt)"},"content":{"rendered":"<p>Detta Eco Baby-Care lammskinn \u00e4r speciellt tillskuret f\u00f6r anv\u00e4ndning i vagnen, vaggan, bilbarnstolen eller Moses-korgen. Mycket bekv\u00e4mt f\u00f6r p\u00e5 resan och hemma. Perfekt f\u00f6r l\u00e5nga semesterresor till varma l\u00e4nder. Det \u00e4r extremt bekv\u00e4mt eftersom det andas och omedelbart absorberar svett utan att k\u00e4nnas bl\u00f6tt\/klibbigt f\u00f6r ditt barn.<\/p>\n<p>\u2013 M\u00e5tt 75 x 45 cm, p\u00e4ls 2 cm.<br \/>\n\u2013 Sk\u00e5ror f\u00f6r s\u00e4kerhetsband 3 &amp; 5 punkter.<br \/>\n\u2013 Medicinsk garvad.<br \/>\n\u2013 Mjuk och kompakt p\u00e4ls.<br \/>\n\u2013 Maskintv\u00e4ttbar och torkbar.<br \/>\n- L\u00e4tt att underh\u00e5lla.<\/p>\n<h5 class=\"Text1234883549__root Text1234883549---typography-11-runningText Text1234883549---priority-7-primary s8gg2 _2UIKs InfoSectionTitle3095652555__root\" aria-hidden=\"false\" data-hook=\"info-section-title\">Res bekv\u00e4mt<\/h5>\n<div class=\"rah-static rah-static--height-auto\" aria-hidden=\"false\">\n<div>\n<div class=\"_1yvxJ fggS- cell\">\n<div class=\"WncCi NTPd3\" data-hook=\"info-section-description\">\n<p>Ullfibrer andas och har egenskapen att fungera som en naturlig termostat som reglerar kroppstemperaturen? Detta hj\u00e4lper ditt barn att h\u00e5lla en stabil temperatur och h\u00e5ller ditt barn torrt och bekv\u00e4mt. Den g\u00f6r detta &quot;dynamiskt&quot;, vilket betyder att det h\u00e4nder n\u00e4r det beh\u00f6vs och inte n\u00e4r det inte beh\u00f6vs. Varmt p\u00e5 vintern och svalt p\u00e5 sommaren.<\/p>\n<\/div>\n<\/div>\n<\/div>\n<\/div>\n<p>Woolskins Baby-Care-rockar har en kortare p\u00e4ls, vilket g\u00f6r dem babys\u00e4kra. De \u00e4r l\u00e4mpliga fr\u00e5n f\u00f6dseln och eftersom deras bearbetning tar h\u00e4nsyn till milj\u00f6n skyddar de b\u00e5de de sm\u00e5 och planeten. Hemma eller p\u00e5 v\u00e4gen skapar du en bekv\u00e4m milj\u00f6 d\u00e4r ditt barn k\u00e4nner sig glad och avslappnad. Standard &quot;presentf\u00e4rdig&quot; f\u00f6rpackad med en personlig lapp.<\/p>\n<h5><b>Egenskaper Essential p\u00e4ls<\/b><\/h5>\n<p><span style=\"font-weight: 400;\">Detta Baby-Care f\u00e5rskinn kommer fr\u00e5n engelska f\u00e5r. Det \u00e4r en v\u00e4ldigt mjuk och kompakt p\u00e4ls och v\u00e5rt TIPS! Liksom alla v\u00e5ra andra rockar andas ullfibrer. Detta hj\u00e4lper ditt barn att h\u00e5lla en stabil temperatur och h\u00e5ller ditt barn torrt och bekv\u00e4mt. Sval p\u00e5 sommaren och varm p\u00e5 vintern.<\/span><\/p>\n<h5><b>Milj\u00f6v\u00e4nlig<\/b><\/h5>\n<p><span style=\"font-weight: 400;\">Alla produkter som anv\u00e4nds vid garvning och efterbehandling uppfyller v\u00e4sentliga EU-direktiv som r\u00f6r bevarande och skydd av milj\u00f6n.<\/span><\/p>\n<p><span style=\"font-weight: 400;\">V\u00e5ra fleece \u00e4r garvade i enlighet med REACH-reglerna, som antogs f\u00f6r att f\u00f6rb\u00e4ttra skyddet av m\u00e4nniskors h\u00e4lsa och milj\u00f6n mot de risker som kemikalier kan utg\u00f6ra, samtidigt som EU:s kemiska industris konkurrenskraft \u00f6kar. Inga AZO-f\u00e4rg\u00e4mnen anv\u00e4nds i produktionen.<\/span><\/p>\n<p><span style=\"font-weight: 400;\">EKOPRODUKTER \u2013 skinn \u00e4r milj\u00f6v\u00e4nliga skinn, deras bearbetning och behandling \u00e4r s\u00e4kra f\u00f6r vuxna och barn. Hudar \u00e4r biologiskt nedbrytbara, ekologiska.<\/span><\/p>\n<p><span style=\"font-weight: 400;\">Woolskins s\u00e4ljer inte f\u00e5rfleece som Mulesing har applicerats p\u00e5! Mulesing anv\u00e4nds inte p\u00e5 europeiska f\u00e5r eftersom parasiten som f\u00e5r b\u00f6nder att anv\u00e4nda Mulesing inte f\u00f6rekommer i Europa.<\/span><\/p>\n<h5><b>Mags\u00f6mnarna... notera!<\/b><\/h5>\n<p><span style=\"font-weight: 400;\">Barn som sover p\u00e5 mage de f\u00f6rsta 12 m\u00e5naderna b\u00f6r av s\u00e4kerhetssk\u00e4l inte sova p\u00e5 n\u00e5got mjukt, eftersom det kan vara farligt. Vi rekommenderar d\u00e4rf\u00f6r att anv\u00e4nda Woolskins-kappan klokt! Var alltid uppm\u00e4rksam n\u00e4r ditt barn ligger eller sover p\u00e5 mage och se till att ditt barn alltid \u00e4r under uppsikt.<\/span><\/p>\n<p>&nbsp;<\/p>","protected":false},"excerpt":{"rendered":"<p><strong>Mjukt och naturligt f\u00e5rskinn f\u00f6r bebisar - Woolskins<br \/>\n<\/strong><br \/>\nGe din bebis det allra b\u00e4sta med denna h\u00f6gkvalitativa, europeiska f\u00e5rskinnsfleece fr\u00e5n Woolskins. Fleecen \u00e4r speciellt kortklippt f\u00f6r ditt barns s\u00e4kerhet och perfekt f\u00f6r anv\u00e4ndning i t.ex. barnvagn, Maxi-Cosi eller Moses-korg. Den har praktiska \u00f6ppningar f\u00f6r 5-punktsselen, s\u00e5 att du kan sp\u00e4nna fast ditt barn s\u00e4kert utan att f\u00f6rlora komforten. Den naturliga ullen h\u00e5ller ditt barn bekv\u00e4mt genom temperaturreglering, medan det allergiv\u00e4nliga materialet \u00e4r skonsamt mot k\u00e4nslig hud. Dessutom har p\u00e4lsen en lugnande effekt som g\u00f6r att ditt barn k\u00e4nner sig avslappnat under varje \u00e5ktur eller stund hemma. H\u00e5llbar och l\u00e4ttsk\u00f6tt, s\u00e5 att du kan njuta av den under l\u00e5ng tid. L\u00e4s mer i produktinformationen nedan.<\/p>\n<p><strong>M\u00e4rke: Woolskins<\/strong><br \/>\n<strong>Land: Polen<\/strong><\/p>","protected":false},"featured_media":9647,"comment_status":"closed","ping_status":"closed","template":"","meta":{"_acf_changed":false},"product_brand":[],"product_cat":[222,354],"product_tag":[],"class_list":{"0":"post-6242","1":"product","2":"type-product","3":"status-publish","4":"has-post-thumbnail","6":"product_cat-buggy-schapenvachtjes","7":"product_cat-woolskins","9":"first","10":"instock","11":"sale","12":"taxable","13":"shipping-taxable","14":"purchasable","15":"product-type-variable","16":"has-default-attributes"},"acf":[],"_links":{"self":[{"href":"https:\/\/woolskins.eu\/sv\/wp-json\/wp\/v2\/product\/6242","targetHints":{"allow":["GET"]}}],"collection":[{"href":"https:\/\/woolskins.eu\/sv\/wp-json\/wp\/v2\/product"}],"about":[{"href":"https:\/\/woolskins.eu\/sv\/wp-json\/wp\/v2\/types\/product"}],"replies":[{"embeddable":true,"href":"https:\/\/woolskins.eu\/sv\/wp-json\/wp\/v2\/comments?post=6242"}],"wp:featuredmedia":[{"embeddable":true,"href":"https:\/\/woolskins.eu\/sv\/wp-json\/wp\/v2\/media\/9647"}],"wp:attachment":[{"href":"https:\/\/woolskins.eu\/sv\/wp-json\/wp\/v2\/media?parent=6242"}],"wp:term":[{"taxonomy":"product_brand","embeddable":true,"href":"https:\/\/woolskins.eu\/sv\/wp-json\/wp\/v2\/product_brand?post=6242"},{"taxonomy":"product_cat","embeddable":true,"href":"https:\/\/woolskins.eu\/sv\/wp-json\/wp\/v2\/product_cat?post=6242"},{"taxonomy":"product_tag","embeddable":true,"href":"https:\/\/woolskins.eu\/sv\/wp-json\/wp\/v2\/product_tag?post=6242"}],"curies":[{"name":"wp","href":"https:\/\/api.w.org\/{rel}","templated":true}]}}