{"id":6233,"date":"2021-09-01T12:48:54","date_gmt":"2021-09-01T12:48:54","guid":{"rendered":"https:\/\/woolskins.eu\/eco-baby-care-icelandic"},"modified":"2026-05-08T12:48:14","modified_gmt":"2026-05-08T12:48:14","slug":"ekologisk-babyvard-islandsk","status":"publish","type":"product","link":"https:\/\/woolskins.eu\/sv\/eco-baby-care-icelandic\/","title":{"rendered":"F\u00e5rskinn f\u00f6r baby \u2013 isl\u00e4ndsk natur"},"content":{"rendered":"<p>Woolskins Baby-Care f\u00e5rskinn har en kortare p\u00e4ls, vilket g\u00f6r dem babys\u00e4kra. De \u00e4r l\u00e4mpliga fr\u00e5n f\u00f6dseln och eftersom deras bearbetning tar h\u00e4nsyn till milj\u00f6n skyddar de b\u00e5de de sm\u00e5 och planeten. Hemma eller p\u00e5 v\u00e4gen skapar du en bekv\u00e4m milj\u00f6 d\u00e4r ditt barn k\u00e4nner sig glad och avslappnad. Visste du att f\u00e5rskinn ocks\u00e5 \u00e4r h\u00e4lsosamt f\u00f6r ditt barn?<\/p>\n<p>\u2013 L\u00e4ngd 90-100cm \/ p\u00e4ls 3cm.<br \/>\n\u2013 Mycket smidig med tunn l\u00e4dersida, passar som en filt.<br \/>\n&#8211;\u00a0<span style=\"color: #808080;\"><span style=\"color: #000000;\"><strong>INTE<\/strong><\/span>\u00a0<\/span>maskintv\u00e4ttbar &amp; torkbar.<br \/>\n- L\u00e4tt att underh\u00e5lla.<\/p>\n<p>Best\u00e4ll en underh\u00e5llsborste f\u00f6r att h\u00e5lla din p\u00e4ls vacker under l\u00e5ng tid och\/eller f\u00e5 din p\u00e4ls personlig med f\u00f6delsedetaljerna om ditt\/barnet. En vacker och unik present, exklusivt tillg\u00e4nglig hos Woolskins. Standard &quot;presentf\u00e4rdig&quot; f\u00f6rpackad med en personlig lapp.<\/p>\n<h5><strong>Egenskaper isl\u00e4ndskt f\u00e5rskinn<\/strong><\/h5>\n<p>De isl\u00e4ndska f\u00e5ren \u00e4r mest k\u00e4nda f\u00f6r att vara l\u00e5ngh\u00e5riga. Vi har klippt den till en kort l\u00e4ngd speciellt f\u00f6r sp\u00e4dbarn, s\u00e5 att det isolerande &quot;under&quot; ullskiktet kommer fram. Denna kappa k\u00e4nnetecknas s\u00e4rskilt av l\u00e4dersidans smidighet och faller som en filt. Liksom alla v\u00e5ra andra rockar andas ullfibrer. Detta hj\u00e4lper ditt barn att h\u00e5lla en stabil temperatur och h\u00e5ller ditt barn torrt och bekv\u00e4mt. Sval p\u00e5 sommaren och varm p\u00e5 vintern.<\/p>\n<h5><strong>Milj\u00f6v\u00e4nlig<\/strong><\/h5>\n<p>Alla produkter som anv\u00e4nds vid garvning och efterbehandling uppfyller v\u00e4sentliga EU-direktiv som r\u00f6r bevarande och skydd av milj\u00f6n.<\/p>\n<p>V\u00e5ra fleece \u00e4r garvade i enlighet med REACH-reglerna, som antogs f\u00f6r att f\u00f6rb\u00e4ttra skyddet av m\u00e4nniskors h\u00e4lsa och milj\u00f6n mot de risker som kemikalier kan utg\u00f6ra, samtidigt som EU:s kemiska industris konkurrenskraft \u00f6kar. Inga AZO-f\u00e4rg\u00e4mnen anv\u00e4nds i produktionen.<\/p>\n<p>EKOPRODUKTER \u2013 skinn \u00e4r milj\u00f6v\u00e4nliga skinn, deras bearbetning och behandling \u00e4r s\u00e4kra f\u00f6r vuxna och barn. Hudar \u00e4r biologiskt nedbrytbara, ekologiska.<\/p>\n<p>Woolskins s\u00e4ljer inte f\u00e5rfleece som Mulesing har applicerats p\u00e5! Mulesing anv\u00e4nds inte p\u00e5 europeiska f\u00e5r eftersom parasiten som f\u00e5r b\u00f6nder att anv\u00e4nda Mulesing inte f\u00f6rekommer i Europa.<\/p>\n<h5><strong>Mags\u00f6mnarna... notera!<\/strong><\/h5>\n<p>Barn som sover p\u00e5 mage de f\u00f6rsta 12 m\u00e5naderna b\u00f6r av s\u00e4kerhetssk\u00e4l inte sova p\u00e5 n\u00e5got mjukt, eftersom det kan vara farligt. Vi rekommenderar d\u00e4rf\u00f6r att anv\u00e4nda Woolskins-kappan klokt! Var alltid uppm\u00e4rksam n\u00e4r ditt barn ligger eller sover p\u00e5 mage och se till att ditt barn alltid \u00e4r under uppsikt.<\/p>","protected":false},"excerpt":{"rendered":"<p><strong>Mjukt och naturligt f\u00e5rskinn f\u00f6r bebisar - Woolskins<br \/>\n<\/strong><br \/>\nGe ditt barn det allra b\u00e4sta med den h\u00e4r h\u00f6gkvalitativa, europeiska f\u00e5rskinnsfilten fr\u00e5n Woolskins. Perfekt som ett mjukt och bekv\u00e4mt underlag i barns\u00e4ngen, lekhagen eller p\u00e5 golvet. Fleecen \u00e4r tillverkad av mjuk, naturlig ull som reglerar temperaturen och skyddar ditt barns k\u00e4nsliga hud. Den har ocks\u00e5 en lugnande effekt som g\u00f6r att ditt barn k\u00e4nner sig avslappnat under lek eller vilsamma stunder. H\u00e5llbar och l\u00e4ttsk\u00f6tt, s\u00e5 att du kan njuta av den under l\u00e5ng tid.<\/p>\n<p><strong>M\u00e4rke: Woolskins<\/strong><br \/>\n<strong>Land: Polen<\/strong><\/p>","protected":false},"featured_media":9641,"comment_status":"closed","ping_status":"closed","template":"","meta":{"_acf_changed":false},"product_brand":[],"product_cat":[216,354],"product_tag":[],"class_list":{"0":"post-6233","1":"product","2":"type-product","3":"status-publish","4":"has-post-thumbnail","6":"product_cat-schapenvacht-voor-baby","7":"product_cat-woolskins","9":"first","10":"instock","11":"sale","12":"taxable","13":"shipping-taxable","14":"purchasable","15":"product-type-variable","16":"has-default-attributes"},"acf":[],"_links":{"self":[{"href":"https:\/\/woolskins.eu\/sv\/wp-json\/wp\/v2\/product\/6233","targetHints":{"allow":["GET"]}}],"collection":[{"href":"https:\/\/woolskins.eu\/sv\/wp-json\/wp\/v2\/product"}],"about":[{"href":"https:\/\/woolskins.eu\/sv\/wp-json\/wp\/v2\/types\/product"}],"replies":[{"embeddable":true,"href":"https:\/\/woolskins.eu\/sv\/wp-json\/wp\/v2\/comments?post=6233"}],"wp:featuredmedia":[{"embeddable":true,"href":"https:\/\/woolskins.eu\/sv\/wp-json\/wp\/v2\/media\/9641"}],"wp:attachment":[{"href":"https:\/\/woolskins.eu\/sv\/wp-json\/wp\/v2\/media?parent=6233"}],"wp:term":[{"taxonomy":"product_brand","embeddable":true,"href":"https:\/\/woolskins.eu\/sv\/wp-json\/wp\/v2\/product_brand?post=6233"},{"taxonomy":"product_cat","embeddable":true,"href":"https:\/\/woolskins.eu\/sv\/wp-json\/wp\/v2\/product_cat?post=6233"},{"taxonomy":"product_tag","embeddable":true,"href":"https:\/\/woolskins.eu\/sv\/wp-json\/wp\/v2\/product_tag?post=6233"}],"curies":[{"name":"wp","href":"https:\/\/api.w.org\/{rel}","templated":true}]}}