{"id":30486,"date":"2026-05-15T13:15:54","date_gmt":"2026-05-15T13:15:54","guid":{"rendered":"https:\/\/woolskins.eu\/?post_type=product&#038;p=30486"},"modified":"2026-05-15T13:19:21","modified_gmt":"2026-05-15T13:19:21","slug":"wollen-wikkeldeken-voor-baby-wingy-felted-beige","status":"publish","type":"product","link":"https:\/\/woolskins.eu\/sv\/wollen-wikkeldeken-voor-baby-wingy-felted-beige\/","title":{"rendered":"Woolen Wrap filt f\u00f6r baby | Wingy Filtad beige"},"content":{"rendered":"<p>Eftersom standardstorleken \u00e4r lite st\u00f6rre och mindre passande f\u00f6r Maxi-Cosi och bilbarnstol s\u00e5 l\u00e4t vi tillverka en mindre version som omsluter de minsta lite b\u00e4ttre och passar b\u00e4ttre i Maxi-Cosi och bilbarnstol. Sj\u00e4lvklart passar mini ocks\u00e5 bra i vagnen precis som originalstorleken.<\/p>\n<p>Ull andas och tar genast ditt barns temperatur. Varmt p\u00e5 vintern och svalt p\u00e5 sommaren. Praktisk f\u00f6r hemma och att anv\u00e4nda i Maxi-Cosi eller barnvagn.<\/p>\n<p>\u2013 100% nyull med Woolmark kvalitetsm\u00e4rke.<br \/>\n\u2013 Finns exklusivt hos Woolskins.<br \/>\n\u2013 F\u00f6r hemma och p\u00e5 v\u00e4gen.<br \/>\n\u2013 \u00d6ppningar f\u00f6r s\u00e4kerhetsremmarna (5-punkts).<br \/>\n- Storlek: l\u00e4ngd 80 cm x bredd 50 cm - Mini: l\u00e4ngd 75 cm x 40 cm<br \/>\n\u2013 kan tv\u00e4ttas i 30\u00b0C ulltv\u00e4ttprogram.<\/p>\n<p>Ullfibrer andas och har egenskapen att fungera som en naturlig termostat som reglerar kroppstemperaturen? Detta hj\u00e4lper ditt barn att h\u00e5lla en stabil temperatur och h\u00e5ller ditt barn torrt och bekv\u00e4mt. Den g\u00f6r detta &quot;dynamiskt&quot;, vilket betyder att det h\u00e4nder n\u00e4r det beh\u00f6vs och inte n\u00e4r det inte beh\u00f6vs. Varmt p\u00e5 vintern och svalt p\u00e5 sommaren.<\/p>\n<p>Denna produkt har kvalitetsm\u00e4rket Safe for Children och Woolmark.<\/p>\n<h5>Ullskinnsetikett<\/h5>\n<p>Efter \u00e5r av framg\u00e5ngsrikt samarbete med Alwero kan vi stolt meddela att vi nu b\u00e4r v\u00e5ra produkter under v\u00e5r egen Woolskins-etikett.<\/p>\n<p>P\u00e5 s\u00e5 s\u00e4tt f\u00e5r du fortfarande den b\u00e4sta kvaliteten, men kombinerat med de snyggaste och unika produkterna och designerna.<\/p>\n<p>Kvaliteten p\u00e5 tygerna och f\u00e4rgerna f\u00f6rblir som de alltid har varit, men det finns nu ett st\u00f6rre urval som Woolskins tror kan utm\u00e4rka sig.<\/p>\n<p>V\u00e5r breda kollektion \u00e4r sammansatt p\u00e5 ett s\u00e5dant s\u00e4tt att de \u00e4r ett bra komplement till alla babyset, gjorda av 100% europeisk ull som andas och passar f\u00f6r varje s\u00e4song.<\/p>\n<p>Vi g\u00e5r entusiastiskt samman f\u00f6r att skapa en h\u00e5llbar, naturlig och mest bekv\u00e4m produkt f\u00f6r ditt barn.<\/p>","protected":false},"excerpt":{"rendered":"<div class=\"woocommerce-product-details__short-description\">\n<p>Je kindje zal heerlijk slapen en wegdromen in deze comfortabele wollen wikkeldeken Wingy uit onze \u2018Thumbled\u2019 collectie. Deze wikkeldeken valt soepel en is zeer zacht. Ze hebben een mooie en luxe uitstraling en zijn uiterst comfortabel. De wikkeldeken is van 100% wol en neemt direct de temperatuur van je kindje aan en kan voor elk seizoen gebruikt worden. Dankzij de openingen voor de veiligheidsriempjes (5-punts) past deze goed in de kinderwagen en neem je kindje warm en comfortabel mee naar buiten. Speciaal voor de allekleinste hebben we ook een kleinere variant (mini) die goed aansluit en perfect past in de maxi-cosi.<\/p>\n<div class=\"woocommerce-product-details__short-description\">\n<p><strong>Merk: Woolskins<\/strong><br \/>\n<strong>Productie: Polen<\/strong><\/p>\n<\/div>\n<\/div>\n<form class=\"variations_form cart\" style=\"box-sizing: border-box; border-top: 1px solid var(--border-color); border-right: none; border-bottom: none; border-left: none; border-image: initial; font-size: 15px; text-align: start; line-height: inherit; color: #3f4245; font-family: -apple-system, BlinkMacSystemFont, 'Segoe UI', Roboto, Helvetica, Arial, sans-serif, 'Apple Color Emoji', 'Segoe UI Emoji', 'Segoe UI Symbol'; font-style: normal; font-variant-ligatures: normal; font-variant-caps: normal; font-weight: 400; letter-spacing: normal; orphans: 2; text-indent: 0px; text-transform: none; widows: 2; word-spacing: 0px; -webkit-text-stroke-width: 0px; white-space: normal; background-color: #ffffff; text-decoration-thickness: initial; text-decoration-style: initial; text-decoration-color: initial; padding: var(--product-element-spacing,35px) 0px 0px 0px; margin: var(--product-element-spacing,35px) 0px 0px 0px;\" action=\"https:\/\/woolskins.eu\/alwero-wikkeldeken-wingy-beige-3\" enctype=\"multipart\/form-data\" method=\"post\" data-product_id=\"14683\" data-product_variations=\"[{&quot;attributes&quot;:{&quot;attribute_pa_maat&quot;:&quot;standaard-maat&quot;},&quot;availability_html&quot;:&quot;&lt;p class=&quot;stock in-stock&quot;&gt;Op voorraad&lt;\/p&gt;n&quot;,&quot;backorders_allowed&quot;:false,&quot;dimensions&quot;:{&quot;length&quot;:&quot;&quot;,&quot;width&quot;:&quot;&quot;,&quot;height&quot;:&quot;&quot;},&quot;dimensions_html&quot;:&quot;Niet beschikbaar&quot;,&quot;display_price&quot;:79,&quot;display_regular_price&quot;:79,&quot;image&quot;:{&quot;title&quot;:&quot;Alwero wikkeldeken Duo Woolskins&quot;,&quot;caption&quot;:&quot;&quot;,&quot;url&quot;:&quot;https:\/\/woolskins.eu\/wp-content\/uploads\/2023\/03\/JBP_65-1.jpg&quot;,&quot;alt&quot;:&quot;Alwero wikkeldeken Duo Woolskins&quot;,&quot;src&quot;:&quot;https:\/\/woolskins.eu\/wp-content\/uploads\/2023\/03\/JBP_65-1-600x600.jpg&quot;,&quot;srcset&quot;:&quot;https:\/\/i0.wp.com\/woolskins.eu\/wp-content\/uploads\/2023\/03\/JBP_65-1.jpg?resize=600%2C600&amp;ssl=1 600w, https:\/\/i0.wp.com\/woolskins.eu\/wp-content\/uploads\/2023\/03\/JBP_65-1.jpg?resize=300%2C300&amp;ssl=1 300w, https:\/\/i0.wp.com\/woolskins.eu\/wp-content\/uploads\/2023\/03\/JBP_65-1.jpg?resize=100%2C100&amp;ssl=1 100w, https:\/\/i0.wp.com\/woolskins.eu\/wp-content\/uploads\/2023\/03\/JBP_65-1.jpg?resize=1024%2C1024&amp;ssl=1 1024w, https:\/\/i0.wp.com\/woolskins.eu\/wp-content\/uploads\/2023\/03\/JBP_65-1.jpg?resize=150%2C150&amp;ssl=1 150w, https:\/\/i0.wp.com\/woolskins.eu\/wp-content\/uploads\/2023\/03\/JBP_65-1.jpg?resize=768%2C768&amp;ssl=1 768w, https:\/\/i0.wp.com\/woolskins.eu\/wp-content\/uploads\/2023\/03\/JBP_65-1.jpg?resize=12%2C12&amp;ssl=1 12w, https:\/\/i0.wp.com\/woolskins.eu\/wp-content\/uploads\/2023\/03\/JBP_65-1.jpg?w=1065&amp;ssl=1 1065w&quot;,&quot;sizes&quot;:&quot;(max-width: 600px) 100vw, 600px&quot;,&quot;full_src&quot;:&quot;https:\/\/woolskins.eu\/wp-content\/uploads\/2023\/03\/JBP_65-1.jpg&quot;,&quot;full_src_w&quot;:1065,&quot;full_src_h&quot;:1065,&quot;gallery_thumbnail_src&quot;:&quot;https:\/\/woolskins.eu\/wp-content\/uploads\/2023\/03\/JBP_65-1-100x100.jpg&quot;,&quot;gallery_thumbnail_src_w&quot;:100,&quot;gallery_thumbnail_src_h&quot;:100,&quot;thumb_src&quot;:&quot;https:\/\/woolskins.eu\/wp-content\/uploads\/2023\/03\/JBP_65-1-300x300.jpg&quot;,&quot;thumb_src_w&quot;:300,&quot;thumb_src_h&quot;:300,&quot;src_w&quot;:600,&quot;src_h&quot;:600},&quot;image_id&quot;:14694,&quot;is_downloadable&quot;:false,&quot;is_in_stock&quot;:true,&quot;is_purchasable&quot;:true,&quot;is_sold_individually&quot;:&quot;no&quot;,&quot;is_virtual&quot;:false,&quot;max_qty&quot;:12,&quot;min_qty&quot;:1,&quot;price_html&quot;:&quot;&lt;span class=&quot;price&quot;&gt;&lt;span class=&quot;woocommerce-Price-amount amount&quot;&gt;&lt;bdi&gt;&lt;span class=&quot;woocommerce-Price-currencySymbol&quot;&gt;&amp;euro;&lt;\/span&gt;79,00&lt;\/bdi&gt;&lt;\/span&gt;&lt;\/span&gt;&quot;,&quot;sku&quot;:&quot;7466-03&quot;,&quot;variation_description&quot;:&quot;&quot;,&quot;variation_id&quot;:14684,&quot;variation_is_active&quot;:true,&quot;variation_is_visible&quot;:true,&quot;weight&quot;:&quot;&quot;,&quot;weight_html&quot;:&quot;Niet beschikbaar&quot;,&quot;ean&quot;:&quot;&quot;,&quot;blocksy_original_image&quot;:{&quot;title&quot;:&quot;Alwero wikkeldeken Duo Woolskins&quot;,&quot;caption&quot;:&quot;&quot;,&quot;alt&quot;:&quot;Alwero wikkeldeken Duo Woolskins&quot;,&quot;src&quot;:&quot;https:\/\/woolskins.eu\/wp-content\/uploads\/2023\/03\/JBP_65-1-600x600.jpg&quot;,&quot;srcset&quot;:&quot;https:\/\/i0.wp.com\/woolskins.eu\/wp-content\/uploads\/2023\/03\/JBP_65-1.jpg?resize=600%2C600&amp;ssl=1 600w, https:\/\/i0.wp.com\/woolskins.eu\/wp-content\/uploads\/2023\/03\/JBP_65-1.jpg?resize=300%2C300&amp;ssl=1 300w, https:\/\/i0.wp.com\/woolskins.eu\/wp-content\/uploads\/2023\/03\/JBP_65-1.jpg?resize=100%2C100&amp;ssl=1 100w, https:\/\/i0.wp.com\/woolskins.eu\/wp-content\/uploads\/2023\/03\/JBP_65-1.jpg?resize=1024%2C1024&amp;ssl=1 1024w, https:\/\/i0.wp.com\/woolskins.eu\/wp-content\/uploads\/2023\/03\/JBP_65-1.jpg?resize=150%2C150&amp;ssl=1 150w, https:\/\/i0.wp.com\/woolskins.eu\/wp-content\/uploads\/2023\/03\/JBP_65-1.jpg?resize=768%2C768&amp;ssl=1 768w, https:\/\/i0.wp.com\/woolskins.eu\/wp-content\/uploads\/2023\/03\/JBP_65-1.jpg?resize=12%2C12&amp;ssl=1 12w, https:\/\/i0.wp.com\/woolskins.eu\/wp-content\/uploads\/2023\/03\/JBP_65-1.jpg?w=1065&amp;ssl=1 1065w&quot;,&quot;sizes&quot;:&quot;(max-width: 600px) 100vw, 600px&quot;,&quot;full_src&quot;:&quot;https:\/\/woolskins.eu\/wp-content\/uploads\/2023\/03\/JBP_65-1.jpg&quot;,&quot;full_src_w&quot;:1065,&quot;full_src_h&quot;:1065,&quot;gallery_thumbnail_src&quot;:&quot;https:\/\/woolskins.eu\/wp-content\/uploads\/2023\/03\/JBP_65-1-100x100.jpg&quot;,&quot;gallery_thumbnail_src_w&quot;:100,&quot;gallery_thumbnail_src_h&quot;:100,&quot;thumb_src&quot;:&quot;https:\/\/woolskins.eu\/wp-content\/uploads\/2023\/03\/JBP_65-1-300x300.jpg&quot;,&quot;thumb_src_w&quot;:300,&quot;thumb_src_h&quot;:300,&quot;src_w&quot;:600,&quot;src_h&quot;:600,&quot;id&quot;:&quot;14694&quot;},&quot;blocksy_gallery_source&quot;:&quot;default&quot;,&quot;_myparcel_hs_code_variation&quot;:&quot;&quot;,&quot;_myparcel_country_of_origin_variation&quot;:&quot;&quot;},{&quot;attributes&quot;:{&quot;attribute_pa_maat&quot;:&quot;mini&quot;},&quot;availability_html&quot;:&quot;&lt;p class=&quot;stock in-stock&quot;&gt;Op voorraad&lt;\/p&gt;n&quot;,&quot;backorders_allowed&quot;:false,&quot;dimensions&quot;:{&quot;length&quot;:&quot;&quot;,&quot;width&quot;:&quot;&quot;,&quot;height&quot;:&quot;&quot;},&quot;dimensions_html&quot;:&quot;Niet beschikbaar&quot;,&quot;display_price&quot;:69,&quot;display_regular_price&quot;:69,&quot;image&quot;:{&quot;title&quot;:&quot;Alwero wikkeldeken Duo Woolskins&quot;,&quot;caption&quot;:&quot;&quot;,&quot;url&quot;:&quot;https:\/\/woolskins.eu\/wp-content\/uploads\/2023\/03\/JBP_65-1.jpg&quot;,&quot;alt&quot;:&quot;Alwero wikkeldeken Duo Woolskins&quot;,&quot;src&quot;:&quot;https:\/\/woolskins.eu\/wp-content\/uploads\/2023\/03\/JBP_65-1-600x600.jpg&quot;,&quot;srcset&quot;:&quot;https:\/\/i0.wp.com\/woolskins.eu\/wp-content\/uploads\/2023\/03\/JBP_65-1.jpg?resize=600%2C600&amp;ssl=1 600w, https:\/\/i0.wp.com\/woolskins.eu\/wp-content\/uploads\/2023\/03\/JBP_65-1.jpg?resize=300%2C300&amp;ssl=1 300w, https:\/\/i0.wp.com\/woolskins.eu\/wp-content\/uploads\/2023\/03\/JBP_65-1.jpg?resize=100%2C100&amp;ssl=1 100w, https:\/\/i0.wp.com\/woolskins.eu\/wp-content\/uploads\/2023\/03\/JBP_65-1.jpg?resize=1024%2C1024&amp;ssl=1 1024w, https:\/\/i0.wp.com\/woolskins.eu\/wp-content\/uploads\/2023\/03\/JBP_65-1.jpg?resize=150%2C150&amp;ssl=1 150w, https:\/\/i0.wp.com\/woolskins.eu\/wp-content\/uploads\/2023\/03\/JBP_65-1.jpg?resize=768%2C768&amp;ssl=1 768w, https:\/\/i0.wp.com\/woolskins.eu\/wp-content\/uploads\/2023\/03\/JBP_65-1.jpg?resize=12%2C12&amp;ssl=1 12w, https:\/\/i0.wp.com\/woolskins.eu\/wp-content\/uploads\/2023\/03\/JBP_65-1.jpg?w=1065&amp;ssl=1 1065w&quot;,&quot;sizes&quot;:&quot;(max-width: 600px) 100vw, 600px&quot;,&quot;full_src&quot;:&quot;https:\/\/woolskins.eu\/wp-content\/uploads\/2023\/03\/JBP_65-1.jpg&quot;,&quot;full_src_w&quot;:1065,&quot;full_src_h&quot;:1065,&quot;gallery_thumbnail_src&quot;:&quot;https:\/\/woolskins.eu\/wp-content\/uploads\/2023\/03\/JBP_65-1-100x100.jpg&quot;,&quot;gallery_thumbnail_src_w&quot;:100,&quot;gallery_thumbnail_src_h&quot;:100,&quot;thumb_src&quot;:&quot;https:\/\/woolskins.eu\/wp-content\/uploads\/2023\/03\/JBP_65-1-300x300.jpg&quot;,&quot;thumb_src_w&quot;:300,&quot;thumb_src_h&quot;:300,&quot;src_w&quot;:600,&quot;src_h&quot;:600},&quot;image_id&quot;:14694,&quot;is_downloadable&quot;:false,&quot;is_in_stock&quot;:true,&quot;is_purchasable&quot;:true,&quot;is_sold_individually&quot;:&quot;no&quot;,&quot;is_virtual&quot;:false,&quot;max_qty&quot;:2,&quot;min_qty&quot;:1,&quot;price_html&quot;:&quot;&lt;span class=&quot;price&quot;&gt;&lt;span class=&quot;woocommerce-Price-amount amount&quot;&gt;&lt;bdi&gt;&lt;span class=&quot;woocommerce-Price-currencySymbol&quot;&gt;&amp;euro;&lt;\/span&gt;69,00&lt;\/bdi&gt;&lt;\/span&gt;&lt;\/span&gt;&quot;,&quot;sku&quot;:&quot;3625-03&quot;,&quot;variation_description&quot;:&quot;&quot;,&quot;variation_id&quot;:14685,&quot;variation_is_active&quot;:true,&quot;variation_is_visible&quot;:true,&quot;weight&quot;:&quot;&quot;,&quot;weight_html&quot;:&quot;Niet beschikbaar&quot;,&quot;ean&quot;:&quot;&quot;,&quot;blocksy_original_image&quot;:{&quot;title&quot;:&quot;Alwero wikkeldeken Duo Woolskins&quot;,&quot;caption&quot;:&quot;&quot;,&quot;alt&quot;:&quot;Alwero wikkeldeken Duo Woolskins&quot;,&quot;src&quot;:&quot;https:\/\/woolskins.eu\/wp-content\/uploads\/2023\/03\/JBP_65-1-600x600.jpg&quot;,&quot;srcset&quot;:&quot;https:\/\/i0.wp.com\/woolskins.eu\/wp-content\/uploads\/2023\/03\/JBP_65-1.jpg?resize=600%2C600&amp;ssl=1 600w, https:\/\/i0.wp.com\/woolskins.eu\/wp-content\/uploads\/2023\/03\/JBP_65-1.jpg?resize=300%2C300&amp;ssl=1 300w, https:\/\/i0.wp.com\/woolskins.eu\/wp-content\/uploads\/2023\/03\/JBP_65-1.jpg?resize=100%2C100&amp;ssl=1 100w, https:\/\/i0.wp.com\/woolskins.eu\/wp-content\/uploads\/2023\/03\/JBP_65-1.jpg?resize=1024%2C1024&amp;ssl=1 1024w, https:\/\/i0.wp.com\/woolskins.eu\/wp-content\/uploads\/2023\/03\/JBP_65-1.jpg?resize=150%2C150&amp;ssl=1 150w, https:\/\/i0.wp.com\/woolskins.eu\/wp-content\/uploads\/2023\/03\/JBP_65-1.jpg?resize=768%2C768&amp;ssl=1 768w, https:\/\/i0.wp.com\/woolskins.eu\/wp-content\/uploads\/2023\/03\/JBP_65-1.jpg?resize=12%2C12&amp;ssl=1 12w, https:\/\/i0.wp.com\/woolskins.eu\/wp-content\/uploads\/2023\/03\/JBP_65-1.jpg?w=1065&amp;ssl=1 1065w&quot;,&quot;sizes&quot;:&quot;(max-width: 600px) 100vw, 600px&quot;,&quot;full_src&quot;:&quot;https:\/\/woolskins.eu\/wp-content\/uploads\/2023\/03\/JBP_65-1.jpg&quot;,&quot;full_src_w&quot;:1065,&quot;full_src_h&quot;:1065,&quot;gallery_thumbnail_src&quot;:&quot;https:\/\/woolskins.eu\/wp-content\/uploads\/2023\/03\/JBP_65-1-100x100.jpg&quot;,&quot;gallery_thumbnail_src_w&quot;:100,&quot;gallery_thumbnail_src_h&quot;:100,&quot;thumb_src&quot;:&quot;https:\/\/woolskins.eu\/wp-content\/uploads\/2023\/03\/JBP_65-1-300x300.jpg&quot;,&quot;thumb_src_w&quot;:300,&quot;thumb_src_h&quot;:300,&quot;src_w&quot;:600,&quot;src_h&quot;:600,&quot;id&quot;:&quot;14694&quot;},&quot;blocksy_gallery_source&quot;:&quot;default&quot;,&quot;_myparcel_hs_code_variation&quot;:&quot;&quot;,&quot;_myparcel_country_of_origin_variation&quot;:&quot;&quot;}]\"><\/form>\n","protected":false},"featured_media":30490,"comment_status":"closed","ping_status":"closed","template":"","meta":{"_acf_changed":false},"product_brand":[],"product_cat":[361,360,364,196,321,194],"product_tag":[],"class_list":{"0":"post-30486","1":"product","2":"type-product","3":"status-publish","4":"has-post-thumbnail","6":"product_cat-babyshower","7":"product_cat-cadeautips","8":"product_cat-cadeaus-vanaf-e50","9":"product_cat-slaapkleding-baby","10":"product_cat-wikkeldekens","11":"product_cat-wollen-babyproducten","12":"pa_maat-mini","13":"pa_maat-standaard-maat","15":"first","16":"instock","17":"taxable","18":"shipping-taxable","19":"purchasable","20":"product-type-variable"},"acf":[],"_links":{"self":[{"href":"https:\/\/woolskins.eu\/sv\/wp-json\/wp\/v2\/product\/30486","targetHints":{"allow":["GET"]}}],"collection":[{"href":"https:\/\/woolskins.eu\/sv\/wp-json\/wp\/v2\/product"}],"about":[{"href":"https:\/\/woolskins.eu\/sv\/wp-json\/wp\/v2\/types\/product"}],"replies":[{"embeddable":true,"href":"https:\/\/woolskins.eu\/sv\/wp-json\/wp\/v2\/comments?post=30486"}],"wp:featuredmedia":[{"embeddable":true,"href":"https:\/\/woolskins.eu\/sv\/wp-json\/wp\/v2\/media\/30490"}],"wp:attachment":[{"href":"https:\/\/woolskins.eu\/sv\/wp-json\/wp\/v2\/media?parent=30486"}],"wp:term":[{"taxonomy":"product_brand","embeddable":true,"href":"https:\/\/woolskins.eu\/sv\/wp-json\/wp\/v2\/product_brand?post=30486"},{"taxonomy":"product_cat","embeddable":true,"href":"https:\/\/woolskins.eu\/sv\/wp-json\/wp\/v2\/product_cat?post=30486"},{"taxonomy":"product_tag","embeddable":true,"href":"https:\/\/woolskins.eu\/sv\/wp-json\/wp\/v2\/product_tag?post=30486"}],"curies":[{"name":"wp","href":"https:\/\/api.w.org\/{rel}","templated":true}]}}