{"id":29656,"date":"2026-02-19T14:03:42","date_gmt":"2026-02-19T14:03:42","guid":{"rendered":"https:\/\/woolskins.eu\/?post_type=product&#038;p=29656"},"modified":"2026-02-20T14:03:46","modified_gmt":"2026-02-20T14:03:46","slug":"wollen-wiegdeken-dark-chocolat","status":"publish","type":"product","link":"https:\/\/woolskins.eu\/sv\/wollen-wiegdeken-dark-chocolat\/","title":{"rendered":"Wollen Wiegdeken \/ Babydeken &#8211; Thumbled | Dark Chocolat"},"content":{"rendered":"<p>V\u00e5ra Eco Wool Crib Filtar \u00e4r mycket l\u00e4mpliga f\u00f6r de sm\u00e5 tack vare ullfibrernas naturliga egenskaper. Dessa andas och har egenskapen att fungera som en naturlig termostat som reglerar kroppstemperaturen? Detta hj\u00e4lper ditt barn att h\u00e5lla en stabil temperatur och h\u00e5ller ditt barn torrt och bekv\u00e4mt. Den g\u00f6r detta &quot;dynamiskt&quot;, vilket betyder att det h\u00e4nder n\u00e4r det beh\u00f6vs och inte n\u00e4r det inte beh\u00f6vs.<\/p>\n<p>\u2013 100% nyull (tumlad) med Woolmark kvalitetsm\u00e4rke.<br \/>\n\u2013 F\u00f6r hemma och p\u00e5 v\u00e4gen.<br \/>\n\u2013 M\u00e5tt: 75 x 100 cm och 90 x 130 cm.<br \/>\n\u2013 Europeisk produktion.<br \/>\n\u2013 kan tv\u00e4ttas i 30\u00b0C ulltv\u00e4ttprogram.<\/p>\n<p>Tumlade ullprodukter k\u00e4nnetecknas av de l\u00f6sa ullfibrerna. F\u00f6r att undvika ludd s\u00e5 mycket som m\u00f6jligt \u00e4r det b\u00e4st att knacka ut produkten innan du anv\u00e4nder den.<\/p>\n<p>Denna produkt har kvalitetsm\u00e4rket Safe for Children och Woolmark.<\/p>\n<h5>Ullskinnsetikett<\/h5>\n<p>Efter \u00e5r av framg\u00e5ngsrikt samarbete med Alwero kan vi stolt meddela att vi nu b\u00e4r v\u00e5ra produkter under v\u00e5r egen Woolskins-etikett.<\/p>\n<p>P\u00e5 s\u00e5 s\u00e4tt f\u00e5r du fortfarande den b\u00e4sta kvaliteten, men kombinerat med de snyggaste och unika produkterna och designerna.<\/p>\n<p>Kvaliteten p\u00e5 tygerna och f\u00e4rgerna f\u00f6rblir som de alltid har varit, men det finns nu ett st\u00f6rre urval som Woolskins tror kan utm\u00e4rka sig.<\/p>\n<p>V\u00e5r breda kollektion \u00e4r sammansatt p\u00e5 ett s\u00e5dant s\u00e4tt att de \u00e4r ett bra komplement till alla babyset, gjorda av 100% europeisk ull som andas och passar f\u00f6r varje s\u00e4song.<\/p>\n<p>Vi g\u00e5r entusiastiskt samman f\u00f6r att skapa en h\u00e5llbar, naturlig och mest bekv\u00e4m produkt f\u00f6r ditt barn.<\/p>","protected":false},"excerpt":{"rendered":"<p>Ditt barn kommer att sova underbart och dr\u00f6mma sig bort under denna bekv\u00e4ma spj\u00e4ls\u00e4ngsfilt av ull av 100% ull. Ullspj\u00e4ls\u00e4ngsfilten \u00e4r smidig och mycket mjuk och avslutas med en filts\u00f6m. De har ett vackert och lyxigt utseende och h\u00f6r hemma i varje babyset. Ullfiltarna andas och tar genast ditt barns temperatur. De har den perfekta storleken och vikten f\u00f6r att sova eller leka p\u00e5. Anv\u00e4nd den hemma eller p\u00e5 spr\u00e5ng f\u00f6r att h\u00e5lla ditt barn varmt. Filten passar alla \u00e5rstider och en perfekt present till en babyshower eller mammabes\u00f6k.<\/p>\n<p><strong>M\u00e4rke: Woolskins<\/strong><br \/>\n<strong>Produktion: Polen<\/strong><\/p>","protected":false},"featured_media":29659,"comment_status":"closed","ping_status":"closed","template":"","meta":{"_acf_changed":false},"product_brand":[],"product_cat":[361,360,363,364,499,196,318,194],"product_tag":[],"class_list":{"0":"post-29656","1":"product","2":"type-product","3":"status-publish","4":"has-post-thumbnail","6":"product_cat-babyshower","7":"product_cat-cadeautips","8":"product_cat-cadeaus-e25-e50","9":"product_cat-cadeaus-vanaf-e50","10":"product_cat-new-arrivals","11":"product_cat-slaapkleding-baby","12":"product_cat-wollen-wiegdeken-ledikantdeken","13":"product_cat-wollen-babyproducten","14":"pa_maat-75-x-100-cm","15":"pa_maat-90-x-130-cm","17":"first","18":"instock","19":"taxable","20":"shipping-taxable","21":"purchasable","22":"product-type-variable"},"acf":[],"_links":{"self":[{"href":"https:\/\/woolskins.eu\/sv\/wp-json\/wp\/v2\/product\/29656","targetHints":{"allow":["GET"]}}],"collection":[{"href":"https:\/\/woolskins.eu\/sv\/wp-json\/wp\/v2\/product"}],"about":[{"href":"https:\/\/woolskins.eu\/sv\/wp-json\/wp\/v2\/types\/product"}],"replies":[{"embeddable":true,"href":"https:\/\/woolskins.eu\/sv\/wp-json\/wp\/v2\/comments?post=29656"}],"wp:featuredmedia":[{"embeddable":true,"href":"https:\/\/woolskins.eu\/sv\/wp-json\/wp\/v2\/media\/29659"}],"wp:attachment":[{"href":"https:\/\/woolskins.eu\/sv\/wp-json\/wp\/v2\/media?parent=29656"}],"wp:term":[{"taxonomy":"product_brand","embeddable":true,"href":"https:\/\/woolskins.eu\/sv\/wp-json\/wp\/v2\/product_brand?post=29656"},{"taxonomy":"product_cat","embeddable":true,"href":"https:\/\/woolskins.eu\/sv\/wp-json\/wp\/v2\/product_cat?post=29656"},{"taxonomy":"product_tag","embeddable":true,"href":"https:\/\/woolskins.eu\/sv\/wp-json\/wp\/v2\/product_tag?post=29656"}],"curies":[{"name":"wp","href":"https:\/\/api.w.org\/{rel}","templated":true}]}}