{"id":28481,"date":"2026-01-08T09:59:09","date_gmt":"2026-01-08T09:59:09","guid":{"rendered":"https:\/\/woolskins.eu\/?post_type=product&#038;p=28481"},"modified":"2026-05-15T14:03:52","modified_gmt":"2026-05-15T14:03:52","slug":"schapenvacht-voor-baby-essential-medicinaal-kopie","status":"publish","type":"product","link":"https:\/\/woolskins.eu\/sv\/schapenvacht-voor-baby-essential-medicinaal-kopie\/","title":{"rendered":"F\u00e5rskinn f\u00f6r baby \u2013 Essential (medicinskt)"},"content":{"rendered":"<p class=\"brz-tp-lg-paragraph brz-fsft-lg-0 brz-fwdth-lg-100 brz-vfw-lg-400 brz-lh-lg-1_3 brz-ls-lg-0 brz-fw-lg-400 brz-fss-lg-px brz-fs-lg-16 brz-ft-google brz-ff-roboto brz-css-u0nq9\" data-generated-css=\"brz-css-wc8U_\" data-uniq-id=\"ywvFI\"><strong><span class=\"brz-cp-color7\">Hoe was ik dit product<\/span><\/strong><\/p>\n<p class=\"brz-tp-lg-paragraph brz-fsft-lg-0 brz-fwdth-lg-100 brz-vfw-lg-400 brz-lh-lg-1_3 brz-ls-lg-0 brz-fw-lg-400 brz-fss-lg-px brz-fs-lg-16 brz-ft-google brz-ff-roboto brz-css-u0nq9\" data-generated-css=\"brz-css-wc8U_\" data-uniq-id=\"ywvFI\"><span class=\"brz-cp-color7\">Wol is \u00e9\u00e9n van de meest bijzondere materialen die de natuur ons geeft. Het ademt, reguleert temperatuur en past zich aan het lichaam van je kindje aan. In de zomer houdt wol koel, in de winter juist behaaglijk warm<\/span><\/p>\n<p class=\"brz-tp-lg-paragraph brz-fsft-lg-0 brz-fwdth-lg-100 brz-vfw-lg-400 brz-lh-lg-1_3 brz-ls-lg-0 brz-fw-lg-400 brz-fss-lg-px brz-fs-lg-16 brz-ft-google brz-ff-roboto brz-css-jrs_t\" data-generated-css=\"brz-css-yPsqL\" data-uniq-id=\"skkYU\"><span class=\"brz-cp-color7\">Vad m\u00e5nga inte vet \u00e4r att ull \u00e4r ett naturligt <\/span><strong class=\"brz-cp-color7\">sj\u00e4lvreng\u00f6rande<\/strong><span class=\"brz-cp-color7\"> \u00e4r. Tack vare <\/span><strong class=\"brz-cp-color7\">lanolin<\/strong><span class=\"brz-cp-color7\"> - det naturliga ullfettet - st\u00f6ter bort smuts och bakterier. D\u00e4rf\u00f6r beh\u00f6ver ull tv\u00e4ttas mycket mer s\u00e4llan \u00e4n andra tyger. En snabb v\u00e4dring \u00e4r ofta tillr\u00e4ckligt f\u00f6r att h\u00e5lla den fr\u00e4sch. Det g\u00f6r att ull inte bara \u00e4r praktiskt, utan ocks\u00e5 h\u00e5llbart och sn\u00e4llt mot planeten.<\/span><\/p>\n<p class=\"brz-fsft-lg-0 brz-fwdth-lg-100 brz-vfw-lg-400 brz-lh-lg-1_8 brz-ls-lg-0 brz-fw-lg-400 brz-fss-lg-px brz-fs-lg-16 brz-ft-google brz-ff-roboto brz-tp-lg-empty brz-tp-xs-empty brz-fs-xs-16 brz-fss-xs-px brz-fw-xs-400 brz-ls-xs-0 brz-lh-xs-1_6 brz-vfw-xs-400 brz-fwdth-xs-100 brz-fsft-xs-0 brz-css-yQlCX\" data-generated-css=\"brz-css-tKxRR\" data-uniq-id=\"yEtCS\"><span class=\"brz-cp-color7\">Om du vill tv\u00e4tta din rock kan du <\/span><strong class=\"brz-cp-color7 brz-bold-true\">endast<\/strong><span class=\"brz-cp-color7\"> med v\u00e5ra <\/span><strong class=\"brz-cp-color7 brz-bold-true\">L\u00e4kemedel<\/strong><span class=\"brz-cp-color7\"> (gyllengula) rockar p\u00e5 30-graders ullfintv\u00e4ttprogram. Vi har ett speciellt ekologiskt ulltv\u00e4ttmedel med lanolin f\u00f6r detta \u00e4ndam\u00e5l. V\u00e5ra Medical Grade-p\u00e4lsar kan ocks\u00e5 torktumlas vid l\u00e5g temperatur. Tv\u00e4tt av p\u00e4lsarna \u00e4r ditt eget ansvar.<\/span><\/p>\n<p class=\"brz-tp-lg-paragraph brz-tp-xs-empty brz-fs-xs-16 brz-fss-xs-px brz-fw-xs-400 brz-ls-xs-0 brz-lh-xs-1_6 brz-vfw-xs-400 brz-fwdth-xs-100 brz-fsft-xs-0 brz-css-nvDyE\" data-generated-css=\"brz-css-efqOq\" data-uniq-id=\"t26CS\"><strong class=\"brz-cp-color7\">Tv\u00e4ttr\u00e5d:<\/strong><\/p>\n<ul>\n<li class=\"brz-tp-lg-paragraph brz-tp-xs-empty brz-fs-xs-16 brz-fss-xs-px brz-fw-xs-400 brz-ls-xs-0 brz-lh-xs-1_6 brz-vfw-xs-400 brz-fwdth-xs-100 brz-fsft-xs-0 brz-css-du3p1\" data-generated-css=\"brz-css-k5BvM\" data-uniq-id=\"nTHiT\"><span class=\"brz-cp-color7\">Plaats de vacht in de wasmachine met 50ml Eco Wool Wash in de zeeplade.<\/span><\/li>\n<li class=\"brz-tp-lg-paragraph brz-tp-xs-empty brz-fs-xs-16 brz-fss-xs-px brz-fw-xs-400 brz-ls-xs-0 brz-lh-xs-1_6 brz-vfw-xs-400 brz-fwdth-xs-100 brz-fsft-xs-0 brz-css-du3p1\" data-generated-css=\"brz-css-k5BvM\" data-uniq-id=\"nTHiT\">Was de vacht op 30 C wol\/fijnewasprogramma (korte cycles).<\/li>\n<li class=\"brz-tp-lg-paragraph brz-tp-xs-empty brz-fs-xs-16 brz-fss-xs-px brz-fw-xs-400 brz-ls-xs-0 brz-lh-xs-1_6 brz-vfw-xs-400 brz-fwdth-xs-100 brz-fsft-xs-0 brz-css-mWHSF\" data-generated-css=\"brz-css-n9J3I\" data-uniq-id=\"bf4wK\"><span class=\"brz-cp-color7\">Lig de vacht met de lederkant op een handdoek en rol deze op. Flink aandrukken zodat het resterende water zoveel mogelijk in de handdoek trekt. <\/span><\/li>\n<li class=\"brz-tp-lg-paragraph brz-tp-xs-empty brz-fs-xs-16 brz-fss-xs-px brz-fw-xs-400 brz-ls-xs-0 brz-lh-xs-1_6 brz-vfw-xs-400 brz-fwdth-xs-100 brz-fsft-xs-0 brz-css-rblxB\" data-generated-css=\"brz-css-yJIru\" data-uniq-id=\"x6HoK\"><span class=\"brz-cp-color7\">Nu de vacht laten drogen op een vlakke ondergrond of stop deze in de wasdroger op een lage \u2013 NIET HETE! \u2013 temperatuur. <\/span><\/li>\n<li class=\"brz-tp-lg-paragraph brz-tp-xs-empty brz-fs-xs-16 brz-fss-xs-px brz-fw-xs-400 brz-ls-xs-0 brz-lh-xs-1_6 brz-vfw-xs-400 brz-fwdth-xs-100 brz-fsft-xs-0 brz-css-qnT7L\" data-generated-css=\"brz-css-kmmFo\" data-uniq-id=\"dD6kw\"><span class=\"brz-cp-color7\">Laat de vacht hierna nog wat nadrogen en rek deze zachtjes in vorm. Daarna eventueel nog even naborstelen.<\/span><\/li>\n<li class=\"brz-tp-lg-paragraph brz-tp-xs-empty brz-fs-xs-16 brz-fss-xs-px brz-fw-xs-400 brz-ls-xs-0 brz-lh-xs-1_6 brz-vfw-xs-400 brz-fwdth-xs-100 brz-fsft-xs-0 brz-css-aACl7\" data-generated-css=\"brz-css-k46uV\" data-uniq-id=\"frAIr\"><span class=\"brz-cp-color7\">Efter tv\u00e4tt kan l\u00e4dersidan k\u00e4nnas lite styvare. Detta kommer att mjukna igen under anv\u00e4ndning.<\/span><\/li>\n<\/ul>\n<p class=\"brz-tp-lg-paragraph brz-tp-xs-empty brz-fs-xs-16 brz-fss-xs-px brz-fw-xs-400 brz-ls-xs-0 brz-lh-xs-1_6 brz-vfw-xs-400 brz-fwdth-xs-100 brz-fsft-xs-0 brz-css-lHmv2\" data-generated-css=\"brz-css-z1oli\" data-uniq-id=\"hVdVV\"><span class=\"brz-cp-color7\">Voor het wassen van wasbare schapenvachten gebruik je het beste onze &#8216;<\/span>Eco Wool Wash<span class=\"brz-cp-color7\"> wolwasmidde&#8217;l. Dit ecologisch wasmiddel, op basis van olijfolie, heeft een vethandhavende werking en bevat lanoline om de gezonde eigenschappen en soepelheid van de vacht te behouden. <\/span><\/p>\n<p data-generated-css=\"brz-css-z1oli\" data-uniq-id=\"hVdVV\"><strong>Over Woolskins<\/strong><\/p>\n<div id=\"\" class=\"brz-css-d-wrapper brz-css-1q73e7r brz-wrapper\">\n<div class=\"brz-rich-text brz-rich-text__custom brz-css-d-richtext brz-css-1d6pkzq\" data-brz-custom-id=\"jupwgglsfhzyptcsanqmqvyklnscuodjvwmx\">\n<div data-brz-translate-text=\"1\">\n<p class=\"brz-text-lg-center brz-tp-lg-empty brz-ff-montserrat brz-ft-google brz-fs-lg-38 brz-fss-lg-px brz-fw-lg-700 brz-ls-lg-0 brz-lh-lg-1_5 brz-vfw-lg-400 brz-fwdth-lg-100 brz-fsft-lg-0 brz-css-p4Ecm\" data-uniq-id=\"yGIY6\" data-generated-css=\"brz-css-ukNNR\"><strong class=\"brz-cp-color2,color1 brz-bold-true\">A <\/strong><strong class=\"brz-bold-true brz-cp-color1\">varmt v\u00e4lkommen<\/strong><strong class=\"brz-cp-color2,color1 brz-bold-true\"> f\u00f6r ditt barn. Med mjukheten hos <\/strong><strong class=\"brz-bold-true brz-cp-color1\">ren ull<\/strong><strong class=\"brz-cp-color2,color1 brz-bold-true\">.<\/strong><\/p>\n<\/div>\n<\/div>\n<\/div>\n<div class=\"brz-row__container brz-css-d-row-row brz-css-mojfdd\" data-brz-custom-id=\"izkcgzgcoxikudcjaitolvdjemwwjfjwmzhe\">\n<div class=\"brz-row brz-css-d-row-container brz-css-r-row-container brz-css-ib68py\">\n<div class=\"brz-columns brz-css-d-column-column brz-css-1qopiwf\" data-brz-custom-id=\"uvkvjkmiksjiaibgwqtwgupxmagynoisygdo\">\n<div class=\"brz-column__items brz-css-d-column-bg brz-css-7my0ep\">\n<div id=\"\" class=\"brz-css-d-wrapper brz-css-1d0eh3h brz-wrapper\">\n<div class=\"brz-rich-text brz-rich-text__custom brz-css-d-richtext brz-css-zx8jyn\" data-brz-custom-id=\"jrjzqcvxnmacbjfxvwzvikkcvtgqeajnwtgb\">\n<div data-brz-translate-text=\"1\">\n<p class=\"brz-tp-lg-paragraph brz-css-dQqvA\" data-generated-css=\"brz-css-nBkEi\" data-uniq-id=\"rWVq8\"><span class=\"brz-cp-color2\">Bij Woolskins geloven we in de kracht van puur natuur. Wij ontwerpen en maken stijlvolle, zachte en duurzame producten van 100% wol, speciaal voor de allerkleinsten. Onze Woolskins collectie wordt door ons zelf ontworpen en met zorg geproduceerd in Europa, met de fijnste en beste kwaliteit wol. We kiezen bewust voor lokale productie.<\/span><\/p>\n<\/div>\n<\/div>\n<\/div>\n<\/div>\n<\/div>\n<div class=\"brz-columns brz-css-d-column-column brz-css-x2esfi\" data-brz-custom-id=\"uqqeozovlhnlhefkbitgoaexdggddjaxgxkk\">\n<div class=\"brz-column__items brz-css-d-column-bg brz-css-zxf4qj\">\n<div id=\"\" class=\"brz-css-d-wrapper brz-css-x9dw1i brz-wrapper\">\n<div class=\"brz-rich-text brz-rich-text__custom brz-css-d-richtext brz-css-14v53ti\" data-brz-custom-id=\"lruhgsvewnqbmociwgpszryazljsymitwfxv\">\n<div data-brz-translate-text=\"1\">\n<p class=\"brz-tp-lg-paragraph brz-css-g2dNo\" data-generated-css=\"brz-css-cCUyh\" data-uniq-id=\"hawxE\"><span class=\"brz-cp-color2\">med naturliga och h\u00e5llbara material. P\u00e5 s\u00e5 s\u00e4tt garanterar vi inte bara kvalitet och mjukhet, utan ocks\u00e5 en \u00e4rlig och ansvarsfull produkt. Woolskins omsluter ditt barn med mjukheten fr\u00e5n den rena naturen, designad med k\u00e4rlek och omsorg. F\u00f6r en s\u00e4ker, naturlig och bekv\u00e4m start i livet.<\/span><\/p>\n<\/div>\n<\/div>\n<\/div>\n<\/div>\n<\/div>\n<\/div>\n<\/div>","protected":false},"excerpt":{"rendered":"<h6>Eco Baby-Care f\u00e5rskinn Essential \u2013 Medicinskt<\/h6>\n<p data-start=\"1588\" data-end=\"1903\">Geef je baby een veilig en geborgen gevoel met deze medicinale schapenvacht van Woolskins. De vacht is afkomstig van Europese schapen en wordt volledig binnen de EU gelooid volgens strenge richtlijnen. Dankzij de natuurlijke wol en aanwezige lanoline voelt de vacht uitzonderlijk zacht aan op de gevoelige babyhuid.<\/p>\n<p data-start=\"1905\" data-end=\"2165\">De ademende en temperatuurregulerende eigenschappen helpen je kindje warm te blijven in de winter en juist koel in de zomer. Geschikt voor gebruik in de wieg, box of op de vloer. Duurzaam geproduceerd, onderhoudsvriendelijk en ontworpen voor dagelijks comfort.<\/p>\n<p data-start=\"207\" data-end=\"258\"><strong>Producteigenschappen<\/strong><\/p>\n<ul>\n<li data-start=\"260\" data-end=\"316\">\n<p data-start=\"262\" data-end=\"316\"><strong data-start=\"262\" data-end=\"275\">Herkomst:<\/strong> Schapenvacht uit de EU, gelooid in de EU<\/p>\n<\/li>\n<li data-start=\"317\" data-end=\"356\">\n<p data-start=\"319\" data-end=\"356\"><strong data-start=\"319\" data-end=\"333\">Materiaal:<\/strong> 100% naturlig ull<\/p>\n<\/li>\n<li data-start=\"357\" data-end=\"426\">\n<p data-start=\"359\" data-end=\"426\"><strong data-start=\"359\" data-end=\"379\">Hudv\u00e4nlig:<\/strong> Zacht en geschikt voor de gevoelige babyhuid<\/p>\n<\/li>\n<li data-start=\"427\" data-end=\"495\">\n<p data-start=\"429\" data-end=\"495\"><strong data-start=\"429\" data-end=\"455\">Temperatuurregulerend:<\/strong> Houdt warm bij kou en koel bij warmte<\/p>\n<\/li>\n<li data-start=\"496\" data-end=\"551\">\n<p data-start=\"498\" data-end=\"551\"><strong data-start=\"498\" data-end=\"510\">Ademend:<\/strong> Voorkomt oververhitting en klam gevoel<\/p>\n<\/li>\n<li data-start=\"552\" data-end=\"606\">\n<p data-start=\"554\" data-end=\"606\"><strong data-start=\"554\" data-end=\"566\">Anv\u00e4ndande:<\/strong> Geschikt voor wieg, box of speelvloer<\/p>\n<\/li>\n<li data-start=\"607\" data-end=\"669\">\n<p data-start=\"609\" data-end=\"669\"><strong data-start=\"609\" data-end=\"621\">Komfort:<\/strong> Rustgevend en zacht om op te liggen of spelen<\/p>\n<\/li>\n<li data-start=\"670\" data-end=\"721\">\n<p data-start=\"672\" data-end=\"721\"><strong data-start=\"672\" data-end=\"685\">H\u00e5llbar:<\/strong> Hoogwaardige schapenvacht die lang meegaat<\/p>\n<\/li>\n<li data-start=\"722\" data-end=\"809\">\n<p data-start=\"724\" data-end=\"809\"><strong data-start=\"724\" data-end=\"738\">Onderhoud:<\/strong> Onderhoudsvriendelijk; regelmatig luchten en borstelen, machine wasbaar<\/p>\n<\/li>\n<\/ul>\n<p data-start=\"207\" data-end=\"258\"><strong>Maten\/afmetingen<\/strong><\/p>\n<ul>\n<li data-start=\"260\" data-end=\"316\">\n<p data-start=\"262\" data-end=\"316\">90\/100cm (diagonaal gemeten) &#8211; <strong>Vachtlengte<\/strong> 3cm<\/p>\n<\/li>\n<\/ul>\n<p class=\"Text4179662635__root Text4179662635---typography-11-runningText Text4179662635---priority-7-primary s8gg2 _2UIKs InfoSectionTitle3095652555__root\" aria-hidden=\"false\" data-hook=\"info-section-title\"><strong>Mags\u00f6mnarna... notera!<\/strong><\/p>\n<div class=\"rah-static rah-static--height-auto\" aria-hidden=\"false\">\n<div class=\"_1yvxJ fggS- cell\">\n<div class=\"WncCi NTPd3\" data-hook=\"info-section-description\">\n<p>Barn som sover p\u00e5 mage de f\u00f6rsta 12 m\u00e5naderna b\u00f6r av s\u00e4kerhetssk\u00e4l inte sova p\u00e5 n\u00e5got mjukt, eftersom det kan vara farligt. Vi rekommenderar d\u00e4rf\u00f6r att anv\u00e4nda Woolskins-kappan klokt! Var alltid uppm\u00e4rksam n\u00e4r ditt barn ligger eller sover p\u00e5 mage och se till att ditt barn alltid \u00e4r under uppsikt.<\/p>\n<\/div>\n<\/div>\n<\/div>\n<p><strong>M\u00e4rke: Woolskins<\/strong><br \/>\n<strong>Productieland: Polen<\/strong><\/p>\n<p class=\"_2tV5m fggS- cell\"><strong>Eigenschapen Essential (medicinale) schapenvacht<\/strong><\/p>\n<div class=\"rah-static rah-static--height-auto\" aria-hidden=\"false\">\n<div class=\"_1yvxJ fggS- cell\">\n<div class=\"WncCi NTPd3\" data-hook=\"info-section-description\">\n<p data-start=\"0\" data-end=\"393\">Dit schapenvachtje is<strong> Onze Tip!<\/strong> Detta <strong data-start=\"4\" data-end=\"31\">medicinale schapenvacht<\/strong> is een zorgvuldig geselecteerde en medicinaal gelooide schapenvacht waardoor alle goede en gezonde eigenschapen in de vacht zoveel mogelijk bewaard blijven, speciaal geschikt voor baby\u2019s en mensen met een gevoelige huid. Deze Baby-Care schapenvacht is afkomstig van het <strong data-start=\"219\" data-end=\"237\">Engelse schaap<\/strong> en heeft een <strong data-start=\"251\" data-end=\"288\">zeer zachte en compacte structuur<\/strong>. De wolvezels zijn ademend en werken temperatuurregulerend: <strong data-start=\"349\" data-end=\"390\">koel in de zomer en warm in de winter<\/strong>.<\/p>\n<p data-start=\"395\" data-end=\"579\">Door de manier van looien (medicinaal) zit de vacht <strong data-start=\"419\" data-end=\"435\">vol lanoline<\/strong>, een wolvet met vele <strong data-start=\"457\" data-end=\"491\">goede en gezonde eigenschappen<\/strong>. Lanoline werkt huidverzorgend, beschermend, is anti-bacterie\u00ebl en helpt de vacht vuilafstotend te maken.<\/p>\n<p data-start=\"581\" data-end=\"838\" data-is-last-node=\"\" data-is-only-node=\"\">De medicinale schapenvacht is <strong data-start=\"600\" data-end=\"611\">wasbaar<\/strong>, maar let op, <strong data-start=\"618\" data-end=\"666\">wassen is voor het eerste gebruik echt niet nodig<\/strong>. Dankzij de natuurlijke antibacterie\u00eble eigenschappen hoeft de vacht <strong data-start=\"728\" data-end=\"783\">alleen gewassen te worden wanneer deze zeer vies is<\/strong> en niet meer schoon te maken is met bijvoorbeeld een <strong data-start=\"824\" data-end=\"837\">washandje<\/strong>. Buiten laten luchten en bortselen volstaat vaak om de vacht lang mooi te houden.<\/p>\n<\/div>\n<\/div>\n<\/div>\n<p data-start=\"178\" data-end=\"210\"><strong>Eco Friendly &amp; 100% Europees<\/strong><\/p>\n<p data-start=\"212\" data-end=\"416\">Onze schapenvachten komen van Europese schapen en worden volledig in de EU gelooid en verwerkt en voldoen aan de strengste EU-richtlijnen.<\/p>\n<ul data-start=\"418\" data-end=\"721\">\n<li data-start=\"418\" data-end=\"530\">\n<p data-start=\"420\" data-end=\"530\"><strong data-start=\"420\" data-end=\"442\">Veilig &amp; duurzaam:<\/strong> Geen AZO-kleurstoffen, biologisch afbreekbaar en veilig voor kinderen en volwassenen.<\/p>\n<\/li>\n<li data-start=\"531\" data-end=\"644\">\n<p data-start=\"533\" data-end=\"644\"><strong data-start=\"533\" data-end=\"549\">REACH-proof:<\/strong> Onze productie volgt de EU REACH-voorschriften voor maximale bescherming van mens en milieu.<\/p>\n<\/li>\n<li data-start=\"645\" data-end=\"721\">\n<p data-start=\"647\" data-end=\"721\"><strong data-start=\"647\" data-end=\"663\">Dierwelzijn:<\/strong> Geen Mulesing \u2013 dit is bij Europese schapen niet nodig.<\/p>\n<\/li>\n<\/ul>\n<p data-start=\"723\" data-end=\"862\">Met Woolskins kies je voor een echt Europees, duurzaam en kwalitatief hoog schapenvachtje voor je kindje.<\/p>\n<div class=\"rah-static rah-static--height-auto\" aria-hidden=\"false\">\n<div class=\"_1yvxJ fggS- cell\">\n<div class=\"WncCi NTPd3\" data-hook=\"info-section-description\">\n<p>Lees hieronder meer&#8230;<\/p>\n<\/div>\n<\/div>\n<\/div>","protected":false},"featured_media":10531,"comment_status":"closed","ping_status":"closed","template":"","meta":{"_acf_changed":false},"product_brand":[],"product_cat":[545,360,364,216,354],"product_tag":[],"class_list":{"0":"post-28481","1":"product","2":"type-product","3":"status-publish","4":"has-post-thumbnail","6":"product_cat-best_verkocht","7":"product_cat-cadeautips","8":"product_cat-cadeaus-vanaf-e50","9":"product_cat-schapenvacht-voor-baby","10":"product_cat-woolskins","12":"first","13":"instock","14":"sale","15":"taxable","16":"shipping-taxable","17":"purchasable","18":"product-type-variable","19":"has-default-attributes"},"acf":[],"_links":{"self":[{"href":"https:\/\/woolskins.eu\/sv\/wp-json\/wp\/v2\/product\/28481","targetHints":{"allow":["GET"]}}],"collection":[{"href":"https:\/\/woolskins.eu\/sv\/wp-json\/wp\/v2\/product"}],"about":[{"href":"https:\/\/woolskins.eu\/sv\/wp-json\/wp\/v2\/types\/product"}],"replies":[{"embeddable":true,"href":"https:\/\/woolskins.eu\/sv\/wp-json\/wp\/v2\/comments?post=28481"}],"wp:featuredmedia":[{"embeddable":true,"href":"https:\/\/woolskins.eu\/sv\/wp-json\/wp\/v2\/media\/10531"}],"wp:attachment":[{"href":"https:\/\/woolskins.eu\/sv\/wp-json\/wp\/v2\/media?parent=28481"}],"wp:term":[{"taxonomy":"product_brand","embeddable":true,"href":"https:\/\/woolskins.eu\/sv\/wp-json\/wp\/v2\/product_brand?post=28481"},{"taxonomy":"product_cat","embeddable":true,"href":"https:\/\/woolskins.eu\/sv\/wp-json\/wp\/v2\/product_cat?post=28481"},{"taxonomy":"product_tag","embeddable":true,"href":"https:\/\/woolskins.eu\/sv\/wp-json\/wp\/v2\/product_tag?post=28481"}],"curies":[{"name":"wp","href":"https:\/\/api.w.org\/{rel}","templated":true}]}}