{"id":27939,"date":"2025-12-05T11:47:31","date_gmt":"2025-12-05T11:47:31","guid":{"rendered":"https:\/\/woolskins.eu\/?post_type=product&#038;p=27939"},"modified":"2026-03-13T13:55:59","modified_gmt":"2026-03-13T13:55:59","slug":"schapenvacht-voor-baby-natural-spotted-special-edition","status":"publish","type":"product","link":"https:\/\/woolskins.eu\/sv\/schapenvacht-voor-baby-natural-spotted-special-edition\/","title":{"rendered":"Schapenvacht voor baby &#8211; Natural Spotted Special Edition"},"content":{"rendered":"<p>Woolskins Baby-Care f\u00e5rskinn har en kortare p\u00e4ls, vilket g\u00f6r dem babys\u00e4kra. De \u00e4r l\u00e4mpliga fr\u00e5n f\u00f6dseln och eftersom deras bearbetning tar h\u00e4nsyn till milj\u00f6n skyddar de b\u00e5de de sm\u00e5 och planeten. Hemma eller p\u00e5 v\u00e4gen skapar du en bekv\u00e4m milj\u00f6 d\u00e4r ditt barn k\u00e4nner sig glad och avslappnad. Visste du att f\u00e5rskinn ocks\u00e5 \u00e4r h\u00e4lsosamt f\u00f6r ditt barn?<\/p>\n<p>\u2013 L\u00e4ngd 90-100cm \/ p\u00e4ls 3cm.<br \/>\n\u2013 Mjuk och kompakt p\u00e4ls.<br \/>\n&#8211; <span style=\"color: #000000;\"><strong>INTE<\/strong> <\/span>maskintv\u00e4ttbar &amp; torkbar.<br \/>\n- L\u00e4tt att underh\u00e5lla.<\/p>\n<p>Best\u00e4ll en underh\u00e5llsborste f\u00f6r att h\u00e5lla din p\u00e4ls vacker under l\u00e5ng tid och\/eller f\u00e5 din p\u00e4ls personlig med f\u00f6delsedetaljerna om ditt\/barnet. En vacker och unik present, exklusivt tillg\u00e4nglig hos Woolskins. Standard &quot;presentf\u00e4rdig&quot; f\u00f6rpackad med en personlig lapp.<\/p>\n<p><strong>Egenskaper Comfort F\u00e5rskinn<\/strong><\/p>\n<p>Detta Baby-Care f\u00e5rskinn kommer fr\u00e5n engelska f\u00e5r. Det \u00e4r en v\u00e4ldigt mjuk och vackert kompakt p\u00e4ls. Den h\u00e4r Comfort-kappan \u00e4r &quot;det&quot; f\u00e5rskinn vi k\u00e4nner fr\u00e5n f\u00f6rr, vi har bara klippt det till en kort l\u00e4ngd. V\u00e4ldigt s\u00e4ker. Liksom alla v\u00e5ra andra rockar andas ullfibrer. Detta hj\u00e4lper ditt barn att h\u00e5lla en stabil temperatur och h\u00e5ller ditt barn torrt och bekv\u00e4mt. Sval p\u00e5 sommaren och varm p\u00e5 vintern.<\/p>\n<p><strong>Milj\u00f6v\u00e4nlig<\/strong><\/p>\n<p>Alla produkter som anv\u00e4nds vid garvning och efterbehandling uppfyller v\u00e4sentliga EU-direktiv som r\u00f6r bevarande och skydd av milj\u00f6n.<\/p>\n<p>V\u00e5ra fleece \u00e4r garvade i enlighet med REACH-reglerna, som antogs f\u00f6r att f\u00f6rb\u00e4ttra skyddet av m\u00e4nniskors h\u00e4lsa och milj\u00f6n mot de risker som kemikalier kan utg\u00f6ra, samtidigt som EU:s kemiska industris konkurrenskraft \u00f6kar. Inga AZO-f\u00e4rg\u00e4mnen anv\u00e4nds i produktionen.<\/p>\n<p>EKOPRODUKTER \u2013 skinn \u00e4r milj\u00f6v\u00e4nliga skinn, deras bearbetning och behandling \u00e4r s\u00e4kra f\u00f6r vuxna och barn. Hudar \u00e4r biologiskt nedbrytbara, ekologiska.<\/p>\n<p>Woolskins s\u00e4ljer inte f\u00e5rfleece som Mulesing har applicerats p\u00e5! Mulesing anv\u00e4nds inte p\u00e5 europeiska f\u00e5r eftersom parasiten som f\u00e5r b\u00f6nder att anv\u00e4nda Mulesing inte f\u00f6rekommer i Europa.<\/p>\n<p><strong>Mags\u00f6mnarna... notera!<\/strong><\/p>\n<p>Barn som sover p\u00e5 mage de f\u00f6rsta 12 m\u00e5naderna b\u00f6r av s\u00e4kerhetssk\u00e4l inte sova p\u00e5 n\u00e5got mjukt, eftersom det kan vara farligt. Vi rekommenderar d\u00e4rf\u00f6r att anv\u00e4nda Woolskins-kappan klokt! Var alltid uppm\u00e4rksam n\u00e4r ditt barn ligger eller sover p\u00e5 mage och se till att ditt barn alltid \u00e4r under uppsikt.<\/p>","protected":false},"excerpt":{"rendered":"<p data-start=\"88\" data-end=\"161\"><strong data-start=\"88\" data-end=\"161\">Zacht, natuurlijk en exclusief schapenvachtje voor baby\u2019s \u2013 Woolskins<\/strong><\/p>\n<p data-start=\"163\" data-end=\"496\">Geef je kindje het allerbeste met dit hoogwaardige schapenvachtje van Woolskins. Deze <strong data-start=\"249\" data-end=\"277\">zeer gelimiteerde oplage<\/strong> bestaat uit <strong data-start=\"290\" data-end=\"329\">puur natuurlijke, gevlekte vachtjes<\/strong> \u2013 volledig <strong data-start=\"341\" data-end=\"354\">ongeverfd<\/strong>, in tegenstelling tot wat je vaak ziet bij collega-merken. Door het natuurlijke patroon is <strong data-start=\"446\" data-end=\"474\">ieder vachtje \u00e9cht uniek<\/strong> in kleur en tekening.\u00a0De vachten zijn afkomstig van <strong data-start=\"528\" data-end=\"548\">Europese schapen<\/strong> en worden ook <strong data-start=\"563\" data-end=\"584\">in Europa gelooid<\/strong> volgens hoge ecologische normen. Het vachtje is perfect te gebruiken als zacht, comfortabel oppervlak in de wieg, box of op de vloer.\u00a0De natuurlijke wol werkt temperatuurregulerend, ondersteunt een gezonde lichaamstemperatuur en is zacht voor de gevoelige babyhuid. Bovendien heeft het een rustgevend en omhullend effect, waardoor je kindje zich ontspannen voelt tijdens zowel spel- als rustmomenten.\u00a0Duurzaam, onderhoudsvriendelijk en extra bijzonder dankzij het unieke, natuurlijke karakter van elke vacht. Meer informatie lees je bij <em data-start=\"1124\" data-end=\"1143\">productinformatie<\/em> hieronder.<\/p>\n<p><strong>M\u00e4rke: Woolskins<\/strong><br \/>\n<strong>Land: Polen<\/strong><\/p>","protected":false},"featured_media":29949,"comment_status":"closed","ping_status":"closed","template":"","meta":{"_acf_changed":false},"product_brand":[],"product_cat":[361,360,364,499,216,354],"product_tag":[],"class_list":{"0":"post-27939","1":"product","2":"type-product","3":"status-publish","4":"has-post-thumbnail","6":"product_cat-babyshower","7":"product_cat-cadeautips","8":"product_cat-cadeaus-vanaf-e50","9":"product_cat-new-arrivals","10":"product_cat-schapenvacht-voor-baby","11":"product_cat-woolskins","13":"first","14":"instock","15":"taxable","16":"shipping-taxable","17":"purchasable","18":"product-type-variable","19":"has-default-attributes"},"acf":[],"_links":{"self":[{"href":"https:\/\/woolskins.eu\/sv\/wp-json\/wp\/v2\/product\/27939","targetHints":{"allow":["GET"]}}],"collection":[{"href":"https:\/\/woolskins.eu\/sv\/wp-json\/wp\/v2\/product"}],"about":[{"href":"https:\/\/woolskins.eu\/sv\/wp-json\/wp\/v2\/types\/product"}],"replies":[{"embeddable":true,"href":"https:\/\/woolskins.eu\/sv\/wp-json\/wp\/v2\/comments?post=27939"}],"wp:featuredmedia":[{"embeddable":true,"href":"https:\/\/woolskins.eu\/sv\/wp-json\/wp\/v2\/media\/29949"}],"wp:attachment":[{"href":"https:\/\/woolskins.eu\/sv\/wp-json\/wp\/v2\/media?parent=27939"}],"wp:term":[{"taxonomy":"product_brand","embeddable":true,"href":"https:\/\/woolskins.eu\/sv\/wp-json\/wp\/v2\/product_brand?post=27939"},{"taxonomy":"product_cat","embeddable":true,"href":"https:\/\/woolskins.eu\/sv\/wp-json\/wp\/v2\/product_cat?post=27939"},{"taxonomy":"product_tag","embeddable":true,"href":"https:\/\/woolskins.eu\/sv\/wp-json\/wp\/v2\/product_tag?post=27939"}],"curies":[{"name":"wp","href":"https:\/\/api.w.org\/{rel}","templated":true}]}}