{"id":27924,"date":"2025-12-05T10:53:46","date_gmt":"2025-12-05T10:53:46","guid":{"rendered":"https:\/\/woolskins.eu\/?post_type=product&#038;p=27924"},"modified":"2026-03-13T12:49:14","modified_gmt":"2026-03-13T12:49:14","slug":"schapenvacht-voor-kinderwagen-natural-spotted-special-edition","status":"publish","type":"product","link":"https:\/\/woolskins.eu\/sv\/schapenvacht-voor-kinderwagen-natural-spotted-special-edition\/","title":{"rendered":"Schapenvacht voor Kinderwagen &#8211; Natural Spotted Special Edition"},"content":{"rendered":"<p>Detta Eco Baby-Care lammskinn \u00e4r speciellt tillskuret f\u00f6r anv\u00e4ndning i vagnen, vaggan, bilbarnstolen eller Moses-korgen. Mycket bekv\u00e4mt f\u00f6r p\u00e5 resan och hemma. Perfekt f\u00f6r l\u00e5nga semesterresor till varma l\u00e4nder. Det \u00e4r extremt bekv\u00e4mt eftersom det andas och omedelbart absorberar svett utan att k\u00e4nnas bl\u00f6tt\/klibbigt f\u00f6r ditt barn.<\/p>\n<p>\u2013 M\u00e5tt 75 x 45 cm, p\u00e4ls 2 cm.<br \/>\n\u2013 Sk\u00e5ror f\u00f6r s\u00e4kerhetsband 3 &amp; 5 punkter.<br \/>\n\u2013 Mjuk och kompakt p\u00e4ls.<br \/>\n\u2013 <strong>INTE<\/strong> Hand- och maskintv\u00e4ttbar och torkbar.<br \/>\n- L\u00e4tt att underh\u00e5lla.<\/p>\n<h5><b>Res bekv\u00e4mt<\/b><\/h5>\n<p>Ullfibrer andas och har egenskapen att fungera som en naturlig termostat som reglerar kroppstemperaturen? Detta hj\u00e4lper ditt barn att h\u00e5lla en stabil temperatur och h\u00e5ller ditt barn torrt och bekv\u00e4mt. Den g\u00f6r detta &quot;dynamiskt&quot;, vilket betyder att det h\u00e4nder n\u00e4r det beh\u00f6vs och inte n\u00e4r det inte beh\u00f6vs. Varmt p\u00e5 vintern och svalt p\u00e5 sommaren.<\/p>\n<p>Woolskins Baby-Care-rockar har en kortare p\u00e4ls, vilket g\u00f6r dem babys\u00e4kra. De \u00e4r l\u00e4mpliga fr\u00e5n f\u00f6dseln och eftersom deras bearbetning tar h\u00e4nsyn till milj\u00f6n skyddar de b\u00e5de de sm\u00e5 och planeten. Hemma eller p\u00e5 v\u00e4gen skapar du en bekv\u00e4m milj\u00f6 d\u00e4r ditt barn k\u00e4nner sig glad och avslappnad. Standard &quot;presentf\u00e4rdig&quot; f\u00f6rpackad med en personlig lapp.<\/p>\n<h5><strong>Egenskaper Comfort F\u00e5rskinn<\/strong><\/h5>\n<p>Detta Baby-Care f\u00e5rskinn kommer fr\u00e5n engelska f\u00e5r. Det \u00e4r en v\u00e4ldigt mjuk och vackert kompakt p\u00e4ls. Den h\u00e4r Comfort-kappan \u00e4r &quot;det&quot; f\u00e5rskinn vi k\u00e4nner fr\u00e5n f\u00f6rr, vi har bara klippt det till en kort l\u00e4ngd. V\u00e4ldigt s\u00e4ker. Liksom alla v\u00e5ra andra rockar andas ullfibrer. Detta hj\u00e4lper ditt barn att h\u00e5lla en stabil temperatur och h\u00e5ller ditt barn torrt och bekv\u00e4mt. Sval p\u00e5 sommaren och varm p\u00e5 vintern.<\/p>\n<h5><b>Milj\u00f6v\u00e4nlig<\/b><\/h5>\n<p>Alla produkter som anv\u00e4nds vid garvning och efterbehandling uppfyller v\u00e4sentliga EU-direktiv som r\u00f6r bevarande och skydd av milj\u00f6n.<\/p>\n<p>V\u00e5ra fleece \u00e4r garvade i enlighet med REACH-reglerna, som antogs f\u00f6r att f\u00f6rb\u00e4ttra skyddet av m\u00e4nniskors h\u00e4lsa och milj\u00f6n mot de risker som kemikalier kan utg\u00f6ra, samtidigt som EU:s kemiska industris konkurrenskraft \u00f6kar. Inga AZO-f\u00e4rg\u00e4mnen anv\u00e4nds i produktionen.<\/p>\n<p>EKOPRODUKTER \u2013 skinn \u00e4r milj\u00f6v\u00e4nliga skinn, deras bearbetning och behandling \u00e4r s\u00e4kra f\u00f6r vuxna och barn. Hudar \u00e4r biologiskt nedbrytbara, ekologiska.<\/p>\n<p>Woolskins s\u00e4ljer inte f\u00e5rfleece som Mulesing har applicerats p\u00e5! Mulesing anv\u00e4nds inte p\u00e5 europeiska f\u00e5r eftersom parasiten som f\u00e5r b\u00f6nder att anv\u00e4nda Mulesing inte f\u00f6rekommer i Europa.<\/p>\n<h5><b>Mags\u00f6mnarna... notera!<\/b><\/h5>\n<p>Barn som sover p\u00e5 mage de f\u00f6rsta 12 m\u00e5naderna b\u00f6r av s\u00e4kerhetssk\u00e4l inte sova p\u00e5 n\u00e5got mjukt, eftersom det kan vara farligt. Vi rekommenderar d\u00e4rf\u00f6r att anv\u00e4nda Woolskins-kappan klokt! Var alltid uppm\u00e4rksam n\u00e4r ditt barn ligger eller sover p\u00e5 mage och se till att ditt barn alltid \u00e4r under uppsikt.<\/p>","protected":false},"excerpt":{"rendered":"<p data-start=\"91\" data-end=\"164\"><strong data-start=\"91\" data-end=\"164\">Zacht, natuurlijk en exclusief schapenvachtje voor baby\u2019s \u2013 Woolskins<\/strong><\/p>\n<p data-start=\"166\" data-end=\"501\">Geef je kindje het allerbeste met dit hoogwaardige schapenvachtje van Woolskins. Deze <strong data-start=\"252\" data-end=\"280\">zeer gelimiteerde oplage<\/strong> is gemaakt van <strong data-start=\"296\" data-end=\"335\">puur natuurlijke, gevlekte vachtjes<\/strong> \u2013 dus <strong data-start=\"342\" data-end=\"358\">niet geverfd<\/strong>, zoals je vaak ziet bij collega-merken. Doordat de vachtjes volledig naturel zijn, is <strong data-start=\"445\" data-end=\"479\">ieder exemplaar absoluut uniek<\/strong> in kleur en tekening.<\/p>\n<p data-start=\"503\" data-end=\"857\">Alle vachten zijn afkomstig van <strong data-start=\"535\" data-end=\"555\">Europese schapen<\/strong> en worden ook <strong data-start=\"570\" data-end=\"591\">in Europa gelooid<\/strong> volgens hoge ecologische standaarden. Het vachtje is veilig kort geschoren voor baby\u2019s en ideaal voor gebruik in de kinderwagen, Maxi-Cosi of Mosesmand. Dankzij de handige openingen voor de 5-puntsgordel zet je je kindje veilig vast zonder in te leveren op comfort.<\/p>\n<p data-start=\"859\" data-end=\"1109\">De natuurlijke wol werkt temperatuurregulerend en is hypoallergeen, waardoor het zacht en veilig is voor de gevoelige babyhuid. Daarnaast heeft het een rustgevend, omhullend effect, waardoor je kindje zich ontspannen voelt \u2013 zowel onderweg als thuis.<\/p>\n<p data-start=\"1111\" data-end=\"1267\">Duurzaam, onderhoudsvriendelijk en extra bijzonder doordat <strong data-start=\"1170\" data-end=\"1205\">geen enkel vachtje hetzelfde is<\/strong>. Meer informatie lees je onder <em data-start=\"1237\" data-end=\"1256\">productinformatie<\/em> hieronder.<\/p>\n<p><strong>M\u00e4rke: Woolskins<\/strong><br \/>\n<strong>Land: Polen<\/strong><\/p>","protected":false},"featured_media":27933,"comment_status":"closed","ping_status":"closed","template":"","meta":{"_acf_changed":false},"product_brand":[],"product_cat":[499,222,354],"product_tag":[372],"class_list":{"0":"post-27924","1":"product","2":"type-product","3":"status-publish","4":"has-post-thumbnail","6":"product_cat-new-arrivals","7":"product_cat-buggy-schapenvachtjes","8":"product_cat-woolskins","9":"product_tag-populair","11":"first","12":"instock","13":"taxable","14":"shipping-taxable","15":"purchasable","16":"product-type-variable","17":"has-default-attributes"},"acf":[],"_links":{"self":[{"href":"https:\/\/woolskins.eu\/sv\/wp-json\/wp\/v2\/product\/27924","targetHints":{"allow":["GET"]}}],"collection":[{"href":"https:\/\/woolskins.eu\/sv\/wp-json\/wp\/v2\/product"}],"about":[{"href":"https:\/\/woolskins.eu\/sv\/wp-json\/wp\/v2\/types\/product"}],"replies":[{"embeddable":true,"href":"https:\/\/woolskins.eu\/sv\/wp-json\/wp\/v2\/comments?post=27924"}],"wp:featuredmedia":[{"embeddable":true,"href":"https:\/\/woolskins.eu\/sv\/wp-json\/wp\/v2\/media\/27933"}],"wp:attachment":[{"href":"https:\/\/woolskins.eu\/sv\/wp-json\/wp\/v2\/media?parent=27924"}],"wp:term":[{"taxonomy":"product_brand","embeddable":true,"href":"https:\/\/woolskins.eu\/sv\/wp-json\/wp\/v2\/product_brand?post=27924"},{"taxonomy":"product_cat","embeddable":true,"href":"https:\/\/woolskins.eu\/sv\/wp-json\/wp\/v2\/product_cat?post=27924"},{"taxonomy":"product_tag","embeddable":true,"href":"https:\/\/woolskins.eu\/sv\/wp-json\/wp\/v2\/product_tag?post=27924"}],"curies":[{"name":"wp","href":"https:\/\/api.w.org\/{rel}","templated":true}]}}