{"id":27863,"date":"2025-12-02T12:24:53","date_gmt":"2025-12-02T12:24:53","guid":{"rendered":"https:\/\/woolskins.eu\/?post_type=product&#038;p=27863"},"modified":"2026-05-11T08:57:46","modified_gmt":"2026-05-11T08:57:46","slug":"wollen-babymuts-tulip-newborn-zaffiro-teddy-amandel","status":"publish","type":"product","link":"https:\/\/woolskins.eu\/sv\/wollen-babymuts-tulip-newborn-zaffiro-teddy-amandel\/","title":{"rendered":"Wollen babymuts &#8216;Tulip&#8217; Newborn &#8211; Zaffiro | Teddy Amandel"},"content":{"rendered":"<p>Zaffiro Wool \u2018Tulip\u2019 Baby Hat kommer att h\u00e5lla ditt barn underbart varmt. Denna snygga babym\u00f6ssa fr\u00e5n varum\u00e4rket Zaffiro \u00e4r tillverkad av mjuk, h\u00f6gkvalitativ lammull och erbjuder exceptionell komfort och v\u00e4rme. Den unika tulpanformen ger en \u00e5tsittande passform och skyddar ditt barns k\u00e4nsliga huvud och \u00f6ron fr\u00e5n kyla och vind. M\u00f6ssan har dragsko f\u00f6r knytning och har en s\u00f6t kant och pompom. Handgjord och tillverkad av 100% lammull<\/p>\n<p>egenskaper:<\/p>\n<ul>\n<li>Premium lambswool: Ger optimal v\u00e4rme och mjukhet f\u00f6r k\u00e4nslig hud.<\/li>\n<li>Klassisk tulpandesign: Ger en snygg och bekv\u00e4m passform.<\/li>\n<li>Slitstark: Gjord f\u00f6r att h\u00e5lla \u00e4ven vid frekvent anv\u00e4ndning.<\/li>\n<li>L\u00e4tt att underh\u00e5lla: L\u00e4tt att reng\u00f6ra och underh\u00e5lla.<\/li>\n<\/ul>\n<p>Perfekt f\u00f6r:<\/p>\n<ul>\n<li>Dagliga utflykter och \u00e4ventyr.<\/li>\n<li>Vinterv\u00e4der och kalla kv\u00e4llar.<\/li>\n<li>Presenter till nyblivna f\u00f6r\u00e4ldrar.<\/li>\n<\/ul>\n<p>V\u00e4lj Zaffiro Tulip Wool Baby Hat f\u00f6r en touch av elegans och praktisk v\u00e4rme. Babyhatt i ull.<\/p>\n<p data-start=\"63\" data-end=\"427\"><strong data-start=\"63\" data-end=\"83\">Tv\u00e4ttr\u00e5d<\/strong><\/p>\n<p data-start=\"63\" data-end=\"427\">F\u00f6r att h\u00e5lla Teddy-tyget i ull vackert och mjukt rekommenderar vi handtv\u00e4tt i h\u00f6gst 30\u00b0C. Var f\u00f6rsiktig och anv\u00e4nd ett milt ulltv\u00e4ttmedel. Undvik blekmedel, strykning, torktumlare och centrifugering. L\u00e5t tyget torka plant f\u00f6r att bevara dess form. Kemtv\u00e4tt \u00e4r ocks\u00e5 m\u00f6jligt.<\/p>\n<p data-start=\"429\" data-end=\"552\">\u2728 <strong data-start=\"431\" data-end=\"439\">Dricks:<\/strong> Ull beh\u00f6ver inte tv\u00e4ttas ofta. En snabb v\u00e4dring utomhus r\u00e4cker ofta f\u00f6r att h\u00e5lla tyget fr\u00e4scht.<\/p>\n<p data-start=\"554\" data-end=\"817\">\ud83c\udf3f <strong data-start=\"557\" data-end=\"588\">Varf\u00f6r ull \u00e4r speciellt: <\/strong>Ull \u00e4r naturligt sj\u00e4lvreng\u00f6rande och smutsavvisande. Lukt f\u00f6rsvinner bara genom att v\u00e4dra tyget och smuts fastnar inte lika l\u00e4tt som p\u00e5 andra material. S\u00e5 ditt ulltyg h\u00e5ller sig fr\u00e4scht l\u00e4ngre, utan mycket underh\u00e5ll.<\/p>","protected":false},"excerpt":{"rendered":"<p>Zaffiro Wool \u2018Tulip\u2019 Baby Hat kommer att h\u00e5lla ditt barn underbart varmt. Denna snygga babym\u00f6ssa fr\u00e5n varum\u00e4rket Zaffiro \u00e4r tillverkad av mjuk, h\u00f6gkvalitativ lammull och erbjuder exceptionell komfort och v\u00e4rme. Den unika tulpanformen ger en \u00e5tsittande passform och skyddar ditt barns k\u00e4nsliga huvud och \u00f6ron fr\u00e5n kyla och vind. M\u00f6ssan har dragsko f\u00f6r knytning och har en s\u00f6t kant och pompom. Handgjord och tillverkad av 100% lammull. M\u00f6ssa i ull f\u00f6r barn<\/p>\n<p><strong>M\u00e4rke: Zaffiro<\/strong><br \/>\n<strong>Produktion: Polen<br \/>\nKeur: Oeko-Tex Standard<\/strong><\/p>\n<p><img loading=\"lazy\" decoding=\"async\" class=\"alignnone wp-image-28173 entered lazyloaded\" src=\"https:\/\/woolskins.eu\/wp-content\/uploads\/2024\/05\/csm_OEKO-TEX_Logo_2022_rgb_c1aaeb5ceb-300x300.jpg\" alt=\"\" width=\"89\" height=\"89\" data-lazy-src=\"https:\/\/woolskins.eu\/wp-content\/uploads\/2024\/05\/csm_OEKO-TEX_Logo_2022_rgb_c1aaeb5ceb-300x300.jpg\" data-ll-status=\"loaded\" srcset=\"https:\/\/woolskins.eu\/wp-content\/uploads\/2024\/05\/csm_OEKO-TEX_Logo_2022_rgb_c1aaeb5ceb-300x300.jpg 300w, https:\/\/woolskins.eu\/wp-content\/uploads\/2024\/05\/csm_OEKO-TEX_Logo_2022_rgb_c1aaeb5ceb-150x150.jpg 150w, https:\/\/woolskins.eu\/wp-content\/uploads\/2024\/05\/csm_OEKO-TEX_Logo_2022_rgb_c1aaeb5ceb-768x769.jpg 768w, https:\/\/woolskins.eu\/wp-content\/uploads\/2024\/05\/csm_OEKO-TEX_Logo_2022_rgb_c1aaeb5ceb-12x12.jpg 12w, https:\/\/woolskins.eu\/wp-content\/uploads\/2024\/05\/csm_OEKO-TEX_Logo_2022_rgb_c1aaeb5ceb-600x601.jpg 600w, https:\/\/woolskins.eu\/wp-content\/uploads\/2024\/05\/csm_OEKO-TEX_Logo_2022_rgb_c1aaeb5ceb-100x100.jpg 100w, https:\/\/woolskins.eu\/wp-content\/uploads\/2024\/05\/csm_OEKO-TEX_Logo_2022_rgb_c1aaeb5ceb-64x64.jpg 64w, https:\/\/woolskins.eu\/wp-content\/uploads\/2024\/05\/csm_OEKO-TEX_Logo_2022_rgb_c1aaeb5ceb.jpg 885w\" sizes=\"auto, (max-width: 89px) 100vw, 89px\" \/><\/p>","protected":false},"featured_media":27866,"comment_status":"open","ping_status":"closed","template":"","meta":{"_acf_changed":false},"product_brand":[],"product_cat":[361,363,200,352,499,196,346,502],"product_tag":[],"class_list":{"0":"post-27863","1":"product","2":"type-product","3":"status-publish","4":"has-post-thumbnail","6":"product_cat-babyshower","7":"product_cat-cadeaus-e25-e50","8":"product_cat-wollen-babykleding","9":"product_cat-merken","10":"product_cat-new-arrivals","11":"product_cat-slaapkleding-baby","12":"product_cat-mutsjesensjaaltjes","13":"product_cat-zaffiro","15":"first","16":"instock","17":"taxable","18":"shipping-taxable","19":"purchasable","20":"product-type-variable"},"acf":[],"_links":{"self":[{"href":"https:\/\/woolskins.eu\/sv\/wp-json\/wp\/v2\/product\/27863","targetHints":{"allow":["GET"]}}],"collection":[{"href":"https:\/\/woolskins.eu\/sv\/wp-json\/wp\/v2\/product"}],"about":[{"href":"https:\/\/woolskins.eu\/sv\/wp-json\/wp\/v2\/types\/product"}],"replies":[{"embeddable":true,"href":"https:\/\/woolskins.eu\/sv\/wp-json\/wp\/v2\/comments?post=27863"}],"wp:featuredmedia":[{"embeddable":true,"href":"https:\/\/woolskins.eu\/sv\/wp-json\/wp\/v2\/media\/27866"}],"wp:attachment":[{"href":"https:\/\/woolskins.eu\/sv\/wp-json\/wp\/v2\/media?parent=27863"}],"wp:term":[{"taxonomy":"product_brand","embeddable":true,"href":"https:\/\/woolskins.eu\/sv\/wp-json\/wp\/v2\/product_brand?post=27863"},{"taxonomy":"product_cat","embeddable":true,"href":"https:\/\/woolskins.eu\/sv\/wp-json\/wp\/v2\/product_cat?post=27863"},{"taxonomy":"product_tag","embeddable":true,"href":"https:\/\/woolskins.eu\/sv\/wp-json\/wp\/v2\/product_tag?post=27863"}],"curies":[{"name":"wp","href":"https:\/\/api.w.org\/{rel}","templated":true}]}}