{"id":27640,"date":"2025-11-21T13:28:22","date_gmt":"2025-11-21T13:28:22","guid":{"rendered":"https:\/\/woolskins.eu\/?post_type=product&#038;p=27640"},"modified":"2026-04-01T06:25:56","modified_gmt":"2026-04-01T06:25:56","slug":"wollen-slaapzak-voor-baby-teddy-amandel","status":"publish","type":"product","link":"https:\/\/woolskins.eu\/sv\/wollen-slaapzak-voor-baby-teddy-amandel\/","title":{"rendered":"Wollen Slaapzak voor Baby | Teddy Amandel"},"content":{"rendered":"<p>Halsstorleken \u00e4r justerbar tack vare de dubbla tryckknapparna och den har en l\u00e5ng dragkedja s\u00e5 att hela sovs\u00e4cken l\u00e4tt kan \u00f6ppnas.<\/p>\n<p>\u2013 100% jungfruull Tumlad med Woolmark kvalitetsm\u00e4rke.<br \/>\n- Lent, mjukt och Teddy Plush-struktur som r\u00f6r sig med dig.<br \/>\n- L\u00e5ng dragkedja som g\u00f6r att sovs\u00e4cken kan \u00f6ppnas hela v\u00e4gen eller bara nedre delen.<br \/>\n\u2013 Goda termiska egenskaper.<br \/>\n\u2013 F\u00f6r hemma och p\u00e5 v\u00e4gen.<br \/>\n\u2013 Storlek: 0\/6 m\u00e5nader 67 cm, 6\/12 m\u00e5nader 82 cm.<br \/>\n\u2013 Europeisk produktion.<\/p>\n<p>V\u00e5ra Eco Wool Sovs\u00e4ckar \u00e4r mycket l\u00e4mpliga f\u00f6r de minsta tack vare ullfibrernas naturliga egenskaper. Dessa andas och har egenskapen att fungera som en naturlig termostat som reglerar kroppstemperaturen? Detta hj\u00e4lper ditt barn att h\u00e5lla en stabil temperatur och h\u00e5ller ditt barn torrt och bekv\u00e4mt. Den g\u00f6r detta &quot;dynamiskt&quot;, vilket betyder att det h\u00e4nder n\u00e4r det beh\u00f6vs och inte n\u00e4r det inte beh\u00f6vs.<\/p>\n<p data-start=\"63\" data-end=\"427\"><strong data-start=\"63\" data-end=\"83\">Tv\u00e4ttr\u00e5d<\/strong><\/p>\n<p data-start=\"63\" data-end=\"427\">F\u00f6r att h\u00e5lla Teddy-tyget i ull vackert och mjukt rekommenderar vi handtv\u00e4tt i h\u00f6gst 30\u00b0C. Var f\u00f6rsiktig och anv\u00e4nd ett milt ulltv\u00e4ttmedel. Undvik blekmedel, strykning, torktumlare och centrifugering. L\u00e5t tyget torka plant f\u00f6r att bevara dess form. Kemtv\u00e4tt \u00e4r ocks\u00e5 m\u00f6jligt.<\/p>\n<p data-start=\"429\" data-end=\"552\">\u2728 <strong data-start=\"431\" data-end=\"439\">Dricks:<\/strong> Ull beh\u00f6ver inte tv\u00e4ttas ofta. En snabb v\u00e4dring utomhus r\u00e4cker ofta f\u00f6r att h\u00e5lla tyget fr\u00e4scht.<\/p>\n<p data-start=\"554\" data-end=\"817\">\ud83c\udf3f <strong data-start=\"557\" data-end=\"588\">Varf\u00f6r ull \u00e4r speciellt: <\/strong>Ull \u00e4r naturligt sj\u00e4lvreng\u00f6rande och smutsavvisande. Lukt f\u00f6rsvinner bara genom att v\u00e4dra tyget och smuts fastnar inte lika l\u00e4tt som p\u00e5 andra material. S\u00e5 ditt ulltyg h\u00e5ller sig fr\u00e4scht l\u00e4ngre, utan mycket underh\u00e5ll.<\/p>\n<h5>Ullskinnsetikett<\/h5>\n<p>Efter \u00e5r av framg\u00e5ngsrikt samarbete med Alwero kan vi stolt meddela att vi nu b\u00e4r v\u00e5ra produkter under v\u00e5r egen Woolskins-etikett.<\/p>\n<p>P\u00e5 s\u00e5 s\u00e4tt f\u00e5r du fortfarande den b\u00e4sta kvaliteten, men kombinerat med de snyggaste och unika produkterna och designerna.<\/p>\n<p>Kvaliteten p\u00e5 tygerna och f\u00e4rgerna f\u00f6rblir som de alltid har varit, men det finns nu ett st\u00f6rre urval som Woolskins tror kan utm\u00e4rka sig.<\/p>\n<p>V\u00e5r breda kollektion \u00e4r sammansatt p\u00e5 ett s\u00e5dant s\u00e4tt att de \u00e4r ett bra komplement till alla babyset, gjorda av 100% europeisk ull som andas och passar f\u00f6r varje s\u00e4song.<\/p>\n<p>Vi g\u00e5r entusiastiskt samman f\u00f6r att skapa en h\u00e5llbar, naturlig och mest bekv\u00e4m produkt f\u00f6r ditt barn.<\/p>","protected":false},"excerpt":{"rendered":"<p>Om du letar efter en bekv\u00e4m och varm sovs\u00e4ck till din bebis \u00e4r ull ett utm\u00e4rkt val. Ull har m\u00e5nga f\u00f6rdelar som hj\u00e4lper ditt barn att sova gott, varje \u00e5rstid.<\/p>\n<p>V\u00e5r l\u00e4tta babysovs\u00e4ck i ekologisk ull andas och fungerar som en naturlig termostat som reglerar kroppstemperaturen och hj\u00e4lper ditt barn att vila och sova gott. Den h\u00e4r sovs\u00e4cken \u00e4r mycket l\u00e4mplig f\u00f6r sm\u00e5barn tack vare de dubbla tryckknapparna som g\u00f6r att du kan g\u00f6ra hals\u00f6ppningen st\u00f6rre och mindre. Den l\u00e5nga dragkedjan \u00f6ppnas p\u00e5 tv\u00e5 sidor s\u00e5 att sovs\u00e4cken kan \u00f6ppnas helt eller bara nedtill f\u00f6r att byta p\u00e5 barnet. Sovs\u00e4cken i ull r\u00f6r sig med dig (stretchig) och hj\u00e4lper ditt barn att h\u00e5lla en stabil temperatur och h\u00e5ller ditt barn torrt och bekv\u00e4mt. Den g\u00f6r detta \u2018dynamiskt\u2019, vilket inneb\u00e4r att den g\u00f6r det n\u00e4r det beh\u00f6vs och inte n\u00e4r det inte beh\u00f6vs. Dessa ullsovs\u00e4ckar \u00e4r d\u00e4rf\u00f6r varma p\u00e5 vintern och svala p\u00e5 sommaren.<\/p>\n<p><strong>M\u00e4rke: Woolskins<\/strong><br \/>\n<strong>Produktion: Polen<\/strong><\/p>","protected":false},"featured_media":27643,"comment_status":"closed","ping_status":"closed","template":"","meta":{"_acf_changed":false},"product_brand":[],"product_cat":[361,360,364,196,370,194],"product_tag":[414],"class_list":{"0":"post-27640","1":"product","2":"type-product","3":"status-publish","4":"has-post-thumbnail","6":"product_cat-babyshower","7":"product_cat-cadeautips","8":"product_cat-cadeaus-vanaf-e50","9":"product_cat-slaapkleding-baby","10":"product_cat-slaapzakken","11":"product_cat-wollen-babyproducten","12":"product_tag-alwero-slaapzak","13":"pa_maat-0-6-maanden","14":"pa_maat-6-12-maanden","16":"first","17":"instock","18":"taxable","19":"shipping-taxable","20":"purchasable","21":"product-type-variable"},"acf":[],"_links":{"self":[{"href":"https:\/\/woolskins.eu\/sv\/wp-json\/wp\/v2\/product\/27640","targetHints":{"allow":["GET"]}}],"collection":[{"href":"https:\/\/woolskins.eu\/sv\/wp-json\/wp\/v2\/product"}],"about":[{"href":"https:\/\/woolskins.eu\/sv\/wp-json\/wp\/v2\/types\/product"}],"replies":[{"embeddable":true,"href":"https:\/\/woolskins.eu\/sv\/wp-json\/wp\/v2\/comments?post=27640"}],"wp:featuredmedia":[{"embeddable":true,"href":"https:\/\/woolskins.eu\/sv\/wp-json\/wp\/v2\/media\/27643"}],"wp:attachment":[{"href":"https:\/\/woolskins.eu\/sv\/wp-json\/wp\/v2\/media?parent=27640"}],"wp:term":[{"taxonomy":"product_brand","embeddable":true,"href":"https:\/\/woolskins.eu\/sv\/wp-json\/wp\/v2\/product_brand?post=27640"},{"taxonomy":"product_cat","embeddable":true,"href":"https:\/\/woolskins.eu\/sv\/wp-json\/wp\/v2\/product_cat?post=27640"},{"taxonomy":"product_tag","embeddable":true,"href":"https:\/\/woolskins.eu\/sv\/wp-json\/wp\/v2\/product_tag?post=27640"}],"curies":[{"name":"wp","href":"https:\/\/api.w.org\/{rel}","templated":true}]}}