{"id":27445,"date":"2025-11-14T13:35:35","date_gmt":"2025-11-14T13:35:35","guid":{"rendered":"https:\/\/woolskins.eu\/?post_type=product&#038;p=27445"},"modified":"2026-02-15T07:05:12","modified_gmt":"2026-02-15T07:05:12","slug":"sovsack-i-ull-baby-smabarn-teddy-mandel","status":"publish","type":"product","link":"https:\/\/woolskins.eu\/sv\/wollen-slaapzak-baby-peuter-teddy-amandel\/","title":{"rendered":"Sovs\u00e4ck i ull Baby &amp; Toddler | Teddy Almond"},"content":{"rendered":"<p data-start=\"126\" data-end=\"937\">Den h\u00e4r sovs\u00e4cken i ull med ben \u00e4r utformad f\u00f6r att v\u00e4xa i takt med ditt barns dagliga rytm. Medan traditionella sovs\u00e4ckar fr\u00e4mst \u00e4r l\u00e4mpliga f\u00f6r anv\u00e4ndning i s\u00e4ngen, erbjuder den h\u00e4r modellen mycket mer frihet. De l\u00f6sa benen g\u00f6r att ditt barn kan r\u00f6ra sig fritt s\u00e5 fort det vaknar: sitta, krypa, g\u00e5 och leka \u00e4r enkelt, utan att f\u00f6rlora v\u00e4rmen. Det g\u00f6r sovs\u00e4cken perfekt f\u00f6r l\u00e5nga, lugna morgnar p\u00e5 helgen, f\u00f6r sm\u00e5barn som vill mysa och leka p\u00e5 morgonen, f\u00f6r barn som kyls ner snabbt s\u00e5 fort de kliver upp ur s\u00e4ngen, f\u00f6r mysiga stunder i soffan eller vardagsrummet och f\u00f6r barn som har sv\u00e5rt att sitta stilla vid p\u00e5kl\u00e4dning. Ditt barn kommer att h\u00e5lla sig varmt och bekv\u00e4mt, men utan de begr\u00e4nsningar som en traditionell sovs\u00e4ck inneb\u00e4r.<\/p>\n<p data-start=\"126\" data-end=\"937\"><strong>100% Virgin Woolpile<\/strong><\/p>\n<p data-start=\"670\" data-end=\"706\"><strong>Detta g\u00f6r sovs\u00e4cken idealisk f\u00f6r:<\/strong><\/p>\n<ul data-start=\"707\" data-end=\"982\">\n<li data-start=\"707\" data-end=\"750\">\n<p data-start=\"709\" data-end=\"750\">l\u00e5nga, lugna f\u00f6rmiddagar p\u00e5 helgerna<\/p>\n<\/li>\n<li data-start=\"751\" data-end=\"813\">\n<p data-start=\"753\" data-end=\"813\">sm\u00e5barn som gillar att gosa och leka p\u00e5 morgonen<\/p>\n<\/li>\n<li data-start=\"814\" data-end=\"867\">\n<p data-start=\"816\" data-end=\"867\">barn som kyls ner snabbt s\u00e5 snart de kliver upp ur s\u00e4ngen<\/p>\n<\/li>\n<li data-start=\"868\" data-end=\"910\">\n<p data-start=\"870\" data-end=\"910\">stunder i soffan eller i vardagsrummet<\/p>\n<\/li>\n<li data-start=\"911\" data-end=\"982\">\n<p data-start=\"913\" data-end=\"982\">barn som inte sitter stilla n\u00e4r de byter om eller byter kl\u00e4der<\/p>\n<\/li>\n<\/ul>\n<p data-start=\"984\" data-end=\"1083\"><strong>Ditt barn kommer att h\u00e5lla sig varmt och bekv\u00e4mt, men utan de begr\u00e4nsningar som en traditionell sovs\u00e4ck har.<\/strong><\/p>\n<p data-start=\"1085\" data-end=\"1347\"><strong>Manschett\u00f6verdrag f\u00f6r varma f\u00f6tter eller fria t\u00e5r.<\/strong><\/p>\n<p data-start=\"1085\" data-end=\"1347\">En extra f\u00f6rdel med den h\u00e4r modellen \u00e4r de smarta muddarna p\u00e5 benen. Med dessa kan du h\u00e5lla f\u00f6tterna helt varma och instoppade, eller l\u00e5ta dem vara \u00f6ppna n\u00e4r ditt barn vill g\u00e5, utforska eller leka.<\/p>\n<ul data-start=\"1348\" data-end=\"1494\">\n<li data-start=\"1348\" data-end=\"1416\">\n<p data-start=\"1350\" data-end=\"1416\">T\u00e4ta f\u00f6tter h\u00e5ller v\u00e4rmen n\u00e4r du sover eller slappnar av.<\/p>\n<\/li>\n<li data-start=\"1417\" data-end=\"1494\">\n<p data-start=\"1419\" data-end=\"1494\">\u00d6ppna f\u00f6tter ger ditt barn frihet att g\u00e5 och leka p\u00e5 ett s\u00e4kert s\u00e4tt.<\/p>\n<\/li>\n<\/ul>\n<p data-start=\"1496\" data-end=\"1639\">F\u00f6r m\u00e5nga mammor \u00e4r det h\u00e4r l\u00f6sningen p\u00e5 morgnar n\u00e4r barnet inte beh\u00f6ver kl\u00e4s p\u00e5 \u00e4n, men vill springa runt och vara aktiv.<\/p>\n<p data-start=\"1641\" data-end=\"1851\"><strong>Varf\u00f6r ull \u00e4r s\u00e5 bra f\u00f6r sp\u00e4dbarn och barn<\/strong><\/p>\n<p data-start=\"1641\" data-end=\"1851\">Ull \u00e4r ett exceptionellt material av naturen, b\u00e5de n\u00e4r du sover och n\u00e4r ditt barn \u00e4r aktivt. Det reglerar temperaturen p\u00e5 ett naturligt s\u00e4tt.<\/p>\n<ul data-start=\"1852\" data-end=\"1967\">\n<li data-start=\"1852\" data-end=\"1898\">\n<p data-start=\"1854\" data-end=\"1898\">Ull h\u00e5ller v\u00e4rmen n\u00e4r det \u00e4r kallt.<\/p>\n<\/li>\n<li data-start=\"1899\" data-end=\"1967\">\n<p data-start=\"1901\" data-end=\"1967\">Ull transporterar bort \u00f6verskottsv\u00e4rme och fukt n\u00e4r det blir varmt.<\/p>\n<\/li>\n<\/ul>\n<p data-start=\"1969\" data-end=\"2212\">Det f\u00f6rhindrar att barnet blir \u00f6verhettat, ger ett mer vilsamt s\u00f6mnm\u00f6nster och h\u00e5ller kroppstemperaturen i b\u00e4ttre balans. Detta \u00e4r s\u00e4rskilt viktigt f\u00f6r sp\u00e4dbarn och sm\u00e5barn som fortfarande knappt kan reglera sin temperatur sj\u00e4lva.<\/p>\n<p data-start=\"2214\" data-end=\"2368\">Dessutom \u00e4r den ull som anv\u00e4nds medicinskt garvad, allergiv\u00e4nlig och fri fr\u00e5n skadliga \u00e4mnen. Detta g\u00f6r sovs\u00e4cken s\u00e4rskilt l\u00e4mplig f\u00f6r sm\u00e5 barn med:<\/p>\n<ul data-start=\"2369\" data-end=\"2438\">\n<li data-start=\"2369\" data-end=\"2379\">\n<p data-start=\"2371\" data-end=\"2379\">eksem<\/p>\n<\/li>\n<li data-start=\"2380\" data-end=\"2423\">\n<p data-start=\"2382\" data-end=\"2423\">k\u00e4nslig eller l\u00e4tt irriterad hud<\/p>\n<\/li>\n<li data-start=\"2424\" data-end=\"2438\">\n<p data-start=\"2426\" data-end=\"2438\">Allergier<\/p>\n<\/li>\n<\/ul>\n<p data-start=\"2440\" data-end=\"2554\">Ull \u00e4r ocks\u00e5 bakteriebest\u00e4ndigt och oattraktivt f\u00f6r dammkvalster, vilket bidrar till en h\u00e4lsosam sovmilj\u00f6.<\/p>\n<p data-start=\"2556\" data-end=\"2886\">Ull andas ocks\u00e5, \u00e4r luktresistent och sj\u00e4lvreng\u00f6rande. Den neutraliserar lukter, andas exceptionellt bra och beh\u00f6ver s\u00e4llan tv\u00e4ttas; det r\u00e4cker ofta med en snabb v\u00e4dring. Ullens mjuka, omslutande struktur g\u00f6r ocks\u00e5 att barn k\u00e4nner sig trygga och s\u00e4kra, vilket ofta g\u00f6r att de sover lugnare, mindre rastl\u00f6st och djupare.<\/p>\n<p data-start=\"2888\" data-end=\"2982\"><strong>Idealisk f\u00f6r barn som redan g\u00e5r<\/strong><\/p>\n<p data-start=\"2888\" data-end=\"2982\">Benen och den flexibla passformen g\u00f6r det m\u00f6jligt f\u00f6r ditt barn att:<\/p>\n<ul data-start=\"2983\" data-end=\"3125\">\n<li data-start=\"2983\" data-end=\"3022\">\n<p data-start=\"2985\" data-end=\"3022\">kliva ur s\u00e4ngen utan att svalka sig<\/p>\n<\/li>\n<li data-start=\"3023\" data-end=\"3043\">\n<p data-start=\"3025\" data-end=\"3043\">g\u00e5 runt p\u00e5 ett s\u00e4kert s\u00e4tt<\/p>\n<\/li>\n<li data-start=\"3044\" data-end=\"3066\">\n<p data-start=\"3046\" data-end=\"3066\">sj\u00e4lvst\u00e4ndigt spel<\/p>\n<\/li>\n<li data-start=\"3067\" data-end=\"3125\">\n<p data-start=\"3069\" data-end=\"3125\">\u00e4ta en god frukost eller delta i morgonritualen<\/p>\n<\/li>\n<\/ul>\n<p data-start=\"3127\" data-end=\"3260\">Du beh\u00f6ver inte l\u00e4ngre skynda dig till omkl\u00e4dningsrummet eller oroa dig f\u00f6r kalla f\u00f6tter: sovs\u00e4cken stannar helt enkelt p\u00e5 plats och underl\u00e4ttar alla morgonritualer.<\/p>\n<p data-start=\"3262\" data-end=\"3539\"><strong>Perfekt f\u00f6r morgnar och kv\u00e4llar hemma<\/strong><\/p>\n<p data-start=\"3262\" data-end=\"3539\">M\u00e5nga mammor kallar den h\u00e4r sovs\u00e4cken i ull f\u00f6r en riktig morgonhj\u00e4lte. Den \u00e4r perfekt f\u00f6r mysiga helgmorgnar n\u00e4r din bebis fortfarande g\u00e5r runt i rummet i en sovs\u00e4ck, kryper upp i soffan med dig eller leker tyst medan du b\u00f6rjar dagen.<\/p>","protected":false},"excerpt":{"rendered":"<p>Medan traditionella sovs\u00e4ckar fr\u00e4mst \u00e4r avsedda f\u00f6r anv\u00e4ndning i s\u00e4ngen, erbjuder denna ullsovs\u00e4ck med r\u00f6r m\u00e5nga fler m\u00f6jligheter. Tack vare <strong data-start=\"1093\" data-end=\"1110\">l\u00f6sa r\u00f6r<\/strong> med en omslutande krage kan ditt barn r\u00f6ra sig fritt s\u00e5 fort han eller hon vaknar: sitta, krypa, g\u00e5 eller leka utan att f\u00f6rlora v\u00e4rmen. Denna unika sovs\u00e4ck \u00e4r tillverkad av <strong data-start=\"731\" data-end=\"765\">zuiver scheerwol met OekoTex keur<\/strong>, ett mjukt och allergiv\u00e4nligt material som h\u00e5ller ditt barn varmt och hj\u00e4lper det att sova b\u00e4ttre. M\u00e5nga mammor kallar den h\u00e4r sovs\u00e4cken i ull f\u00f6r en riktig morgonhj\u00e4lte. Den \u00e4r perfekt f\u00f6r mysiga helgmorgnar n\u00e4r ditt barn fortfarande ligger i sovs\u00e4cken och g\u00e5r runt i rummet, kryper upp i soffan med dig eller leker tyst medan du b\u00f6rjar dagen.<\/p>\n<p><strong>M\u00e4rke: Woolskins<\/strong><br \/>\n<strong>Produktion: Polen<br \/>\nKeur: Oeko-Tex Standard<\/strong><\/p>\n<p><img loading=\"lazy\" decoding=\"async\" class=\"alignnone wp-image-28173 entered lazyloaded\" src=\"https:\/\/woolskins.eu\/wp-content\/uploads\/2024\/05\/csm_OEKO-TEX_Logo_2022_rgb_c1aaeb5ceb-300x300.jpg\" alt=\"\" width=\"89\" height=\"89\" data-lazy-src=\"https:\/\/woolskins.eu\/wp-content\/uploads\/2024\/05\/csm_OEKO-TEX_Logo_2022_rgb_c1aaeb5ceb-300x300.jpg\" data-ll-status=\"loaded\" srcset=\"https:\/\/woolskins.eu\/wp-content\/uploads\/2024\/05\/csm_OEKO-TEX_Logo_2022_rgb_c1aaeb5ceb-300x300.jpg 300w, https:\/\/woolskins.eu\/wp-content\/uploads\/2024\/05\/csm_OEKO-TEX_Logo_2022_rgb_c1aaeb5ceb-150x150.jpg 150w, https:\/\/woolskins.eu\/wp-content\/uploads\/2024\/05\/csm_OEKO-TEX_Logo_2022_rgb_c1aaeb5ceb-768x769.jpg 768w, https:\/\/woolskins.eu\/wp-content\/uploads\/2024\/05\/csm_OEKO-TEX_Logo_2022_rgb_c1aaeb5ceb-12x12.jpg 12w, https:\/\/woolskins.eu\/wp-content\/uploads\/2024\/05\/csm_OEKO-TEX_Logo_2022_rgb_c1aaeb5ceb-600x601.jpg 600w, https:\/\/woolskins.eu\/wp-content\/uploads\/2024\/05\/csm_OEKO-TEX_Logo_2022_rgb_c1aaeb5ceb-100x100.jpg 100w, https:\/\/woolskins.eu\/wp-content\/uploads\/2024\/05\/csm_OEKO-TEX_Logo_2022_rgb_c1aaeb5ceb-64x64.jpg 64w, https:\/\/woolskins.eu\/wp-content\/uploads\/2024\/05\/csm_OEKO-TEX_Logo_2022_rgb_c1aaeb5ceb.jpg 885w\" sizes=\"auto, (max-width: 89px) 100vw, 89px\" \/><\/p>","protected":false},"featured_media":27448,"comment_status":"open","ping_status":"closed","template":"","meta":{"_acf_changed":false},"product_brand":[],"product_cat":[360,361,364,499,196,370,194],"product_tag":[],"class_list":{"0":"post-27445","1":"product","2":"type-product","3":"status-publish","4":"has-post-thumbnail","6":"product_cat-cadeautips","7":"product_cat-babyshower","8":"product_cat-cadeaus-vanaf-e50","9":"product_cat-new-arrivals","10":"product_cat-slaapkleding-baby","11":"product_cat-slaapzakken","12":"product_cat-wollen-babyproducten","14":"first","15":"instock","16":"taxable","17":"shipping-taxable","18":"purchasable","19":"product-type-variable"},"acf":[],"_links":{"self":[{"href":"https:\/\/woolskins.eu\/sv\/wp-json\/wp\/v2\/product\/27445","targetHints":{"allow":["GET"]}}],"collection":[{"href":"https:\/\/woolskins.eu\/sv\/wp-json\/wp\/v2\/product"}],"about":[{"href":"https:\/\/woolskins.eu\/sv\/wp-json\/wp\/v2\/types\/product"}],"replies":[{"embeddable":true,"href":"https:\/\/woolskins.eu\/sv\/wp-json\/wp\/v2\/comments?post=27445"}],"wp:featuredmedia":[{"embeddable":true,"href":"https:\/\/woolskins.eu\/sv\/wp-json\/wp\/v2\/media\/27448"}],"wp:attachment":[{"href":"https:\/\/woolskins.eu\/sv\/wp-json\/wp\/v2\/media?parent=27445"}],"wp:term":[{"taxonomy":"product_brand","embeddable":true,"href":"https:\/\/woolskins.eu\/sv\/wp-json\/wp\/v2\/product_brand?post=27445"},{"taxonomy":"product_cat","embeddable":true,"href":"https:\/\/woolskins.eu\/sv\/wp-json\/wp\/v2\/product_cat?post=27445"},{"taxonomy":"product_tag","embeddable":true,"href":"https:\/\/woolskins.eu\/sv\/wp-json\/wp\/v2\/product_tag?post=27445"}],"curies":[{"name":"wp","href":"https:\/\/api.w.org\/{rel}","templated":true}]}}