{"id":26900,"date":"2025-10-17T13:05:04","date_gmt":"2025-10-17T13:05:04","guid":{"rendered":"https:\/\/woolskins.eu\/?post_type=product&#038;p=26900"},"modified":"2025-12-20T10:36:34","modified_gmt":"2025-12-20T10:36:34","slug":"a-basic-brand-ulltofflor-dam-100-jungfruull-svart","status":"publish","type":"product","link":"https:\/\/woolskins.eu\/sv\/a-basic-brand-wollen-sloffen-dames-100-scheerwol-zwart\/","title":{"rendered":"A Basic Brand - Ulltofflor Dam - 100% Ny Ull | svart"},"content":{"rendered":"<h3 data-start=\"115\" data-end=\"164\"><strong data-start=\"119\" data-end=\"164\">A Basic Brand - Ulltofflor f\u00f6r damer<\/strong><\/h3>\n<p data-start=\"166\" data-end=\"475\">Supervarmt och sk\u00f6nt, men ocks\u00e5 helt naturligt och andningsbart. Detta <strong data-start=\"237\" data-end=\"273\">tofflor i ull fr\u00e5n A Basic Brand<\/strong> \u00e4r gjorda f\u00f6r kvinnor som \u00e4lskar komfort, enkelhet och naturliga material. De erbjuder den perfekta balansen mellan v\u00e4rme, andningsf\u00f6rm\u00e5ga och stil - perfekt f\u00f6r hemmabruk \u00e5ret runt.<\/p>\n<h4 data-start=\"477\" data-end=\"509\"><strong data-start=\"482\" data-end=\"509\">100% Ren ny ull Pile<\/strong><\/h4>\n<p data-start=\"510\" data-end=\"780\">Insidan av tofflorna \u00e4r tillverkad av <strong data-start=\"555\" data-end=\"578\">100% ren ny ull<\/strong>: nybrytning av ull som inte har bearbetats tidigare. Detta skapar ett exceptionellt mjukt, elastiskt och andningsbart foder som formar sig efter dina f\u00f6tter och kontinuerligt h\u00e5ller en behaglig temperatur.<\/p>\n<h4 data-start=\"782\" data-end=\"811\"><strong data-start=\"787\" data-end=\"811\">F\u00f6rdelarna med ull<\/strong><\/h4>\n<p data-start=\"812\" data-end=\"919\">Ull \u00e4r en av de mest funktionella naturfibrerna som finns. Tack vare sina unika egenskaper:<\/p>\n<ul data-start=\"920\" data-end=\"1300\">\n<li data-start=\"920\" data-end=\"995\">\n<p data-start=\"922\" data-end=\"995\"><strong data-start=\"922\" data-end=\"954\">Ull reglerar temperaturen<\/strong> - varm p\u00e5 vintern, sval p\u00e5 sommaren.<\/p>\n<\/li>\n<li data-start=\"996\" data-end=\"1070\">\n<p data-start=\"998\" data-end=\"1070\"><strong data-start=\"998\" data-end=\"1035\">Andas och \u00e4r fuktreglerande<\/strong> - h\u00e5ller dina f\u00f6tter torra och fr\u00e4scha.<\/p>\n<\/li>\n<li data-start=\"1071\" data-end=\"1147\">\n<p data-start=\"1073\" data-end=\"1147\"><strong data-start=\"1073\" data-end=\"1115\">\u00c4r sj\u00e4lvreng\u00f6rande och antibakteriell<\/strong> - lukter har ingen chans.<\/p>\n<\/li>\n<li data-start=\"1148\" data-end=\"1214\">\n<p data-start=\"1150\" data-end=\"1214\"><strong data-start=\"1150\" data-end=\"1174\">\u00c4r den allergiv\u00e4nlig<\/strong> - Sn\u00e4ll mot k\u00e4nslig hud.<\/p>\n<\/li>\n<li data-start=\"1215\" data-end=\"1300\">\n<p data-start=\"1217\" data-end=\"1300\"><strong data-start=\"1217\" data-end=\"1262\">\u00c4r den h\u00e5llbar och biologiskt nedbrytbar?<\/strong> - bra f\u00f6r dig och f\u00f6r planeten.<\/p>\n<\/li>\n<\/ul>\n<h4 data-start=\"1302\" data-end=\"1341\"><strong data-start=\"1307\" data-end=\"1341\">V\u00e4rme och komfort i varje steg<\/strong><\/h4>\n<p data-start=\"1342\" data-end=\"1641\">A Basic Brands ulltofflor \u00e4r l\u00e4tta, men ger \u00e4nd\u00e5 ett fast grepp och ett naturligt st\u00f6d. Den mjuka ullen omsluter dina f\u00f6tter som en varm famn och ger en omedelbar k\u00e4nsla av avkoppling. Perfekt f\u00f6r kalla morgnar, lugna kv\u00e4llar eller l\u00e5nga dagar med hemarbete.<\/p>\n<h4 data-start=\"1643\" data-end=\"1679\"><strong data-start=\"1648\" data-end=\"1679\">Enkel &amp; tidl\u00f6s design<\/strong><\/h4>\n<p data-start=\"1680\" data-end=\"1913\">Som namnet antyder st\u00e5r det <strong data-start=\"1709\" data-end=\"1726\">Ett grundl\u00e4ggande varum\u00e4rke<\/strong> f\u00f6r ren enkelhet och naturlig kvalitet. Inga on\u00f6diga detaljer - bara ett tidl\u00f6st utseende och varaktig komfort. Den naturliga ullf\u00e4rgen passar alla stilar och inredningar.<\/p>\n<h4 data-start=\"1915\" data-end=\"1950\"><strong data-start=\"1920\" data-end=\"1950\">Finns i tv\u00e5 storlekar<\/strong><\/h4>\n<p data-start=\"1951\" data-end=\"1985\">Tofflorna finns tillg\u00e4ngliga i:<\/p>\n<ul data-start=\"1986\" data-end=\"2023\">\n<li data-start=\"1986\" data-end=\"2004\">\n<p data-start=\"1988\" data-end=\"2004\"><strong data-start=\"1988\" data-end=\"2002\">Storlek 38\/39 (26cm)<\/strong><\/p>\n<\/li>\n<li data-start=\"2005\" data-end=\"2023\">\n<p data-start=\"2007\" data-end=\"2023\"><strong data-start=\"2007\" data-end=\"2021\">Storlek 40\/41 (28cm)<\/strong><\/p>\n<\/li>\n<\/ul>\n<p data-start=\"2025\" data-end=\"2167\">Tack vare ullens naturliga elasticitet sitter de fint runt foten utan att kl\u00e4mma och beh\u00e5ller sin form vid regelbunden anv\u00e4ndning.<\/p>","protected":false},"excerpt":{"rendered":"<h3 data-start=\"115\" data-end=\"164\"><strong data-start=\"119\" data-end=\"164\">A Basic Brand - Ulltofflor f\u00f6r damer<\/strong><\/h3>\n<p>Upplev den ultimata komforten i hemmet med <strong data-start=\"171\" data-end=\"218\">ulltofflor f\u00f6r kvinnor fr\u00e5n A Basic Brand<\/strong>. De \u00e4r tillverkade av 100% ren ny ull i dubbla lager och \u00e4r underbart varma, mjuka och andningsbara - perfekt f\u00f6r kalla dagar och f\u00f6r dem som \u00e4lskar naturmaterial. Ullen reglerar temperaturen, transporterar bort fukt och h\u00e5ller f\u00f6tterna fr\u00e4scha och torra, utan att kl\u00e4mma. Finns i storlek <strong data-start=\"486\" data-end=\"495\">38\/39<\/strong> och <strong data-start=\"499\" data-end=\"508\">40\/41<\/strong> f\u00f6r perfekt passform och ren avkoppling i varje steg. Dessutom \u00e4r dessa tofflor utrustade med <strong data-start=\"594\" data-end=\"613\">halkfria sulor<\/strong>, vilket g\u00f6r att du kan g\u00e5 s\u00e4kert och stabilt p\u00e5 alla v\u00e5ningar.<\/p>\n<p><strong>M\u00e4rke: Ett Basic Brand<\/strong><br \/>\n<strong>Land: Polen<\/strong><\/p>","protected":false},"featured_media":26897,"comment_status":"open","ping_status":"closed","template":"","meta":{"_acf_changed":false},"product_brand":[],"product_cat":[499,351,360,364,350,31],"product_tag":[],"class_list":{"0":"post-26900","1":"product","2":"type-product","3":"status-publish","4":"has-post-thumbnail","6":"product_cat-new-arrivals","7":"product_cat-accessoiresvoormama","8":"product_cat-cadeautips","9":"product_cat-cadeaus-vanaf-e50","10":"product_cat-fashion","11":"product_cat-yogamat-wol","13":"first","14":"instock","15":"taxable","16":"shipping-taxable","17":"purchasable","18":"product-type-variable"},"acf":[],"_links":{"self":[{"href":"https:\/\/woolskins.eu\/sv\/wp-json\/wp\/v2\/product\/26900","targetHints":{"allow":["GET"]}}],"collection":[{"href":"https:\/\/woolskins.eu\/sv\/wp-json\/wp\/v2\/product"}],"about":[{"href":"https:\/\/woolskins.eu\/sv\/wp-json\/wp\/v2\/types\/product"}],"replies":[{"embeddable":true,"href":"https:\/\/woolskins.eu\/sv\/wp-json\/wp\/v2\/comments?post=26900"}],"wp:featuredmedia":[{"embeddable":true,"href":"https:\/\/woolskins.eu\/sv\/wp-json\/wp\/v2\/media\/26897"}],"wp:attachment":[{"href":"https:\/\/woolskins.eu\/sv\/wp-json\/wp\/v2\/media?parent=26900"}],"wp:term":[{"taxonomy":"product_brand","embeddable":true,"href":"https:\/\/woolskins.eu\/sv\/wp-json\/wp\/v2\/product_brand?post=26900"},{"taxonomy":"product_cat","embeddable":true,"href":"https:\/\/woolskins.eu\/sv\/wp-json\/wp\/v2\/product_cat?post=26900"},{"taxonomy":"product_tag","embeddable":true,"href":"https:\/\/woolskins.eu\/sv\/wp-json\/wp\/v2\/product_tag?post=26900"}],"curies":[{"name":"wp","href":"https:\/\/api.w.org\/{rel}","templated":true}]}}