{"id":26844,"date":"2025-10-15T12:56:57","date_gmt":"2025-10-15T12:56:57","guid":{"rendered":"https:\/\/woolskins.eu\/?post_type=product&#038;p=26844"},"modified":"2026-03-29T12:57:05","modified_gmt":"2026-03-29T12:57:05","slug":"multifunktionell-barsjal-zaffiro-be-close-bomull-beige","status":"publish","type":"product","link":"https:\/\/woolskins.eu\/sv\/multifunctionele-draagdoek-voor-baby-zaffiro-be-close-katoen-beige\/","title":{"rendered":"Multifunktionell b\u00e4rsjal - Zaffiro \u2018Be Close\u2019| Bomull Beige"},"content":{"rendered":"<h2 data-start=\"188\" data-end=\"260\"><strong data-start=\"191\" data-end=\"260\">Zaffiro Be Close - Multifunktionell v\u00e4vd b\u00e4rsele f\u00f6r barn<\/strong><\/h2>\n<p data-start=\"262\" data-end=\"614\">Uppt\u00e4ck den perfekta <strong data-start=\"281\" data-end=\"302\">v\u00e4vd slinga<\/strong> f\u00f6r ditt barn: den <strong data-start=\"322\" data-end=\"352\">Zaffiro Be Close sling<\/strong> \u00e4r en m\u00e5ngsidig, s\u00e4ker och bekv\u00e4m l\u00f6sning f\u00f6r f\u00f6r\u00e4ldrar som vill ha sitt barn n\u00e4ra sig. Den \u00e4r l\u00e4mplig fr\u00e5n f\u00f6dseln upp till cirka 2 \u00e5r (3,5-13 kg) och kombinerar <strong data-start=\"539\" data-end=\"569\">multifunktionell sling<\/strong> enkel anv\u00e4ndning med en ergonomisk design.<\/p>\n<h3 data-start=\"616\" data-end=\"659\"><strong data-start=\"623\" data-end=\"659\">Bekv\u00e4m, andningsbar och slitstark<\/strong><\/h3>\n<p data-start=\"660\" data-end=\"957\">Sjalen \u00e4r tillverkad av 100% andningsbar, allergiv\u00e4nlig bomull. Tack vare den kraftiga fiskbensv\u00e4vningen k\u00e4nns tyget mjukt, men ger \u00e4nd\u00e5 optimalt st\u00f6d f\u00f6r b\u00e5de dig och ditt barn. Den naturliga bomullen ger ventilation, vilket g\u00f6r att b\u00e4rsjalen \u00e4r bekv\u00e4m \u00e4ven i varmt v\u00e4der.<\/p>\n<h3 data-start=\"959\" data-end=\"998\"><strong data-start=\"966\" data-end=\"998\">Ergonomisk och s\u00e4ker b\u00e4rning<\/strong><\/h3>\n<p data-start=\"999\" data-end=\"1327\">Zaffiro Be Close-selen st\u00f6djer barnets naturliga C-formade rygg och fr\u00e4mjar en sund h\u00f6ftutveckling genom korrekt b\u00e4ckenpositionering - den v\u00e4lk\u00e4nda <strong data-start=\"1165\" data-end=\"1178\">M h\u00e5llning<\/strong>, d\u00e4r kn\u00e4na \u00e4r n\u00e5got h\u00f6gre \u00e4n skinkorna. Detta g\u00f6r att lyftselen inte bara \u00e4r bekv\u00e4m, utan ocks\u00e5 s\u00e4ker och ergonomiskt bra.<\/p>\n<h3 data-start=\"1329\" data-end=\"1376\"><strong data-start=\"1336\" data-end=\"1376\">L\u00e4tt att knyta och justera<\/strong><\/h3>\n<p data-start=\"1377\" data-end=\"1699\">Med en l\u00e4ngd p\u00e5 <strong data-start=\"1396\" data-end=\"1406\">460 cm<\/strong> och en markerad mittlinje \u00e4r Be Close-selen l\u00e4tt att knyta och passar f\u00f6r alla h\u00e5llningar. Du kan anv\u00e4nda b\u00e4rsjalen f\u00f6r olika b\u00e4rpositioner: fram, h\u00f6ft eller rygg. Ryggb\u00e4rning rekommenderas s\u00e5 snart barnet kan sitta upp sj\u00e4lv (vanligtvis fr\u00e5n ca 12 m\u00e5nader).<\/p>\n<h3 data-start=\"1701\" data-end=\"1741\"><strong data-start=\"1708\" data-end=\"1741\">L\u00e4ttare att b\u00e4ra, mer frihet<\/strong><\/h3>\n<p data-start=\"1742\" data-end=\"1986\">Tack vare den j\u00e4mna viktf\u00f6rdelningen k\u00e4nns ditt barn l\u00e4ttare i b\u00e4rsjalen. Det inneb\u00e4r mindre tryck p\u00e5 rygg och axlar, vilket g\u00f6r att du kan b\u00e4ra bekv\u00e4mt l\u00e4ngre - perfekt f\u00f6r vardagsbruk, promenader eller p\u00e5 spr\u00e5ng.<\/p>\n<h3 data-start=\"1988\" data-end=\"2033\"><strong data-start=\"1995\" data-end=\"2033\">Praktisk och l\u00e4ttsk\u00f6tt<\/strong><\/h3>\n<p data-start=\"2034\" data-end=\"2330\">Zaffiro Be Close-selen tar liten plats n\u00e4r den \u00e4r hopf\u00e4lld och \u00e4r l\u00e4tt att b\u00e4ra. Selen levereras med tydliga bruksanvisningar och uppfyller europeiska s\u00e4kerhetsstandarder.<br data-start=\"2234\" data-end=\"2237\" \/>Du kan tv\u00e4tta trasan i 40\u00b0C p\u00e5 skonsamt program; blek inte och torktumla inte.<\/p>\n<h3 data-start=\"2332\" data-end=\"2392\"><strong data-start=\"2339\" data-end=\"2392\">Varf\u00f6r v\u00e4lja Zaffiro Be Close-slingan?<\/strong><\/h3>\n<ul data-start=\"2393\" data-end=\"2745\">\n<li data-start=\"2393\" data-end=\"2443\">\n<p data-start=\"2395\" data-end=\"2443\">L\u00e4mplig fr\u00e5n f\u00f6dseln till 2 \u00e5r (3,5-13 kg)<\/p>\n<\/li>\n<li data-start=\"2444\" data-end=\"2485\">\n<p data-start=\"2446\" data-end=\"2485\">100% andningsbar och allergiv\u00e4nlig bomull<\/p>\n<\/li>\n<li data-start=\"2486\" data-end=\"2545\">\n<p data-start=\"2488\" data-end=\"2545\">Ergonomisk design med naturlig C-form och M-h\u00e5llning<\/p>\n<\/li>\n<li data-start=\"2546\" data-end=\"2603\">\n<p data-start=\"2548\" data-end=\"2603\">L\u00e4ngd: 460 cm - l\u00e4tt att knyta och justera<\/p>\n<\/li>\n<li data-start=\"2604\" data-end=\"2640\">\n<p data-start=\"2606\" data-end=\"2640\">B\u00e4rpositioner: mage, h\u00f6ft och rygg<\/p>\n<\/li>\n<li data-start=\"2641\" data-end=\"2686\">\n<p data-start=\"2643\" data-end=\"2686\">H\u00e5llbar, kompakt och enkel att anv\u00e4nda<\/p>\n<\/li>\n<li data-start=\"2687\" data-end=\"2745\">\n<p data-start=\"2689\" data-end=\"2745\">Utformad och testad enligt europeiska s\u00e4kerhetsstandarder<\/p>\n<\/li>\n<\/ul>\n<p data-start=\"2747\" data-end=\"3004\">Den <strong data-start=\"2750\" data-end=\"2780\">Zaffiro Be Close sling<\/strong> \u00e4r det perfekta valet f\u00f6r f\u00f6r\u00e4ldrar som v\u00e4rdes\u00e4tter komfort, s\u00e4kerhet och n\u00e4rhet. Oavsett om du \u00e4r hemma eller ute och r\u00f6r p\u00e5 dig, med denna <strong data-start=\"2913\" data-end=\"2939\">ergonomisk sling<\/strong> du har alltid ditt barn n\u00e4ra dig - varmt, tryggt och avslappnat.<\/p>","protected":false},"excerpt":{"rendered":"<p><strong data-start=\"122\" data-end=\"188\">Zaffiro Be Close-sele - s\u00e4ker, bekv\u00e4m och m\u00e5ngsidig<br \/>\n<\/strong><br data-start=\"188\" data-end=\"191\" \/>Zaffiro Be Close \u00e4r en <strong data-start=\"218\" data-end=\"239\">v\u00e4vd slinga<\/strong> tillverkad av 100% andningsbar, allergiv\u00e4nlig bomull. Denna b\u00e4rsele kan anv\u00e4ndas p\u00e5 flera olika s\u00e4tt. L\u00e4mplig fr\u00e5n f\u00f6dseln upp till ca 2 \u00e5r (3,5-13 kg). Den robusta fiskbensv\u00e4vningen ger optimalt st\u00f6d f\u00f6r ditt barn och j\u00e4mn viktf\u00f6rdelning, vilket g\u00f6r att b\u00e4randet k\u00e4nns l\u00e4ttare och bekv\u00e4mare. Med en l\u00e4ngd p\u00e5 460 cm och en markerad mittlinje \u00e4r duken l\u00e4tt att knyta och anpassa till alla kroppsstorlekar. Ett praktiskt, snyggt och s\u00e4kert val f\u00f6r vardagsbruk. L\u00e4s mer under produktinformation.<\/p>\n<p><strong>M\u00e4rke: Zaffiro<\/strong><br \/>\n<strong>Land: Polen<\/strong><\/p>","protected":false},"featured_media":26845,"comment_status":"open","ping_status":"closed","template":"","meta":{"_acf_changed":false},"product_brand":[],"product_cat":[499,531,364,31,352,502],"product_tag":[],"class_list":{"0":"post-26844","1":"product","2":"type-product","3":"status-publish","4":"has-post-thumbnail","6":"product_cat-new-arrivals","7":"product_cat-babydraagdoeken","8":"product_cat-cadeaus-vanaf-e50","9":"product_cat-yogamat-wol","10":"product_cat-merken","11":"product_cat-zaffiro","13":"first","14":"outofstock","15":"taxable","16":"shipping-taxable","17":"purchasable","18":"product-type-simple"},"acf":[],"_links":{"self":[{"href":"https:\/\/woolskins.eu\/sv\/wp-json\/wp\/v2\/product\/26844","targetHints":{"allow":["GET"]}}],"collection":[{"href":"https:\/\/woolskins.eu\/sv\/wp-json\/wp\/v2\/product"}],"about":[{"href":"https:\/\/woolskins.eu\/sv\/wp-json\/wp\/v2\/types\/product"}],"replies":[{"embeddable":true,"href":"https:\/\/woolskins.eu\/sv\/wp-json\/wp\/v2\/comments?post=26844"}],"wp:featuredmedia":[{"embeddable":true,"href":"https:\/\/woolskins.eu\/sv\/wp-json\/wp\/v2\/media\/26845"}],"wp:attachment":[{"href":"https:\/\/woolskins.eu\/sv\/wp-json\/wp\/v2\/media?parent=26844"}],"wp:term":[{"taxonomy":"product_brand","embeddable":true,"href":"https:\/\/woolskins.eu\/sv\/wp-json\/wp\/v2\/product_brand?post=26844"},{"taxonomy":"product_cat","embeddable":true,"href":"https:\/\/woolskins.eu\/sv\/wp-json\/wp\/v2\/product_cat?post=26844"},{"taxonomy":"product_tag","embeddable":true,"href":"https:\/\/woolskins.eu\/sv\/wp-json\/wp\/v2\/product_tag?post=26844"}],"curies":[{"name":"wp","href":"https:\/\/api.w.org\/{rel}","templated":true}]}}