{"id":26676,"date":"2025-10-07T11:58:06","date_gmt":"2025-10-07T11:58:06","guid":{"rendered":"https:\/\/woolskins.eu\/?post_type=product&#038;p=26676"},"modified":"2025-12-05T11:30:43","modified_gmt":"2025-12-05T11:30:43","slug":"ullvantar-for-barn-3-5-ar-zaffiro-tovad-hasselnot","status":"publish","type":"product","link":"https:\/\/woolskins.eu\/sv\/wollen-wanten-voor-kind-3-5-jaar-zaffiro-felted-hazelnoot\/","title":{"rendered":"Ullvantar f\u00f6r barn 3-5 \u00e5r - Zaffiro | Filtad hasseln\u00f6t"},"content":{"rendered":"<h5>Ullvantar f\u00f6r barn 3-5 \u00e5r - Zaffiro<\/h5>\n<p>Houd de kleine handjes warm en comfortabel met de wollen wanten van Zaffiro. Deze schattige wantjes zijn ideaal voor koude dagen en gemaakt van zachte, natuurlijke felted premium wol, die vriendelijk is voor de gevoelige huid van je kindje.\u00a0Dankzij het <strong data-start=\"318\" data-end=\"337\">handige koortje<\/strong> blijven de wantjes bij elkaar en raak je ze <strong data-start=\"382\" data-end=\"417\">veel minder snel kwijt onderweg<\/strong> \u2013 superpraktisch tijdens wandelingen of uitstapjes. De wollen wanten bieden uitstekende isolatie en zijn geschikt voor kindjes van 3 tot 5 jaar.<\/p>\n<p>N\u00e5gra funktioner:<\/p>\n<ul>\n<li>V\u00e4rme: Ull isolerar naturligt och h\u00e5ller ditt barns h\u00e4nder sk\u00f6na och varma \u00e4ven i det kallaste v\u00e4dret.<\/li>\n<li>Mjukhet: Vantarna \u00e4r gjorda av lyxigt mjuk ull som inte irriterar ditt barns hud.<\/li>\n<li>Andningsf\u00f6rm\u00e5ga: Ull andas naturligt och h\u00e5ller ditt barns h\u00e4nder bekv\u00e4ma och svettfria.<\/li>\n<li>L\u00e4tt att ta av och p\u00e5: Vantarna har en mudd s\u00e5 de \u00e4r l\u00e4tta att ta av och p\u00e5 \u00e4ven f\u00f6r vickiga sm\u00e5.<\/li>\n<li>Vantarna kan enkelt kombineras med alla andra produkter fr\u00e5n v\u00e5r Filted kollektion.<\/li>\n<\/ul>\n<p data-sourcepos=\"5:1-5:57\">Storlek: 3-5 \u00e5r.<\/p>\n<h5>Zaffiro<\/h5>\n<p>Zaffiro-f\u00f6retaget \u00e4r ett polskt familjef\u00f6retag. Sedan starten 1989 har vi specialiserat oss p\u00e5 tillverkning av baby- och barnprodukter och det mesta av det vi producerar exporteras till mer \u00e4n 40 l\u00e4nder. Vi skapade varum\u00e4rket Zaffiro f\u00f6r att marknadsf\u00f6ra produkter som st\u00f6djer f\u00f6r\u00e4ldrar som \u00e4r medvetna om vikten av intimitet och bindning med sitt barn fr\u00e5n de f\u00f6rsta timmarna efter f\u00f6dseln. Vi fr\u00e4mjar konceptet att b\u00e4ra barn &quot;hj\u00e4rtat utantill&quot; i b\u00e4rselar och b\u00e4rselar, \u00e5terinf\u00f6r, \u00e5teruppt\u00e4cker och utvecklar tidigare generationers kloka tradition med h\u00e4nsyn till samtida psykologisk forskning.<\/p>","protected":false},"excerpt":{"rendered":"<p>Houd de kleine handjes warm en comfortabel met de wollen wanten van Zaffiro. Deze schattige wantjes zijn ideaal voor koude dagen en gemaakt van zachte, natuurlijke felted premium wol, die vriendelijk is voor de gevoelige huid van je kindje.\u00a0Dankzij het <strong data-start=\"318\" data-end=\"337\">handige koortje<\/strong> blijven de wantjes bij elkaar en raak je ze <strong data-start=\"382\" data-end=\"417\">veel minder snel kwijt onderweg<\/strong> \u2013 superpraktisch tijdens wandelingen of uitstapjes. De wollen wanten bieden uitstekende isolatie en zijn geschikt voor kindjes van 3 tot 5 jaar.<\/p>\n<div class=\"woocommerce-product-details__short-description\">\n<p><strong>M\u00e4rke: Zaffiro<\/strong><br \/>\n<strong>Produktion: Polen<\/strong><\/p>\n<\/div>","protected":false},"featured_media":26022,"comment_status":"open","ping_status":"closed","template":"","meta":{"_acf_changed":false},"product_brand":[],"product_cat":[502,345,361,362,200,499,196,346],"product_tag":[],"class_list":{"0":"post-26676","1":"product","2":"type-product","3":"status-publish","4":"has-post-thumbnail","6":"product_cat-zaffiro","7":"product_cat-accessoires","8":"product_cat-babyshower","9":"product_cat-cadeaus-tot-e-25","10":"product_cat-wollen-babykleding","11":"product_cat-new-arrivals","12":"product_cat-slaapkleding-baby","13":"product_cat-mutsjesensjaaltjes","15":"first","16":"instock","17":"taxable","18":"shipping-taxable","19":"purchasable","20":"product-type-simple"},"acf":[],"_links":{"self":[{"href":"https:\/\/woolskins.eu\/sv\/wp-json\/wp\/v2\/product\/26676","targetHints":{"allow":["GET"]}}],"collection":[{"href":"https:\/\/woolskins.eu\/sv\/wp-json\/wp\/v2\/product"}],"about":[{"href":"https:\/\/woolskins.eu\/sv\/wp-json\/wp\/v2\/types\/product"}],"replies":[{"embeddable":true,"href":"https:\/\/woolskins.eu\/sv\/wp-json\/wp\/v2\/comments?post=26676"}],"wp:featuredmedia":[{"embeddable":true,"href":"https:\/\/woolskins.eu\/sv\/wp-json\/wp\/v2\/media\/26022"}],"wp:attachment":[{"href":"https:\/\/woolskins.eu\/sv\/wp-json\/wp\/v2\/media?parent=26676"}],"wp:term":[{"taxonomy":"product_brand","embeddable":true,"href":"https:\/\/woolskins.eu\/sv\/wp-json\/wp\/v2\/product_brand?post=26676"},{"taxonomy":"product_cat","embeddable":true,"href":"https:\/\/woolskins.eu\/sv\/wp-json\/wp\/v2\/product_cat?post=26676"},{"taxonomy":"product_tag","embeddable":true,"href":"https:\/\/woolskins.eu\/sv\/wp-json\/wp\/v2\/product_tag?post=26676"}],"curies":[{"name":"wp","href":"https:\/\/api.w.org\/{rel}","templated":true}]}}