{"id":26472,"date":"2025-09-30T15:05:41","date_gmt":"2025-09-30T15:05:41","guid":{"rendered":"https:\/\/woolskins.eu\/?post_type=product&#038;p=26472"},"modified":"2025-12-18T10:47:13","modified_gmt":"2025-12-18T10:47:13","slug":"handvarmare-for-barnvagn-zaffiro-filtad-hasselnot","status":"publish","type":"product","link":"https:\/\/woolskins.eu\/sv\/handwarmers-voor-kinderwagen-zaffiro-felted-hazelnoot\/","title":{"rendered":"Handv\u00e4rmare f\u00f6r barnvagn - Zaffiro | Filtad hasseln\u00f6t"},"content":{"rendered":"<p>2-i-1 Handv\u00e4rmare i Premiumull f\u00f6r Barnvagnar. Dessa handv\u00e4rmare\/muffar \u00e4r perfekta f\u00f6r alla som gillar l\u00e5nga promenader utomhus med sina barn. Tillverkade av naturlig premiumf\u00e5rull k\u00e4nns de otroligt bekv\u00e4ma och varma. Tack vare den varma och isolerande ullen blir dina h\u00e4nder inte kalla s\u00e5 l\u00e4tt. Handv\u00e4rmarna \u00e4r enkla att f\u00e4sta p\u00e5 barnvagnen, antingen tillsammans eller separat. De \u00e4r mycket effektiva eftersom du enkelt kan skjuta in och ut h\u00e4nderna igen n\u00e4r du beh\u00f6ver n\u00e5got.<\/p>\n<p>Egenskaper:<\/p>\n<p>\u2013 m\u00e5tt: 38x26 cm<br \/>\n\u2013 100% premium tovad ull<br \/>\n\u2013 universell storlek<br \/>\n\u2013 kan anv\u00e4ndas som en handske eller som tv\u00e5 separata handskar<br \/>\n\u2013 passar alla barnvagnsmodeller<\/p>\n<p>Premium ull<br \/>\nZaffiro handv\u00e4rmare f\u00f6r barnvagnar \u00e4r tillverkade av fibrer av h\u00f6gsta kvalitet, berikade med specialbearbetning, vilket skapar ett ullfoder p\u00e5 b\u00e5da sidor av tyget. Dessa egenskaper g\u00f6r ullen i v\u00e5ra sovs\u00e4ckar hygroskopisk, absorberar fukt perfekt och skyddar mot v\u00e4rmef\u00f6rlust. Ullen som anv\u00e4nds i handv\u00e4rmaren beh\u00e5ller v\u00e4rmen b\u00e4ttre \u00e4n vanlig ull, tack vare tv\u00e5 lager ullfleece.<\/p>\n<p>Den naturliga, mjuka PREMIUM f\u00e5rullen som anv\u00e4nds f\u00f6r att producera sovs\u00e4cken \u00e4r perfekt f\u00f6r kalla vintrar och varmare dagar. Den s\u00e4kerst\u00e4ller \u00e4nnu b\u00e4ttre naturlig termoreglering, s\u00e5 att den effektivt skyddar barnet \u00e4ven vid h\u00e5rd frost och ser till att barnet inte \u00f6verhettas under varma dagar. F\u00e5rull har ocks\u00e5 antiallergiska egenskaper och \u00e4r resistent mot utveckling av kvalster. Den har hygieniska och sj\u00e4lvreng\u00f6rande egenskaper. Neutraliserar obehagliga lukter och smuts.<\/p>\n<p>F\u00f6rening:<br \/>\n100% vargfleece<\/p>","protected":false},"excerpt":{"rendered":"<p data-start=\"110\" data-end=\"193\"><strong data-start=\"110\" data-end=\"191\">V\u00e4rme och komfort p\u00e5 varje promenad \u2013 Handv\u00e4rmare f\u00f6r barnvagnen<\/strong><\/p>\n<p data-start=\"195\" data-end=\"488\">Njut av l\u00e5nga promenader med dina barn, \u00e4ven p\u00e5 de kallaste dagarna, med v\u00e5ra lyxiga handv\u00e4rmare tillverkade av\u00a0 <strong>100%<\/strong> <strong data-start=\"305\" data-end=\"339\">naturlig premiumull<\/strong>Dessa mjuka och varma muffar h\u00e5ller dina h\u00e4nder sk\u00f6na och mysiga, medan <strong data-start=\"418\" data-end=\"453\">dubbelt lager ull<\/strong> Skyddar dina h\u00e4nder fr\u00e5n v\u00e4der och vind och h\u00e5ller dem underbart varma och bekv\u00e4ma. Denna handv\u00e4rmare \u00e4r kompatibel med alla Zaffiro-tovade produkter.<\/p>\n<p data-start=\"490\" data-end=\"816\">Dessa handv\u00e4rmare \u00e4r <strong data-start=\"512\" data-end=\"559\">l\u00e4tt att f\u00e4sta p\u00e5 vilken barnvagn som helst<\/strong>, b\u00e5de tillsammans och separat, s\u00e5 att du snabbt kan stoppa in h\u00e4nderna n\u00e4r du beh\u00f6ver dem \u2013 och lika enkelt ta ut dem igen medan du \u00e4r upptagen med din lilla. Praktisk, snygg och effektiv: den perfekta f\u00f6ljeslagaren f\u00f6r alla mammor p\u00e5 spr\u00e5ng.<\/p>\n<p><strong>M\u00e4rke: Zaffiro<\/strong><br \/>\n<strong>Produktion: Polen<br \/>\nKeur: Oeko-Tex Standard<\/strong><\/p>\n<p><img loading=\"lazy\" decoding=\"async\" class=\"alignnone wp-image-28173 entered lazyloaded\" src=\"https:\/\/woolskins.eu\/wp-content\/uploads\/2024\/05\/csm_OEKO-TEX_Logo_2022_rgb_c1aaeb5ceb-300x300.jpg\" alt=\"\" width=\"89\" height=\"89\" data-lazy-src=\"https:\/\/woolskins.eu\/wp-content\/uploads\/2024\/05\/csm_OEKO-TEX_Logo_2022_rgb_c1aaeb5ceb-300x300.jpg\" data-ll-status=\"loaded\" srcset=\"https:\/\/woolskins.eu\/wp-content\/uploads\/2024\/05\/csm_OEKO-TEX_Logo_2022_rgb_c1aaeb5ceb-300x300.jpg 300w, https:\/\/woolskins.eu\/wp-content\/uploads\/2024\/05\/csm_OEKO-TEX_Logo_2022_rgb_c1aaeb5ceb-150x150.jpg 150w, https:\/\/woolskins.eu\/wp-content\/uploads\/2024\/05\/csm_OEKO-TEX_Logo_2022_rgb_c1aaeb5ceb-768x769.jpg 768w, https:\/\/woolskins.eu\/wp-content\/uploads\/2024\/05\/csm_OEKO-TEX_Logo_2022_rgb_c1aaeb5ceb-12x12.jpg 12w, https:\/\/woolskins.eu\/wp-content\/uploads\/2024\/05\/csm_OEKO-TEX_Logo_2022_rgb_c1aaeb5ceb-600x601.jpg 600w, https:\/\/woolskins.eu\/wp-content\/uploads\/2024\/05\/csm_OEKO-TEX_Logo_2022_rgb_c1aaeb5ceb-100x100.jpg 100w, https:\/\/woolskins.eu\/wp-content\/uploads\/2024\/05\/csm_OEKO-TEX_Logo_2022_rgb_c1aaeb5ceb-64x64.jpg 64w, https:\/\/woolskins.eu\/wp-content\/uploads\/2024\/05\/csm_OEKO-TEX_Logo_2022_rgb_c1aaeb5ceb.jpg 885w\" sizes=\"auto, (max-width: 89px) 100vw, 89px\" \/><\/p>","protected":false},"featured_media":26473,"comment_status":"closed","ping_status":"closed","template":"","meta":{"_acf_changed":false},"product_brand":[],"product_cat":[352,363,336,502],"product_tag":[],"class_list":{"0":"post-26472","1":"product","2":"type-product","3":"status-publish","4":"has-post-thumbnail","6":"product_cat-merken","7":"product_cat-cadeaus-e25-e50","8":"product_cat-voetenzakken","9":"product_cat-zaffiro","11":"first","12":"instock","13":"taxable","14":"shipping-taxable","15":"purchasable","16":"product-type-simple"},"acf":[],"_links":{"self":[{"href":"https:\/\/woolskins.eu\/sv\/wp-json\/wp\/v2\/product\/26472","targetHints":{"allow":["GET"]}}],"collection":[{"href":"https:\/\/woolskins.eu\/sv\/wp-json\/wp\/v2\/product"}],"about":[{"href":"https:\/\/woolskins.eu\/sv\/wp-json\/wp\/v2\/types\/product"}],"replies":[{"embeddable":true,"href":"https:\/\/woolskins.eu\/sv\/wp-json\/wp\/v2\/comments?post=26472"}],"wp:featuredmedia":[{"embeddable":true,"href":"https:\/\/woolskins.eu\/sv\/wp-json\/wp\/v2\/media\/26473"}],"wp:attachment":[{"href":"https:\/\/woolskins.eu\/sv\/wp-json\/wp\/v2\/media?parent=26472"}],"wp:term":[{"taxonomy":"product_brand","embeddable":true,"href":"https:\/\/woolskins.eu\/sv\/wp-json\/wp\/v2\/product_brand?post=26472"},{"taxonomy":"product_cat","embeddable":true,"href":"https:\/\/woolskins.eu\/sv\/wp-json\/wp\/v2\/product_cat?post=26472"},{"taxonomy":"product_tag","embeddable":true,"href":"https:\/\/woolskins.eu\/sv\/wp-json\/wp\/v2\/product_tag?post=26472"}],"curies":[{"name":"wp","href":"https:\/\/api.w.org\/{rel}","templated":true}]}}