{"id":25991,"date":"2025-09-03T09:53:41","date_gmt":"2025-09-03T09:53:41","guid":{"rendered":"https:\/\/woolskins.eu\/?post_type=product&#038;p=25991"},"modified":"2026-02-18T13:50:18","modified_gmt":"2026-02-18T13:50:18","slug":"zaffiro-fotpasar-i-ull-sovsack-for-vagn-och-liggdel-teddy-beige","status":"publish","type":"product","link":"https:\/\/woolskins.eu\/sv\/zaffiro-wollen-voetenzak-slaapzak-voor-buggy-en-reiswieg-teddy-beige\/","title":{"rendered":"Zaffiro | Ullfotp\u00e5se - sovs\u00e4ck f\u00f6r barnvagn och liggdel | Teddy Beige"},"content":{"rendered":"<h5>Sovs\u00e4ck i ull f\u00f6r Buggy, B\u00e4rs\u00e4ng &amp; Moses korg.<\/h5>\n<p>Dessa yllefotp\u00e5sar - sovs\u00e4ck f\u00f6r buggy och Maxi-Cosi \u00e4r mycket l\u00e4mpliga f\u00f6r de sm\u00e5 tack vare ullfibrernas naturliga egenskaper. Dessa andas och har egenskapen att fungera som en naturlig termostat som reglerar kroppstemperaturen? Detta hj\u00e4lper ditt barn att h\u00e5lla en stabil temperatur och h\u00e5ller ditt barn torrt och bekv\u00e4mt. F\u00e5rull har \u00e4ven antiallergiska egenskaper och \u00e4r antibakteriell och har d\u00e4rf\u00f6r hygieniska och sj\u00e4lvreng\u00f6rande egenskaper. Det neutraliserar obehagliga lukter och smuts. Du kan vara s\u00e4ker p\u00e5 att ditt barn kommer att ha det sk\u00f6nt och varmt och bekv\u00e4mt i denna Zaffiro yllefotp\u00e5se. Alla typer av s\u00e4kerhetsband passar in i denna modell utan problem p\u00e5 grund av anv\u00e4ndningen av de speciella \u00f6ppningarna.<\/p>\n<p>\u2013 100% premium jungfruull, filtad.<br \/>\n\u2013 L\u00e4mplig f\u00f6r 0-18 m\u00e5nader.<br \/>\n\u2013 Dragsko i kragen f\u00f6r att skydda barnets huvud.<br \/>\n\u2013 Toppen kan dras av helt fr\u00e5n botten.<br \/>\n\u2013 Bekv\u00e4ma \u00f6ppningar f\u00f6r s\u00e4kerhetsremmarna (5-punkts).<br \/>\n\u2013 l\u00e4ngd 90cm x bredd 40\/42 cm.<\/p>\n<p data-start=\"63\" data-end=\"427\"><strong data-start=\"63\" data-end=\"83\">Tv\u00e4ttr\u00e5d<\/strong><\/p>\n<p data-start=\"63\" data-end=\"427\">F\u00f6r att h\u00e5lla Teddy-tyget i ull vackert och mjukt rekommenderar vi handtv\u00e4tt i h\u00f6gst 30\u00b0C. Var f\u00f6rsiktig och anv\u00e4nd ett milt ulltv\u00e4ttmedel. Undvik blekmedel, strykning, torktumlare och centrifugering. L\u00e5t tyget torka plant f\u00f6r att bevara dess form. Kemtv\u00e4tt \u00e4r ocks\u00e5 m\u00f6jligt.<\/p>\n<p data-start=\"429\" data-end=\"552\">\u2728 <strong data-start=\"431\" data-end=\"439\">Dricks:<\/strong> Ull beh\u00f6ver inte tv\u00e4ttas ofta. En snabb v\u00e4dring utomhus r\u00e4cker ofta f\u00f6r att h\u00e5lla tyget fr\u00e4scht.<\/p>\n<p data-start=\"554\" data-end=\"817\">\ud83c\udf3f <strong data-start=\"557\" data-end=\"588\">Varf\u00f6r ull \u00e4r speciellt: <\/strong>Ull \u00e4r naturligt sj\u00e4lvreng\u00f6rande och smutsavvisande. Lukt f\u00f6rsvinner bara genom att v\u00e4dra tyget och smuts fastnar inte lika l\u00e4tt som p\u00e5 andra material. S\u00e5 ditt ulltyg h\u00e5ller sig fr\u00e4scht l\u00e4ngre, utan mycket underh\u00e5ll.<\/p>\n<h5>Zaffiro<\/h5>\n<p>Zaffiro-f\u00f6retaget \u00e4r ett polskt familjef\u00f6retag. Sedan starten 1989 har vi specialiserat oss p\u00e5 tillverkning av baby- och barnprodukter och det mesta av det vi producerar exporteras till mer \u00e4n 40 l\u00e4nder. Vi skapade varum\u00e4rket Zaffiro f\u00f6r att marknadsf\u00f6ra produkter som st\u00f6djer f\u00f6r\u00e4ldrar som \u00e4r medvetna om vikten av intimitet och bindning med sitt barn fr\u00e5n de f\u00f6rsta timmarna efter f\u00f6dseln. Vi fr\u00e4mjar konceptet att b\u00e4ra barn &quot;hj\u00e4rtat utantill&quot; i b\u00e4rselar och b\u00e4rselar, \u00e5terinf\u00f6r, \u00e5teruppt\u00e4cker och utvecklar tidigare generationers kloka tradition med h\u00e4nsyn till samtida psykologisk forskning.<\/p>","protected":false},"excerpt":{"rendered":"<p>Njut av att ta med ditt barn p\u00e5 utflykt i denna varma \u00e5kp\u00e5se i ull - sovs\u00e4ck fr\u00e5n Zaffiro f\u00f6r barnvagnen, vagnen, Moses-korgen eller hemma. \u00c5kp\u00e5sen \u00e4r tillverkad av 100%-ull och tar omedelbart ditt barns temperatur. Den smidiga ullen r\u00f6r sig l\u00e4tt med ditt barn. Den h\u00e5ller v\u00e4rmen bra utan att barnet blir svettigt, eftersom ull andas. Tack vare dessa unika egenskaper hos ull kommer ditt barn att vara varmt och bekv\u00e4mt. Tack vare de praktiska b\u00e4ltes\u00f6ppningarna kan du snabbt montera den h\u00e4r \u00e5kp\u00e5sen i ull i barnvagnen eller vagnen. Du kan dra i sn\u00f6ret i kragen f\u00f6r att skydda ditt barns huvud fr\u00e5n v\u00e4der och vind. Denna \u00e5kp\u00e5se fr\u00e5n Zaffiro kan anv\u00e4ndas \u00e5ret runt men \u00e4r s\u00e4rskilt praktisk under v\u00e5r, vinter och h\u00f6st.<\/p>\n<div class=\"woocommerce-product-details__short-description\">\n<p><strong>M\u00e4rke: Zaffiro<\/strong><br \/>\n<strong>Produktion: Polen<br \/>\nKeur: Oeko-Tex Standard<\/strong><\/p>\n<p><img loading=\"lazy\" decoding=\"async\" class=\"alignnone wp-image-28173 entered lazyloaded\" src=\"https:\/\/woolskins.eu\/wp-content\/uploads\/2024\/05\/csm_OEKO-TEX_Logo_2022_rgb_c1aaeb5ceb-300x300.jpg\" alt=\"\" width=\"89\" height=\"89\" data-lazy-src=\"https:\/\/woolskins.eu\/wp-content\/uploads\/2024\/05\/csm_OEKO-TEX_Logo_2022_rgb_c1aaeb5ceb-300x300.jpg\" data-ll-status=\"loaded\" srcset=\"https:\/\/woolskins.eu\/wp-content\/uploads\/2024\/05\/csm_OEKO-TEX_Logo_2022_rgb_c1aaeb5ceb-300x300.jpg 300w, https:\/\/woolskins.eu\/wp-content\/uploads\/2024\/05\/csm_OEKO-TEX_Logo_2022_rgb_c1aaeb5ceb-150x150.jpg 150w, https:\/\/woolskins.eu\/wp-content\/uploads\/2024\/05\/csm_OEKO-TEX_Logo_2022_rgb_c1aaeb5ceb-768x769.jpg 768w, https:\/\/woolskins.eu\/wp-content\/uploads\/2024\/05\/csm_OEKO-TEX_Logo_2022_rgb_c1aaeb5ceb-12x12.jpg 12w, https:\/\/woolskins.eu\/wp-content\/uploads\/2024\/05\/csm_OEKO-TEX_Logo_2022_rgb_c1aaeb5ceb-600x601.jpg 600w, https:\/\/woolskins.eu\/wp-content\/uploads\/2024\/05\/csm_OEKO-TEX_Logo_2022_rgb_c1aaeb5ceb-100x100.jpg 100w, https:\/\/woolskins.eu\/wp-content\/uploads\/2024\/05\/csm_OEKO-TEX_Logo_2022_rgb_c1aaeb5ceb-64x64.jpg 64w, https:\/\/woolskins.eu\/wp-content\/uploads\/2024\/05\/csm_OEKO-TEX_Logo_2022_rgb_c1aaeb5ceb.jpg 885w\" sizes=\"auto, (max-width: 89px) 100vw, 89px\" \/><\/p>\n<\/div>","protected":false},"featured_media":25997,"comment_status":"open","ping_status":"closed","template":"","meta":{"_acf_changed":false},"product_brand":[],"product_cat":[502,370,336],"product_tag":[],"class_list":{"0":"post-25991","1":"product","2":"type-product","3":"status-publish","4":"has-post-thumbnail","6":"product_cat-zaffiro","7":"product_cat-slaapzakken","8":"product_cat-voetenzakken","10":"first","11":"instock","12":"taxable","13":"shipping-taxable","14":"purchasable","15":"product-type-simple"},"acf":[],"_links":{"self":[{"href":"https:\/\/woolskins.eu\/sv\/wp-json\/wp\/v2\/product\/25991","targetHints":{"allow":["GET"]}}],"collection":[{"href":"https:\/\/woolskins.eu\/sv\/wp-json\/wp\/v2\/product"}],"about":[{"href":"https:\/\/woolskins.eu\/sv\/wp-json\/wp\/v2\/types\/product"}],"replies":[{"embeddable":true,"href":"https:\/\/woolskins.eu\/sv\/wp-json\/wp\/v2\/comments?post=25991"}],"wp:featuredmedia":[{"embeddable":true,"href":"https:\/\/woolskins.eu\/sv\/wp-json\/wp\/v2\/media\/25997"}],"wp:attachment":[{"href":"https:\/\/woolskins.eu\/sv\/wp-json\/wp\/v2\/media?parent=25991"}],"wp:term":[{"taxonomy":"product_brand","embeddable":true,"href":"https:\/\/woolskins.eu\/sv\/wp-json\/wp\/v2\/product_brand?post=25991"},{"taxonomy":"product_cat","embeddable":true,"href":"https:\/\/woolskins.eu\/sv\/wp-json\/wp\/v2\/product_cat?post=25991"},{"taxonomy":"product_tag","embeddable":true,"href":"https:\/\/woolskins.eu\/sv\/wp-json\/wp\/v2\/product_tag?post=25991"}],"curies":[{"name":"wp","href":"https:\/\/api.w.org\/{rel}","templated":true}]}}