{"id":25978,"date":"2025-09-02T13:06:34","date_gmt":"2025-09-02T13:06:34","guid":{"rendered":"https:\/\/woolskins.eu\/?post_type=product&#038;p=25978"},"modified":"2026-05-13T12:08:19","modified_gmt":"2026-05-13T12:08:19","slug":"ullskinn-mjuka-elastiska-tofflor","status":"publish","type":"product","link":"https:\/\/woolskins.eu\/sv\/woolskins-wolknuffel-slofjes-zacht-elastisch\/","title":{"rendered":"Woolskins Wool Cuddly Shoes | Mjuka &amp; stretchiga"},"content":{"rendered":"<p data-start=\"0\" data-end=\"79\"><strong data-start=\"0\" data-end=\"77\">Woolskins babytofflor i ull - mjuka, elastiska och alltid perfekt passform<\/strong><\/p>\n<p data-start=\"81\" data-end=\"467\">H\u00e5ll ditt barns sm\u00e5 f\u00f6tter varma och s\u00e4kra med den <strong data-start=\"140\" data-end=\"176\">babytofflor i ull fr\u00e5n Woolskins<\/strong>. Tillverkad av <strong data-start=\"190\" data-end=\"226\">elastisk, 100% naturlig ull<\/strong> dessa tofflor sluter alltid mjukt och bekv\u00e4mt runt f\u00f6tterna, utan att kl\u00e4mma. Tack vare sin naturliga elasticitet h\u00e5ller de sig <strong data-start=\"357\" data-end=\"375\">sitta perfekt<\/strong>, \u00e4ven med de smidigaste bebisarna - och \u00e4r fortfarande l\u00e4tta att ta p\u00e5 och av.<\/p>\n<p data-start=\"469\" data-end=\"743\">Denna s\u00f6ta <strong data-start=\"484\" data-end=\"502\">ulltofflor<\/strong> Dessutom kan de b\u00e4ras p\u00e5 tv\u00e5 s\u00e4tt: med kanten <strong data-start=\"561\" data-end=\"575\">v\u00e4nd<\/strong> F\u00f6r en klassisk och kortare modell, eller bara <strong data-start=\"620\" data-end=\"637\">utan lock<\/strong> f\u00f6r en extra mysig, h\u00f6g toffel. S\u00e5 att du enkelt kan justera dem, oavsett om du myser hemma eller \u00e4r p\u00e5 spr\u00e5ng.<\/p>\n<p data-start=\"745\" data-end=\"814\"><strong data-start=\"745\" data-end=\"812\">Varf\u00f6r mammor v\u00e4ljer Woolskins babytofflor i ull:<\/strong><\/p>\n<ul data-start=\"815\" data-end=\"1238\">\n<li data-start=\"815\" data-end=\"910\">\n<p data-start=\"817\" data-end=\"910\"><strong data-start=\"817\" data-end=\"835\">Elastisk ull<\/strong>: l\u00e4tt att s\u00e4tta p\u00e5 och sitter kvar \u00e4ven med aktiva f\u00f6tter<\/p>\n<\/li>\n<li data-start=\"911\" data-end=\"964\">\n<p data-start=\"913\" data-end=\"964\"><strong data-start=\"913\" data-end=\"940\">Tv\u00e5 s\u00e4tt att b\u00e4ra<\/strong>: med eller utan skydd<\/p>\n<\/li>\n<li data-start=\"965\" data-end=\"1041\">\n<p data-start=\"967\" data-end=\"1041\"><strong data-start=\"967\" data-end=\"1001\">100% naturlig, europeisk ull<\/strong> - h\u00e5llbar, s\u00e4ker och hudv\u00e4nlig<\/p>\n<\/li>\n<li data-start=\"1042\" data-end=\"1143\">\n<p data-start=\"1044\" data-end=\"1143\"><strong data-start=\"1044\" data-end=\"1083\">Varm p\u00e5 vintern, sval p\u00e5 sommaren<\/strong> - tack vare ullens temperaturreglerande egenskaper<\/p>\n<\/li>\n<li data-start=\"1144\" data-end=\"1238\">\n<p data-start=\"1146\" data-end=\"1238\"><strong data-start=\"1146\" data-end=\"1180\">Allergiv\u00e4nlig och sj\u00e4lvreng\u00f6rande<\/strong> - perfekt f\u00f6r k\u00e4nsliga babyf\u00f6tter och kr\u00e4ver lite underh\u00e5ll<\/p>\n<\/li>\n<\/ul>\n<p>Storlek: 3-6 m\u00e5nader (l\u00e4ngd inv\u00e4ndigt 9cm)<\/p>\n<p data-start=\"1240\" data-end=\"1487\">Ull erbjuder naturligtvis m\u00e5nga f\u00f6rdelar: det \u00e4r <strong data-start=\"1287\" data-end=\"1298\">andningsbar<\/strong>, <strong data-start=\"1300\" data-end=\"1325\">temperaturreglerande<\/strong> och <strong data-start=\"1329\" data-end=\"1344\">ultramjuk<\/strong> f\u00f6r ditt barns k\u00e4nsliga hud. S\u00e5 att f\u00f6tterna alltid h\u00e5ller r\u00e4tt temperatur och k\u00e4nns torra och bekv\u00e4ma - under alla \u00e5rstider.<\/p>\n<p data-start=\"1489\" data-end=\"1672\">Med <strong data-start=\"1496\" data-end=\"1532\">babytofflor i ull fr\u00e5n Woolskins<\/strong> ger ditt barn det b\u00e4sta av tv\u00e5 v\u00e4rldar: naturlig komfort och praktiska egenskaper, f\u00f6rpackade i en tidl\u00f6s, elegant design.<\/p>","protected":false},"excerpt":{"rendered":"<p>Dessa Woolskins babytofflor i ull \u00e4r tillverkade av mjuk, elastisk 100% naturull och sitter perfekt p\u00e5 f\u00f6tterna, \u00e4ven n\u00e4r de r\u00f6r sig mycket. Tack vare den elastiska ullen \u00e4r de l\u00e4tta att ta p\u00e5 och av och perfekta f\u00f6r sm\u00e5 barn. B\u00e4r tofflorna med eller utan en linda f\u00f6r en klassisk eller extra varm look. De h\u00e4r slitstarka babytofflorna \u00e4r temperaturreglerande, andas och \u00e4r allergiv\u00e4nliga, vilket g\u00f6r att ditt barns f\u00f6tter alltid \u00e4r bekv\u00e4ma och skyddade - perfekta f\u00f6r vardagsbruk, hemma eller p\u00e5 spr\u00e5ng.<\/p>\n<p>Storlek: 3-6 m\u00e5nader (l\u00e4ngd inv\u00e4ndigt 9cm)<\/p>\n<p><strong>M\u00e4rke: Woolskins<\/strong><br \/>\n<strong>Produktion: Polen<\/strong><\/p>","protected":false},"featured_media":25982,"comment_status":"open","ping_status":"closed","template":"","meta":{"_acf_changed":false},"product_brand":[],"product_cat":[360,362,200,499,323,194],"product_tag":[],"class_list":{"0":"post-25978","1":"product","2":"type-product","3":"status-publish","4":"has-post-thumbnail","6":"product_cat-cadeautips","7":"product_cat-cadeaus-tot-e-25","8":"product_cat-wollen-babykleding","9":"product_cat-new-arrivals","10":"product_cat-slofjes","11":"product_cat-wollen-babyproducten","13":"first","14":"instock","15":"taxable","16":"shipping-taxable","17":"purchasable","18":"product-type-simple"},"acf":[],"_links":{"self":[{"href":"https:\/\/woolskins.eu\/sv\/wp-json\/wp\/v2\/product\/25978","targetHints":{"allow":["GET"]}}],"collection":[{"href":"https:\/\/woolskins.eu\/sv\/wp-json\/wp\/v2\/product"}],"about":[{"href":"https:\/\/woolskins.eu\/sv\/wp-json\/wp\/v2\/types\/product"}],"replies":[{"embeddable":true,"href":"https:\/\/woolskins.eu\/sv\/wp-json\/wp\/v2\/comments?post=25978"}],"wp:featuredmedia":[{"embeddable":true,"href":"https:\/\/woolskins.eu\/sv\/wp-json\/wp\/v2\/media\/25982"}],"wp:attachment":[{"href":"https:\/\/woolskins.eu\/sv\/wp-json\/wp\/v2\/media?parent=25978"}],"wp:term":[{"taxonomy":"product_brand","embeddable":true,"href":"https:\/\/woolskins.eu\/sv\/wp-json\/wp\/v2\/product_brand?post=25978"},{"taxonomy":"product_cat","embeddable":true,"href":"https:\/\/woolskins.eu\/sv\/wp-json\/wp\/v2\/product_cat?post=25978"},{"taxonomy":"product_tag","embeddable":true,"href":"https:\/\/woolskins.eu\/sv\/wp-json\/wp\/v2\/product_tag?post=25978"}],"curies":[{"name":"wp","href":"https:\/\/api.w.org\/{rel}","templated":true}]}}