{"id":25921,"date":"2025-08-29T14:31:09","date_gmt":"2025-08-29T14:31:09","guid":{"rendered":"https:\/\/woolskins.eu\/?post_type=product&#038;p=25921"},"modified":"2025-12-17T13:01:00","modified_gmt":"2025-12-17T13:01:00","slug":"woolskins-babykappa-i-ull-kimonojacka-thumbled-ecru","status":"publish","type":"product","link":"https:\/\/woolskins.eu\/sv\/woolskins-wollen-babyjas-kimonojas-thumbled-ecru\/","title":{"rendered":"Woolskins Babykappa i ull - Kimonokappa | Tumlad ecru"},"content":{"rendered":"<p data-start=\"0\" data-end=\"81\"><strong data-start=\"0\" data-end=\"79\">Woolskins Wollen Kimonojasje \u2013 zacht, warm en puur comfort voor je kleintje<\/strong><\/p>\n<p data-start=\"83\" data-end=\"355\">Svep in ditt barn i v\u00e4rme och trygghet med en\u00a0<strong data-start=\"132\" data-end=\"168\">Woolskins kimonojacka i ull<\/strong>. Denna s\u00f6ta\u00a0<strong data-start=\"180\" data-end=\"200\">babyjacka i ull<\/strong>\u00a0\u00e4r speciellt framtagen f\u00f6r mammor som vill ha det allra b\u00e4sta: en jacka som \u00e4r mjuk mot barnets k\u00e4nsliga hud, bekv\u00e4m att b\u00e4ra och som ser bra ut.<\/p>\n<p data-start=\"357\" data-end=\"637\">Kavajen har en\u00a0<strong data-start=\"377\" data-end=\"397\">dubbel \u00f6verlappning<\/strong>\u00a0som du enkelt st\u00e4nger med de mjuka dragsn\u00f6rena. P\u00e5 s\u00e5 s\u00e4tt sitter den perfekt p\u00e5 plats, oavsett om ditt barn ligger stilla eller r\u00f6r sig glatt. Idealisk som\u00a0<strong data-start=\"536\" data-end=\"569\">mysig badrock efter badet<\/strong>\u00a0eller om\u00a0<strong data-start=\"577\" data-end=\"599\">snygg \u00f6verrock<\/strong>\u00a0f\u00f6r att ta med p\u00e5 resan under kyliga dagar. Den lekfulla p\u00e5sen i form av en m\u00e5ne kan till exempel rymma ditt barns trasa, s\u00e5 att den alltid finns till hands.<\/p>\n<p data-start=\"639\" data-end=\"975\">Tillverkad av\u00a0<strong>zuivere scheerwol<\/strong>, biedt dit jasje meer dan alleen zachtheid. Wol\u00a0<strong data-start=\"745\" data-end=\"754\">andas<\/strong>, \u00e4r\u00a0<strong data-start=\"759\" data-end=\"784\">temperaturreglerande<\/strong>\u00a0och h\u00e5ller ditt barn varmt p\u00e5 vintern och svalt p\u00e5 sommaren. Dessutom \u00e4r ull\u00a0<strong data-start=\"858\" data-end=\"875\">allergiv\u00e4nlig<\/strong>\u00a0och\u00a0<strong data-start=\"879\" data-end=\"896\">sj\u00e4lvreng\u00f6rande<\/strong>\u00a0\u2013 perfect voor de tere huid van je kleintje \u00e9n praktisch voor drukke mama\u2019s.<\/p>\n<p data-start=\"977\" data-end=\"1036\"><strong data-start=\"977\" data-end=\"1034\">Varf\u00f6r mammor \u00e4lskar Woolskins kimonojacka:<\/strong><\/p>\n<ul data-start=\"1037\" data-end=\"1352\">\n<li data-start=\"1037\" data-end=\"1097\">\n<p data-start=\"1039\" data-end=\"1097\">Vacker design med dubbel klaff och mjuka dragskor<\/p>\n<\/li>\n<li data-start=\"1098\" data-end=\"1156\">\n<p data-start=\"1100\" data-end=\"1156\">Underbart mjuk och varm, l\u00e4mplig f\u00f6r inomhus- och utomhusbruk<\/p>\n<\/li>\n<li data-start=\"1157\" data-end=\"1219\">\n<p data-start=\"1159\" data-end=\"1219\">Zuivere scheerwol met Oeko-Tex keur, Europese wol \u2013 veilig en huidvriendelijk<\/p>\n<\/li>\n<li data-start=\"1220\" data-end=\"1286\">\n<p data-start=\"1222\" data-end=\"1286\">H\u00e5ller ditt barn bekv\u00e4mt: varmt p\u00e5 vintern, svalt p\u00e5 sommaren<\/p>\n<\/li>\n<li data-start=\"1287\" data-end=\"1352\">\n<p data-start=\"1289\" data-end=\"1352\">Hypoallergeen en zelfreinigend \u2013 minder wassen, meer genieten<\/p>\n<\/li>\n<li data-start=\"1287\" data-end=\"1352\">1 storlek 12 -24 m\u00e5nader (se m\u00e5tt nedan)<\/li>\n<\/ul>\n<p data-start=\"1354\" data-end=\"1551\">L\u00e5t ditt barn omslutas av den naturliga lyxen hos ull. Denna\u00a0<strong data-start=\"1423\" data-end=\"1443\">babyjacka i ull<\/strong>\u00a0\u00e4r inte bara ett praktiskt plagg, utan ocks\u00e5 ett tidl\u00f6st f\u00f6rem\u00e5l som du \u00e4lskar att anv\u00e4nda varje dag.<\/p>\n<p data-start=\"0\" data-end=\"81\">.<\/p>\n<p data-start=\"1354\" data-end=\"1551\"><img loading=\"lazy\" decoding=\"async\" class=\"alignnone wp-image-25914\" src=\"https:\/\/woolskins.eu\/wp-content\/uploads\/2025\/08\/Afmetingen-Kimonojasje-Middel-300x300.png\" alt=\"Woolskins baby kimono jacka ull\" width=\"339\" height=\"339\" srcset=\"https:\/\/woolskins.eu\/wp-content\/uploads\/2025\/08\/Afmetingen-Kimonojasje-Middel-300x300.png 300w, https:\/\/woolskins.eu\/wp-content\/uploads\/2025\/08\/Afmetingen-Kimonojasje-Middel-150x150.png 150w, https:\/\/woolskins.eu\/wp-content\/uploads\/2025\/08\/Afmetingen-Kimonojasje-Middel-768x765.png 768w, https:\/\/woolskins.eu\/wp-content\/uploads\/2025\/08\/Afmetingen-Kimonojasje-Middel-12x12.png 12w, https:\/\/woolskins.eu\/wp-content\/uploads\/2025\/08\/Afmetingen-Kimonojasje-Middel-600x598.png 600w, https:\/\/woolskins.eu\/wp-content\/uploads\/2025\/08\/Afmetingen-Kimonojasje-Middel-100x100.png 100w, https:\/\/woolskins.eu\/wp-content\/uploads\/2025\/08\/Afmetingen-Kimonojasje-Middel-64x64.png 64w, https:\/\/woolskins.eu\/wp-content\/uploads\/2025\/08\/Afmetingen-Kimonojasje-Middel.png 771w\" sizes=\"auto, (max-width: 339px) 100vw, 339px\" \/><\/p>","protected":false},"excerpt":{"rendered":"<p data-start=\"87\" data-end=\"443\">Dit wollen kimonojasje van Woolskins omhult je baby met natuurlijke warmte en geborgenheid. Dit zachte en stijlvolle jasje is perfect als wollen babyjas voor buiten of als knusse badjas voor binnen. Dankzij de dubbele overslag met zachte koortjes sluit het jasje altijd mooi aan en blijft het comfortabel zitten, of je kleintje nu rustig ligt of beweegt.<\/p>\n<p data-start=\"445\" data-end=\"828\" data-is-last-node=\"\" data-is-only-node=\"\">Tillverkad av\u00a0<strong>zuivere scheerwol <\/strong>is het jasje ademend en temperatuurregulerend: warm in de winter en verkoelend in de zomer. De wol is bovendien hypoallergeen en zelfreinigend, waardoor het extra zacht is voor de gevoelige babyhuid \u00e9n praktisch voor dagelijks gebruik. Zo voelt je baby zich in elk seizoen veilig, comfortabel en geborgen.<\/p>\n<p>Storlek: 12-24 m\u00e5nader (se produktbeskrivning f\u00f6r storlek nedan)<\/p>\n<p>Nieuw binnen! Meer detailfoto\u2019s volgen. Voor vragen of meer details over dit product stuur ons een whatsapp op nummer +31202044557<\/p>\n<p><strong>M\u00e4rke: Woolskins<\/strong><br \/>\n<strong>Produktion: Polen<br \/>\n<\/strong><\/p>","protected":false},"featured_media":25922,"comment_status":"open","ping_status":"closed","template":"","meta":{"_acf_changed":false},"product_brand":[],"product_cat":[360,364,200,337,194],"product_tag":[],"class_list":{"0":"post-25921","1":"product","2":"type-product","3":"status-publish","4":"has-post-thumbnail","6":"product_cat-cadeautips","7":"product_cat-cadeaus-vanaf-e50","8":"product_cat-wollen-babykleding","9":"product_cat-vestjes","10":"product_cat-wollen-babyproducten","12":"first","13":"instock","14":"taxable","15":"shipping-taxable","16":"purchasable","17":"product-type-simple"},"acf":[],"_links":{"self":[{"href":"https:\/\/woolskins.eu\/sv\/wp-json\/wp\/v2\/product\/25921","targetHints":{"allow":["GET"]}}],"collection":[{"href":"https:\/\/woolskins.eu\/sv\/wp-json\/wp\/v2\/product"}],"about":[{"href":"https:\/\/woolskins.eu\/sv\/wp-json\/wp\/v2\/types\/product"}],"replies":[{"embeddable":true,"href":"https:\/\/woolskins.eu\/sv\/wp-json\/wp\/v2\/comments?post=25921"}],"wp:featuredmedia":[{"embeddable":true,"href":"https:\/\/woolskins.eu\/sv\/wp-json\/wp\/v2\/media\/25922"}],"wp:attachment":[{"href":"https:\/\/woolskins.eu\/sv\/wp-json\/wp\/v2\/media?parent=25921"}],"wp:term":[{"taxonomy":"product_brand","embeddable":true,"href":"https:\/\/woolskins.eu\/sv\/wp-json\/wp\/v2\/product_brand?post=25921"},{"taxonomy":"product_cat","embeddable":true,"href":"https:\/\/woolskins.eu\/sv\/wp-json\/wp\/v2\/product_cat?post=25921"},{"taxonomy":"product_tag","embeddable":true,"href":"https:\/\/woolskins.eu\/sv\/wp-json\/wp\/v2\/product_tag?post=25921"}],"curies":[{"name":"wp","href":"https:\/\/api.w.org\/{rel}","templated":true}]}}