{"id":25910,"date":"2025-08-29T13:49:43","date_gmt":"2025-08-29T13:49:43","guid":{"rendered":"https:\/\/woolskins.eu\/?post_type=product&#038;p=25910"},"modified":"2025-12-20T10:39:21","modified_gmt":"2025-12-20T10:39:21","slug":"woolskins-babykappa-i-ull-kimonojacka-tovad-beige","status":"publish","type":"product","link":"https:\/\/woolskins.eu\/sv\/woolskins-wollen-babyjas-kimonojas-felted-beige\/","title":{"rendered":"Woolskins Babykappa i ull - Kimonokappa | Filtad beige"},"content":{"rendered":"<p data-start=\"0\" data-end=\"81\"><strong data-start=\"0\" data-end=\"79\">Kimonojacka i ull fr\u00e5n Woolskins - mjuk, varm och ren komfort f\u00f6r ditt barn<\/strong><\/p>\n<p data-start=\"83\" data-end=\"355\">Svep in ditt barn i v\u00e4rme och trygghet med en <strong data-start=\"132\" data-end=\"168\">Woolskins kimonojacka i ull<\/strong>. Denna s\u00f6ta <strong data-start=\"180\" data-end=\"200\">babyjacka i ull<\/strong> \u00e4r speciellt framtagen f\u00f6r mammor som vill ha det allra b\u00e4sta: en jacka som \u00e4r mjuk mot barnets k\u00e4nsliga hud, bekv\u00e4m att b\u00e4ra och som ser bra ut.<\/p>\n<p data-start=\"357\" data-end=\"637\">Kavajen har en <strong data-start=\"377\" data-end=\"397\">dubbel \u00f6verlappning<\/strong> som du enkelt st\u00e4nger med de mjuka dragsn\u00f6rena. P\u00e5 s\u00e5 s\u00e4tt sitter den perfekt p\u00e5 plats, oavsett om ditt barn ligger stilla eller r\u00f6r sig glatt. Idealisk som <strong data-start=\"536\" data-end=\"569\">mysig badrock efter badet<\/strong> eller om <strong data-start=\"577\" data-end=\"599\">snygg \u00f6verrock<\/strong> f\u00f6r att ta med p\u00e5 resan under kyliga dagar. Den lekfulla p\u00e5sen i form av en m\u00e5ne kan till exempel rymma ditt barns trasa, s\u00e5 att den alltid finns till hands.<\/p>\n<p data-start=\"639\" data-end=\"975\">Tillverkad av <strong>zuivere scheerwol met Oeko-Tex keurmerk<\/strong>, biedt dit jasje meer dan alleen zachtheid. Wol <strong data-start=\"745\" data-end=\"754\">andas<\/strong>, \u00e4r <strong data-start=\"759\" data-end=\"784\">temperaturreglerande<\/strong> och h\u00e5ller ditt barn varmt p\u00e5 vintern och svalt p\u00e5 sommaren. Dessutom \u00e4r ull <strong data-start=\"858\" data-end=\"875\">allergiv\u00e4nlig<\/strong> och <strong data-start=\"879\" data-end=\"896\">sj\u00e4lvreng\u00f6rande<\/strong> - perfekt f\u00f6r ditt barns k\u00e4nsliga hud och praktiskt f\u00f6r upptagna mammor.<\/p>\n<p data-start=\"977\" data-end=\"1036\"><strong data-start=\"977\" data-end=\"1034\">Varf\u00f6r mammor \u00e4lskar Woolskins kimonojacka:<\/strong><\/p>\n<ul data-start=\"1037\" data-end=\"1352\">\n<li data-start=\"1037\" data-end=\"1097\">\n<p data-start=\"1039\" data-end=\"1097\">Vacker design med dubbel klaff och mjuka dragskor<\/p>\n<\/li>\n<li data-start=\"1098\" data-end=\"1156\">\n<p data-start=\"1100\" data-end=\"1156\">Underbart mjuk och varm, l\u00e4mplig f\u00f6r inomhus- och utomhusbruk<\/p>\n<\/li>\n<li data-start=\"1157\" data-end=\"1219\">\n<p data-start=\"1159\" data-end=\"1219\">Zuivere scheerwol met Oeko-Tex keur, Europese wol &#8211; veilig en huidvriendelijk<\/p>\n<\/li>\n<li data-start=\"1220\" data-end=\"1286\">\n<p data-start=\"1222\" data-end=\"1286\">H\u00e5ller ditt barn bekv\u00e4mt: varmt p\u00e5 vintern, svalt p\u00e5 sommaren<\/p>\n<\/li>\n<li data-start=\"1287\" data-end=\"1352\">\n<p data-start=\"1289\" data-end=\"1352\">Allergiv\u00e4nlig och sj\u00e4lvreng\u00f6rande - mindre tv\u00e4tt, mer njutning<\/p>\n<\/li>\n<li data-start=\"1287\" data-end=\"1352\">1 storlek 12 -24 m\u00e5nader (se m\u00e5tt nedan)<\/li>\n<\/ul>\n<p data-start=\"1354\" data-end=\"1551\">L\u00e5t ditt barn omslutas av den naturliga lyxen hos ull. Denna <strong data-start=\"1423\" data-end=\"1443\">babyjacka i ull<\/strong> \u00e4r inte bara ett praktiskt plagg, utan ocks\u00e5 ett tidl\u00f6st f\u00f6rem\u00e5l som du \u00e4lskar att anv\u00e4nda varje dag.<\/p>\n<p data-start=\"1354\" data-end=\"1551\"><img loading=\"lazy\" decoding=\"async\" class=\"alignnone wp-image-25914\" src=\"https:\/\/woolskins.eu\/wp-content\/uploads\/2025\/08\/Afmetingen-Kimonojasje-Middel-300x300.png\" alt=\"Woolskins baby kimono jacka ull\" width=\"339\" height=\"339\" srcset=\"https:\/\/woolskins.eu\/wp-content\/uploads\/2025\/08\/Afmetingen-Kimonojasje-Middel-300x300.png 300w, https:\/\/woolskins.eu\/wp-content\/uploads\/2025\/08\/Afmetingen-Kimonojasje-Middel-150x150.png 150w, https:\/\/woolskins.eu\/wp-content\/uploads\/2025\/08\/Afmetingen-Kimonojasje-Middel-768x765.png 768w, https:\/\/woolskins.eu\/wp-content\/uploads\/2025\/08\/Afmetingen-Kimonojasje-Middel-12x12.png 12w, https:\/\/woolskins.eu\/wp-content\/uploads\/2025\/08\/Afmetingen-Kimonojasje-Middel-600x598.png 600w, https:\/\/woolskins.eu\/wp-content\/uploads\/2025\/08\/Afmetingen-Kimonojasje-Middel-100x100.png 100w, https:\/\/woolskins.eu\/wp-content\/uploads\/2025\/08\/Afmetingen-Kimonojasje-Middel-64x64.png 64w, https:\/\/woolskins.eu\/wp-content\/uploads\/2025\/08\/Afmetingen-Kimonojasje-Middel.png 771w\" sizes=\"auto, (max-width: 339px) 100vw, 339px\" \/><\/p>","protected":false},"excerpt":{"rendered":"<p data-start=\"87\" data-end=\"443\">Dit wollen kimonojasje van Woolskins omhult je baby met natuurlijke warmte en geborgenheid. Dit zachte en stijlvolle jasje is perfect als wollen babyjas voor buiten of als knusse badjas voor binnen. Dankzij de dubbele overslag met zachte koortjes sluit het jasje altijd mooi aan en blijft het comfortabel zitten, of je kleintje nu rustig ligt of beweegt.<\/p>\n<p data-start=\"445\" data-end=\"828\" data-is-last-node=\"\" data-is-only-node=\"\">Tillverkad av <strong>zuivere scheerwol<\/strong>\u00a0is het jasje ademend en temperatuurregulerend: warm in de winter en verkoelend in de zomer. De wol is bovendien hypoallergeen en zelfreinigend, waardoor het extra zacht is voor de gevoelige babyhuid \u00e9n praktisch voor dagelijks gebruik. Zo voelt je baby zich in elk seizoen veilig, comfortabel en geborgen.<\/p>\n<p>Storlek: 12-24 m\u00e5nader (se produktbeskrivning f\u00f6r storlek nedan)<\/p>\n<p>Nya ankomster! Fler detaljbilder f\u00f6ljer. F\u00f6r fr\u00e5gor eller mer information om denna produkt skicka oss en whatsapp p\u00e5 nummer +31202044557<\/p>\n<p><strong>M\u00e4rke: Woolskins<\/strong><br \/>\n<strong>Produktion: Polen<br \/>\n<\/strong><\/p>","protected":false},"featured_media":25915,"comment_status":"open","ping_status":"closed","template":"","meta":{"_acf_changed":false},"product_brand":[],"product_cat":[360,364,200,337,194],"product_tag":[],"class_list":{"0":"post-25910","1":"product","2":"type-product","3":"status-publish","4":"has-post-thumbnail","6":"product_cat-cadeautips","7":"product_cat-cadeaus-vanaf-e50","8":"product_cat-wollen-babykleding","9":"product_cat-vestjes","10":"product_cat-wollen-babyproducten","12":"first","13":"instock","14":"taxable","15":"shipping-taxable","16":"purchasable","17":"product-type-simple"},"acf":[],"_links":{"self":[{"href":"https:\/\/woolskins.eu\/sv\/wp-json\/wp\/v2\/product\/25910","targetHints":{"allow":["GET"]}}],"collection":[{"href":"https:\/\/woolskins.eu\/sv\/wp-json\/wp\/v2\/product"}],"about":[{"href":"https:\/\/woolskins.eu\/sv\/wp-json\/wp\/v2\/types\/product"}],"replies":[{"embeddable":true,"href":"https:\/\/woolskins.eu\/sv\/wp-json\/wp\/v2\/comments?post=25910"}],"wp:featuredmedia":[{"embeddable":true,"href":"https:\/\/woolskins.eu\/sv\/wp-json\/wp\/v2\/media\/25915"}],"wp:attachment":[{"href":"https:\/\/woolskins.eu\/sv\/wp-json\/wp\/v2\/media?parent=25910"}],"wp:term":[{"taxonomy":"product_brand","embeddable":true,"href":"https:\/\/woolskins.eu\/sv\/wp-json\/wp\/v2\/product_brand?post=25910"},{"taxonomy":"product_cat","embeddable":true,"href":"https:\/\/woolskins.eu\/sv\/wp-json\/wp\/v2\/product_cat?post=25910"},{"taxonomy":"product_tag","embeddable":true,"href":"https:\/\/woolskins.eu\/sv\/wp-json\/wp\/v2\/product_tag?post=25910"}],"curies":[{"name":"wp","href":"https:\/\/api.w.org\/{rel}","templated":true}]}}