{"id":25379,"date":"2025-06-24T10:49:29","date_gmt":"2025-06-24T10:49:29","guid":{"rendered":"https:\/\/woolskins.eu\/?post_type=product&#038;p=25379"},"modified":"2026-02-17T22:15:47","modified_gmt":"2026-02-17T22:15:47","slug":"zaffiro-ull-akpase-0-3-ar-igrow-ljusgra","status":"publish","type":"product","link":"https:\/\/woolskins.eu\/sv\/zaffiro-wollen-voetenzak-0-3-jaar-igrow-lichtgrijs\/","title":{"rendered":"Zaffiro | \u00c5kp\u00e5se i ull 0-3 \u00e5r \u2013 iGrow | Tovad ljusgr\u00e5"},"content":{"rendered":"<p data-start=\"159\" data-end=\"496\"><strong data-start=\"159\" data-end=\"217\">Varmt, lyxigt och naturligt bekv\u00e4mt - \u00e5ret runt.<br \/>\n<\/strong><br data-start=\"217\" data-end=\"220\" \/>\u00c5k bekymmersfritt p\u00e5 v\u00e4garna med din baby i denna vackra \u00e5kp\u00e5se i ull fr\u00e5n\u00a0<strong data-start=\"293\" data-end=\"304\">Zaffiro<\/strong>, Tillverkad helt i naturlig premiumull av h\u00f6g kvalitet. Denna \u00e5kp\u00e5se erbjuder inte bara v\u00e4rme och komfort, utan ocks\u00e5 en genomt\u00e4nkt design som v\u00e4xer med ditt barn - upp till 3 \u00e5r.<\/p>\n<p data-start=\"498\" data-end=\"786\">Tack vare det smarta f\u00f6rl\u00e4ngningsstycket kan \u00e5kp\u00e5sen enkelt justeras i l\u00e4ngd. Den nedre delen kan dras upp och skapa extra utrymme f\u00f6r v\u00e4xande ben med ett enkelt handgrepp. Detta g\u00f6r \u00e5kp\u00e5sen till ett h\u00e5llbart och praktiskt val under flera s\u00e4songer.<\/p>\n<p data-start=\"788\" data-end=\"1048\">\u00c5kp\u00e5sen har vertikala \u00f6ppningar f\u00f6r s\u00e4kerhetsb\u00e4lten och passar till n\u00e4stan alla system: fr\u00e5n 3- och 5-punktsb\u00e4lten till barnvagnar med fastsatta remmar. S\u00e5 du kan f\u00e4sta den enkelt och s\u00e4kert vart du \u00e4n g\u00e5r.<\/p>\n<p data-start=\"1050\" data-end=\"1369\">Det som g\u00f6r den h\u00e4r \u00e5kp\u00e5sen till n\u00e5got alldeles extra \u00e4r det dubbla lagret av mjuk vargfleece. Denna naturliga ull ger en utm\u00e4rkt temperaturreglering: underbart varm p\u00e5 vintern och f\u00f6rv\u00e5nansv\u00e4rt sval p\u00e5 sommaren. Fotmuffens ovansida \u00e4r helt avtagbar, s\u00e5 att du kan anpassa den till temperaturen under alla \u00e5rstider.<\/p>\n<p data-start=\"1371\" data-end=\"1553\">Med sitt tidl\u00f6sa utseende, h\u00f6gkvalitativa material och bekv\u00e4ma inredning \u00e4r denna Zaffiro-fotmuff ett lyxigt m\u00e5ste f\u00f6r f\u00f6r\u00e4ldrar som bara vill ha det b\u00e4sta f\u00f6r sitt barn.<\/p>\n<p data-start=\"1555\" data-end=\"1583\"><strong data-start=\"1555\" data-end=\"1583\">Funktioner i en \u00f6verblick:<\/strong><\/p>\n<ul data-start=\"1584\" data-end=\"1967\">\n<li data-start=\"1584\" data-end=\"1633\">\n<p data-start=\"1586\" data-end=\"1633\">100% zuiver scheerwolvezel, Felted.<\/p>\n<\/li>\n<li data-start=\"1584\" data-end=\"1633\">\n<p data-start=\"1586\" data-end=\"1633\">Heeft het Oeko-Tex Standard keurmerk.<\/p>\n<\/li>\n<li data-start=\"1584\" data-end=\"1633\">\n<p data-start=\"1586\" data-end=\"1633\">L\u00e4mplig upp till ca 3 \u00e5r tack vare utdragbar design<\/p>\n<\/li>\n<li data-start=\"1584\" data-end=\"1633\">\n<p data-start=\"1586\" data-end=\"1633\">Justerbar l\u00e4ngd tack vare avtagbar fotdel<\/p>\n<\/li>\n<li data-start=\"1584\" data-end=\"1633\">\n<p data-start=\"1586\" data-end=\"1633\">Tv\u00e5 lager ull f\u00f6r extra v\u00e4rme och komfort<\/p>\n<\/li>\n<li data-start=\"1584\" data-end=\"1633\">\n<p data-start=\"1586\" data-end=\"1633\">Helt avtagbar topp - perfekt f\u00f6r alla \u00e5rstider<\/p>\n<\/li>\n<li data-start=\"1584\" data-end=\"1633\">\n<p data-start=\"1586\" data-end=\"1633\">Kompatibel med 3-punkts- och 5-punktsb\u00e4lten samt modeller med fasta remmar<\/p>\n<\/li>\n<li data-start=\"1584\" data-end=\"1633\">\n<p data-start=\"1586\" data-end=\"1633\">Tidl\u00f6s design, h\u00e5llbart producerad<\/p>\n<\/li>\n<\/ul>\n<p data-start=\"1969\" data-end=\"2053\">Ge ditt barn det b\u00e4sta av naturen - varmt, s\u00e4kert och alltid bekv\u00e4mt n\u00e4r du \u00e4r p\u00e5 spr\u00e5ng.<\/p>\n<h3 data-start=\"324\" data-end=\"388\"><strong data-start=\"328\" data-end=\"388\">\u00c5kp\u00e5se i premiumull tillverkad av 100% naturlig f\u00e5rull<\/strong><\/h3>\n<p data-start=\"390\" data-end=\"796\">Detta\u00a0<strong data-start=\"395\" data-end=\"438\">\u00c5kp\u00e5se i ull f\u00f6r bebisar och sm\u00e5barn<\/strong>\u00a0is gemaakt van\u00a0<strong data-start=\"459\" data-end=\"481\">premium scheerwol,<\/strong>\u00a0ett naturmaterial som \u00e4r k\u00e4nt f\u00f6r sin exceptionella v\u00e4rme, mjukhet och andningsf\u00f6rm\u00e5ga. Tack vare en speciell bearbetning har tyget en mjuk h\u00e5rstruktur p\u00e5 b\u00e5da sidor, vilket ger extra komfort och optimal isolering. Perfekt f\u00f6r anv\u00e4ndning b\u00e5de p\u00e5 vintern och under svala sommardagar.<\/p>\n<p data-start=\"798\" data-end=\"1067\">Det dubbla lagret\u00a0<strong data-start=\"814\" data-end=\"827\">Wolfleece<\/strong>\u00a0ger ett utm\u00e4rkt skydd mot kyla och vind. Samtidigt ger den naturliga\u00a0<strong data-start=\"907\" data-end=\"926\">termoreglering<\/strong>\u00a0av ull g\u00f6r att ditt barn inte blir \u00f6verhettat under varmare dagar. Denna\u00a0<strong data-start=\"1001\" data-end=\"1027\">\u00e5kp\u00e5se i babyull<\/strong>\u00a0Den \u00e4r d\u00e4rf\u00f6r perfekt f\u00f6r alla \u00e5rstider.<\/p>\n<p data-start=\"1069\" data-end=\"1106\"><strong data-start=\"1069\" data-end=\"1106\">F\u00f6rdelar med premiumf\u00e5rull:<\/strong><\/p>\n<ul data-start=\"1107\" data-end=\"1464\">\n<li data-start=\"1107\" data-end=\"1184\">\n<p data-start=\"1109\" data-end=\"1184\"><strong data-start=\"1109\" data-end=\"1145\">Naturligt temperaturreglerande<\/strong>: varm p\u00e5 vintern, sval p\u00e5 sommaren<\/p>\n<\/li>\n<li data-start=\"1185\" data-end=\"1257\">\n<p data-start=\"1187\" data-end=\"1257\"><strong data-start=\"1187\" data-end=\"1204\">Hygroskopisk<\/strong>: absorberar fukt effektivt och h\u00e5ller ditt barn torrt<\/p>\n<\/li>\n<li data-start=\"1258\" data-end=\"1333\">\n<p data-start=\"1260\" data-end=\"1333\"><strong data-start=\"1260\" data-end=\"1299\">Sj\u00e4lvreng\u00f6rande och luktneutraliserande<\/strong>: Avvisar smuts och obehagliga lukter<\/p>\n<\/li>\n<li data-start=\"1334\" data-end=\"1402\">\n<p data-start=\"1336\" data-end=\"1402\"><strong data-start=\"1336\" data-end=\"1369\">Antiallergisk och kvalsterresistent<\/strong>: s\u00e4ker f\u00f6r k\u00e4nslig hud<\/p>\n<\/li>\n<li data-start=\"1403\" data-end=\"1464\">\n<p data-start=\"1405\" data-end=\"1464\"><strong data-start=\"1405\" data-end=\"1431\">H\u00e5llbar och hygienisk<\/strong>: l\u00e4mplig f\u00f6r daglig anv\u00e4ndning<\/p>\n<\/li>\n<\/ul>\n<p data-start=\"1466\" data-end=\"1687\">Denna lyxiga\u00a0<strong data-start=\"1476\" data-end=\"1504\">\u00e5kp\u00e5se av f\u00e5rull<\/strong>\u00a0\u00e4r ett m\u00e5ste f\u00f6r f\u00f6r\u00e4ldrar som vill ha en ekologisk, bekv\u00e4m och funktionell l\u00f6sning n\u00e4r de \u00e4r p\u00e5 spr\u00e5ng. Det perfekta valet f\u00f6r barnvagnen, vagnen eller bilbarnstolen.<\/p>","protected":false},"excerpt":{"rendered":"<p data-start=\"133\" data-end=\"435\"><strong data-start=\"133\" data-end=\"211\">Mys med ditt barn i denna varma ullfotmuff fr\u00e5n Zaffiro.<br \/>\n<\/strong><br data-start=\"211\" data-end=\"214\" \/>Tillverkad helt i naturlig, f\u00f6rstklassig vargfleece och l\u00e4mplig f\u00f6r anv\u00e4ndning upp till 3 \u00e5r tack vare den smarta f\u00f6rl\u00e4ngningsdelen. Detta beror p\u00e5 att den nedre delen kan \u00f6ppnas med dragkedja, vilket g\u00f6r att \u00e5kp\u00e5sen kan justeras i l\u00e4ngd. Tack vare de l\u00e4ngsg\u00e5ende b\u00e4ltes\u00f6ppningarna \u00e4r \u00e5kp\u00e5sen l\u00e4mplig f\u00f6r b\u00e5de 3-punkts- och 5-punktsb\u00e4lten samt f\u00f6r modeller med fastsatta remmar. Zaffiros ullfotmuff \u00e4r lyxig, varm och bekv\u00e4m. Med tv\u00e5 lager av vargfleece ger den extra v\u00e4rme p\u00e5 vintern, medan toppen kan dras av helt med dragkedja f\u00f6r anv\u00e4ndning under varmare \u00e5rstider. S\u00e5 du kan vara s\u00e4ker p\u00e5 att ditt barn har det bekv\u00e4mt \u00e5ret runt. Kolla in alla detaljer och specifikationer nedan.<\/p>\n<p><strong>M\u00e4rke: Zaffiro<\/strong><br \/>\n<strong>Produktion: Polen<br \/>\nKeur: Oeko-Tex Standard<\/strong><\/p>\n<p><img loading=\"lazy\" decoding=\"async\" class=\"alignnone wp-image-28173 entered lazyloaded\" src=\"https:\/\/woolskins.eu\/wp-content\/uploads\/2024\/05\/csm_OEKO-TEX_Logo_2022_rgb_c1aaeb5ceb-300x300.jpg\" alt=\"\" width=\"89\" height=\"89\" data-lazy-src=\"https:\/\/woolskins.eu\/wp-content\/uploads\/2024\/05\/csm_OEKO-TEX_Logo_2022_rgb_c1aaeb5ceb-300x300.jpg\" data-ll-status=\"loaded\" srcset=\"https:\/\/woolskins.eu\/wp-content\/uploads\/2024\/05\/csm_OEKO-TEX_Logo_2022_rgb_c1aaeb5ceb-300x300.jpg 300w, https:\/\/woolskins.eu\/wp-content\/uploads\/2024\/05\/csm_OEKO-TEX_Logo_2022_rgb_c1aaeb5ceb-150x150.jpg 150w, https:\/\/woolskins.eu\/wp-content\/uploads\/2024\/05\/csm_OEKO-TEX_Logo_2022_rgb_c1aaeb5ceb-768x769.jpg 768w, https:\/\/woolskins.eu\/wp-content\/uploads\/2024\/05\/csm_OEKO-TEX_Logo_2022_rgb_c1aaeb5ceb-12x12.jpg 12w, https:\/\/woolskins.eu\/wp-content\/uploads\/2024\/05\/csm_OEKO-TEX_Logo_2022_rgb_c1aaeb5ceb-600x601.jpg 600w, https:\/\/woolskins.eu\/wp-content\/uploads\/2024\/05\/csm_OEKO-TEX_Logo_2022_rgb_c1aaeb5ceb-100x100.jpg 100w, https:\/\/woolskins.eu\/wp-content\/uploads\/2024\/05\/csm_OEKO-TEX_Logo_2022_rgb_c1aaeb5ceb-64x64.jpg 64w, https:\/\/woolskins.eu\/wp-content\/uploads\/2024\/05\/csm_OEKO-TEX_Logo_2022_rgb_c1aaeb5ceb.jpg 885w\" sizes=\"auto, (max-width: 89px) 100vw, 89px\" \/><\/p>","protected":false},"featured_media":25391,"comment_status":"closed","ping_status":"closed","template":"","meta":{"_acf_changed":false},"product_brand":[],"product_cat":[352,499,336,502],"product_tag":[],"class_list":{"0":"post-25379","1":"product","2":"type-product","3":"status-publish","4":"has-post-thumbnail","6":"product_cat-merken","7":"product_cat-new-arrivals","8":"product_cat-voetenzakken","9":"product_cat-zaffiro","11":"first","12":"instock","13":"taxable","14":"shipping-taxable","15":"purchasable","16":"product-type-simple"},"acf":[],"_links":{"self":[{"href":"https:\/\/woolskins.eu\/sv\/wp-json\/wp\/v2\/product\/25379","targetHints":{"allow":["GET"]}}],"collection":[{"href":"https:\/\/woolskins.eu\/sv\/wp-json\/wp\/v2\/product"}],"about":[{"href":"https:\/\/woolskins.eu\/sv\/wp-json\/wp\/v2\/types\/product"}],"replies":[{"embeddable":true,"href":"https:\/\/woolskins.eu\/sv\/wp-json\/wp\/v2\/comments?post=25379"}],"wp:featuredmedia":[{"embeddable":true,"href":"https:\/\/woolskins.eu\/sv\/wp-json\/wp\/v2\/media\/25391"}],"wp:attachment":[{"href":"https:\/\/woolskins.eu\/sv\/wp-json\/wp\/v2\/media?parent=25379"}],"wp:term":[{"taxonomy":"product_brand","embeddable":true,"href":"https:\/\/woolskins.eu\/sv\/wp-json\/wp\/v2\/product_brand?post=25379"},{"taxonomy":"product_cat","embeddable":true,"href":"https:\/\/woolskins.eu\/sv\/wp-json\/wp\/v2\/product_cat?post=25379"},{"taxonomy":"product_tag","embeddable":true,"href":"https:\/\/woolskins.eu\/sv\/wp-json\/wp\/v2\/product_tag?post=25379"}],"curies":[{"name":"wp","href":"https:\/\/api.w.org\/{rel}","templated":true}]}}