{"id":25313,"date":"2025-06-17T11:15:29","date_gmt":"2025-06-17T11:15:29","guid":{"rendered":"https:\/\/woolskins.eu\/?post_type=product&#038;p=25313"},"modified":"2026-03-03T14:09:49","modified_gmt":"2026-03-03T14:09:49","slug":"zaffiro-ull-multifunktionell-omslagsfilt-filt-filtad-beige","status":"publish","type":"product","link":"https:\/\/woolskins.eu\/sv\/zaffiro-wollen-multifunctionele-wikkeldeken-felted-beige\/","title":{"rendered":"Zaffiro | Multifunktionell ullfilt | Tovad hasseln\u00f6t"},"content":{"rendered":"<p data-start=\"265\" data-end=\"343\"><strong>Ullfilt f\u00f6r sp\u00e4dbarn - Naturligt varm och s\u00e4ker med Zaffiro<\/strong><\/p>\n<p data-start=\"345\" data-end=\"628\">Zaffiros babyfilt i ull \u00e4r det perfekta valet f\u00f6r f\u00f6r\u00e4ldrar som letar efter en naturlig babyfilt som andas. Denna m\u00e5ngsidiga babyfilt \u00e4r l\u00e4mplig f\u00f6r anv\u00e4ndning i bilbarnstolen, barnvagnen, Moses-korgen eller bara hemma. Den \u00e4r tillverkad av 100% naturlig f\u00e5rull och erbjuder utm\u00e4rkt temperaturreglering. Ullfibrerna fungerar som en naturlig termostat: de h\u00e5ller ditt barn varmt n\u00e4r det \u00e4r kallt och ser till att barnet inte \u00f6verhettas. S\u00e5 ditt barn kommer alltid att vara torrt, bekv\u00e4mt och ha r\u00e4tt temperatur, oavsett \u00e5rstid. Ullen \u00e4r naturligt allergiv\u00e4nlig, antibakteriell och sj\u00e4lvreng\u00f6rande. Det inneb\u00e4r att filten neutraliserar lukter, st\u00f6ter bort smuts och f\u00f6rblir hygienisk utan att beh\u00f6va tv\u00e4ttas ofta. Tack vare de smarta b\u00e4ltes\u00f6ppningarna \u00e4r snuttefilten l\u00e4mplig f\u00f6r alla typer av s\u00e4kerhetsb\u00e4lten i bilbarnstolar och barnvagnar - enkel och s\u00e4ker att anv\u00e4nda.<\/p>\n<p>- 100% premium jungfruull, filtad med dubbla lager.<br \/>\n- L\u00e4mplig f\u00f6r 0-12 m\u00e5nader.<br \/>\n\u2013 Dragsko i kragen f\u00f6r att skydda barnets huvud.<br \/>\n- Praktiska \u00f6ppningar f\u00f6r s\u00e4kerhetsremmarna (3 &amp; 5-punkt).<br \/>\n- l\u00e4ngd 112<span style=\"color: #000000;\"> cm x bredd 112 cm.<\/span><br \/>\n\u2013 kan tv\u00e4ttas i 30\u00b0C ulltv\u00e4ttprogram.<\/p>\n<p data-start=\"218\" data-end=\"276\"><strong>Om Zaffiro - Hantverkskunnande och kontakt sedan 1989<\/strong><\/p>\n<p data-start=\"278\" data-end=\"558\">Zaffiro \u00e4r ett polskt familjef\u00f6retag som har tillverkat h\u00f6gkvalitativa baby- och barnprodukter sedan 1989. Zaffiro exporterar till mer \u00e4n 40 l\u00e4nder \u00f6ver hela v\u00e4rlden och \u00e4r k\u00e4nt f\u00f6r produkter som s\u00e4tter anknytning mellan f\u00f6r\u00e4lder och barn, komfort och s\u00e4kerhet i centrum f\u00f6r verksamheten. Varum\u00e4rket grundades p\u00e5 \u00f6vertygelsen att de f\u00f6rsta stunderna med ditt barn \u00e4r avg\u00f6rande f\u00f6r att knyta band. D\u00e4rf\u00f6r utvecklar Zaffiro produkter som st\u00f6djer f\u00f6r\u00e4ldrarna under denna speciella period - fr\u00e5n ergonomiska b\u00e4rsjalar till filtar i naturlig ull. Vi kombinerar urgamla traditioner, som att b\u00e4ra barnet \u2018hj\u00e4rta till hj\u00e4rta\u2019, med insikter fr\u00e5n modern psykologisk forskning. P\u00e5 s\u00e5 s\u00e4tt skapar vi praktiska, k\u00e4rleksfulla och s\u00e4kra l\u00f6sningar f\u00f6r en varm start i livet.<\/p>","protected":false},"excerpt":{"rendered":"<p data-start=\"250\" data-end=\"343\"><strong data-start=\"254\" data-end=\"343\">Ullsjal f\u00f6r sp\u00e4dbarn - l\u00e4mplig f\u00f6r hemmet, Maxi-Cosi, bilbarnstol och barnvagn (0-12 m\u00e5nader)<\/strong><\/p>\n<p data-start=\"345\" data-end=\"573\">Denna h\u00f6gkvalitativa, m\u00e5ngsidiga babyscarp i ull \u00e4r perfekt f\u00f6r att ge ditt nyf\u00f6dda barn eller barn upp till 12 m\u00e5nader en s\u00e4ker och varm omslutning, oavsett om du \u00e4r ute och g\u00e5r med Maxi-Cosi, barnvagn, liggdel eller bara \u00e4r hemma. Den h\u00e4r b\u00e4rsjalen \u00e4r tillverkad av 100% naturlig tovad f\u00e5rull och \u00e4r k\u00e4nd f\u00f6r sina andningsbara, temperaturreglerande och allergiv\u00e4nliga egenskaper. Ull h\u00e5ller v\u00e4rmen extremt bra utan att \u00f6verhetta ditt barn, det absorberar l\u00e4tt svett s\u00e5 att ditt barn kommer att vara extremt bekv\u00e4mt. Tack vare de praktiska \u00f6ppningarna f\u00f6r 3- och 5-punktsb\u00e4lten kan duken enkelt f\u00e4stas p\u00e5 n\u00e4stan alla bilbarnstolar och barnvagnar. S\u00e5 du kan kombinera komfort med s\u00e4kerhet var du \u00e4n befinner dig.<\/p>\n<p data-start=\"1058\" data-end=\"1268\">Ullsjalen \u00e4r idealisk f\u00f6r anv\u00e4ndning under v\u00e5r, h\u00f6st och vinter. Passar \u00e4ven utm\u00e4rkt som moderskapsg\u00e5va eller till f\u00f6r\u00e4ldrar som v\u00e4rdes\u00e4tter naturliga material och komfort f\u00f6r sitt barn.<\/p>\n<div class=\"woocommerce-product-details__short-description\">\n<p><strong>M\u00e4rke: Zaffiro<\/strong><br \/>\n<strong>Produktion: Polen<br \/>\nKeur: Oeko-Tex Standard<\/strong><\/p>\n<p><img loading=\"lazy\" decoding=\"async\" class=\"alignnone wp-image-28173 entered lazyloaded\" src=\"https:\/\/woolskins.eu\/wp-content\/uploads\/2024\/05\/csm_OEKO-TEX_Logo_2022_rgb_c1aaeb5ceb-300x300.jpg\" alt=\"\" width=\"89\" height=\"89\" data-lazy-src=\"https:\/\/woolskins.eu\/wp-content\/uploads\/2024\/05\/csm_OEKO-TEX_Logo_2022_rgb_c1aaeb5ceb-300x300.jpg\" data-ll-status=\"loaded\" srcset=\"https:\/\/woolskins.eu\/wp-content\/uploads\/2024\/05\/csm_OEKO-TEX_Logo_2022_rgb_c1aaeb5ceb-300x300.jpg 300w, https:\/\/woolskins.eu\/wp-content\/uploads\/2024\/05\/csm_OEKO-TEX_Logo_2022_rgb_c1aaeb5ceb-150x150.jpg 150w, https:\/\/woolskins.eu\/wp-content\/uploads\/2024\/05\/csm_OEKO-TEX_Logo_2022_rgb_c1aaeb5ceb-768x769.jpg 768w, https:\/\/woolskins.eu\/wp-content\/uploads\/2024\/05\/csm_OEKO-TEX_Logo_2022_rgb_c1aaeb5ceb-12x12.jpg 12w, https:\/\/woolskins.eu\/wp-content\/uploads\/2024\/05\/csm_OEKO-TEX_Logo_2022_rgb_c1aaeb5ceb-600x601.jpg 600w, https:\/\/woolskins.eu\/wp-content\/uploads\/2024\/05\/csm_OEKO-TEX_Logo_2022_rgb_c1aaeb5ceb-100x100.jpg 100w, https:\/\/woolskins.eu\/wp-content\/uploads\/2024\/05\/csm_OEKO-TEX_Logo_2022_rgb_c1aaeb5ceb-64x64.jpg 64w, https:\/\/woolskins.eu\/wp-content\/uploads\/2024\/05\/csm_OEKO-TEX_Logo_2022_rgb_c1aaeb5ceb.jpg 885w\" sizes=\"auto, (max-width: 89px) 100vw, 89px\" \/><\/p>\n<\/div>","protected":false},"featured_media":25316,"comment_status":"open","ping_status":"closed","template":"","meta":{"_acf_changed":false},"product_brand":[],"product_cat":[502,499,370,336,321],"product_tag":[],"class_list":{"0":"post-25313","1":"product","2":"type-product","3":"status-publish","4":"has-post-thumbnail","6":"product_cat-zaffiro","7":"product_cat-new-arrivals","8":"product_cat-slaapzakken","9":"product_cat-voetenzakken","10":"product_cat-wikkeldekens","12":"first","13":"instock","14":"taxable","15":"shipping-taxable","16":"purchasable","17":"product-type-simple"},"acf":[],"_links":{"self":[{"href":"https:\/\/woolskins.eu\/sv\/wp-json\/wp\/v2\/product\/25313","targetHints":{"allow":["GET"]}}],"collection":[{"href":"https:\/\/woolskins.eu\/sv\/wp-json\/wp\/v2\/product"}],"about":[{"href":"https:\/\/woolskins.eu\/sv\/wp-json\/wp\/v2\/types\/product"}],"replies":[{"embeddable":true,"href":"https:\/\/woolskins.eu\/sv\/wp-json\/wp\/v2\/comments?post=25313"}],"wp:featuredmedia":[{"embeddable":true,"href":"https:\/\/woolskins.eu\/sv\/wp-json\/wp\/v2\/media\/25316"}],"wp:attachment":[{"href":"https:\/\/woolskins.eu\/sv\/wp-json\/wp\/v2\/media?parent=25313"}],"wp:term":[{"taxonomy":"product_brand","embeddable":true,"href":"https:\/\/woolskins.eu\/sv\/wp-json\/wp\/v2\/product_brand?post=25313"},{"taxonomy":"product_cat","embeddable":true,"href":"https:\/\/woolskins.eu\/sv\/wp-json\/wp\/v2\/product_cat?post=25313"},{"taxonomy":"product_tag","embeddable":true,"href":"https:\/\/woolskins.eu\/sv\/wp-json\/wp\/v2\/product_tag?post=25313"}],"curies":[{"name":"wp","href":"https:\/\/api.w.org\/{rel}","templated":true}]}}