{"id":25067,"date":"2025-05-18T11:06:40","date_gmt":"2025-05-18T11:06:40","guid":{"rendered":"https:\/\/woolskins.eu\/?post_type=product&#038;p=25067"},"modified":"2026-02-06T09:32:57","modified_gmt":"2026-02-06T09:32:57","slug":"farskinn-matta-for-lekhage-medicinsk-o-100cm-kopia","status":"publish","type":"product","link":"https:\/\/woolskins.eu\/sv\/schapenvacht-boxkleed-speelkleed-medicinaal-o-100cm-kopie\/","title":{"rendered":"F\u00e5rskinn Boxcloth\/Play Rug - Medicinal \u00d8 100cm (kopia)"},"content":{"rendered":"<p>Den runda Woolskins Eco Baby-Care-mattan f\u00f6r lekhage har en kortare p\u00e4ls som g\u00f6r den barns\u00e4ker. De \u00e4r l\u00e4mpliga fr\u00e5n f\u00f6dseln och eftersom deras bearbetning tar h\u00e4nsyn till milj\u00f6n skyddar de b\u00e5de sm\u00e5 barn och planeten. Hemma eller ute skapar du en bekv\u00e4m milj\u00f6 d\u00e4r ditt barn k\u00e4nner sig lyckligt och avslappnat. Visste du att ett f\u00e5rskinn ocks\u00e5 \u00e4r h\u00e4lsosamt f\u00f6r ditt barn?<\/p>\n<p>- \u00d8 100 cm.<br \/>\n\u2013 Medicinsk garvad.<br \/>\n\u2013 Mjuk och kompakt p\u00e4ls.<br \/>\n\u2013 Maskintv\u00e4ttbar och torkbar.<br \/>\n- L\u00e4tt att underh\u00e5lla.<\/p>\n<p>Best\u00e4ll en underh\u00e5llsborste f\u00f6r att h\u00e5lla din p\u00e4ls vacker under l\u00e5ng tid och\/eller f\u00e5 din p\u00e4ls personlig med f\u00f6delsedetaljerna om ditt\/barnet. En vacker och unik present, exklusivt tillg\u00e4nglig hos Woolskins. Standard &quot;presentf\u00e4rdig&quot; f\u00f6rpackad med en personlig lapp.<\/p>\n<p><strong>Egenskaper Essential Sheepskin (l\u00e4kemedel)<\/strong><\/p>\n<p class=\"\" data-start=\"87\" data-end=\"420\">Detta Baby-Care medicinskt garvade f\u00e5rskinn kommer fr\u00e5n det engelska f\u00e5ret och \u00e4r k\u00e4nt f\u00f6r sin mjuka, kompakta textur - v\u00e5rt absoluta m\u00e5ste! Det \u00e4r en medicinsk fleece, speciellt garvad f\u00f6r att vara hypoallergen, antibakteriell och sj\u00e4lvreng\u00f6rande. Dessutom \u00e4r p\u00e4lsen tv\u00e4ttbar, vilket g\u00f6r den extra praktisk f\u00f6r daglig anv\u00e4ndning.<\/p>\n<p class=\"\" data-start=\"422\" data-end=\"821\">P\u00e4lsen garvas i Europa enligt strikta milj\u00f6standarder, vilket ger en h\u00e5llbar och s\u00e4ker produkt f\u00f6r ditt barn. Precis som alla v\u00e5ra andra fleecetyger har den ullfibrer som andas och hj\u00e4lper till att reglera barnets kroppstemperatur p\u00e5 ett naturligt s\u00e4tt. P\u00e5 s\u00e5 s\u00e4tt h\u00e5lls ditt barn torrt, bekv\u00e4mt och skyddat - sk\u00f6nt svalt p\u00e5 sommaren och mysigt varmt p\u00e5 vintern.<\/p>\n<p><strong>Milj\u00f6v\u00e4nlig<\/strong><\/p>\n<p>Alla produkter som anv\u00e4nds vid garvning och efterbehandling uppfyller v\u00e4sentliga EU-direktiv som r\u00f6r bevarande och skydd av milj\u00f6n.<\/p>\n<p>V\u00e5ra fleece \u00e4r garvade i enlighet med REACH-reglerna, som antogs f\u00f6r att f\u00f6rb\u00e4ttra skyddet av m\u00e4nniskors h\u00e4lsa och milj\u00f6n mot de risker som kemikalier kan utg\u00f6ra, samtidigt som EU:s kemiska industris konkurrenskraft \u00f6kar. Inga AZO-f\u00e4rg\u00e4mnen anv\u00e4nds i produktionen.<\/p>\n<p>EKOPRODUKTER \u2013 skinn \u00e4r milj\u00f6v\u00e4nliga skinn, deras bearbetning och behandling \u00e4r s\u00e4kra f\u00f6r vuxna och barn. Hudar \u00e4r biologiskt nedbrytbara, ekologiska.<\/p>\n<p>Woolskins s\u00e4ljer inte f\u00e5rfleece som Mulesing har applicerats p\u00e5! Mulesing anv\u00e4nds inte p\u00e5 europeiska f\u00e5r eftersom parasiten som f\u00e5r b\u00f6nder att anv\u00e4nda Mulesing inte f\u00f6rekommer i Europa.<\/p>\n<p><strong>Mags\u00f6mnarna... notera!<\/strong><\/p>\n<p>Barn som sover p\u00e5 mage de f\u00f6rsta 12 m\u00e5naderna b\u00f6r av s\u00e4kerhetssk\u00e4l inte sova p\u00e5 n\u00e5got mjukt, eftersom det kan vara farligt. Vi rekommenderar d\u00e4rf\u00f6r att anv\u00e4nda Woolskins-kappan klokt! Var alltid uppm\u00e4rksam n\u00e4r ditt barn ligger eller sover p\u00e5 mage och se till att ditt barn alltid \u00e4r under uppsikt.<\/p>","protected":false},"excerpt":{"rendered":"<p>P\u00e5 denna bekv\u00e4ma mjuka runda f\u00e5rskinnsmatta kan ditt barn leka och vila. Tack vare de naturliga \u2018superkrafterna\u2019 \u00e4r den varm p\u00e5 vintern och sval p\u00e5 sommaren. Detta beror p\u00e5 att den omedelbart antar kroppstemperaturen. De \u00e4r l\u00e4mpliga fr\u00e5n f\u00f6dseln och eftersom deras bearbetning tar h\u00e4nsyn till milj\u00f6n skyddar de b\u00e5de sm\u00e5 barn och planeten. Hemma eller ute skapar du en bekv\u00e4m milj\u00f6 d\u00e4r ditt barn k\u00e4nner sig lyckligt och avslappnat. Visste du att ett f\u00e5rskinn ocks\u00e5 \u00e4r h\u00e4lsosamt f\u00f6r ditt barn?<\/p>\n<p><strong>M\u00e4rke: Woolskins<\/strong><br \/>\n<strong>Produktion: Polen<\/strong><\/p>","protected":false},"featured_media":25070,"comment_status":"closed","ping_status":"closed","template":"","meta":{"_acf_changed":false},"product_brand":[],"product_cat":[216,527,354],"product_tag":[],"class_list":{"0":"post-25067","1":"product","2":"type-product","3":"status-publish","4":"has-post-thumbnail","6":"product_cat-schapenvacht-voor-baby","7":"product_cat-wollen-schapenvacht-boxkleed-speelkleed","8":"product_cat-woolskins","10":"first","11":"outofstock","12":"taxable","13":"shipping-taxable","14":"purchasable","15":"product-type-variable","16":"has-default-attributes"},"acf":[],"_links":{"self":[{"href":"https:\/\/woolskins.eu\/sv\/wp-json\/wp\/v2\/product\/25067","targetHints":{"allow":["GET"]}}],"collection":[{"href":"https:\/\/woolskins.eu\/sv\/wp-json\/wp\/v2\/product"}],"about":[{"href":"https:\/\/woolskins.eu\/sv\/wp-json\/wp\/v2\/types\/product"}],"replies":[{"embeddable":true,"href":"https:\/\/woolskins.eu\/sv\/wp-json\/wp\/v2\/comments?post=25067"}],"wp:featuredmedia":[{"embeddable":true,"href":"https:\/\/woolskins.eu\/sv\/wp-json\/wp\/v2\/media\/25070"}],"wp:attachment":[{"href":"https:\/\/woolskins.eu\/sv\/wp-json\/wp\/v2\/media?parent=25067"}],"wp:term":[{"taxonomy":"product_brand","embeddable":true,"href":"https:\/\/woolskins.eu\/sv\/wp-json\/wp\/v2\/product_brand?post=25067"},{"taxonomy":"product_cat","embeddable":true,"href":"https:\/\/woolskins.eu\/sv\/wp-json\/wp\/v2\/product_cat?post=25067"},{"taxonomy":"product_tag","embeddable":true,"href":"https:\/\/woolskins.eu\/sv\/wp-json\/wp\/v2\/product_tag?post=25067"}],"curies":[{"name":"wp","href":"https:\/\/api.w.org\/{rel}","templated":true}]}}