{"id":24759,"date":"2025-04-02T10:41:34","date_gmt":"2025-04-02T10:41:34","guid":{"rendered":"https:\/\/woolskins.eu\/?post_type=product&#038;p=24759"},"modified":"2026-05-12T13:24:44","modified_gmt":"2026-05-12T13:24:44","slug":"lanacare-ulltvattmedel-lanolin-tval","status":"publish","type":"product","link":"https:\/\/woolskins.eu\/sv\/lanacare-wolwasmiddel-lanolinezeep\/","title":{"rendered":"Lanacare Ulltv\u00e4ttmedel \/ Lanolintv\u00e5l"},"content":{"rendered":"<p>LANACare lanolintv\u00e5l\/ulltv\u00e4ttmedel \u00e4r 100% hypoallergeniskt. Speciellt utvecklad f\u00f6r optimal tv\u00e4tt av ullprodukter. Den tv\u00e4ttar och reng\u00f6r ullprodukter och optimerar p\u00e5fyllningen av lanolin i ullfibern, utan att l\u00e4mna en oljig hinna eller fl\u00e4ckar. Tv\u00e5len inneh\u00e5ller medicinskt lanolin och inga parfymer eller f\u00e4rg\u00e4mnen. Denna lanolintv\u00e5l har utvecklats speciellt f\u00f6r LANACare.<br \/>\nLANACare lanolintv\u00e5l \u00e4r mycket f\u00f6rdelaktig f\u00f6r personer med hudproblem, s\u00e5som k\u00e4nslig hud, utslag eller till och med psoriasis. Den allergiv\u00e4nliga lanolinen mjukg\u00f6r huden. Det lindrar dermatit genom att tillf\u00f6ra extra naturligt fett till huden. Det lindrar kl\u00e5da och har en stor lugnande effekt.<\/p>\n<p>Laboratorietestad \/ en flaska inneh\u00e5ller 150 ml.<\/p>\n<p>Producerad i Sverige.<\/p>","protected":false},"excerpt":{"rendered":"<p>LANACare lanolintv\u00e5l\/ulltv\u00e4ttmedel \u00e4r 100% hypoallergeniskt. Speciellt utvecklad f\u00f6r optimal tv\u00e4tt av ullprodukter. Den tv\u00e4ttar och reng\u00f6r ullprodukter och optimerar p\u00e5fyllningen av lanolin i ullfibern, utan att l\u00e4mna en oljig hinna eller fl\u00e4ckar. Tv\u00e5len inneh\u00e5ller medicinskt lanolin och inga parfymer eller f\u00e4rg\u00e4mnen. Denna lanolintv\u00e5l har utvecklats speciellt f\u00f6r LANACare.<\/p>\n<p>Laboratorietestad \/ en flaska inneh\u00e5ller 150 ml.<\/p>\n<p><strong>Varum\u00e4rke:<\/strong> Lanacare<br \/>\n<strong>Produktion:<\/strong> Sverige<\/p>","protected":false},"featured_media":24760,"comment_status":"open","ping_status":"closed","template":"","meta":{"_acf_changed":false},"product_brand":[],"product_cat":[357,353],"product_tag":[],"class_list":{"0":"post-24759","1":"product","2":"type-product","3":"status-publish","4":"has-post-thumbnail","6":"product_cat-onderhoud","7":"product_cat-lanacare","9":"first","10":"instock","11":"taxable","12":"shipping-taxable","13":"purchasable","14":"product-type-simple"},"acf":[],"_links":{"self":[{"href":"https:\/\/woolskins.eu\/sv\/wp-json\/wp\/v2\/product\/24759","targetHints":{"allow":["GET"]}}],"collection":[{"href":"https:\/\/woolskins.eu\/sv\/wp-json\/wp\/v2\/product"}],"about":[{"href":"https:\/\/woolskins.eu\/sv\/wp-json\/wp\/v2\/types\/product"}],"replies":[{"embeddable":true,"href":"https:\/\/woolskins.eu\/sv\/wp-json\/wp\/v2\/comments?post=24759"}],"wp:featuredmedia":[{"embeddable":true,"href":"https:\/\/woolskins.eu\/sv\/wp-json\/wp\/v2\/media\/24760"}],"wp:attachment":[{"href":"https:\/\/woolskins.eu\/sv\/wp-json\/wp\/v2\/media?parent=24759"}],"wp:term":[{"taxonomy":"product_brand","embeddable":true,"href":"https:\/\/woolskins.eu\/sv\/wp-json\/wp\/v2\/product_brand?post=24759"},{"taxonomy":"product_cat","embeddable":true,"href":"https:\/\/woolskins.eu\/sv\/wp-json\/wp\/v2\/product_cat?post=24759"},{"taxonomy":"product_tag","embeddable":true,"href":"https:\/\/woolskins.eu\/sv\/wp-json\/wp\/v2\/product_tag?post=24759"}],"curies":[{"name":"wp","href":"https:\/\/api.w.org\/{rel}","templated":true}]}}