{"id":24648,"date":"2025-03-18T14:14:01","date_gmt":"2025-03-18T14:14:01","guid":{"rendered":"https:\/\/woolskins.eu\/?post_type=product&#038;p=24648"},"modified":"2026-05-14T01:02:27","modified_gmt":"2026-05-14T01:02:27","slug":"ullmadrass-for-balansbrada","status":"publish","type":"product","link":"https:\/\/woolskins.eu\/sv\/wollen-matras-voor-balance-board\/","title":{"rendered":"Ullmadrass f\u00f6r balansbr\u00e4da + gratis kudde | antracit\/svart"},"content":{"rendered":"<p>F\u00f6rvandla din Balance Board till ett mysigt bo med v\u00e5r mjuka ullmadrass!<\/p>\n<p>F\u00f6rvandla ditt barns balansbr\u00e4da till en bekv\u00e4m lek- och viloplats med v\u00e5r madrass och kudde i ull. Den h\u00e4r mjuka och st\u00f6djande madrassen \u00e4r det perfekta komplementet till balansbr\u00e4dan, den har en mjuk stoppning som g\u00f6r att ditt barn kan njuta \u00e4nnu mer av denna m\u00e5ngsidiga leksak.<\/p>\n<p>M\u00e5tt: 28 cm x 70 cm.<\/p>\n<p>Egenskaper:<\/p>\n<p>* Extra komfort: Den mjuka madrassen ger en bekv\u00e4m yta och absorberar omedelbart kroppsv\u00e4rme, perfekt f\u00f6r att ligga, sitta eller krama p\u00e5.<\/p>\n<p>* S\u00e4ker och st\u00f6djande: Madrassen ger extra st\u00f6d f\u00f6r ditt barns rygg och nacke, vilket g\u00f6r det s\u00e4kert och bekv\u00e4mt att anv\u00e4nda.<\/p>\n<p>* Perfekt passform: Speciellt utformad f\u00f6r att passa perfekt p\u00e5 Balance Board, med praktiska elastiska band som h\u00e5ller madrassen s\u00e4kert p\u00e5 Balance Board.....<\/p>\n<p>* H\u00f6gkvalitativa material: Toppen \u00e4r tillverkad av mjuk, andningsbar och barnv\u00e4nlig ull som \u00e4r s\u00e4ker och h\u00e4lsosam f\u00f6r k\u00e4nslig hud.<\/p>\n<p>* M\u00e5ngsidig anv\u00e4ndning: F\u00f6rutom att anv\u00e4ndas p\u00e5 balansbr\u00e4dan kan madrassen ocks\u00e5 anv\u00e4ndas som en lekmatta.<\/p>\n<p>F\u00f6rdelar f\u00f6r ditt barn:<\/p>\n<p>* Stimulerar sinnena och den motoriska utvecklingen<\/p>\n<p>* Fr\u00e4mjar balans och koordination<\/p>\n<p>* Ger en s\u00e4ker och bekv\u00e4m lekplats<\/p>\n<p>* Stimulerar fantasi och kreativitet<\/p>\n<p>Idealisk f\u00f6r:<\/p>\n<p>* Sp\u00e4dbarn och sm\u00e5barn som l\u00e4r sig att balansera<\/p>\n<p>* Barn som s\u00f6ker en bekv\u00e4m lekplats<\/p>\n<p>* F\u00f6r\u00e4ldrar som vill erbjuda sina barn en trygg och stimulerande milj\u00f6<\/p>\n<p>Komplettera balansbr\u00e4dan med v\u00e5r mjuka ullmadrass och ge ditt barn timmar av skoj och komfort!<\/p>","protected":false},"excerpt":{"rendered":"<p>F\u00f6rvandla din Balance Board till en mysig viloplats med v\u00e5r mjuka ullmadrass!<\/p>\n<p>F\u00f6rvandla ditt barns balansbr\u00e4da till en bekv\u00e4m lek- och viloplats med v\u00e5r madrass och kudde i ull. Den h\u00e4r mjuka och st\u00f6djande madrassen \u00e4r det perfekta komplementet till balansbr\u00e4dan, den har en mjuk stoppning som g\u00f6r att ditt barn kan njuta \u00e4nnu mer av denna m\u00e5ngsidiga leksak.<\/p>\n<p>Komplettera din Balance Board med v\u00e5r mjuka ullmadrass och ge ditt barn timmar av skoj och komfort!<\/p>\n<p>M\u00e5tt: 28 cm x 70 cm (l\u00e4mplig f\u00f6r t.ex. en Wobbel Starter)<\/p>","protected":false},"featured_media":24654,"comment_status":"open","ping_status":"closed","template":"","meta":{"_acf_changed":false},"product_brand":[],"product_cat":[363],"product_tag":[],"class_list":{"0":"post-24648","1":"product","2":"type-product","3":"status-publish","4":"has-post-thumbnail","6":"product_cat-cadeaus-e25-e50","8":"first","9":"outofstock","10":"taxable","11":"shipping-taxable","12":"purchasable","13":"product-type-simple"},"acf":[],"_links":{"self":[{"href":"https:\/\/woolskins.eu\/sv\/wp-json\/wp\/v2\/product\/24648","targetHints":{"allow":["GET"]}}],"collection":[{"href":"https:\/\/woolskins.eu\/sv\/wp-json\/wp\/v2\/product"}],"about":[{"href":"https:\/\/woolskins.eu\/sv\/wp-json\/wp\/v2\/types\/product"}],"replies":[{"embeddable":true,"href":"https:\/\/woolskins.eu\/sv\/wp-json\/wp\/v2\/comments?post=24648"}],"wp:featuredmedia":[{"embeddable":true,"href":"https:\/\/woolskins.eu\/sv\/wp-json\/wp\/v2\/media\/24654"}],"wp:attachment":[{"href":"https:\/\/woolskins.eu\/sv\/wp-json\/wp\/v2\/media?parent=24648"}],"wp:term":[{"taxonomy":"product_brand","embeddable":true,"href":"https:\/\/woolskins.eu\/sv\/wp-json\/wp\/v2\/product_brand?post=24648"},{"taxonomy":"product_cat","embeddable":true,"href":"https:\/\/woolskins.eu\/sv\/wp-json\/wp\/v2\/product_cat?post=24648"},{"taxonomy":"product_tag","embeddable":true,"href":"https:\/\/woolskins.eu\/sv\/wp-json\/wp\/v2\/product_tag?post=24648"}],"curies":[{"name":"wp","href":"https:\/\/api.w.org\/{rel}","templated":true}]}}