{"id":23749,"date":"2025-02-11T15:59:53","date_gmt":"2025-02-11T15:59:53","guid":{"rendered":"https:\/\/woolskins.eu\/?post_type=product&#038;p=23749"},"modified":"2026-05-11T10:02:33","modified_gmt":"2026-05-11T10:02:33","slug":"merino-baby-starter-kit-presentforpackning-hasselnot","status":"publish","type":"product","link":"https:\/\/woolskins.eu\/sv\/merino-baby-starterset-geschenkdoos-hazelnoot\/","title":{"rendered":"Merino Baby Starter Set + presentf\u00f6rpackning | Hasseln\u00f6t"},"content":{"rendered":"<p data-start=\"187\" data-end=\"259\"><strong data-start=\"187\" data-end=\"259\">Det ultimata babysetet i ull - mjukt, naturligt och tillverkat med k\u00e4rlek<\/strong><\/p>\n<p data-start=\"261\" data-end=\"586\">Ge ditt barn den allra b\u00e4sta komforten med detta kompletta babyset i ull, som best\u00e5r av en supermjuk\u00a0<em data-start=\"365\" data-end=\"386\">babybyxor i ull<\/em>, en underbart varm\u00a0<em data-start=\"406\" data-end=\"427\">Babytr\u00f6ja i ull<\/em>\u00a0och en mysig\u00a0<em data-start=\"440\" data-end=\"458\">vaggan filt i ull<\/em>. Alla tillverkade av 100% mjuk merinoull fr\u00e5n Italien, med fokus p\u00e5 kvalitet, h\u00e5llbarhet och ditt barns v\u00e4lbefinnande.<\/p>\n<p data-start=\"588\" data-end=\"947\">Det h\u00e4r setet \u00e4r perfekt anpassat f\u00f6r att h\u00e5lla ditt barn bekv\u00e4mt och tryggt \u00e5ret runt. Merinoullen fr\u00e5n Europa ger en naturlig temperaturreglering, andas extremt bra och \u00e4r sn\u00e4ll mot barnets k\u00e4nsligaste hud. Oavsett om ditt barn sover, kryper eller leker kommer det h\u00e4r ullsetet alltid att f\u00e5 honom eller henne att k\u00e4nna sig h\u00e4rligt fri och varm.<\/p>\n<p data-start=\"949\" data-end=\"983\"><strong data-start=\"949\" data-end=\"981\">Varf\u00f6r detta babyst\u00e4ll i ull?<\/strong><\/p>\n<ul data-start=\"984\" data-end=\"1560\">\n<li data-start=\"984\" data-end=\"1097\">\n<p data-start=\"986\" data-end=\"1097\"><strong data-start=\"986\" data-end=\"1019\">Supermjuk och hudv\u00e4nlig<\/strong>: fin italiensk merinoull svider inte och k\u00e4nns som en mjuk omfamning<\/p>\n<\/li>\n<li data-start=\"1098\" data-end=\"1196\">\n<p data-start=\"1100\" data-end=\"1196\"><strong data-start=\"1100\" data-end=\"1136\">Andningsbar och temperaturreglerande<\/strong>: h\u00e5ller ditt barn varmt utan att det blir \u00f6verhettat, oavsett \u00e5rstid<\/p>\n<\/li>\n<li data-start=\"1197\" data-end=\"1291\">\n<p data-start=\"1199\" data-end=\"1291\"><strong data-start=\"1199\" data-end=\"1232\">H\u00e5llbar och milj\u00f6v\u00e4nlig<\/strong>: tillverkad i Europa med respekt f\u00f6r m\u00e4nniskor, djur och natur<\/p>\n<\/li>\n<li data-start=\"1292\" data-end=\"1454\">\n<p data-start=\"1294\" data-end=\"1454\"><strong data-start=\"1294\" data-end=\"1325\">Multifunktionell och praktisk<\/strong>: vaggan \u00e4r l\u00e4tt och enkel att b\u00e4ra, underdelen och bygeln passar perfekt med ditt barns alla r\u00f6relser och tillv\u00e4xt<\/p>\n<\/li>\n<li data-start=\"1455\" data-end=\"1560\">\n<p data-start=\"1457\" data-end=\"1560\"><strong data-start=\"1457\" data-end=\"1485\">L\u00e4tt att underh\u00e5lla<\/strong>: ullen \u00e4r sj\u00e4lvreng\u00f6rande och luktresistent, s\u00e5 du beh\u00f6ver tv\u00e4tta mindre ofta<\/p>\n<\/li>\n<\/ul>\n<p data-start=\"1562\" data-end=\"1761\"><strong data-start=\"1562\" data-end=\"1585\">Exklusiv f\u00f6rm\u00e5n:<\/strong>\u00a0K\u00f6p hela setet och dra nytta av en attraktiv rabatt! P\u00e5 s\u00e5 s\u00e4tt sparar du inte bara p\u00e5 priset utan ger ocks\u00e5 ditt barn ett vackert, naturligt och h\u00e5llbart startkit.<\/p>\n<p data-start=\"1763\" data-end=\"1957\">Detta babyset i ull \u00e4r ett k\u00e4rleksfullt och praktiskt val f\u00f6r f\u00f6r\u00e4ldrar som bryr sig om kvalitet, komfort och en h\u00e4lsosam start f\u00f6r sitt barn. Kombinera stil, bekv\u00e4mlighet och ren natur i ett och samma paket.<\/p>","protected":false},"excerpt":{"rendered":"<p><strong data-start=\"109\" data-end=\"195\">Komplett babyset i ull fr\u00e5n 100% italiensk merinoull - mjuk, varm och naturlig<\/strong><br data-start=\"195\" data-end=\"198\" \/>Detta set inneh\u00e5ller en ullunderdel, en tr\u00f6ja och en vagganfilt, alla tillverkade av mjuk merinoull fr\u00e5n Italien. Andas, temperaturreglerande och perfekt f\u00f6r k\u00e4nslig babyhud. Praktiskt, m\u00e5ngsidigt och h\u00e5llbart producerat i Europa. Dra nytta av rabatten nu n\u00e4r du k\u00f6per hela setet!<br data-start=\"500\" data-end=\"503\" \/><em data-start=\"503\" data-end=\"587\">F\u00f6rpackad speciellt f\u00f6r dig i v\u00e5r vackra presentf\u00f6rpackning - perfekt f\u00f6r g\u00e5vor.<\/em><\/p>\n<p><strong>M\u00e4rke: Woolskins<\/strong><br \/>\n<strong>Produktion: Polen<\/strong><\/p>","protected":false},"featured_media":23750,"comment_status":"open","ping_status":"closed","template":"","meta":{"_acf_changed":false},"product_brand":[],"product_cat":[499,360,364,200,196,322,337,344,194],"product_tag":[],"class_list":{"0":"post-23749","1":"product","2":"type-product","3":"status-publish","4":"has-post-thumbnail","6":"product_cat-new-arrivals","7":"product_cat-cadeautips","8":"product_cat-cadeaus-vanaf-e50","9":"product_cat-wollen-babykleding","10":"product_cat-slaapkleding-baby","11":"product_cat-broekjes","12":"product_cat-vestjes","13":"product_cat-kleertjes","14":"product_cat-wollen-babyproducten","15":"pa_maat-2-6-maanden","16":"pa_maat-6-12-maanden","18":"first","19":"outofstock","20":"sale","21":"taxable","22":"shipping-taxable","23":"purchasable","24":"product-type-variable"},"acf":[],"_links":{"self":[{"href":"https:\/\/woolskins.eu\/sv\/wp-json\/wp\/v2\/product\/23749","targetHints":{"allow":["GET"]}}],"collection":[{"href":"https:\/\/woolskins.eu\/sv\/wp-json\/wp\/v2\/product"}],"about":[{"href":"https:\/\/woolskins.eu\/sv\/wp-json\/wp\/v2\/types\/product"}],"replies":[{"embeddable":true,"href":"https:\/\/woolskins.eu\/sv\/wp-json\/wp\/v2\/comments?post=23749"}],"wp:featuredmedia":[{"embeddable":true,"href":"https:\/\/woolskins.eu\/sv\/wp-json\/wp\/v2\/media\/23750"}],"wp:attachment":[{"href":"https:\/\/woolskins.eu\/sv\/wp-json\/wp\/v2\/media?parent=23749"}],"wp:term":[{"taxonomy":"product_brand","embeddable":true,"href":"https:\/\/woolskins.eu\/sv\/wp-json\/wp\/v2\/product_brand?post=23749"},{"taxonomy":"product_cat","embeddable":true,"href":"https:\/\/woolskins.eu\/sv\/wp-json\/wp\/v2\/product_cat?post=23749"},{"taxonomy":"product_tag","embeddable":true,"href":"https:\/\/woolskins.eu\/sv\/wp-json\/wp\/v2\/product_tag?post=23749"}],"curies":[{"name":"wp","href":"https:\/\/api.w.org\/{rel}","templated":true}]}}